{"id":989,"date":"2019-02-27T23:53:10","date_gmt":"2019-02-27T22:53:10","guid":{"rendered":"http:\/\/agora.xtec.cat\/iesmonturiol\/?page_id=989"},"modified":"2019-03-21T18:27:56","modified_gmt":"2019-03-21T17:27:56","slug":"convalidacions","status":"publish","type":"page","link":"https:\/\/agora.xtec.cat\/iesmonturiol\/secretaria\/documentacio-i-tramits\/convalidacions\/","title":{"rendered":"Convalidacions"},"content":{"rendered":"<p>La convalidaci\u00f3 de m\u00f2duls o unitats formatives nom\u00e9s la poden demanar els alumnes matriculats al centre.<\/p>\n<p>La sol\u00b7licitud de convalidaci\u00f3 s\u2019ha de presentar a Secretaria juntament amb el certificat oficial de notes, o el t\u00edtol dels estudis cursats.<\/p>\n<p><strong>\u00a0<\/strong><\/p>\n<p><strong>Sol\u00b7licitud convalidaci\u00f3 ordin\u00e0ria<\/strong><img loading=\"lazy\" decoding=\"async\" class=\"alignnone wp-image-5070\" src=\"http:\/\/agora.xtec.cat\/ies-brugulat\/wp-content\/uploads\/usu85\/2017\/02\/icona-pdf.png\" alt=\"icona-pdf\" width=\"57\" height=\"57\" \/>\u00a0 \u00a0 \u00a0<strong>Sol\u00b7licitud convalidaci\u00f3 singular\u00a0<\/strong><img loading=\"lazy\" decoding=\"async\" class=\"alignnone wp-image-5070\" src=\"http:\/\/agora.xtec.cat\/ies-brugulat\/wp-content\/uploads\/usu85\/2017\/02\/icona-pdf.png\" alt=\"icona-pdf\" width=\"57\" height=\"57\" \/><\/p>\n","protected":false},"excerpt":{"rendered":"<p>La convalidaci\u00f3 de m\u00f2duls o unitats formatives nom\u00e9s la poden demanar els alumnes matriculats al centre.<br \/>\nLa sol\u00b7licitud de convalidaci\u00f3 s\u2019ha de presentar a Secretaria juntament amb el certificat oficial de notes, o el t\u00edtol dels estudis cursats.<br \/>\n\u00a0<br \/>\nSol\u00b7licitud convalidaci\u00f3 ordin\u00e0ria\u00a0 \u00a0 \u00a0Sol\u00b7licitud convalidaci\u00f3 singular\u00a0<\/p>\n","protected":false},"author":1,"featured_media":0,"parent":1053,"menu_order":30,"comment_status":"closed","ping_status":"closed","template":"page-templates\/side-menu.php","meta":{"_bbp_topic_count":0,"_bbp_reply_count":0,"_bbp_total_topic_count":0,"_bbp_total_reply_count":0,"_bbp_voice_count":0,"_bbp_anonymous_reply_count":0,"_bbp_topic_count_hidden":0,"_bbp_reply_count_hidden":0,"_bbp_forum_subforum_count":0,"footnotes":""},"class_list":["post-989","page","type-page","status-publish","hentry"],"post_mailing_queue_ids":[],"_links":{"self":[{"href":"https:\/\/agora.xtec.cat\/iesmonturiol\/wp-json\/wp\/v2\/pages\/989","targetHints":{"allow":["GET"]}}],"collection":[{"href":"https:\/\/agora.xtec.cat\/iesmonturiol\/wp-json\/wp\/v2\/pages"}],"about":[{"href":"https:\/\/agora.xtec.cat\/iesmonturiol\/wp-json\/wp\/v2\/types\/page"}],"author":[{"embeddable":true,"href":"https:\/\/agora.xtec.cat\/iesmonturiol\/wp-json\/wp\/v2\/users\/1"}],"replies":[{"embeddable":true,"href":"https:\/\/agora.xtec.cat\/iesmonturiol\/wp-json\/wp\/v2\/comments?post=989"}],"version-history":[{"count":3,"href":"https:\/\/agora.xtec.cat\/iesmonturiol\/wp-json\/wp\/v2\/pages\/989\/revisions"}],"predecessor-version":[{"id":1241,"href":"https:\/\/agora.xtec.cat\/iesmonturiol\/wp-json\/wp\/v2\/pages\/989\/revisions\/1241"}],"up":[{"embeddable":true,"href":"https:\/\/agora.xtec.cat\/iesmonturiol\/wp-json\/wp\/v2\/pages\/1053"}],"wp:attachment":[{"href":"https:\/\/agora.xtec.cat\/iesmonturiol\/wp-json\/wp\/v2\/media?parent=989"}],"curies":[{"name":"wp","href":"https:\/\/api.w.org\/{rel}","templated":true}]}}