{"id":971,"date":"2019-02-26T23:19:33","date_gmt":"2019-02-26T22:19:33","guid":{"rendered":"http:\/\/agora.xtec.cat\/iesmonturiol\/?page_id=971"},"modified":"2023-11-17T08:14:53","modified_gmt":"2023-11-17T07:14:53","slug":"perfil-del-contractant","status":"publish","type":"page","link":"https:\/\/agora.xtec.cat\/iesmonturiol\/perfil-del-contractant\/","title":{"rendered":"Perfil del contractant"},"content":{"rendered":"<h4 style=\"text-align: center;\">CONTRACTACI\u00d3 P\u00daBLICA<\/h4>\n<p style=\"text-align: justify;\"><span class=\"text\">L\u2019article 42 de la Llei 30\/2007, de 30 d\u2019octubre, de Contractes del Sector P\u00fablic, crea el perfil del contractant, com un espai de difusi\u00f3 a trav\u00e9s d\u2019Internet de l\u2019activitat contractual del sector p\u00fablic i amb la finalitat d\u2019assegurar la transpar\u00e8ncia i l\u2019acc\u00e9s p\u00fablic a aquesta informaci\u00f3.<br \/>\n<\/span><\/p>\n<table class=\" aligncenter\" style=\"height: 446px; width: 816px; border-style: none;\">\n<tbody>\n<tr style=\"height: 66px;\">\n<td style=\"width: 810px; text-align: center; vertical-align: middle; height: 66px;\">\n<h5><strong>PERFIL DEL CONTRACTANT<\/strong><\/h5>\n<\/td>\n<\/tr>\n<tr style=\"height: 33px;\">\n<td style=\"width: 810px; text-align: center; vertical-align: middle; height: 33px;\"><strong>INSTITUT NARC\u00cdS MONTURIOL<\/strong><\/td>\n<\/tr>\n<tr style=\"height: 33px;\">\n<td style=\"width: 810px; text-align: center; vertical-align: middle; height: 33px;\"><strong>C\/ JOAQUIM SERRA, 30<\/strong><\/td>\n<\/tr>\n<tr style=\"height: 33px;\">\n<td style=\"width: 810px; text-align: center; vertical-align: middle; height: 33px;\"><strong>17600 &#8211; FIGUERES<\/strong><\/td>\n<\/tr>\n<tr style=\"height: 33px;\">\n<td style=\"width: 810px; text-align: center; vertical-align: middle; height: 33px;\"><strong>TEL. 972671604 \/ FAX 972511467<\/strong><\/td>\n<\/tr>\n<tr style=\"height: 33px;\">\n<td style=\"width: 810px; text-align: center; vertical-align: middle; height: 33px;\"><strong>iesmonturiol@xtec.cat<\/strong><\/td>\n<\/tr>\n<tr style=\"height: 33px;\">\n<td style=\"width: 810px; height: 33px;\"><\/td>\n<\/tr>\n<tr style=\"height: 50px;\">\n<td style=\"width: 810px; text-align: center; vertical-align: middle; height: 50px;\">\n<h5><strong>LICITACIONS<\/strong><\/h5>\n<\/td>\n<\/tr>\n<tr style=\"height: 33px;\">\n<td style=\"width: 810px; text-align: center; height: 33px;\"><strong>CONTRACTACI\u00d3 SERVEI DE NETEJA (NOVEMBRE 2023)<\/strong><\/td>\n<\/tr>\n<tr style=\"height: 33px;\">\n<td style=\"width: 810px; text-align: center; height: 33px;\"><a href=\"https:\/\/contractaciopublica.cat\/ca\/detall-publicacio\/300007322\" target=\"_blank\" rel=\"noopener noreferrer\">Anunci a la Plataforma de Contractaci\u00f3 P\u00fablica<\/a><\/td>\n<\/tr>\n<\/tbody>\n<\/table>\n","protected":false},"excerpt":{"rendered":"<p>CONTRACTACI\u00d3 P\u00daBLICA<br \/>\nL\u2019article 42 de la Llei 30\/2007, de 30 d\u2019octubre, de Contractes del Sector P\u00fablic, crea el perfil del contractant, com un espai de difusi\u00f3 a trav\u00e9s d\u2019Internet de l\u2019activitat contractual del sector p\u00fablic i amb la finalitat d\u2019assegurar la transpar\u00e8ncia i l\u2019acc\u00e9s p\u00fablic a&hellip;  <a href=\"https:\/\/agora.xtec.cat\/iesmonturiol\/perfil-del-contractant\/\" title=\"Read Perfil del contractant\">Llegeix m\u00e9s\u00bb<\/a><\/p>\n","protected":false},"author":1,"featured_media":0,"parent":0,"menu_order":0,"comment_status":"closed","ping_status":"closed","template":"page-templates\/side-menu.php","meta":{"_bbp_topic_count":0,"_bbp_reply_count":0,"_bbp_total_topic_count":0,"_bbp_total_reply_count":0,"_bbp_voice_count":0,"_bbp_anonymous_reply_count":0,"_bbp_topic_count_hidden":0,"_bbp_reply_count_hidden":0,"_bbp_forum_subforum_count":0,"footnotes":""},"class_list":["post-971","page","type-page","status-publish","hentry"],"post_mailing_queue_ids":[],"_links":{"self":[{"href":"https:\/\/agora.xtec.cat\/iesmonturiol\/wp-json\/wp\/v2\/pages\/971","targetHints":{"allow":["GET"]}}],"collection":[{"href":"https:\/\/agora.xtec.cat\/iesmonturiol\/wp-json\/wp\/v2\/pages"}],"about":[{"href":"https:\/\/agora.xtec.cat\/iesmonturiol\/wp-json\/wp\/v2\/types\/page"}],"author":[{"embeddable":true,"href":"https:\/\/agora.xtec.cat\/iesmonturiol\/wp-json\/wp\/v2\/users\/1"}],"replies":[{"embeddable":true,"href":"https:\/\/agora.xtec.cat\/iesmonturiol\/wp-json\/wp\/v2\/comments?post=971"}],"version-history":[{"count":5,"href":"https:\/\/agora.xtec.cat\/iesmonturiol\/wp-json\/wp\/v2\/pages\/971\/revisions"}],"predecessor-version":[{"id":5593,"href":"https:\/\/agora.xtec.cat\/iesmonturiol\/wp-json\/wp\/v2\/pages\/971\/revisions\/5593"}],"wp:attachment":[{"href":"https:\/\/agora.xtec.cat\/iesmonturiol\/wp-json\/wp\/v2\/media?parent=971"}],"curies":[{"name":"wp","href":"https:\/\/api.w.org\/{rel}","templated":true}]}}