{"id":951,"date":"2019-01-15T00:20:16","date_gmt":"2019-01-14T23:20:16","guid":{"rendered":"http:\/\/agora.xtec.cat\/iesmonturiol\/?page_id=951"},"modified":"2025-12-10T21:00:40","modified_gmt":"2025-12-10T20:00:40","slug":"mobilitat","status":"publish","type":"page","link":"https:\/\/agora.xtec.cat\/iesmonturiol\/mobilitat\/","title":{"rendered":"MOBILITAT Erasmus +"},"content":{"rendered":"<h3><img loading=\"lazy\" decoding=\"async\" class=\"wp-image-1166 aligncenter\" src=\"https:\/\/agora.xtec.cat\/iesmonturiol\/wp-content\/uploads\/usu1826\/2019\/03\/Logo-erasmus-1024x223.png\" alt=\"\" width=\"601\" height=\"131\" srcset=\"https:\/\/agora.xtec.cat\/iesmonturiol\/wp-content\/uploads\/usu1826\/2019\/03\/Logo-erasmus-1024x223.png 1024w, https:\/\/agora.xtec.cat\/iesmonturiol\/wp-content\/uploads\/usu1826\/2019\/03\/Logo-erasmus-300x65.png 300w, https:\/\/agora.xtec.cat\/iesmonturiol\/wp-content\/uploads\/usu1826\/2019\/03\/Logo-erasmus-768x167.png 768w, https:\/\/agora.xtec.cat\/iesmonturiol\/wp-content\/uploads\/usu1826\/2019\/03\/Logo-erasmus.png 1720w\" sizes=\"auto, (max-width: 601px) 100vw, 601px\" \/><\/h3>\n<h3><\/h3>\n<h3 style=\"text-align: center;\">Ens plau compartir amb tots vosaltres el nou calendari de les mobilitats que es duran a terme en el centre durant el curs escolar 2025-2026<\/h3>\n<h3 style=\"text-align: center;\"><a href=\"https:\/\/agora.xtec.cat\/iesmonturiol\/wp-content\/uploads\/usu1826\/2025\/12\/Calendari-mobilitat-Monturiol-25-26.jpg\"><img loading=\"lazy\" decoding=\"async\" class=\"wp-image-6720 aligncenter\" src=\"https:\/\/agora.xtec.cat\/iesmonturiol\/wp-content\/uploads\/usu1826\/2025\/12\/Calendari-mobilitat-Monturiol-25-26-1024x736.jpg\" alt=\"\" width=\"749\" height=\"538\" srcset=\"https:\/\/agora.xtec.cat\/iesmonturiol\/wp-content\/uploads\/usu1826\/2025\/12\/Calendari-mobilitat-Monturiol-25-26-1024x736.jpg 1024w, https:\/\/agora.xtec.cat\/iesmonturiol\/wp-content\/uploads\/usu1826\/2025\/12\/Calendari-mobilitat-Monturiol-25-26-300x216.jpg 300w, https:\/\/agora.xtec.cat\/iesmonturiol\/wp-content\/uploads\/usu1826\/2025\/12\/Calendari-mobilitat-Monturiol-25-26-768x552.jpg 768w, https:\/\/agora.xtec.cat\/iesmonturiol\/wp-content\/uploads\/usu1826\/2025\/12\/Calendari-mobilitat-Monturiol-25-26.jpg 1229w\" sizes=\"auto, (max-width: 749px) 100vw, 749px\" \/><\/a><\/h3>\n<p>&nbsp;<\/p>\n<p style=\"text-align: center;\"><strong>IMPORT\u00c0NCIA DE LA MOBILITAT AL NOSTRE CENTRE<\/strong><\/p>\n<p style=\"text-align: justify;\">L\u2019Institut d\u2019Educaci\u00f3 Secund\u00e0ria Narc\u00eds Monturiol de Figueres \u00e9s un centre d\u2019ensenyament p\u00fablic depenent de la Generalitat de Catalunya on s\u2019imparteixen els estudis d\u2019Educaci\u00f3 Secund\u00e0ria Obligat\u00f2ria , Batxillerat en les seves modalitats cient\u00edfico-tecnol\u00f2gica i social i Cicles Formatius de Grau Mitj\u00e0 i de Grau Superior de les seg\u00fcents titulacions: Est\u00e8tica i Bellesa, Perruqueria i Cosm\u00e8tica Capil\u00b7lar, Electromec\u00e0nica de Vehicles Autom\u00f2bils, Instal\u00b7lacions El\u00e8ctriques i Autom\u00e0tiques, Automoci\u00f3 i Manteniment electromec\u00e0nic en format Dual.<\/p>\n<p style=\"text-align: justify;\">El Projecte Educatiu del centre prioritza l\u2019ensenyament d\u2019altres lleng\u00fces que ens permetran relacionar-nos amb gent de diversos pa\u00efsos i cultures. En aquesta l\u00ednia, potencia els intercanvis escolars perqu\u00e8 presenten avantatges evidents com el coneixement de la realitat d\u2019altres pa\u00efsos, diferents sistemes d\u2019ensenyament, interacci\u00f3 amb altres joves i docents, sense oblidar l\u2019empatia necess\u00e0ria per tal d\u2019acollir estudiants foranis quan calgui i posar \u00e8mfasi en el vessant europeu de l\u2019ensenyament i especifica que el centre impulsar\u00e0 tot tipus d\u2019iniciatives encaminades a establir contactes i treballar conjuntament amb centres d\u2019altres pa\u00efsos. La proximitat cultural i el nivell professional fan que Alemanya i Fran\u00e7a\u00a0 sense menystenir els pa\u00efsos de l\u2019est d\u2019Europa, que ofereixen realitats socioecon\u00f2miques diverses, siguin pa\u00efsos especialment interessants per dur a terme aquestes projectes.<\/p>\n<p style=\"text-align: justify;\"><strong>Objectius dels intercanvis:<\/strong><\/p>\n<p style=\"text-align: justify;\">Els objectius es basen en tres punts primordials: <strong>el professional<\/strong> ( fer part de l&#8217;FPCT en una empresa estrangera),<strong> el ling\u00fc\u00edstic i el cultural.<\/strong><\/p>\n<p style=\"text-align: justify;\">El coneixement de la realitat europea, tant en el fet diferencial de la llengua, cultura i la hist\u00f2ria com en el que tenen en com\u00fa tots els Estats i Nacions que formen Europa, ja que aix\u00f2 \u00e9s b\u00e0sic per poder participar plenament en la construcci\u00f3 de l&#8217;Europa d\u2019avui i del futur.<\/p>\n<p style=\"text-align: justify;\">En el camp professional, poder con\u00e8ixer altres maneres de fer per valorar i millorar, si cal, els m\u00e8todes propis de la formaci\u00f3 professional, aix\u00ed com promoure la integraci\u00f3 i l&#8217;intercanvi d\u2019experi\u00e8ncies dels nostres alumnes amb treballadors de les empreses a on es facin les pr\u00e0ctiques.<\/p>\n<p style=\"text-align: justify;\">Presentar el pa\u00eds d&#8217;acollida (geografia, hist\u00f2ria, cultura, llengua&#8230;)<\/p>\n<p style=\"text-align: justify;\">Refor\u00e7ar la llengua del pa\u00eds d&#8217;acollida o la llengua de comunicaci\u00f3 per afavorir la interrelaci\u00f3 cultural i personal.<\/p>\n<p style=\"text-align: justify;\">Analitzar i intercanviar coneixements sobre capacitats que ha de tenir un bon professional en ambd\u00f3s pa\u00efsos per veure\u2019n les difer\u00e8ncies i les semblances.<\/p>\n<p style=\"text-align: justify;\">Ser capa\u00e7os de dur a terme projectes en equips multinacionals i tenir capacitat propositiva per tal d\u2019assolir resultats comuns v\u00e0lids i enriquidors.<\/p>\n<p style=\"text-align: justify;\">L\u2019experi\u00e8ncia dels resultats obtinguts fins ara, ens engresquen a continuar potenciant aquesta l\u00ednia d\u2019actuaci\u00f3 ja que les valoracions per part de l\u2019alumnat i les fam\u00edlies i tamb\u00e9 del professorat s\u00f3n del tot positives, considerem que la mobilitat internacional ja \u00e9s una caracter\u00edstica pr\u00f2pia del nostre Institut.<\/p>\n","protected":false},"excerpt":{"rendered":"<p>Ens plau compartir amb tots vosaltres el nou calendari de les mobilitats que es duran a terme en el centre durant el curs escolar 2025-2026<br \/>\n<a href=\"https:\/\/agora.xtec.cat\/iesmonturiol\/wp-content\/uploads\/usu1826\/2025\/12\/Calendari-mobilitat-Monturiol-25-26.jpg\"><\/a><br \/>\n&nbsp;<br \/>\nIMPORT\u00c0NCIA DE LA MOBILITAT AL NOSTRE CENTRE<br \/>\nL\u2019Institut d\u2019Educaci\u00f3 Secund\u00e0ria Narc\u00eds Monturiol de Figueres \u00e9s un centre d\u2019ensenyament p\u00fablic depenent de&hellip;  <a href=\"https:\/\/agora.xtec.cat\/iesmonturiol\/mobilitat\/\" title=\"Read MOBILITAT Erasmus +\">Llegeix m\u00e9s\u00bb<\/a><\/p>\n","protected":false},"author":1,"featured_media":0,"parent":0,"menu_order":0,"comment_status":"closed","ping_status":"closed","template":"","meta":{"_bbp_topic_count":0,"_bbp_reply_count":0,"_bbp_total_topic_count":0,"_bbp_total_reply_count":0,"_bbp_voice_count":0,"_bbp_anonymous_reply_count":0,"_bbp_topic_count_hidden":0,"_bbp_reply_count_hidden":0,"_bbp_forum_subforum_count":0,"footnotes":""},"class_list":["post-951","page","type-page","status-publish","hentry"],"post_mailing_queue_ids":[],"_links":{"self":[{"href":"https:\/\/agora.xtec.cat\/iesmonturiol\/wp-json\/wp\/v2\/pages\/951","targetHints":{"allow":["GET"]}}],"collection":[{"href":"https:\/\/agora.xtec.cat\/iesmonturiol\/wp-json\/wp\/v2\/pages"}],"about":[{"href":"https:\/\/agora.xtec.cat\/iesmonturiol\/wp-json\/wp\/v2\/types\/page"}],"author":[{"embeddable":true,"href":"https:\/\/agora.xtec.cat\/iesmonturiol\/wp-json\/wp\/v2\/users\/1"}],"replies":[{"embeddable":true,"href":"https:\/\/agora.xtec.cat\/iesmonturiol\/wp-json\/wp\/v2\/comments?post=951"}],"version-history":[{"count":6,"href":"https:\/\/agora.xtec.cat\/iesmonturiol\/wp-json\/wp\/v2\/pages\/951\/revisions"}],"predecessor-version":[{"id":6721,"href":"https:\/\/agora.xtec.cat\/iesmonturiol\/wp-json\/wp\/v2\/pages\/951\/revisions\/6721"}],"wp:attachment":[{"href":"https:\/\/agora.xtec.cat\/iesmonturiol\/wp-json\/wp\/v2\/media?parent=951"}],"curies":[{"name":"wp","href":"https:\/\/api.w.org\/{rel}","templated":true}]}}