{"id":6479,"date":"2025-06-23T12:46:14","date_gmt":"2025-06-23T10:46:14","guid":{"rendered":"https:\/\/agora.xtec.cat\/iesmonturiol\/?page_id=6479"},"modified":"2025-06-23T12:49:28","modified_gmt":"2025-06-23T10:49:28","slug":"auxiliar-en-vendes-i-atencio-al-public","status":"publish","type":"page","link":"https:\/\/agora.xtec.cat\/iesmonturiol\/informacio-oferta-formativa\/itinerari-formatiu-especific-ife\/auxiliar-en-vendes-i-atencio-al-public\/","title":{"rendered":"Auxiliar en vendes i Atenci\u00f3 al p\u00fablic"},"content":{"rendered":"<p>Els itineraris formatius espec\u00edfics (IFE) s\u00f3n ensenyaments professionals que s\u2019adrecen a alumnes amb necessitats educatives especials associades a una discapacitat intel\u00b7lectual lleu o moderada,\u00a0incl\u00f2s l\u2019alumnat amb trastorn de l\u2019espectre de l\u2019autisme (TEA), amb l\u2019objectiu d\u2019oferir atenci\u00f3 educativa, a l\u2019etapa postobligat\u00f2ria, segons les necessitats individuals i les capacitats i habilitats pr\u00f2pies.<\/p>\n<div class=\"entry-content\">\n<div class=\"col-xs-12 col-sm-8 noticia-text\">\n<div class=\"wrapper_padding-15\">\n<p>La finalitat d\u2019aquests ensenyaments \u00e9s que els i les alumnes incrementin l\u2019autonomia personal i assoleixin les compet\u00e8ncies professionals que els facilitin la transici\u00f3 a la vida adulta i la inclusi\u00f3 social i laboral.<\/p>\n<\/div>\n<h5>Auxiliar en vendes i Atenci\u00f3 al p\u00fablic<\/h5>\n<p>Aquests estudis desenvolupen compet\u00e8ncies per a fer tasques auxiliars de comercialitzaci\u00f3, marxandatge, preparaci\u00f3 de comandes i venda de productes, i treballs de reprografia, observant les normes de prevenci\u00f3 de riscos laborals i protecci\u00f3 mediambiental corresponents, aix\u00ed com compet\u00e8ncies de comunicaci\u00f3, autonomia personal i de participaci\u00f3 en activitats comunit\u00e0ries.<\/p>\n<p>La durada \u00e9s de 3.360 hores, distribu\u00efdes en <strong>quatre cursos acad\u00e8mics<\/strong>. El darrer curs inclou la formaci\u00f3 en centres de treball.<\/p>\n<ul>\n<li>PDF explicatiu sobre l\u2019 <a href=\"https:\/\/www.gencat.cat\/ensenyament\/eac\/pdf\/IFE_____CM01_CA.pdf\" target=\"_blank\" rel=\"noopener\">IFE d\u2019Auxiliar en vendes i atenci\u00f3 al p\u00fablic<\/a>.<\/li>\n<\/ul>\n<p><img loading=\"lazy\" decoding=\"async\" class=\"size-full wp-image-6474 aligncenter\" src=\"https:\/\/agora.xtec.cat\/iesmonturiol\/wp-content\/uploads\/usu1826\/2025\/06\/1750674607907-35367746-9f77-42f4-b93c-17cfbc8280d0_1.jpg\" sizes=\"auto, (max-width: 722px) 100vw, 722px\" srcset=\"https:\/\/agora.xtec.cat\/iesmonturiol\/wp-content\/uploads\/usu1826\/2025\/06\/1750674607907-35367746-9f77-42f4-b93c-17cfbc8280d0_1.jpg 722w, https:\/\/agora.xtec.cat\/iesmonturiol\/wp-content\/uploads\/usu1826\/2025\/06\/1750674607907-35367746-9f77-42f4-b93c-17cfbc8280d0_1-212x300.jpg 212w\" alt=\"\" width=\"722\" height=\"1024\" \/><\/p>\n<\/div>\n<\/div>\n","protected":false},"excerpt":{"rendered":"<p>Els itineraris formatius espec\u00edfics (IFE) s\u00f3n ensenyaments professionals que s\u2019adrecen a alumnes amb necessitats educatives especials associades a una discapacitat intel\u00b7lectual lleu o moderada,\u00a0incl\u00f2s l\u2019alumnat amb trastorn de l\u2019espectre de l\u2019autisme (TEA), amb l\u2019objectiu d\u2019oferir atenci\u00f3 educativa, a l\u2019etapa postobligat\u00f2ria, segons les necessitats individuals i&hellip;  <a href=\"https:\/\/agora.xtec.cat\/iesmonturiol\/informacio-oferta-formativa\/itinerari-formatiu-especific-ife\/auxiliar-en-vendes-i-atencio-al-public\/\" title=\"Read Auxiliar en vendes i Atenci\u00f3 al p\u00fablic\">Llegeix m\u00e9s\u00bb<\/a><\/p>\n","protected":false},"author":1,"featured_media":0,"parent":6473,"menu_order":6,"comment_status":"closed","ping_status":"closed","template":"page-templates\/side-menu.php","meta":{"_bbp_topic_count":0,"_bbp_reply_count":0,"_bbp_total_topic_count":0,"_bbp_total_reply_count":0,"_bbp_voice_count":0,"_bbp_anonymous_reply_count":0,"_bbp_topic_count_hidden":0,"_bbp_reply_count_hidden":0,"_bbp_forum_subforum_count":0,"footnotes":""},"class_list":["post-6479","page","type-page","status-publish","hentry"],"post_mailing_queue_ids":[],"_links":{"self":[{"href":"https:\/\/agora.xtec.cat\/iesmonturiol\/wp-json\/wp\/v2\/pages\/6479","targetHints":{"allow":["GET"]}}],"collection":[{"href":"https:\/\/agora.xtec.cat\/iesmonturiol\/wp-json\/wp\/v2\/pages"}],"about":[{"href":"https:\/\/agora.xtec.cat\/iesmonturiol\/wp-json\/wp\/v2\/types\/page"}],"author":[{"embeddable":true,"href":"https:\/\/agora.xtec.cat\/iesmonturiol\/wp-json\/wp\/v2\/users\/1"}],"replies":[{"embeddable":true,"href":"https:\/\/agora.xtec.cat\/iesmonturiol\/wp-json\/wp\/v2\/comments?post=6479"}],"version-history":[{"count":1,"href":"https:\/\/agora.xtec.cat\/iesmonturiol\/wp-json\/wp\/v2\/pages\/6479\/revisions"}],"predecessor-version":[{"id":6480,"href":"https:\/\/agora.xtec.cat\/iesmonturiol\/wp-json\/wp\/v2\/pages\/6479\/revisions\/6480"}],"up":[{"embeddable":true,"href":"https:\/\/agora.xtec.cat\/iesmonturiol\/wp-json\/wp\/v2\/pages\/6473"}],"wp:attachment":[{"href":"https:\/\/agora.xtec.cat\/iesmonturiol\/wp-json\/wp\/v2\/media?parent=6479"}],"curies":[{"name":"wp","href":"https:\/\/api.w.org\/{rel}","templated":true}]}}