{"id":6231,"date":"2025-01-14T23:49:30","date_gmt":"2025-01-14T22:49:30","guid":{"rendered":"https:\/\/agora.xtec.cat\/iesmonturiol\/?page_id=6231"},"modified":"2025-01-14T23:55:15","modified_gmt":"2025-01-14T22:55:15","slug":"borsa-de-treball","status":"publish","type":"page","link":"https:\/\/agora.xtec.cat\/iesmonturiol\/borsa-de-treball\/","title":{"rendered":"Borsa de treball"},"content":{"rendered":"<p style=\"text-align: justify;\">La Borsa de Treball de l&#8217;Institut Narc\u00eds Monturiol de Figueres \u00e9s un servei que t\u00e9 per objectiu facilitar la inserci\u00f3 laboral dels alumnes i exalumnes del nostre institut i ajudar-los a trobar una feina relacionada amb les compet\u00e8ncies professionals adquirides per inserir-se al m\u00f3n laboral. Tamb\u00e9 busca donar resposta a les ofertes de treball de les empreses i potenciar les relacions del centre amb les institucions i empreses de l\u2019entorn.<\/p>\n<h5>ALUMNES I EXALUMNES<\/h5>\n<p style=\"text-align: justify;\">Si esteu en recerca activa de feina, la nostra borsa de treball us pot ajudar. Com a candidats, rebreu a la vostra b\u00fastia electr\u00f2nica informaci\u00f3 de les ofertes de treball quan es publiquin i s\u2019ajustin al vostre perfil. Tamb\u00e9 podreu consultar les ofertes de treball vigents.<br \/>\nDoneu-vos d\u2019alta a la <a href=\"https:\/\/narcismonturiol.ieduca.com\/borsa\" target=\"_blank\" rel=\"noopener\">Borsa de Treball Alumnat \/ Exalumnat<\/a><\/p>\n<h5>EMPRESES<\/h5>\n<p>Si voleu oferir un lloc de treball, us facilitem el servei gratu\u00eft de la Borsa de Treball de les nostres\u00a0fam\u00edlies professionals.<br \/>\nDoneu-vos d\u2019alta a la <a href=\"https:\/\/narcismonturiol.ieduca.com\/borsa\" target=\"_blank\" rel=\"noopener\">Borsa de Treball empresa<\/a><\/p>\n","protected":false},"excerpt":{"rendered":"<p>La Borsa de Treball de l&#8217;Institut Narc\u00eds Monturiol de Figueres \u00e9s un servei que t\u00e9 per objectiu facilitar la inserci\u00f3 laboral dels alumnes i exalumnes del nostre institut i ajudar-los a trobar una feina relacionada amb les compet\u00e8ncies professionals adquirides per inserir-se al m\u00f3n laboral.&hellip;  <a href=\"https:\/\/agora.xtec.cat\/iesmonturiol\/borsa-de-treball\/\" title=\"Read Borsa de treball\">Llegeix m\u00e9s\u00bb<\/a><\/p>\n","protected":false},"author":1,"featured_media":0,"parent":0,"menu_order":0,"comment_status":"closed","ping_status":"closed","template":"","meta":{"_bbp_topic_count":0,"_bbp_reply_count":0,"_bbp_total_topic_count":0,"_bbp_total_reply_count":0,"_bbp_voice_count":0,"_bbp_anonymous_reply_count":0,"_bbp_topic_count_hidden":0,"_bbp_reply_count_hidden":0,"_bbp_forum_subforum_count":0,"footnotes":""},"class_list":["post-6231","page","type-page","status-publish","hentry"],"post_mailing_queue_ids":[],"_links":{"self":[{"href":"https:\/\/agora.xtec.cat\/iesmonturiol\/wp-json\/wp\/v2\/pages\/6231","targetHints":{"allow":["GET"]}}],"collection":[{"href":"https:\/\/agora.xtec.cat\/iesmonturiol\/wp-json\/wp\/v2\/pages"}],"about":[{"href":"https:\/\/agora.xtec.cat\/iesmonturiol\/wp-json\/wp\/v2\/types\/page"}],"author":[{"embeddable":true,"href":"https:\/\/agora.xtec.cat\/iesmonturiol\/wp-json\/wp\/v2\/users\/1"}],"replies":[{"embeddable":true,"href":"https:\/\/agora.xtec.cat\/iesmonturiol\/wp-json\/wp\/v2\/comments?post=6231"}],"version-history":[{"count":5,"href":"https:\/\/agora.xtec.cat\/iesmonturiol\/wp-json\/wp\/v2\/pages\/6231\/revisions"}],"predecessor-version":[{"id":6236,"href":"https:\/\/agora.xtec.cat\/iesmonturiol\/wp-json\/wp\/v2\/pages\/6231\/revisions\/6236"}],"wp:attachment":[{"href":"https:\/\/agora.xtec.cat\/iesmonturiol\/wp-json\/wp\/v2\/media?parent=6231"}],"curies":[{"name":"wp","href":"https:\/\/api.w.org\/{rel}","templated":true}]}}