{"id":6184,"date":"2024-11-24T17:23:23","date_gmt":"2024-11-24T16:23:23","guid":{"rendered":"https:\/\/agora.xtec.cat\/iesmonturiol\/?page_id=6184"},"modified":"2024-12-02T12:06:24","modified_gmt":"2024-12-02T11:06:24","slug":"llibre-dels-pastorets-del-monturiol","status":"publish","type":"page","link":"https:\/\/agora.xtec.cat\/iesmonturiol\/llibre-dels-pastorets-del-monturiol\/","title":{"rendered":"Llibre dels Pastorets del Monturiol"},"content":{"rendered":"<p><img loading=\"lazy\" decoding=\"async\" class=\"wp-image-6185 aligncenter\" src=\"https:\/\/agora.xtec.cat\/iesmonturiol\/wp-content\/uploads\/usu1826\/2024\/11\/IMG_2495.jpg\" alt=\"\" width=\"886\" height=\"895\" srcset=\"https:\/\/agora.xtec.cat\/iesmonturiol\/wp-content\/uploads\/usu1826\/2024\/11\/IMG_2495.jpg 1179w, https:\/\/agora.xtec.cat\/iesmonturiol\/wp-content\/uploads\/usu1826\/2024\/11\/IMG_2495-297x300.jpg 297w, https:\/\/agora.xtec.cat\/iesmonturiol\/wp-content\/uploads\/usu1826\/2024\/11\/IMG_2495-1014x1024.jpg 1014w, https:\/\/agora.xtec.cat\/iesmonturiol\/wp-content\/uploads\/usu1826\/2024\/11\/IMG_2495-768x776.jpg 768w\" sizes=\"auto, (max-width: 886px) 100vw, 886px\" \/><\/p>\n<h3><\/h3>\n<h3><span style=\"color: #ff0000;\"><strong>Com aconseguir-lo?<\/strong><\/span><\/h3>\n<ul>\n<li>\n<h5 style=\"text-align: justify;\">A trav\u00e9s de TPV: si teniu acc\u00e9s al TPV perqu\u00e8 sou membres de la comunitat educativa del Monturiol trobareu el llibre a la <a href=\"https:\/\/tpvescola.com\/Compres.aspx\" target=\"_blank\" rel=\"noopener\">botiga virtual de l&#8217;institut<\/a>. Un cop hagueu fet el pagament, podeu recollir el llibre al despatx d&#8217;administraci\u00f3.<\/h5>\n<\/li>\n<li>\n<h5>A tots els <em>bolos<\/em>:\u00a0 abans i despr\u00e9s de cada funci\u00f3 dels Pastorets, trobareu un punt de venda a l&#8217;entrada on podreu adquirir el llibre amb descompte.<\/h5>\n<\/li>\n<li style=\"text-align: justify;\">\n<h5>A les presentacions: est\u00e0 previst fer presentacions espec\u00edfiques del llibre a diversos pobles amb vinculaci\u00f3 amb els Pastorets del Monturiol , tal i com es va fer a la Biblioteca Carles Fages de Climent de Figueres.<\/h5>\n<\/li>\n<li>\n<h5 style=\"text-align: justify;\">A la llibreria: les llibreries de Figueres (Edison, La Ploma, Bookman i Abacus) disposaran, des de mitjans de desembre, del llibre dels Pastorets del Monturiol.<\/h5>\n<\/li>\n<\/ul>\n<p>&nbsp;<\/p>\n<p style=\"text-align: center;\"><iframe loading=\"lazy\" title=\"YouTube video player\" src=\"https:\/\/www.youtube.com\/embed\/\/iLjkOOsXWFk\" width=\"315\" height=\"560\" frameborder=\"0\" allowfullscreen=\"allowfullscreen\"><\/iframe><\/p>\n","protected":false},"excerpt":{"rendered":"<p>Com aconseguir-lo?<\/p>\n<ul>\n<li>\nA trav\u00e9s de TPV: si teniu acc\u00e9s al TPV perqu\u00e8 sou membres de la comunitat educativa del Monturiol trobareu el llibre a la <a href=\"https:\/\/tpvescola.com\/Compres.aspx\" target=\"_blank\" rel=\"noopener\">botiga virtual de l&#8217;institut<\/a>. Un cop hagueu fet el pagament, podeu recollir el llibre al despatx d&#8217;administraci\u00f3.\n<\/li>\n<li>\nA tots&hellip;  <a href=\"https:\/\/agora.xtec.cat\/iesmonturiol\/llibre-dels-pastorets-del-monturiol\/\" title=\"Read Llibre dels Pastorets del Monturiol\">Llegeix m\u00e9s\u00bb<\/a><\/p>\n","protected":false},"author":1,"featured_media":0,"parent":0,"menu_order":0,"comment_status":"closed","ping_status":"closed","template":"","meta":{"_bbp_topic_count":0,"_bbp_reply_count":0,"_bbp_total_topic_count":0,"_bbp_total_reply_count":0,"_bbp_voice_count":0,"_bbp_anonymous_reply_count":0,"_bbp_topic_count_hidden":0,"_bbp_reply_count_hidden":0,"_bbp_forum_subforum_count":0,"footnotes":""},"class_list":["post-6184","page","type-page","status-publish","hentry"],"post_mailing_queue_ids":[],"_links":{"self":[{"href":"https:\/\/agora.xtec.cat\/iesmonturiol\/wp-json\/wp\/v2\/pages\/6184","targetHints":{"allow":["GET"]}}],"collection":[{"href":"https:\/\/agora.xtec.cat\/iesmonturiol\/wp-json\/wp\/v2\/pages"}],"about":[{"href":"https:\/\/agora.xtec.cat\/iesmonturiol\/wp-json\/wp\/v2\/types\/page"}],"author":[{"embeddable":true,"href":"https:\/\/agora.xtec.cat\/iesmonturiol\/wp-json\/wp\/v2\/users\/1"}],"replies":[{"embeddable":true,"href":"https:\/\/agora.xtec.cat\/iesmonturiol\/wp-json\/wp\/v2\/comments?post=6184"}],"version-history":[{"count":6,"href":"https:\/\/agora.xtec.cat\/iesmonturiol\/wp-json\/wp\/v2\/pages\/6184\/revisions"}],"predecessor-version":[{"id":6210,"href":"https:\/\/agora.xtec.cat\/iesmonturiol\/wp-json\/wp\/v2\/pages\/6184\/revisions\/6210"}],"wp:attachment":[{"href":"https:\/\/agora.xtec.cat\/iesmonturiol\/wp-json\/wp\/v2\/media?parent=6184"}],"curies":[{"name":"wp","href":"https:\/\/api.w.org\/{rel}","templated":true}]}}