{"id":6115,"date":"2024-10-23T11:11:54","date_gmt":"2024-10-23T09:11:54","guid":{"rendered":"https:\/\/agora.xtec.cat\/iesmonturiol\/?page_id=6115"},"modified":"2024-10-23T12:58:45","modified_gmt":"2024-10-23T10:58:45","slug":"club-de-lectura","status":"publish","type":"page","link":"https:\/\/agora.xtec.cat\/iesmonturiol\/club-de-lectura\/","title":{"rendered":"Club de Lectura"},"content":{"rendered":"<p><img loading=\"lazy\" decoding=\"async\" class=\"size-full wp-image-6132 alignright\" src=\"https:\/\/agora.xtec.cat\/iesmonturiol\/wp-content\/uploads\/usu1826\/2024\/10\/logo-club-lectura.jpg\" alt=\"\" width=\"441\" height=\"432\" srcset=\"https:\/\/agora.xtec.cat\/iesmonturiol\/wp-content\/uploads\/usu1826\/2024\/10\/logo-club-lectura.jpg 441w, https:\/\/agora.xtec.cat\/iesmonturiol\/wp-content\/uploads\/usu1826\/2024\/10\/logo-club-lectura-300x294.jpg 300w\" sizes=\"auto, (max-width: 441px) 100vw, 441px\" \/><\/p>\n<p><b>Una miqueta d\u2019hist\u00f2ria\u2026<\/b><\/p>\n<p style=\"text-align: justify;\">El club de lectura de l\u2019Institut Narc\u00eds Monturiol neix el curs 2015-16 quan en David Guixeras, cap del departament de lleng\u00fces, engega el projecte un cop comen\u00e7at el curs. Tot i no ser part\u00edcip des de principi de curs, el club va poder afegir-se a la trobada amb l\u2019autor de final de curs. Dos cursos m\u00e9s tard, el 2017-18, la successora d\u2019en David com a cap de departament, la Nadina Ros, es fa c\u00e0rrec del club de lectura de l\u2019institut amb l\u2019ajuda d\u2019altres membres del departament com la Gabriela G\u00f3mez o la M\u00aa \u00c0ngels Vila, cap de departament actual. Des de fa un parell de cursos, l\u2019Anna Gonz\u00e0lez se\u2019n fa c\u00e0rrec amb l\u2019ajuda d\u2019altres professores. \u00c9s un projecte que ha mantingut viu el cuquet de l\u2019alumnat envers els llibres alhora que ha buscat el gaudi i gust per la lectura.<\/p>\n<p>&nbsp;<\/p>\n<p>&nbsp;<\/p>\n<p style=\"text-align: justify;\"><b>Com funcionem?<\/b><\/p>\n<p style=\"text-align: justify;\">Ens reunim en petits grups a les hores de tutoria i comentem amb total llibertat i sinceritat qu\u00e8 ens ha semblat la lectura proposada. Un cop per trimestre es fan les trobades del club de lectura i intentem posar en paraules el que hem llegit i, sobretot, quines emocions hem sentit llegint-ho.<\/p>\n<p><img loading=\"lazy\" decoding=\"async\" class=\"wp-image-6122 aligncenter\" src=\"https:\/\/agora.xtec.cat\/iesmonturiol\/wp-content\/uploads\/usu1826\/2024\/10\/IMG_8627-1-rotated.jpg\" alt=\"\" width=\"535\" height=\"401\" srcset=\"https:\/\/agora.xtec.cat\/iesmonturiol\/wp-content\/uploads\/usu1826\/2024\/10\/IMG_8627-1-rotated.jpg 640w, https:\/\/agora.xtec.cat\/iesmonturiol\/wp-content\/uploads\/usu1826\/2024\/10\/IMG_8627-1-300x225.jpg 300w, https:\/\/agora.xtec.cat\/iesmonturiol\/wp-content\/uploads\/usu1826\/2024\/10\/IMG_8627-1-200x150.jpg 200w\" sizes=\"auto, (max-width: 535px) 100vw, 535px\" \/><\/p>\n<p style=\"text-align: justify;\">A m\u00e9s a m\u00e9s, ens reunim amb altres instituts de l\u2019Alt Empord\u00e0 a finals de maig a la trobada de Clubs de Lectura de la comarca. Cada any aquesta trobada compta amb la participaci\u00f3 d\u2019una autora o d\u2019un autor que l\u2019alumnat ha tingut l\u2019oportunitat de llegir durant el curs. L\u2019any passat la Laia Aguilar va ser l&#8217;escriptora escollida i vam tenir la sort de poder preguntar-li per les seves experi\u00e8ncies i tamb\u00e9 vam poder fer una presentaci\u00f3 a tot el Teatre Jard\u00ed sobre la seva traject\u00f2ria.<\/p>\n<p style=\"text-align: justify;\">Si encara teniu dubtes sobre apuntar-vos-hi, afanyeu-vos, que la lectura us espera!<\/p>\n<p><img loading=\"lazy\" decoding=\"async\" class=\"alignleft wp-image-6120\" src=\"https:\/\/agora.xtec.cat\/iesmonturiol\/wp-content\/uploads\/usu1826\/2024\/10\/IMG_9434.jpg\" alt=\"\" width=\"473\" height=\"355\" srcset=\"https:\/\/agora.xtec.cat\/iesmonturiol\/wp-content\/uploads\/usu1826\/2024\/10\/IMG_9434.jpg 640w, https:\/\/agora.xtec.cat\/iesmonturiol\/wp-content\/uploads\/usu1826\/2024\/10\/IMG_9434-300x225.jpg 300w, https:\/\/agora.xtec.cat\/iesmonturiol\/wp-content\/uploads\/usu1826\/2024\/10\/IMG_9434-200x150.jpg 200w\" sizes=\"auto, (max-width: 473px) 100vw, 473px\" \/> <img loading=\"lazy\" decoding=\"async\" class=\"wp-image-6119 alignright\" src=\"https:\/\/agora.xtec.cat\/iesmonturiol\/wp-content\/uploads\/usu1826\/2024\/10\/IMG_9419.jpg\" alt=\"\" width=\"474\" height=\"355\" srcset=\"https:\/\/agora.xtec.cat\/iesmonturiol\/wp-content\/uploads\/usu1826\/2024\/10\/IMG_9419.jpg 640w, https:\/\/agora.xtec.cat\/iesmonturiol\/wp-content\/uploads\/usu1826\/2024\/10\/IMG_9419-300x225.jpg 300w, https:\/\/agora.xtec.cat\/iesmonturiol\/wp-content\/uploads\/usu1826\/2024\/10\/IMG_9419-200x150.jpg 200w\" sizes=\"auto, (max-width: 474px) 100vw, 474px\" \/><\/p>\n<p>&nbsp;<\/p>\n<p>&nbsp;<\/p>\n<p>&nbsp;<\/p>\n<p>&nbsp;<\/p>\n<p>&nbsp;<\/p>\n<p>&nbsp;<\/p>\n<p>&nbsp;<\/p>\n<p>&nbsp;<\/p>\n<p>&nbsp;<\/p>\n","protected":false},"excerpt":{"rendered":"<p>Una miqueta d\u2019hist\u00f2ria\u2026<br \/>\nEl club de lectura de l\u2019Institut Narc\u00eds Monturiol neix el curs 2015-16 quan en David Guixeras, cap del departament de lleng\u00fces, engega el projecte un cop comen\u00e7at el curs. Tot i no ser part\u00edcip des de principi de curs, el club va poder&hellip;  <a href=\"https:\/\/agora.xtec.cat\/iesmonturiol\/club-de-lectura\/\" title=\"Read Club de Lectura\">Llegeix m\u00e9s\u00bb<\/a><\/p>\n","protected":false},"author":1,"featured_media":0,"parent":0,"menu_order":0,"comment_status":"closed","ping_status":"closed","template":"","meta":{"_bbp_topic_count":0,"_bbp_reply_count":0,"_bbp_total_topic_count":0,"_bbp_total_reply_count":0,"_bbp_voice_count":0,"_bbp_anonymous_reply_count":0,"_bbp_topic_count_hidden":0,"_bbp_reply_count_hidden":0,"_bbp_forum_subforum_count":0,"footnotes":""},"class_list":["post-6115","page","type-page","status-publish","hentry"],"post_mailing_queue_ids":[],"_links":{"self":[{"href":"https:\/\/agora.xtec.cat\/iesmonturiol\/wp-json\/wp\/v2\/pages\/6115","targetHints":{"allow":["GET"]}}],"collection":[{"href":"https:\/\/agora.xtec.cat\/iesmonturiol\/wp-json\/wp\/v2\/pages"}],"about":[{"href":"https:\/\/agora.xtec.cat\/iesmonturiol\/wp-json\/wp\/v2\/types\/page"}],"author":[{"embeddable":true,"href":"https:\/\/agora.xtec.cat\/iesmonturiol\/wp-json\/wp\/v2\/users\/1"}],"replies":[{"embeddable":true,"href":"https:\/\/agora.xtec.cat\/iesmonturiol\/wp-json\/wp\/v2\/comments?post=6115"}],"version-history":[{"count":6,"href":"https:\/\/agora.xtec.cat\/iesmonturiol\/wp-json\/wp\/v2\/pages\/6115\/revisions"}],"predecessor-version":[{"id":6133,"href":"https:\/\/agora.xtec.cat\/iesmonturiol\/wp-json\/wp\/v2\/pages\/6115\/revisions\/6133"}],"wp:attachment":[{"href":"https:\/\/agora.xtec.cat\/iesmonturiol\/wp-json\/wp\/v2\/media?parent=6115"}],"curies":[{"name":"wp","href":"https:\/\/api.w.org\/{rel}","templated":true}]}}