{"id":564,"date":"2018-03-29T19:48:24","date_gmt":"2018-03-29T17:48:24","guid":{"rendered":"http:\/\/agora.xtec.cat\/iesmonturiol\/?page_id=564"},"modified":"2025-04-07T19:32:44","modified_gmt":"2025-04-07T17:32:44","slug":"manteniment-electromecanic","status":"publish","type":"page","link":"https:\/\/agora.xtec.cat\/iesmonturiol\/informacio-oferta-formativa\/cicles-formatius-gm\/manteniment-electromecanic\/","title":{"rendered":"Manteniment electromec\u00e0nic"},"content":{"rendered":"<p><strong>CF Grau Mitj\u00e0. T\u00e8cnic\/a en <span class=\"Estilo1\">manteniment electromec\u00e0nic orientat a la fabricaci\u00f3 mec\u00e0nica<\/span><\/strong><\/p>\n<p>Proporciona els coneixements necessaris per muntar i mantenir maquin\u00e0ria i l\u00ednies de producci\u00f3 automatitzades i a efectuar operacions de mecanitzaci\u00f3 convencional i per control num\u00e8ric (CNC), conformat i soldadura.<\/p>\n<p>Cicle impartit 100% amb metodologia ABP, de<span style=\"font-family: inherit; font-size: 1em;\"> treball per projectes.<\/span><\/p>\n<table style=\"height: 27px; border-style: hidden; width: 739px;\" width=\"739\">\n<tbody>\n<tr>\n<td style=\"width: 327px;\"><a href=\"https:\/\/drive.google.com\/file\/d\/1jyXejXAuaQUsuj25Yn7E1RoFfswSyQbk\/view?usp=sharing\" target=\"_blank\" rel=\"noopener\"><img loading=\"lazy\" decoding=\"async\" class=\"alignleft wp-image-5865 size-full\" src=\"https:\/\/agora.xtec.cat\/iesmonturiol\/wp-content\/uploads\/usu1826\/2024\/04\/Portada_ppt_mant-e1713047940566.png\" alt=\"\" width=\"802\" height=\"593\" srcset=\"https:\/\/agora.xtec.cat\/iesmonturiol\/wp-content\/uploads\/usu1826\/2024\/04\/Portada_ppt_mant-e1713047940566.png 802w, https:\/\/agora.xtec.cat\/iesmonturiol\/wp-content\/uploads\/usu1826\/2024\/04\/Portada_ppt_mant-e1713047940566-300x222.png 300w, https:\/\/agora.xtec.cat\/iesmonturiol\/wp-content\/uploads\/usu1826\/2024\/04\/Portada_ppt_mant-e1713047940566-768x568.png 768w\" sizes=\"auto, (max-width: 802px) 100vw, 802px\" \/><\/a><\/td>\n<td style=\"width: 49px; border-style: hidden;\"><a href=\"http:\/\/agora.xtec.cat\/iesmonturiol\/informacio-oferta-formativa\/cicles-formatius-gm\/electromecanica-vehicles-automobils\/attachment\/fletxa\/\" rel=\"attachment wp-att-2876\"><img loading=\"lazy\" decoding=\"async\" class=\"alignleft size-medium wp-image-2876\" src=\"https:\/\/agora.xtec.cat\/iesmonturiol\/wp-content\/uploads\/usu1826\/2020\/05\/Fletxa-287x300.png\" alt=\"\" width=\"287\" height=\"300\" \/><\/a><\/td>\n<td style=\"width: 353px;\">\n<h5>Mira la presentaci\u00f3 del cicle<\/h5>\n<\/td>\n<\/tr>\n<\/tbody>\n<\/table>\n<p><strong>DURADA<\/strong><\/p>\n<p>2000 hores (2 cursos acad\u00e8mics)<\/p>\n<table style=\"height: 118px; width: 70.2391%;\" width=\"811\">\n<tbody>\n<tr>\n<td style=\"width: 43.4753%;\"><strong><span style=\"font-size: 16px;\">R\u00e8gim general<\/span><\/strong><\/td>\n<td style=\"width: 42.6818%;\"><strong><span style=\"font-size: 16px;\">R\u00e8gim intensiu<\/span><\/strong><\/td>\n<\/tr>\n<tr>\n<td style=\"width: 43.4753%; background-color: #ffffff;\"><span style=\"font-size: 16px; background-color: #ffffff;\">1485 hores al centre educatiu<\/span><\/td>\n<td style=\"width: 42.6818%; background-color: #ffffff;\"><span style=\"font-size: 16px; background-color: #ffffff;\">1287 hores al centre educatiu<\/span><\/td>\n<\/tr>\n<tr>\n<td style=\"width: 43.4753%;\"><span style=\"font-size: 16px;\">515 hores d&#8217;estada a l&#8217;empresa<\/span><\/td>\n<td style=\"width: 42.6818%;\"><span style=\"font-size: 16px;\">1000 hores d&#8217;estada a l&#8217;empresa remunerada<\/span><\/td>\n<\/tr>\n<\/tbody>\n<\/table>\n<p><strong>PLA D&#8217;ESTUDIS<\/strong><\/p>\n<p>Tots els continguts del cicle s&#8217;imparteixen amb metodologia ABP.<\/p>\n<table style=\"width: 75.0208%;\">\n<tbody>\n<tr style=\"height: 64px;\">\n<td style=\"width: 32.3947%; height: 64px;\">Continguts<\/td>\n<td style=\"width: 10.5315%; height: 64px;\">Hores al centre educatiu<\/td>\n<td style=\"width: 9.80907%; height: 64px;\">Hores d&#8217;estada a l&#8217;empresa<\/td>\n<td style=\"width: 10.0632%; height: 64px;\">Hores totals<\/td>\n<\/tr>\n<tr style=\"height: 41px;\">\n<td class=\"text\" style=\"width: 32.3947%; height: 41px;\" width=\"448\">T\u00e8cniques de fabricaci\u00f3<\/td>\n<td style=\"width: 10.5315%; text-align: center; height: 33px;\">132<\/td>\n<td style=\"width: 9.80907%; text-align: center; height: 33px;\">66<\/td>\n<td style=\"width: 10.0632%; text-align: center; height: 33px;\">198<\/td>\n<\/tr>\n<tr style=\"height: 35px;\">\n<td class=\"text\" style=\"width: 32.3947%; height: 40px;\">T\u00e8cniques d&#8217;uni\u00f3 i muntatge<\/td>\n<td style=\"width: 10.5315%; text-align: center; height: 33px;\">99<\/td>\n<td style=\"width: 9.80907%; text-align: center; height: 33px;\">66<\/td>\n<td style=\"width: 10.0632%; text-align: center; height: 33px;\">165<\/td>\n<\/tr>\n<tr style=\"height: 40px;\">\n<td class=\"text\" style=\"width: 32.3947%; height: 40px;\">Electricitat i automatismes el\u00e8ctrics<\/td>\n<td style=\"width: 10.5315%; text-align: center; height: 33px;\">165<\/td>\n<td style=\"width: 9.80907%; text-align: center; height: 33px;\">99<\/td>\n<td style=\"width: 10.0632%; text-align: center; height: 33px;\">264<\/td>\n<\/tr>\n<tr style=\"height: 40px;\">\n<td class=\"text\" style=\"width: 32.3947%; height: 40px;\">Automatismes pneum\u00e0tics i hidr\u00e0ulics<\/td>\n<td style=\"width: 10.5315%; text-align: center; height: 33px;\">132<\/td>\n<td style=\"width: 9.80907%; text-align: center; height: 33px;\">99<\/td>\n<td style=\"width: 10.0632%; text-align: center; height: 33px;\">231<\/td>\n<\/tr>\n<tr style=\"height: 40px;\">\n<td class=\"text\" style=\"width: 32.3947%; height: 40px;\">Muntatge i manteniment mec\u00e0nic<\/td>\n<td style=\"width: 10.5315%; text-align: center; height: 33px;\">132<\/td>\n<td style=\"width: 9.80907%; text-align: center; height: 33px;\">53<\/td>\n<td style=\"width: 10.0632%; text-align: center; height: 33px;\">185<\/td>\n<\/tr>\n<tr style=\"height: 40px;\">\n<td class=\"text\" style=\"width: 32.3947%; height: 40px;\">Muntatge i manteniment el\u00e8ctric i electr\u00f2nic<\/td>\n<td style=\"width: 10.5315%; text-align: center; height: 33px;\">132<\/td>\n<td style=\"width: 9.80907%; text-align: center; height: 33px;\">66<\/td>\n<td style=\"width: 10.0632%; text-align: center; height: 33px;\">198<\/td>\n<\/tr>\n<tr style=\"height: 40px;\">\n<td class=\"text\" style=\"width: 32.3947%; height: 40px;\">Muntatge i manteniment de l\u00ednies autom\u00e0tiques<\/td>\n<td style=\"width: 10.5315%; text-align: center; height: 33px;\">99<\/td>\n<td style=\"width: 9.80907%; text-align: center; height: 33px;\">66<\/td>\n<td style=\"width: 10.0632%; text-align: center; height: 33px;\">165<\/td>\n<\/tr>\n<tr style=\"height: 33px;\">\n<td style=\"width: 32.3947%; height: 33px;\"><span style=\"background-color: #f9f9f9;\">Digitalitzaci\u00f3 aplicada al sistema productiu<\/span><\/td>\n<td style=\"width: 10.5315%; text-align: center; height: 33px;\">33<\/td>\n<td style=\"width: 9.80907%; text-align: center; height: 33px;\"><\/td>\n<td style=\"width: 10.0632%; text-align: center; height: 33px;\">33<\/td>\n<\/tr>\n<tr style=\"height: 33px;\">\n<td style=\"width: 32.3947%; height: 33px;\"><span style=\"background-color: #ffffff;\">Sostenibilitat aplicada al sistema productiu<\/span><\/td>\n<td style=\"width: 10.5315%; text-align: center; height: 33px;\">33<\/td>\n<td style=\"width: 9.80907%; text-align: center; height: 33px;\"><\/td>\n<td style=\"width: 10.0632%; text-align: center; height: 33px;\">33<\/td>\n<\/tr>\n<tr style=\"height: 33px;\">\n<td style=\"width: 32.3947%; height: 33px;\">Angl\u00e8s professional<\/td>\n<td style=\"width: 10.5315%; text-align: center; height: 33px;\">66<\/td>\n<td style=\"width: 9.80907%; text-align: center; height: 33px;\"><\/td>\n<td style=\"width: 10.0632%; text-align: center; height: 33px;\">66<\/td>\n<\/tr>\n<tr style=\"height: 33px;\">\n<td style=\"width: 32.3947%; height: 33px;\"><span style=\"background-color: #ffffff;\">Itinerari personal per a l&#8217;ocupabilitat I i II<\/span><\/td>\n<td style=\"width: 10.5315%; text-align: center; height: 33px;\">165<\/td>\n<td style=\"width: 9.80907%; text-align: center; height: 33px;\"><\/td>\n<td style=\"width: 10.0632%; text-align: center; height: 33px;\">165<\/td>\n<\/tr>\n<tr style=\"height: 33px;\">\n<td style=\"width: 32.3947%; height: 33px;\">Mecanitzaci\u00f3 per control num\u00e8ric (m\u00f2dul optatiu)<\/td>\n<td style=\"width: 10.5315%; text-align: center; height: 33px;\">99<\/td>\n<td style=\"width: 9.80907%; text-align: center; height: 33px;\"><\/td>\n<td style=\"width: 10.0632%; text-align: center; height: 33px;\">99<\/td>\n<\/tr>\n<tr style=\"height: 33px;\">\n<td style=\"width: 32.3947%; height: 33px;\">Projecte intermodular<\/td>\n<td style=\"width: 10.5315%; text-align: center; height: 33px;\">198<\/td>\n<td style=\"width: 9.80907%; text-align: center; height: 33px;\"><\/td>\n<td style=\"width: 10.0632%; text-align: center; height: 33px;\">198<\/td>\n<\/tr>\n<\/tbody>\n<\/table>\n<p><strong class=\"Estilo1\">SORTIDES PROFESSIONALS<br \/>\n<\/strong>Mec\u00e0nic de manteniment<br \/>\nMuntador industrial<br \/>\nMuntador d&#8217;equips el\u00e8ctrics<br \/>\nMantenidor de l\u00ednia automatitzada<br \/>\nMuntador de b\u00e9ns d&#8217;equip<br \/>\nMuntador d&#8217;automatismes pneum\u00e0tics i hidr\u00e0ulics<br \/>\nInstal\u00b7lador electricista industrial<br \/>\nElectricista de manteniment i reparaci\u00f3 d&#8217;equips de control<br \/>\n<span class=\"text\">Operador de m\u00e0quines eines convencionals i de CNC<\/span><\/p>\n<ul style=\"list-style-type: square;\">\n<li><a href=\"https:\/\/agora.xtec.cat\/iesmonturiol\/departament-de-manteniment\/\">Coneix el departament de Manteniment aqu\u00ed.<\/a><\/li>\n<\/ul>\n","protected":false},"excerpt":{"rendered":"<p>CF Grau Mitj\u00e0. T\u00e8cnic\/a en manteniment electromec\u00e0nic orientat a la fabricaci\u00f3 mec\u00e0nica<br \/>\nProporciona els coneixements necessaris per muntar i mantenir maquin\u00e0ria i l\u00ednies de producci\u00f3 automatitzades i a efectuar operacions de mecanitzaci\u00f3 convencional i per control num\u00e8ric (CNC), conformat i soldadura.<br \/>\nCicle impartit 100% amb metodologia ABP,&hellip;  <a href=\"https:\/\/agora.xtec.cat\/iesmonturiol\/informacio-oferta-formativa\/cicles-formatius-gm\/manteniment-electromecanic\/\" title=\"Read Manteniment electromec\u00e0nic\">Llegeix m\u00e9s\u00bb<\/a><\/p>\n","protected":false},"author":1,"featured_media":0,"parent":525,"menu_order":6,"comment_status":"closed","ping_status":"closed","template":"page-templates\/side-menu.php","meta":{"_bbp_topic_count":0,"_bbp_reply_count":0,"_bbp_total_topic_count":0,"_bbp_total_reply_count":0,"_bbp_voice_count":0,"_bbp_anonymous_reply_count":0,"_bbp_topic_count_hidden":0,"_bbp_reply_count_hidden":0,"_bbp_forum_subforum_count":0,"footnotes":""},"class_list":["post-564","page","type-page","status-publish","hentry"],"post_mailing_queue_ids":[],"_links":{"self":[{"href":"https:\/\/agora.xtec.cat\/iesmonturiol\/wp-json\/wp\/v2\/pages\/564","targetHints":{"allow":["GET"]}}],"collection":[{"href":"https:\/\/agora.xtec.cat\/iesmonturiol\/wp-json\/wp\/v2\/pages"}],"about":[{"href":"https:\/\/agora.xtec.cat\/iesmonturiol\/wp-json\/wp\/v2\/types\/page"}],"author":[{"embeddable":true,"href":"https:\/\/agora.xtec.cat\/iesmonturiol\/wp-json\/wp\/v2\/users\/1"}],"replies":[{"embeddable":true,"href":"https:\/\/agora.xtec.cat\/iesmonturiol\/wp-json\/wp\/v2\/comments?post=564"}],"version-history":[{"count":6,"href":"https:\/\/agora.xtec.cat\/iesmonturiol\/wp-json\/wp\/v2\/pages\/564\/revisions"}],"predecessor-version":[{"id":6381,"href":"https:\/\/agora.xtec.cat\/iesmonturiol\/wp-json\/wp\/v2\/pages\/564\/revisions\/6381"}],"up":[{"embeddable":true,"href":"https:\/\/agora.xtec.cat\/iesmonturiol\/wp-json\/wp\/v2\/pages\/525"}],"wp:attachment":[{"href":"https:\/\/agora.xtec.cat\/iesmonturiol\/wp-json\/wp\/v2\/media?parent=564"}],"curies":[{"name":"wp","href":"https:\/\/api.w.org\/{rel}","templated":true}]}}