{"id":556,"date":"2018-03-29T19:35:46","date_gmt":"2018-03-29T17:35:46","guid":{"rendered":"http:\/\/agora.xtec.cat\/iesmonturiol\/?page_id=556"},"modified":"2024-04-13T18:02:42","modified_gmt":"2024-04-13T16:02:42","slug":"installacions-electriques-i-automatiques","status":"publish","type":"page","link":"https:\/\/agora.xtec.cat\/iesmonturiol\/informacio-oferta-formativa\/cicles-formatius-gm\/installacions-electriques-i-automatiques\/","title":{"rendered":"Instal\u00b7lacions el\u00e8ctriques i autom\u00e0tiques"},"content":{"rendered":"<p><strong>\u00a0<\/strong><strong>CF Grau Mitj\u00e0. T\u00e8cnic\/a en Instal\u00b7lacions El\u00e8ctriques i Autom\u00e0tiques<\/strong><\/p>\n<p>Capacita per muntar i mantenir infraestructures de telecomunicaci\u00f3 en edificis, instal\u00b7lacions el\u00e8ctriques de BT, m\u00e0quines el\u00e8ctriques i sistemes automatitzats, aplicant normativa i reglamentaci\u00f3 vigent, protocols de qualitat, seguretat i riscos laborals, assegurant la seva funcionalitat i respecte al medi ambient.<\/p>\n<table style=\"height: 27px; border-style: hidden; width: 739px;\" width=\"739\">\n<tbody>\n<tr>\n<td style=\"width: 327px;\"><a href=\"https:\/\/drive.google.com\/file\/d\/1Iiwf_AqChc4e_PIDBeMUZLq8v3md4PxK\/view?usp=sharing\" target=\"_blank\" rel=\"noopener\"><img loading=\"lazy\" decoding=\"async\" class=\"alignleft wp-image-5852 size-full\" src=\"https:\/\/agora.xtec.cat\/iesmonturiol\/wp-content\/uploads\/usu1826\/2024\/04\/Portada_PPT_EiR.png\" alt=\"\" width=\"853\" height=\"638\" srcset=\"https:\/\/agora.xtec.cat\/iesmonturiol\/wp-content\/uploads\/usu1826\/2024\/04\/Portada_PPT_EiR.png 853w, https:\/\/agora.xtec.cat\/iesmonturiol\/wp-content\/uploads\/usu1826\/2024\/04\/Portada_PPT_EiR-300x224.png 300w, https:\/\/agora.xtec.cat\/iesmonturiol\/wp-content\/uploads\/usu1826\/2024\/04\/Portada_PPT_EiR-768x574.png 768w, https:\/\/agora.xtec.cat\/iesmonturiol\/wp-content\/uploads\/usu1826\/2024\/04\/Portada_PPT_EiR-200x150.png 200w\" sizes=\"auto, (max-width: 853px) 100vw, 853px\" \/><\/a><\/td>\n<td style=\"width: 49px; border-style: hidden;\"><a href=\"http:\/\/agora.xtec.cat\/iesmonturiol\/informacio-oferta-formativa\/cicles-formatius-gm\/electromecanica-vehicles-automobils\/attachment\/fletxa\/\" rel=\"attachment wp-att-2876\"><img loading=\"lazy\" decoding=\"async\" class=\"alignleft size-medium wp-image-2876\" src=\"https:\/\/agora.xtec.cat\/iesmonturiol\/wp-content\/uploads\/usu1826\/2020\/05\/Fletxa-287x300.png\" alt=\"\" width=\"287\" height=\"300\" \/><\/a><\/td>\n<td style=\"width: 353px;\">\n<h5>Mira la presentaci\u00f3 dels cicles de la fam\u00edlia<\/h5>\n<\/td>\n<\/tr>\n<\/tbody>\n<\/table>\n<p><strong>DURADA<\/strong><br \/>\n2000 hores (2 cursos acad\u00e8mics)<br \/>\n1485 hores al centre educatiu<br \/>\n515 hores d&#8217;estada a l&#8217;empresa<\/p>\n<p><strong>PLA D&#8217;ESTUDIS<\/strong><\/p>\n<table style=\"width: 79.9855%; height: 684px;\">\n<tbody>\n<tr>\n<td style=\"width: 57.3552%;\"><\/td>\n<td style=\"width: 15.4457%;\">Hores al centre educatiu<\/td>\n<td style=\"width: 14.9153%;\">Hores d&#8217;estada a l&#8217;empresa<\/td>\n<td style=\"width: 50.2689%;\">Hores totals<\/td>\n<\/tr>\n<tr>\n<td style=\"width: 57.3552%;\">Automatismes industrials<\/td>\n<td style=\"width: 15.4457%; text-align: center;\">165<\/td>\n<td style=\"width: 14.9153%; text-align: center;\">99<\/td>\n<td style=\"width: 50.2689%; text-align: center;\">264<\/td>\n<\/tr>\n<tr>\n<td style=\"width: 57.3552%;\">Instal\u00b7lacions el\u00e8ctriques interiors<\/td>\n<td style=\"width: 15.4457%; text-align: center;\">198<\/td>\n<td style=\"width: 14.9153%; text-align: center;\">99<\/td>\n<td style=\"width: 50.2689%; text-align: center;\">297<\/td>\n<\/tr>\n<tr>\n<td style=\"width: 57.3552%;\">Instal\u00b7lacions de distribuci\u00f3<\/td>\n<td style=\"width: 15.4457%; text-align: center;\">66<\/td>\n<td style=\"width: 14.9153%; text-align: center;\">66<\/td>\n<td style=\"width: 50.2689%; text-align: center;\">132<\/td>\n<\/tr>\n<tr>\n<td style=\"width: 57.3552%;\">Infraestructures comunes de telecomunicaci\u00f3 en habitatges i edificis<\/td>\n<td style=\"width: 15.4457%; text-align: center;\">66<\/td>\n<td style=\"width: 14.9153%; text-align: center;\">66<\/td>\n<td style=\"width: 50.2689%; text-align: center;\">132<\/td>\n<\/tr>\n<tr>\n<td style=\"width: 57.3552%;\">Instal\u00b7lacions dom\u00f2tiques<\/td>\n<td style=\"width: 15.4457%; text-align: center;\">66<\/td>\n<td style=\"width: 14.9153%; text-align: center;\">66<\/td>\n<td style=\"width: 50.2689%; text-align: center;\">132<\/td>\n<\/tr>\n<tr>\n<td style=\"width: 57.3552%;\">Instal\u00b7lacions solars fotovoltaiques<\/td>\n<td style=\"width: 15.4457%; text-align: center;\">66<\/td>\n<td style=\"width: 14.9153%; text-align: center;\">53<\/td>\n<td style=\"width: 50.2689%; text-align: center;\">119<\/td>\n<\/tr>\n<tr>\n<td style=\"width: 57.3552%;\">M\u00e0quines el\u00e8ctriques<\/td>\n<td style=\"width: 15.4457%; text-align: center;\">66<\/td>\n<td style=\"width: 14.9153%; text-align: center;\">66<\/td>\n<td style=\"width: 50.2689%; text-align: center;\">132<\/td>\n<\/tr>\n<tr>\n<td style=\"width: 57.3552%;\">M\u00f2dul optatiu<\/td>\n<td style=\"width: 15.4457%; text-align: center;\">99<\/td>\n<td style=\"width: 14.9153%; text-align: center;\"><\/td>\n<td style=\"width: 50.2689%; text-align: center;\">99<\/td>\n<\/tr>\n<tr>\n<td style=\"width: 57.3552%;\">Electr\u00f2nica<\/td>\n<td style=\"width: 15.4457%; text-align: center;\">66<\/td>\n<td style=\"width: 14.9153%; text-align: center;\"><\/td>\n<td style=\"width: 50.2689%; text-align: center;\">66<\/td>\n<\/tr>\n<tr>\n<td style=\"width: 57.3552%;\">Electrot\u00e8cnia<\/td>\n<td style=\"width: 15.4457%; text-align: center;\">132<\/td>\n<td style=\"width: 14.9153%; text-align: center;\"><\/td>\n<td style=\"width: 50.2689%; text-align: center;\">132<\/td>\n<\/tr>\n<tr>\n<td style=\"width: 57.3552%;\">Digitalitzaci\u00f3 aplicada al sistema productiu<\/td>\n<td style=\"width: 15.4457%; text-align: center;\">33<\/td>\n<td style=\"width: 14.9153%; text-align: center;\"><\/td>\n<td style=\"width: 50.2689%; text-align: center;\">33<\/td>\n<\/tr>\n<tr>\n<td style=\"width: 57.3552%;\">Sostenibilitat aplicada al sistema productiu<\/td>\n<td style=\"width: 15.4457%; text-align: center;\">33<\/td>\n<td style=\"width: 14.9153%; text-align: center;\"><\/td>\n<td style=\"width: 50.2689%; text-align: center;\">333<\/td>\n<\/tr>\n<tr>\n<td style=\"width: 57.3552%;\">Angl\u00e8s T\u00e8cnic<\/td>\n<td style=\"width: 15.4457%; text-align: center;\">66<\/td>\n<td style=\"width: 14.9153%; text-align: center;\"><\/td>\n<td style=\"width: 50.2689%; text-align: center;\">66<\/td>\n<\/tr>\n<tr>\n<td style=\"width: 57.3552%;\">Itinerari personal per a l&#8217;ocupabilitat I i II<\/td>\n<td style=\"width: 15.4457%; text-align: center;\">165<\/td>\n<td style=\"width: 14.9153%; text-align: center;\"><\/td>\n<td style=\"width: 50.2689%; text-align: center;\">165<\/td>\n<\/tr>\n<tr>\n<td style=\"width: 57.3552%;\">Projecte intermodular<\/td>\n<td style=\"width: 15.4457%; text-align: center;\">198<\/td>\n<td style=\"width: 14.9153%; text-align: center;\"><\/td>\n<td style=\"width: 50.2689%; text-align: center;\">198<\/td>\n<\/tr>\n<\/tbody>\n<\/table>\n<p><strong>SORTIDES PROFESSIONALS<\/strong><\/p>\n<p>Instal\u00b7lador de l\u00ednies el\u00e8ctriques<br \/>\nMuntador de centres de producci\u00f3 el\u00e8ctrica<br \/>\nElectricista industrial<br \/>\nElectricista general<br \/>\nInstal\u00b7lador electricista d\u2019edificis<br \/>\nMuntador de quadres el\u00e8ctrics<br \/>\nBobinador<br \/>\nInstal\u00b7lador d\u2019equips electr\u00f2nics en edificis<br \/>\nReparador d\u2019electrodom\u00e8stics<\/p>\n<ul style=\"list-style-type: square;\">\n<li><a href=\"https:\/\/agora.xtec.cat\/iesmonturiol\/departament-delectricitat\">Coneix el departament d&#8217;Electricitat i Renovables aqu\u00ed.<\/a><\/li>\n<\/ul>\n","protected":false},"excerpt":{"rendered":"<p>\u00a0CF Grau Mitj\u00e0. T\u00e8cnic\/a en Instal\u00b7lacions El\u00e8ctriques i Autom\u00e0tiques<br \/>\nCapacita per muntar i mantenir infraestructures de telecomunicaci\u00f3 en edificis, instal\u00b7lacions el\u00e8ctriques de BT, m\u00e0quines el\u00e8ctriques i sistemes automatitzats, aplicant normativa i reglamentaci\u00f3 vigent, protocols de qualitat, seguretat i riscos laborals, assegurant la seva funcionalitat i respecte&hellip;  <a href=\"https:\/\/agora.xtec.cat\/iesmonturiol\/informacio-oferta-formativa\/cicles-formatius-gm\/installacions-electriques-i-automatiques\/\" title=\"Read Instal\u00b7lacions el\u00e8ctriques i autom\u00e0tiques\">Llegeix m\u00e9s\u00bb<\/a><\/p>\n","protected":false},"author":1,"featured_media":0,"parent":525,"menu_order":4,"comment_status":"closed","ping_status":"closed","template":"page-templates\/side-menu.php","meta":{"_bbp_topic_count":0,"_bbp_reply_count":0,"_bbp_total_topic_count":0,"_bbp_total_reply_count":0,"_bbp_voice_count":0,"_bbp_anonymous_reply_count":0,"_bbp_topic_count_hidden":0,"_bbp_reply_count_hidden":0,"_bbp_forum_subforum_count":0,"footnotes":""},"class_list":["post-556","page","type-page","status-publish","hentry"],"post_mailing_queue_ids":[],"_links":{"self":[{"href":"https:\/\/agora.xtec.cat\/iesmonturiol\/wp-json\/wp\/v2\/pages\/556","targetHints":{"allow":["GET"]}}],"collection":[{"href":"https:\/\/agora.xtec.cat\/iesmonturiol\/wp-json\/wp\/v2\/pages"}],"about":[{"href":"https:\/\/agora.xtec.cat\/iesmonturiol\/wp-json\/wp\/v2\/types\/page"}],"author":[{"embeddable":true,"href":"https:\/\/agora.xtec.cat\/iesmonturiol\/wp-json\/wp\/v2\/users\/1"}],"replies":[{"embeddable":true,"href":"https:\/\/agora.xtec.cat\/iesmonturiol\/wp-json\/wp\/v2\/comments?post=556"}],"version-history":[{"count":7,"href":"https:\/\/agora.xtec.cat\/iesmonturiol\/wp-json\/wp\/v2\/pages\/556\/revisions"}],"predecessor-version":[{"id":5855,"href":"https:\/\/agora.xtec.cat\/iesmonturiol\/wp-json\/wp\/v2\/pages\/556\/revisions\/5855"}],"up":[{"embeddable":true,"href":"https:\/\/agora.xtec.cat\/iesmonturiol\/wp-json\/wp\/v2\/pages\/525"}],"wp:attachment":[{"href":"https:\/\/agora.xtec.cat\/iesmonturiol\/wp-json\/wp\/v2\/media?parent=556"}],"curies":[{"name":"wp","href":"https:\/\/api.w.org\/{rel}","templated":true}]}}