{"id":554,"date":"2018-03-29T19:33:34","date_gmt":"2018-03-29T17:33:34","guid":{"rendered":"http:\/\/agora.xtec.cat\/iesmonturiol\/?page_id=554"},"modified":"2025-03-20T11:14:00","modified_gmt":"2025-03-20T10:14:00","slug":"estetica-i-bellesa","status":"publish","type":"page","link":"https:\/\/agora.xtec.cat\/iesmonturiol\/informacio-oferta-formativa\/cicles-formatius-gm\/estetica-i-bellesa\/","title":{"rendered":"Est\u00e8tica i bellesa"},"content":{"rendered":"<p><strong>CF Grau Mitj\u00e0. T\u00e8cnic\/a en Est\u00e8tica i bellesa<\/strong><\/p>\n<p>Proporciona els coneixements necessaris per dur a terme l\u2019aplicaci\u00f3 de t\u00e8cniques d\u2019est\u00e8tica personal i decorativa , l\u2019assessorament al client en el seu \u00e0mbit de compet\u00e8ncia i la presentaci\u00f3 de productes, estris i aparells d\u2019\u00fas per a la bellesa.\u200b<\/p>\n<table style=\"height: 27px; border-style: hidden; width: 739px;\" width=\"739\">\n<tbody>\n<tr>\n<td style=\"width: 327px;\"><a href=\"https:\/\/drive.google.com\/file\/d\/1BCIZ_fKE1w1MPra9kMX-7gAFdPymiYgE\/view?usp=sharing\" target=\"_blank\" rel=\"attachment noopener wp-att-2873 noreferrer\"><img loading=\"lazy\" decoding=\"async\" class=\"alignleft wp-image-5015 size-medium\" src=\"https:\/\/agora.xtec.cat\/iesmonturiol\/wp-content\/uploads\/usu1826\/2022\/10\/Portada-presentacio_estetica-300x227.png\" alt=\"\" width=\"300\" height=\"227\" srcset=\"https:\/\/agora.xtec.cat\/iesmonturiol\/wp-content\/uploads\/usu1826\/2022\/10\/Portada-presentacio_estetica-300x227.png 300w, https:\/\/agora.xtec.cat\/iesmonturiol\/wp-content\/uploads\/usu1826\/2022\/10\/Portada-presentacio_estetica-768x582.png 768w, https:\/\/agora.xtec.cat\/iesmonturiol\/wp-content\/uploads\/usu1826\/2022\/10\/Portada-presentacio_estetica-200x150.png 200w, https:\/\/agora.xtec.cat\/iesmonturiol\/wp-content\/uploads\/usu1826\/2022\/10\/Portada-presentacio_estetica.png 981w\" sizes=\"auto, (max-width: 300px) 100vw, 300px\" \/><\/a><\/td>\n<td style=\"width: 49px; border-style: hidden;\"><a href=\"http:\/\/agora.xtec.cat\/iesmonturiol\/informacio-oferta-formativa\/cicles-formatius-gm\/electromecanica-vehicles-automobils\/attachment\/fletxa\/\" rel=\"attachment wp-att-2876\"><img loading=\"lazy\" decoding=\"async\" class=\"alignleft size-medium wp-image-2876\" src=\"https:\/\/agora.xtec.cat\/iesmonturiol\/wp-content\/uploads\/usu1826\/2020\/05\/Fletxa-287x300.png\" alt=\"\" width=\"287\" height=\"300\" \/><\/a><\/td>\n<td style=\"width: 353px;\">\n<h5>Mira la presentaci\u00f3 dels cicles de la fam\u00edlia<\/h5>\n<\/td>\n<\/tr>\n<\/tbody>\n<\/table>\n<p><strong>DURADA<\/strong><\/p>\n<p>2000 hores (2 cursos acad\u00e8mics)<\/p>\n<table style=\"height: 118px; width: 70.2391%;\" width=\"811\">\n<tbody>\n<tr>\n<td style=\"width: 43.4753%;\"><strong><span style=\"font-size: 16px;\">R\u00e8gim general<\/span><\/strong><\/td>\n<td style=\"width: 42.6818%;\"><strong><span style=\"font-size: 16px;\">R\u00e8gim intensiu<\/span><\/strong><\/td>\n<\/tr>\n<tr>\n<td style=\"width: 43.4753%; background-color: #ffffff;\"><span style=\"font-size: 16px; background-color: #ffffff;\">1485 hores al centre educatiu<\/span><\/td>\n<td style=\"width: 42.6818%; background-color: #ffffff;\"><span style=\"font-size: 16px; background-color: #ffffff;\">1287 hores al centre educatiu<\/span><\/td>\n<\/tr>\n<tr>\n<td style=\"width: 43.4753%;\"><span style=\"font-size: 16px;\">515 hores d&#8217;estada a l&#8217;empresa<\/span><\/td>\n<td style=\"width: 42.6818%;\"><span style=\"font-size: 16px;\">713 hores d&#8217;estada a l&#8217;empresa remunerada<\/span><\/td>\n<\/tr>\n<\/tbody>\n<\/table>\n<p><strong>PLA D&#8217;ESTUDIS<\/strong><\/p>\n<table style=\"width: 69.8011%;\">\n<tbody>\n<tr style=\"height: 64px;\">\n<td style=\"width: 50.7177%; height: 64px;\"><\/td>\n<td style=\"width: 17.4896%; height: 64px;\">Hores al centre educatiu<\/td>\n<td style=\"width: 17.1239%; height: 64px;\">Hores d&#8217;estada a l&#8217;empresa<\/td>\n<td style=\"width: 22.7734%; height: 64px;\">Hores totals<\/td>\n<\/tr>\n<tr style=\"height: 41px;\">\n<td class=\"text\" style=\"width: 50.7177%; height: 41px;\" width=\"448\"><span style=\"font-weight: 400;\">T\u00e8cniques d\u2019higiene facial i corporal<\/span><\/td>\n<td style=\"width: 17.4896%; text-align: center; height: 33px;\">99<\/td>\n<td style=\"width: 17.1239%; text-align: center; height: 33px;\">99<\/td>\n<td style=\"width: 22.7734%; text-align: center; height: 33px;\">198<\/td>\n<\/tr>\n<tr style=\"height: 35px;\">\n<td class=\"text\" style=\"width: 50.7177%; height: 40px;\"><span style=\"font-weight: 400;\">Maquillatge<\/span><\/td>\n<td style=\"width: 17.4896%; text-align: center; height: 33px;\">132<\/td>\n<td style=\"width: 17.1239%; text-align: center; height: 33px;\">33<\/td>\n<td style=\"width: 22.7734%; text-align: center; height: 33px;\">165<\/td>\n<\/tr>\n<tr style=\"height: 40px;\">\n<td class=\"text\" style=\"width: 50.7177%; height: 40px;\"><span style=\"font-weight: 400;\">Depilaci\u00f3 mec\u00e0nica i descoloraci\u00f3 del borrissol<\/span><\/td>\n<td style=\"width: 17.4896%; text-align: center; height: 33px;\">99<\/td>\n<td style=\"width: 17.1239%; text-align: center; height: 33px;\">99<\/td>\n<td style=\"width: 22.7734%; text-align: center; height: 33px;\">198<\/td>\n<\/tr>\n<tr style=\"height: 40px;\">\n<td class=\"text\" style=\"width: 50.7177%; height: 40px;\"><span style=\"font-weight: 400;\">Est\u00e8tica de mans i peus<\/span><\/td>\n<td style=\"width: 17.4896%; text-align: center; height: 33px;\">66<\/td>\n<td style=\"width: 17.1239%; text-align: center; height: 33px;\">66<\/td>\n<td style=\"width: 22.7734%; text-align: center; height: 33px;\">132<\/td>\n<\/tr>\n<tr style=\"height: 40px;\">\n<td class=\"text\" style=\"width: 50.7177%; height: 40px;\"><span style=\"font-weight: 400;\">T\u00e8cniques d\u2019ungles artificials<\/span><\/td>\n<td style=\"width: 17.4896%; text-align: center; height: 33px;\">66<\/td>\n<td style=\"width: 17.1239%; text-align: center; height: 33px;\">66<\/td>\n<td style=\"width: 22.7734%; text-align: center; height: 33px;\">132<\/td>\n<\/tr>\n<tr style=\"height: 40px;\">\n<td class=\"text\" style=\"width: 50.7177%; height: 40px;\"><span style=\"font-weight: 400;\">An\u00e0lisi est\u00e8tica<\/span><\/td>\n<td style=\"width: 17.4896%; text-align: center; height: 33px;\">66<\/td>\n<td style=\"width: 17.1239%; text-align: center; height: 33px;\">53<\/td>\n<td style=\"width: 22.7734%; text-align: center; height: 33px;\">119<\/td>\n<\/tr>\n<tr style=\"height: 40px;\">\n<td class=\"text\" style=\"width: 50.7177%; height: 40px;\"><span style=\"font-weight: 400;\">Activitats en cabina d\u2019est\u00e8tica<\/span><\/td>\n<td style=\"width: 17.4896%; text-align: center; height: 33px;\">99<\/td>\n<td style=\"width: 17.1239%; text-align: center; height: 33px;\"><\/td>\n<td style=\"width: 22.7734%; text-align: center; height: 33px;\">99<\/td>\n<\/tr>\n<tr>\n<td style=\"width: 50.7177%;\"><span style=\"font-weight: 400;\">Imatge corporal i h\u00e0bits saludables<\/span><\/td>\n<td style=\"width: 17.4896%; text-align: center;\">66<\/td>\n<td style=\"width: 17.1239%; text-align: center;\"><\/td>\n<td style=\"width: 22.7734%; text-align: center;\">66<\/td>\n<\/tr>\n<tr>\n<td style=\"width: 50.7177%;\"><span style=\"font-weight: 400;\">Cosmetologia per a l\u2019est\u00e8tica i bellesa<\/span><\/td>\n<td style=\"width: 17.4896%; text-align: center;\">66<\/td>\n<td style=\"width: 17.1239%; text-align: center;\">66<\/td>\n<td style=\"width: 22.7734%; text-align: center;\">132<\/td>\n<\/tr>\n<tr>\n<td style=\"width: 50.7177%;\"><span style=\"font-weight: 400;\">Perfumeria i cosm\u00e8tica natural<\/span><\/td>\n<td style=\"width: 17.4896%; text-align: center;\">66<\/td>\n<td style=\"width: 17.1239%; text-align: center;\"><\/td>\n<td style=\"width: 22.7734%; text-align: center;\">66<\/td>\n<\/tr>\n<tr>\n<td style=\"width: 50.7177%;\"><span style=\"background-color: #f9f9f9;\"><span style=\"font-weight: 400;\">M\u00e0rqueting i venda en imatge personal<\/span><\/span><\/td>\n<td style=\"width: 17.4896%; text-align: center;\">66<\/td>\n<td style=\"width: 17.1239%; text-align: center;\">33<\/td>\n<td style=\"width: 22.7734%; text-align: center;\">99<\/td>\n<\/tr>\n<tr style=\"height: 33px;\">\n<td style=\"width: 50.7177%; height: 33px;\">Angl\u00e8s professional<\/td>\n<td style=\"width: 17.4896%; text-align: center; height: 33px;\">66<\/td>\n<td style=\"width: 17.1239%; text-align: center; height: 33px;\"><\/td>\n<td style=\"width: 22.7734%; text-align: center; height: 33px;\">66<\/td>\n<\/tr>\n<tr style=\"height: 33px;\">\n<td style=\"width: 50.7177%; height: 33px;\"><span style=\"background-color: #f9f9f9;\">Digitalitzaci\u00f3 aplicada al sistema productiu<\/span><\/td>\n<td style=\"width: 17.4896%; text-align: center; height: 33px;\">33<\/td>\n<td style=\"width: 17.1239%; text-align: center; height: 33px;\"><\/td>\n<td style=\"width: 22.7734%; text-align: center; height: 33px;\">33<\/td>\n<\/tr>\n<tr style=\"height: 33px;\">\n<td style=\"width: 50.7177%; height: 33px;\"><span style=\"background-color: #ffffff;\">Sostenibilitat aplicada al sistema productiu<\/span><\/td>\n<td style=\"width: 17.4896%; text-align: center; height: 33px;\">33<\/td>\n<td style=\"width: 17.1239%; text-align: center; height: 33px;\"><\/td>\n<td style=\"width: 22.7734%; text-align: center; height: 33px;\">33<\/td>\n<\/tr>\n<tr style=\"height: 33px;\">\n<td style=\"width: 50.7177%; height: 33px;\"><span style=\"background-color: #ffffff;\">Itinerari personal per a l&#8217;ocupabilitat I i II<\/span><\/td>\n<td style=\"width: 17.4896%; text-align: center; height: 33px;\">165<\/td>\n<td style=\"width: 17.1239%; text-align: center; height: 33px;\"><\/td>\n<td style=\"width: 22.7734%; text-align: center; height: 33px;\">165<\/td>\n<\/tr>\n<tr style=\"height: 33px;\">\n<td style=\"width: 50.7177%; height: 33px;\">M\u00f2dul optatiu<\/td>\n<td style=\"width: 17.4896%; text-align: center; height: 33px;\">99<\/td>\n<td style=\"width: 17.1239%; text-align: center; height: 33px;\"><\/td>\n<td style=\"width: 22.7734%; text-align: center; height: 33px;\">99<\/td>\n<\/tr>\n<tr style=\"height: 33px;\">\n<td style=\"width: 50.7177%; height: 33px;\">Projecte intermodular<\/td>\n<td style=\"width: 17.4896%; text-align: center; height: 33px;\">198<\/td>\n<td style=\"width: 17.1239%; text-align: center; height: 33px;\"><\/td>\n<td style=\"width: 22.7734%; text-align: center; height: 33px;\">198<\/td>\n<\/tr>\n<\/tbody>\n<\/table>\n<p><strong>SORTIDES PROFESSIONALS<\/strong><\/p>\n<p>Centres de bellesa<br \/>\nComercials de productes i aparells<br \/>\nPerfumeries<br \/>\nHospitals i centres geri\u00e0trics<br \/>\nCl\u00edniques de medicina est\u00e8tica<br \/>\nMaquillador\/a<br \/>\nAdministraci\u00f3 i gesti\u00f3 d\u2019un centre d\u2019est\u00e8tica<br \/>\nAssessoria d\u2019imatge personal<\/p>\n<ul style=\"list-style-type: square;\">\n<li><a href=\"https:\/\/agora.xtec.cat\/iesmonturiol\/departament-dimatge-personal\/\">Coneix el departament d&#8217;Imatge personal aqu\u00ed.<\/a><\/li>\n<\/ul>\n","protected":false},"excerpt":{"rendered":"<p>CF Grau Mitj\u00e0. T\u00e8cnic\/a en Est\u00e8tica i bellesa<br \/>\nProporciona els coneixements necessaris per dur a terme l\u2019aplicaci\u00f3 de t\u00e8cniques d\u2019est\u00e8tica personal i decorativa , l\u2019assessorament al client en el seu \u00e0mbit de compet\u00e8ncia i la presentaci\u00f3 de productes, estris i aparells d\u2019\u00fas per a la bellesa.\u200b<\/p>\n<p><a&hellip;  <a href=\"https:\/\/agora.xtec.cat\/iesmonturiol\/informacio-oferta-formativa\/cicles-formatius-gm\/estetica-i-bellesa\/\" title=\"Read Est\u00e8tica i bellesa\">Llegeix m\u00e9s\u00bb<\/a><\/p>\n","protected":false},"author":1,"featured_media":0,"parent":525,"menu_order":2,"comment_status":"closed","ping_status":"closed","template":"page-templates\/side-menu.php","meta":{"_bbp_topic_count":0,"_bbp_reply_count":0,"_bbp_total_topic_count":0,"_bbp_total_reply_count":0,"_bbp_voice_count":0,"_bbp_anonymous_reply_count":0,"_bbp_topic_count_hidden":0,"_bbp_reply_count_hidden":0,"_bbp_forum_subforum_count":0,"footnotes":""},"class_list":["post-554","page","type-page","status-publish","hentry"],"post_mailing_queue_ids":[],"_links":{"self":[{"href":"https:\/\/agora.xtec.cat\/iesmonturiol\/wp-json\/wp\/v2\/pages\/554","targetHints":{"allow":["GET"]}}],"collection":[{"href":"https:\/\/agora.xtec.cat\/iesmonturiol\/wp-json\/wp\/v2\/pages"}],"about":[{"href":"https:\/\/agora.xtec.cat\/iesmonturiol\/wp-json\/wp\/v2\/types\/page"}],"author":[{"embeddable":true,"href":"https:\/\/agora.xtec.cat\/iesmonturiol\/wp-json\/wp\/v2\/users\/1"}],"replies":[{"embeddable":true,"href":"https:\/\/agora.xtec.cat\/iesmonturiol\/wp-json\/wp\/v2\/comments?post=554"}],"version-history":[{"count":7,"href":"https:\/\/agora.xtec.cat\/iesmonturiol\/wp-json\/wp\/v2\/pages\/554\/revisions"}],"predecessor-version":[{"id":6344,"href":"https:\/\/agora.xtec.cat\/iesmonturiol\/wp-json\/wp\/v2\/pages\/554\/revisions\/6344"}],"up":[{"embeddable":true,"href":"https:\/\/agora.xtec.cat\/iesmonturiol\/wp-json\/wp\/v2\/pages\/525"}],"wp:attachment":[{"href":"https:\/\/agora.xtec.cat\/iesmonturiol\/wp-json\/wp\/v2\/media?parent=554"}],"curies":[{"name":"wp","href":"https:\/\/api.w.org\/{rel}","templated":true}]}}