{"id":549,"date":"2018-03-22T19:03:08","date_gmt":"2018-03-22T18:03:08","guid":{"rendered":"http:\/\/agora.xtec.cat\/iesmonturiol\/?page_id=549"},"modified":"2025-04-04T13:35:44","modified_gmt":"2025-04-04T11:35:44","slug":"electromecanica-vehicles-automobils","status":"publish","type":"page","link":"https:\/\/agora.xtec.cat\/iesmonturiol\/informacio-oferta-formativa\/cicles-formatius-gm\/electromecanica-vehicles-automobils\/","title":{"rendered":"Electromec\u00e0nica de vehicles autom\u00f2bils"},"content":{"rendered":"<p><strong>CF Grau Mitj\u00e0. T\u00e8cnic\/a en Electromec\u00e0nica de vehicles autom\u00f2bils<\/strong><\/p>\n<p>Proporciona coneixements necessaris per efectuar operacions de manteniment, muntatge d\u2019accessoris i transformacions del vehicle en les \u00e0rees de mec\u00e0nica, hidr\u00e0ulica i pneum\u00e0tica i electricitat.<\/p>\n<table style=\"height: 27px; border-style: hidden; width: 739px;\" width=\"739\">\n<tbody>\n<tr>\n<td style=\"width: 327px;\"><a href=\"https:\/\/drive.google.com\/file\/d\/1CGOx3E6DKs1069mgjsGLYyQyS8EjmgUj\/view?usp=sharing\" target=\"_blank\" rel=\"noopener noreferrer\"><img loading=\"lazy\" decoding=\"async\" class=\"alignleft wp-image-4788 size-medium\" src=\"https:\/\/agora.xtec.cat\/iesmonturiol\/wp-content\/uploads\/usu1826\/2022\/06\/Portada-PPT-EVA-300x226.png\" alt=\"\" width=\"300\" height=\"226\" srcset=\"https:\/\/agora.xtec.cat\/iesmonturiol\/wp-content\/uploads\/usu1826\/2022\/06\/Portada-PPT-EVA-300x226.png 300w, https:\/\/agora.xtec.cat\/iesmonturiol\/wp-content\/uploads\/usu1826\/2022\/06\/Portada-PPT-EVA-200x150.png 200w, https:\/\/agora.xtec.cat\/iesmonturiol\/wp-content\/uploads\/usu1826\/2022\/06\/Portada-PPT-EVA.png 664w\" sizes=\"auto, (max-width: 300px) 100vw, 300px\" \/><\/a><\/td>\n<td style=\"width: 49px; border-style: hidden;\"><a href=\"http:\/\/agora.xtec.cat\/iesmonturiol\/informacio-oferta-formativa\/cicles-formatius-gm\/electromecanica-vehicles-automobils\/attachment\/fletxa\/\" rel=\"attachment wp-att-2876\"><img loading=\"lazy\" decoding=\"async\" class=\"alignleft size-medium wp-image-2876\" src=\"https:\/\/agora.xtec.cat\/iesmonturiol\/wp-content\/uploads\/usu1826\/2020\/05\/Fletxa-287x300.png\" alt=\"\" width=\"287\" height=\"300\" \/><\/a><\/td>\n<td style=\"width: 353px;\">\n<h5>Mira la presentaci\u00f3 del cicle<\/h5>\n<\/td>\n<\/tr>\n<\/tbody>\n<\/table>\n<p><strong>DURADA<\/strong><br \/>\n<span class=\"text\">2000 hores (2 cursos acad\u00e8mics)<br \/>\n<\/span><\/p>\n<p><strong>PLA D\u2019ESTUDIS<\/strong><\/p>\n<table style=\"width: 51.7065%; height: 533px;\">\n<tbody>\n<tr style=\"height: 64px;\">\n<td style=\"width: 48.6589%; height: 64px;\"><\/td>\n<td style=\"width: 12.1817%; height: 64px; text-align: center;\">Hores<\/td>\n<\/tr>\n<tr style=\"height: 33px;\">\n<td style=\"width: 48.6589%; height: 33px;\">Motors<\/td>\n<td style=\"width: 12.1817%; text-align: center; height: 33px;\">99<\/td>\n<\/tr>\n<tr style=\"height: 33px;\">\n<td style=\"width: 48.6589%; height: 33px;\">Sistemes auxiliars del motor<\/td>\n<td style=\"width: 12.1817%; text-align: center; height: 33px;\">132<\/td>\n<\/tr>\n<tr style=\"height: 33px;\">\n<td style=\"width: 48.6589%; height: 33px;\">Circuits de fluids, suspensi\u00f3 i direcci\u00f3<\/td>\n<td style=\"width: 12.1817%; text-align: center; height: 33px;\">132<\/td>\n<\/tr>\n<tr style=\"height: 33px;\">\n<td style=\"width: 48.6589%; height: 33px;\">Sistemes de transmissi\u00f3 i frenada<\/td>\n<td style=\"width: 12.1817%; text-align: center; height: 33px;\">99<\/td>\n<\/tr>\n<tr style=\"height: 33px;\">\n<td style=\"width: 48.6589%; height: 33px;\">Sistemes de c\u00e0rrega i arrencada<\/td>\n<td style=\"width: 12.1817%; text-align: center; height: 33px;\">165<\/td>\n<\/tr>\n<tr style=\"height: 33px;\">\n<td style=\"width: 48.6589%; height: 33px;\">Circuits el\u00e8ctrics auxiliars del vehicle<\/td>\n<td style=\"width: 12.1817%; text-align: center; height: 33px;\">99<\/td>\n<\/tr>\n<tr style=\"height: 40px;\">\n<td class=\"text\" style=\"width: 48.6589%; height: 40px;\">Sistemes de seguretat i confort<\/td>\n<td style=\"width: 12.1817%; text-align: center; height: 40px;\">99<\/td>\n<\/tr>\n<tr style=\"height: 33px;\">\n<td style=\"width: 48.6589%; height: 33px;\">Mecanitzaci\u00f3 b\u00e0sica<\/td>\n<td style=\"width: 12.1817%; text-align: center; height: 33px;\">66<\/td>\n<\/tr>\n<tr>\n<td style=\"width: 48.6589%;\">M\u00f2dul optatiu<\/td>\n<td style=\"width: 12.1817%; text-align: center;\"><span style=\"background-color: #ffffff;\">99<\/span><\/td>\n<\/tr>\n<tr>\n<td style=\"width: 48.6589%;\">Projecte intermodular<\/td>\n<td style=\"width: 12.1817%; text-align: center;\"><span style=\"background-color: #f9f9f9;\">198<\/span><\/td>\n<\/tr>\n<tr>\n<td style=\"width: 48.6589%;\"><span style=\"background-color: #ffffff;\">Itinerari personal per a l&#8217;ocupabilitat I i II<\/span><\/td>\n<td style=\"width: 12.1817%; text-align: center;\">165<\/td>\n<\/tr>\n<tr style=\"height: 33px;\">\n<td style=\"width: 48.6589%; height: 33px;\"><span style=\"background-color: #f9f9f9;\">Digitalitzaci\u00f3 aplicada al sistema productiu<\/span><\/td>\n<td style=\"width: 12.1817%; text-align: center; height: 33px;\">33<\/td>\n<\/tr>\n<tr style=\"height: 33px;\">\n<td style=\"width: 48.6589%; height: 33px;\"><span style=\"background-color: #ffffff;\">Sostenibilitat aplicada al sistema productiu<\/span><\/td>\n<td style=\"width: 12.1817%; text-align: center; height: 33px;\">33<\/td>\n<\/tr>\n<tr style=\"height: 33px;\">\n<td style=\"width: 48.6589%; height: 33px;\">Angl\u00e8s professional<\/td>\n<td style=\"width: 12.1817%; text-align: center; height: 33px;\">66<\/td>\n<\/tr>\n<tr style=\"height: 33px;\">\n<td style=\"width: 48.6589%; height: 33px;\">Estada a l&#8217;empresa<\/td>\n<td style=\"width: 12.1817%; text-align: center; height: 33px;\">515 \/ 713<\/td>\n<\/tr>\n<\/tbody>\n<\/table>\n<p><strong>SORTIDES PROFESSIONALS<br \/>\n<\/strong><br \/>\nMec\u00e0nic\/a d\u2019autom\u00f2bils.<br \/>\nElectromec\u00e0nic\/a d\u2019autom\u00f2bils.<br \/>\nMec\u00e0nic\/a de motors i els seus sistemes auxiliars d\u2019autom\u00f2bils i motocicletes.<br \/>\nReparador\/a sistemes de transmissi\u00f3 i frens.<br \/>\nReparador\/a de sistemes de direcci\u00f3 i suspensi\u00f3.<br \/>\nOperari\/a d\u2019ITV.<br \/>\nOperari\/a d\u2019empreses dedicades a la fabricaci\u00f3 de recanvis.<br \/>\nElectromec\u00e0nic\/a de motocicletes.<br \/>\nVenedor\/a o distribu\u00efdor\/a de recanvis i equips de diagnosis<\/p>\n<ul>\n<li><a href=\"https:\/\/agora.xtec.cat\/iesmonturiol\/departament-dautomocio\/\">Coneix el departament d&#8217;Automoci\u00f3 aqu\u00ed.<\/a><\/li>\n<\/ul>\n","protected":false},"excerpt":{"rendered":"<p>CF Grau Mitj\u00e0. T\u00e8cnic\/a en Electromec\u00e0nica de vehicles autom\u00f2bils<br \/>\nProporciona coneixements necessaris per efectuar operacions de manteniment, muntatge d\u2019accessoris i transformacions del vehicle en les \u00e0rees de mec\u00e0nica, hidr\u00e0ulica i pneum\u00e0tica i electricitat.<\/p>\n<p><a href=\"https:\/\/drive.google.com\/file\/d\/1CGOx3E6DKs1069mgjsGLYyQyS8EjmgUj\/view?usp=sharing\" target=\"_blank\" rel=\"noopener noreferrer\"><\/a><br \/>\n<a href=\"http:\/\/agora.xtec.cat\/iesmonturiol\/informacio-oferta-formativa\/cicles-formatius-gm\/electromecanica-vehicles-automobils\/attachment\/fletxa\/\" rel=\"attachment wp-att-2876\"><\/a><\/p>\n<p>Mira la presentaci\u00f3 del cicle<\/p>\n<p>DURADA<br \/>\n2000 hores (2&hellip;  <a href=\"https:\/\/agora.xtec.cat\/iesmonturiol\/informacio-oferta-formativa\/cicles-formatius-gm\/electromecanica-vehicles-automobils\/\" title=\"Read Electromec\u00e0nica de vehicles autom\u00f2bils\">Llegeix m\u00e9s\u00bb<\/a><\/p>\n","protected":false},"author":1,"featured_media":0,"parent":525,"menu_order":1,"comment_status":"closed","ping_status":"closed","template":"page-templates\/side-menu.php","meta":{"_bbp_topic_count":0,"_bbp_reply_count":0,"_bbp_total_topic_count":0,"_bbp_total_reply_count":0,"_bbp_voice_count":0,"_bbp_anonymous_reply_count":0,"_bbp_topic_count_hidden":0,"_bbp_reply_count_hidden":0,"_bbp_forum_subforum_count":0,"footnotes":""},"class_list":["post-549","page","type-page","status-publish","hentry"],"post_mailing_queue_ids":[],"_links":{"self":[{"href":"https:\/\/agora.xtec.cat\/iesmonturiol\/wp-json\/wp\/v2\/pages\/549","targetHints":{"allow":["GET"]}}],"collection":[{"href":"https:\/\/agora.xtec.cat\/iesmonturiol\/wp-json\/wp\/v2\/pages"}],"about":[{"href":"https:\/\/agora.xtec.cat\/iesmonturiol\/wp-json\/wp\/v2\/types\/page"}],"author":[{"embeddable":true,"href":"https:\/\/agora.xtec.cat\/iesmonturiol\/wp-json\/wp\/v2\/users\/1"}],"replies":[{"embeddable":true,"href":"https:\/\/agora.xtec.cat\/iesmonturiol\/wp-json\/wp\/v2\/comments?post=549"}],"version-history":[{"count":6,"href":"https:\/\/agora.xtec.cat\/iesmonturiol\/wp-json\/wp\/v2\/pages\/549\/revisions"}],"predecessor-version":[{"id":6378,"href":"https:\/\/agora.xtec.cat\/iesmonturiol\/wp-json\/wp\/v2\/pages\/549\/revisions\/6378"}],"up":[{"embeddable":true,"href":"https:\/\/agora.xtec.cat\/iesmonturiol\/wp-json\/wp\/v2\/pages\/525"}],"wp:attachment":[{"href":"https:\/\/agora.xtec.cat\/iesmonturiol\/wp-json\/wp\/v2\/media?parent=549"}],"curies":[{"name":"wp","href":"https:\/\/api.w.org\/{rel}","templated":true}]}}