{"id":530,"date":"2018-03-22T18:06:02","date_gmt":"2018-03-22T17:06:02","guid":{"rendered":"http:\/\/agora.xtec.cat\/iesmonturiol\/?page_id=530"},"modified":"2025-06-23T12:19:30","modified_gmt":"2025-06-23T10:19:30","slug":"batxillerat","status":"publish","type":"page","link":"https:\/\/agora.xtec.cat\/iesmonturiol\/informacio-oferta-formativa\/batxillerat\/","title":{"rendered":"BATXILLERAT"},"content":{"rendered":"<p style=\"text-align: justify;\">El batxillerat \u00e9s l&#8217;etapa que es cursa normalment entre els 16 i els 18 anys, tot i que \u00e9s oberta a persones de qualsevol edat, ja sigui de forma presencial o a dist\u00e0ncia. \u00c9s un cicle format per dos cursos de trenta hores lectives setmanals.El batxillerat prepara els alumnes per a la seva incorporaci\u00f3 a estudis posteriors, tant professionals com universitaris, i per a l&#8217;acc\u00e9s al m\u00f3n laboral. Es pot escollir entre tres modalitats de batxillerat: arts, ci\u00e8ncies i tecnologia, i humanitats i ci\u00e8ncies socials. En el nostre centre oferim les modalitats de ci\u00e8ncia i tecnologia i d&#8217;humanitats i ci\u00e8ncies socials.<\/p>\n<p style=\"text-align: justify;\">El curr\u00edculum de batxillerat consta d&#8217;una part comuna (les mat\u00e8ries comunes) i una part diversificada (la mat\u00e8ria comuna d&#8217;opci\u00f3, les mat\u00e8ries de modalitat, les mat\u00e8ries espec\u00edfiques i optatives i el treball de recerca). A m\u00e9s, els alumnes tenen assignada una hora setmanal de tutoria.<\/p>\n<p>&nbsp;<\/p>\n<h5 style=\"text-align: center;\"><strong>DISTRIBUCI\u00d3 DEL CURR\u00cdCULUM 2025-26<\/strong><\/h5>\n<p>&nbsp;<\/p>\n<table class=\" aligncenter\" style=\"height: 558px; width: 46.4955%; border-style: none;\">\n<tbody>\n<tr style=\"height: 33px;\">\n<td style=\"width: 314px; height: 33px; text-align: center; background-color: #ded5d5;\">\n<h6><strong>MAT\u00c8RIES COMUNES<br \/>\n<\/strong><\/h6>\n<\/td>\n<td style=\"width: 148px; height: 33px; text-align: center; background-color: #ded5d5;\">\n<h6><strong>1r BATXILLERAT<\/strong><\/h6>\n<\/td>\n<td style=\"width: 154px; height: 33px; text-align: center; background-color: #ded5d5;\">\n<h6><strong>2n BATXILLERAT<\/strong><\/h6>\n<\/td>\n<\/tr>\n<tr style=\"height: 33px;\">\n<td style=\"width: 314px; height: 33px;\">Llengua catalana i literatura<\/td>\n<td style=\"width: 148px; height: 33px; text-align: center;\">2h<\/td>\n<td style=\"width: 154px; height: 33px; text-align: center;\">2h<\/td>\n<\/tr>\n<tr style=\"height: 33px;\">\n<td style=\"width: 314px; height: 33px;\">Llengua castellana i literatura<\/td>\n<td style=\"width: 148px; height: 33px; text-align: center;\">2h<\/td>\n<td style=\"width: 154px; height: 33px; text-align: center;\">2h<\/td>\n<\/tr>\n<tr style=\"height: 33px;\">\n<td style=\"width: 314px; height: 33px;\">LLengua estrangera: Angl\u00e8s<\/td>\n<td style=\"width: 148px; height: 33px; text-align: center;\">3h<\/td>\n<td style=\"width: 154px; height: 33px; text-align: center;\">3h<\/td>\n<\/tr>\n<tr style=\"height: 33px;\">\n<td style=\"width: 314px; height: 33px;\">Filosofia<\/td>\n<td style=\"width: 148px; height: 33px; text-align: center;\">2h<\/td>\n<td style=\"width: 154px; height: 33px; text-align: center;\">&#8211;<\/td>\n<\/tr>\n<tr style=\"height: 33px;\">\n<td style=\"width: 314px; height: 33px;\">Hist\u00f2ria de la Filosofia<\/td>\n<td style=\"width: 148px; height: 33px; text-align: center;\">&#8211;<\/td>\n<td style=\"width: 154px; height: 33px; text-align: center;\">3h<\/td>\n<\/tr>\n<tr style=\"height: 33px;\">\n<td style=\"width: 314px; height: 33px;\">Hist\u00f2ria<\/td>\n<td style=\"width: 148px; height: 33px; text-align: center;\">&#8211;<\/td>\n<td style=\"width: 154px; height: 33px; text-align: center;\">3h<\/td>\n<\/tr>\n<tr style=\"height: 33px;\">\n<td style=\"width: 314px; height: 33px;\">Educaci\u00f3 F\u00edsica<\/td>\n<td style=\"width: 148px; height: 33px; text-align: center;\">2h<\/td>\n<td style=\"width: 154px; height: 33px; text-align: center;\"><\/td>\n<\/tr>\n<tr style=\"height: 33px;\">\n<td style=\"width: 314px; height: 33px;\">Tutoria<\/td>\n<td style=\"width: 148px; height: 33px; text-align: center;\">1h<\/td>\n<td style=\"width: 154px; height: 33px; text-align: center;\">1h<\/td>\n<\/tr>\n<tr style=\"height: 33px;\">\n<td style=\"width: 314px; background-color: #ded5d5; height: 33px;\">\n<h6 style=\"text-align: left;\"><strong>\u00a0\u00a0\u00a0\u00a0\u00a0\u00a0\u00a0\u00a0\u00a0\u00a0\u00a0 PART DIVERSIFICADA<br \/>\n<\/strong><\/h6>\n<\/td>\n<td style=\"width: 148px; text-align: center; background-color: #ded5d5; height: 33px;\"><\/td>\n<td style=\"width: 154px; text-align: center; background-color: #ded5d5; height: 33px;\"><\/td>\n<\/tr>\n<tr style=\"height: 33px;\">\n<td style=\"width: 314px; height: 33px;\">FRANJA 1<\/td>\n<td style=\"width: 148px; height: 33px; text-align: center;\">3h<\/td>\n<td style=\"width: 154px; height: 33px; text-align: center;\">4h<\/td>\n<\/tr>\n<tr style=\"height: 33px;\">\n<td style=\"width: 314px; height: 33px;\">FRANJA 2<\/td>\n<td style=\"width: 148px; height: 33px; text-align: center;\">3h<\/td>\n<td style=\"width: 154px; height: 33px; text-align: center;\">4h<\/td>\n<\/tr>\n<tr style=\"height: 33px;\">\n<td style=\"width: 314px; height: 33px;\">FRANJA 3<\/td>\n<td style=\"width: 148px; height: 33px; text-align: center;\">3h<\/td>\n<td style=\"width: 154px; height: 33px; text-align: center;\">4h<\/td>\n<\/tr>\n<tr style=\"height: 33px;\">\n<td style=\"width: 314px; height: 33px;\">FRANJA 4<\/td>\n<td style=\"width: 148px; height: 33px; text-align: center;\">3h<\/td>\n<td style=\"width: 154px; height: 33px; text-align: center;\">4h<\/td>\n<\/tr>\n<tr style=\"height: 33px;\">\n<td style=\"width: 314px; height: 33px;\">FRANJA 5<\/td>\n<td style=\"width: 148px; text-align: center; height: 33px;\">3h<\/td>\n<td style=\"width: 154px; text-align: center; height: 33px;\"><\/td>\n<\/tr>\n<tr style=\"height: 33px;\">\n<td style=\"width: 314px; height: 33px;\">FRANJA 6<\/td>\n<td style=\"width: 148px; text-align: center; height: 33px;\">3h<\/td>\n<td style=\"width: 154px; text-align: center; height: 33px;\"><\/td>\n<\/tr>\n<tr style=\"height: 33px;\">\n<td style=\"width: 314px; height: 33px; background-color: #ded5d5;\"><strong>TOTAL HORES<\/strong><\/td>\n<td style=\"width: 148px; height: 33px; text-align: center; background-color: #ded5d5;\"><strong>30h<\/strong><\/td>\n<td style=\"width: 154px; height: 33px; text-align: center; background-color: #ded5d5;\"><strong>30h<\/strong><\/td>\n<\/tr>\n<\/tbody>\n<\/table>\n<p>&nbsp;<\/p>\n<h5><\/h5>\n<h5><\/h5>\n<h5><\/h5>\n<h5><\/h5>\n<h5><\/h5>\n<h5><\/h5>\n<p>&nbsp;<\/p>\n<p>&nbsp;<\/p>\n<h5 style=\"text-align: center;\"><strong>DISTRIBUCI\u00d3 FRANGES<br \/>\n<\/strong><\/h5>\n<p style=\"text-align: center;\">(En vermell les <strong>mat\u00e8ries comunes d&#8217;opci\u00f3<\/strong>, obligat\u00f2ries segons la modalitat triada)<\/p>\n<p>&nbsp;<\/p>\n<table class=\" aligncenter\" style=\"height: 1282px; width: 54.3287%; border-style: none;\">\n<tbody>\n<tr style=\"height: 33px;\">\n<td style=\"width: 137px; height: 33px; border-style: none; text-align: center;\"><\/td>\n<td style=\"width: 207.667px; height: 33px; text-align: center; background-color: #ded5d5;\">\n<h6><strong>1r BATXILLERAT<\/strong><\/h6>\n<\/td>\n<td style=\"width: 224.667px; height: 33px; text-align: center; background-color: #ded5d5;\">\n<h6><strong>2n BATXILLERAT<\/strong><\/h6>\n<\/td>\n<\/tr>\n<tr style=\"height: 33px;\">\n<td style=\"width: 137px; height: 99px; background-color: #ded5d5;\" rowspan=\"3\"><strong>FRANJA 1<br \/>\n<\/strong><\/td>\n<td style=\"width: 207.667px; height: 33px; text-align: center;\"><strong><span style=\"color: #ff0000;\">Matem\u00e0tiques I<\/span><\/strong><\/td>\n<td style=\"width: 224.667px; height: 33px; text-align: center;\"><strong><span style=\"color: #ff0000;\">Matem\u00e0tiques II<\/span><\/strong><\/td>\n<\/tr>\n<tr style=\"height: 33px;\">\n<td style=\"width: 207.667px; height: 33px; text-align: center;\"><strong><span style=\"color: #ff0000;\">Llengua i Cultura Llatines I<br \/>\n<\/span><\/strong><\/td>\n<td style=\"width: 224.667px; height: 33px; text-align: center;\"><span style=\"color: #ff0000;\"><strong>Llengua i Cultura Llatines II<\/strong><\/span><\/td>\n<\/tr>\n<tr style=\"height: 33px;\">\n<td style=\"width: 207.667px; height: 33px; text-align: center;\">Economia<\/td>\n<td style=\"width: 224.667px; height: 33px; text-align: center;\">Funcionament de l&#8217;empresa i Disseny de Models de Negoci<\/td>\n<\/tr>\n<tr style=\"height: 33px;\">\n<td style=\"width: 137px; background-color: #ded5d5; height: 33px;\"><strong>\u00a0<\/strong><\/td>\n<td style=\"width: 207.667px; text-align: center; background-color: #ded5d5; height: 33px;\"><span style=\"color: #ff0000;\">\u00a0<\/span><\/td>\n<td style=\"width: 224.667px; text-align: center; background-color: #ded5d5; height: 33px;\"><span style=\"color: #ff0000;\">\u00a0<\/span><\/td>\n<\/tr>\n<tr style=\"height: 33px;\">\n<td style=\"width: 137px; height: 132px; background-color: #ded5d5;\" rowspan=\"4\"><strong>FRANJA 2<br \/>\n<\/strong><\/td>\n<td style=\"width: 207.667px; height: 33px; text-align: center;\"><strong><span style=\"color: #ff0000;\">Matem\u00e0tiques aplicades a les Ci\u00e8ncies Socials I<\/span><\/strong><\/td>\n<td style=\"width: 224.667px; height: 33px; text-align: center;\"><strong><span style=\"color: #ff0000;\">Matem\u00e0tiques aplicades a les Ci\u00e8ncies Socials II<\/span><\/strong><\/td>\n<\/tr>\n<tr style=\"height: 33px;\">\n<td style=\"width: 207.667px; height: 33px; text-align: center;\">Qu\u00edmica I<\/td>\n<td style=\"width: 224.667px; height: 33px; text-align: center;\">Qu\u00edmica II<\/td>\n<\/tr>\n<tr style=\"height: 33px;\">\n<td style=\"width: 207.667px; height: 33px; text-align: center;\">Dibuix T\u00e8cnic I<\/td>\n<td style=\"width: 224.667px; height: 33px; text-align: center;\">Dibuix T\u00e8cnic II<\/td>\n<\/tr>\n<tr style=\"height: 33px;\">\n<td style=\"width: 207.667px; height: 33px; text-align: center;\">Llengua i Cultura Gregues I<\/td>\n<td style=\"width: 224.667px; height: 33px; text-align: center;\">Llengua i Cultura Gregues II<\/td>\n<\/tr>\n<tr style=\"height: 33px;\">\n<td style=\"width: 137px; background-color: #ded5d5; height: 33px;\"><strong>\u00a0<\/strong><\/td>\n<td style=\"width: 207.667px; text-align: center; background-color: #ded5d5; height: 33px;\"><\/td>\n<td style=\"width: 224.667px; text-align: center; background-color: #ded5d5; height: 33px;\"><\/td>\n<\/tr>\n<tr style=\"height: 33px;\">\n<td style=\"width: 137px; height: 132px; background-color: #ded5d5;\" rowspan=\"4\"><strong>FRANJA 3<br \/>\n<\/strong><\/td>\n<td style=\"width: 207.667px; height: 33px; text-align: center;\">Literatura Universal<\/td>\n<td style=\"width: 224.667px; height: 33px; text-align: center;\">Literatura Castellana<\/td>\n<\/tr>\n<tr style=\"height: 33px;\">\n<td style=\"width: 207.667px; height: 33px; text-align: center;\">Hist\u00f2ria del m\u00f3n contemporani<\/td>\n<td style=\"width: 224.667px; height: 33px; text-align: center;\">Hist\u00f2ria de l&#8217;Art<\/td>\n<\/tr>\n<tr style=\"height: 33px;\">\n<td style=\"width: 207.667px; height: 33px; text-align: center;\">Biologia I<\/td>\n<td style=\"width: 224.667px; height: 33px; text-align: center;\">Biologia II<\/td>\n<\/tr>\n<tr style=\"height: 33px;\">\n<td style=\"width: 207.667px; height: 33px; text-align: center;\">Tecnologia i Enginyeria I<\/td>\n<td style=\"width: 224.667px; height: 33px; text-align: center;\">Tecnologia i Enginyeria II<\/td>\n<\/tr>\n<tr style=\"height: 33px;\">\n<td style=\"width: 137px; background-color: #ded5d5; height: 33px;\"><strong>\u00a0<\/strong><\/td>\n<td style=\"width: 207.667px; text-align: center; background-color: #ded5d5; height: 33px;\"><\/td>\n<td style=\"width: 224.667px; text-align: center; background-color: #ded5d5; height: 33px;\"><\/td>\n<\/tr>\n<tr style=\"height: 33px;\">\n<td style=\"width: 137px; height: 238px; background-color: #ded5d5;\" rowspan=\"7\"><strong>FRANJA 4<br \/>\n<\/strong><strong><br \/>\n<\/strong><strong><br \/>\n<\/strong><strong><br \/>\n<\/strong><strong><br \/>\n<\/strong><strong><br \/>\n<\/strong><\/td>\n<td style=\"width: 207.667px; height: 33px; text-align: center;\">Funcionament de l&#8217;empresa<\/td>\n<td style=\"width: 224.667px; height: 33px; text-align: center;\">Geografia<\/td>\n<\/tr>\n<tr style=\"height: 33px;\">\n<td style=\"width: 207.667px; height: 33px; text-align: center;\">F\u00edsica I<\/td>\n<td style=\"width: 224.667px; height: 33px; text-align: center;\">F\u00edsica II<\/td>\n<\/tr>\n<tr style=\"height: 33px;\">\n<td style=\"width: 207.667px; text-align: center; height: 33px;\">Geologia i Ci\u00e8ncies Ambientals\u00a0 I<\/td>\n<td style=\"width: 224.667px; text-align: center; height: 33px;\">Geologia i Ci\u00e8ncies Ambientals\u00a0 II<\/td>\n<\/tr>\n<tr style=\"height: 33px;\">\n<td style=\"width: 207.667px; text-align: center; height: 40px;\">Franc\u00e8s (2a llengua estrangera)<\/td>\n<td style=\"width: 224.667px; text-align: center; height: 40px;\">Literatura Catalana<\/td>\n<\/tr>\n<tr style=\"height: 33px;\">\n<td style=\"width: 207.667px; text-align: center; height: 33px;\">T\u00e8cniques d&#8217;expressi\u00f3 escrita<\/td>\n<td style=\"width: 224.667px; text-align: center; height: 33px;\">Franc\u00e8s (2a llengua estrangera)<\/td>\n<\/tr>\n<tr style=\"height: 33px;\">\n<td style=\"width: 207.667px; text-align: center; height: 33px;\"><\/td>\n<td style=\"width: 224.667px; text-align: center; height: 33px;\">Estada a l&#8217;empresa (*)<\/td>\n<\/tr>\n<tr style=\"height: 33px;\">\n<td style=\"width: 207.667px; text-align: center; height: 33px;\"><\/td>\n<td style=\"width: 224.667px; text-align: center; height: 33px;\"><\/td>\n<\/tr>\n<tr style=\"height: 33px;\">\n<td style=\"width: 137px; background-color: #ded5d5; height: 33px;\"><strong>\u00a0<\/strong><\/td>\n<td style=\"width: 207.667px; text-align: center; background-color: #ded5d5; height: 33px;\"><\/td>\n<td style=\"width: 224.667px; text-align: center; background-color: #ded5d5; height: 549px;\" rowspan=\"14\"><\/td>\n<\/tr>\n<tr style=\"height: 33px;\">\n<td style=\"width: 137px; background-color: #ded5d5; height: 165px;\" rowspan=\"6\"><strong><br \/>\n<\/strong><strong>FRANJA 5<\/strong><strong><br \/>\n<\/strong><strong><br \/>\n<\/strong><strong><br \/>\n<\/strong><strong><br \/>\n<\/strong><\/td>\n<td style=\"width: 207.667px; text-align: center; height: 33px;\">Matem\u00e0tica aplicada<\/td>\n<\/tr>\n<tr style=\"height: 33px;\">\n<td style=\"width: 207.667px; text-align: center; height: 33px;\">Biomedicina<\/td>\n<\/tr>\n<tr style=\"height: 33px;\">\n<td style=\"width: 207.667px; text-align: center; height: 33px;\">Psicologia<\/td>\n<\/tr>\n<tr style=\"height: 33px;\">\n<td style=\"width: 207.667px; text-align: center; height: 33px;\">T\u00e8cniques d&#8217;expressi\u00f3 escrita<\/td>\n<\/tr>\n<tr style=\"height: 33px;\">\n<td style=\"width: 207.667px; text-align: center; height: 33px;\">Disseny<\/td>\n<\/tr>\n<tr>\n<td style=\"width: 207.667px; text-align: center;\">Altres opcions: convalidacions, m\u00f2duls CCFF, Estada a l&#8217;empresa<\/td>\n<\/tr>\n<tr style=\"height: 32px;\">\n<td style=\"width: 137px; background-color: #ded5d5; height: 32px;\"><strong>\u00a0<\/strong><\/td>\n<td style=\"width: 207.667px; background-color: #ded5d5; height: 32px;\"><\/td>\n<\/tr>\n<tr style=\"height: 32px;\">\n<td style=\"width: 137px; background-color: #ded5d5; height: 319px;\" rowspan=\"6\"><strong><br \/>\n<\/strong><strong>FRANJA 6<\/strong><strong><br \/>\n<\/strong><strong><br \/>\n<\/strong><strong><br \/>\n<\/strong><\/td>\n<td style=\"width: 207.667px; text-align: center; height: 32px;\">Rob\u00f2tica<\/td>\n<\/tr>\n<tr style=\"height: 48px;\">\n<td style=\"width: 207.667px; text-align: center; height: 48px;\">Reptes cient\u00edfics actuals<\/td>\n<\/tr>\n<tr style=\"height: 48px;\">\n<td style=\"width: 207.667px; text-align: center; height: 48px;\">Hist\u00f2ria del m\u00f3n contemporani<\/td>\n<\/tr>\n<tr style=\"height: 48px;\">\n<td style=\"width: 207.667px; text-align: center; height: 48px;\">Psicologia<\/td>\n<\/tr>\n<tr style=\"height: 48px;\">\n<td style=\"width: 207.667px; text-align: center; height: 48px;\">Comunicaci\u00f3 audiovisual<\/td>\n<\/tr>\n<tr style=\"height: 95px;\">\n<td style=\"width: 207.667px; text-align: center; height: 95px;\">Altres opcions: convalidacions, m\u00f2duls CCFF, Estada a l&#8217;empresa.<\/td>\n<\/tr>\n<\/tbody>\n<\/table>\n<p>&nbsp;<\/p>\n<p>&nbsp;<\/p>\n<p>&nbsp;<\/p>\n<p>&nbsp;<\/p>\n<p>&nbsp;<\/p>\n<p style=\"text-align: center;\">(*) Per matricular-se a la mat\u00e8ria d&#8217; &#8220;Estada a l&#8217;empresa&#8221;, convalidacions o m\u00f2duls de CCFF cal la supervisi\u00f3 pr\u00e8via del Secretari.<\/p>\n<p>&nbsp;<\/p>\n","protected":false},"excerpt":{"rendered":"<p>El batxillerat \u00e9s l&#8217;etapa que es cursa normalment entre els 16 i els 18 anys, tot i que \u00e9s oberta a persones de qualsevol edat, ja sigui de forma presencial o a dist\u00e0ncia. \u00c9s un cicle format per dos cursos de trenta hores lectives setmanals.El&hellip;  <a href=\"https:\/\/agora.xtec.cat\/iesmonturiol\/informacio-oferta-formativa\/batxillerat\/\" title=\"Read BATXILLERAT\">Llegeix m\u00e9s\u00bb<\/a><\/p>\n","protected":false},"author":1,"featured_media":0,"parent":763,"menu_order":2,"comment_status":"closed","ping_status":"closed","template":"page-templates\/side-menu.php","meta":{"_bbp_topic_count":0,"_bbp_reply_count":0,"_bbp_total_topic_count":0,"_bbp_total_reply_count":0,"_bbp_voice_count":0,"_bbp_anonymous_reply_count":0,"_bbp_topic_count_hidden":0,"_bbp_reply_count_hidden":0,"_bbp_forum_subforum_count":0,"footnotes":""},"class_list":["post-530","page","type-page","status-publish","hentry"],"post_mailing_queue_ids":[],"_links":{"self":[{"href":"https:\/\/agora.xtec.cat\/iesmonturiol\/wp-json\/wp\/v2\/pages\/530","targetHints":{"allow":["GET"]}}],"collection":[{"href":"https:\/\/agora.xtec.cat\/iesmonturiol\/wp-json\/wp\/v2\/pages"}],"about":[{"href":"https:\/\/agora.xtec.cat\/iesmonturiol\/wp-json\/wp\/v2\/types\/page"}],"author":[{"embeddable":true,"href":"https:\/\/agora.xtec.cat\/iesmonturiol\/wp-json\/wp\/v2\/users\/1"}],"replies":[{"embeddable":true,"href":"https:\/\/agora.xtec.cat\/iesmonturiol\/wp-json\/wp\/v2\/comments?post=530"}],"version-history":[{"count":6,"href":"https:\/\/agora.xtec.cat\/iesmonturiol\/wp-json\/wp\/v2\/pages\/530\/revisions"}],"predecessor-version":[{"id":6472,"href":"https:\/\/agora.xtec.cat\/iesmonturiol\/wp-json\/wp\/v2\/pages\/530\/revisions\/6472"}],"up":[{"embeddable":true,"href":"https:\/\/agora.xtec.cat\/iesmonturiol\/wp-json\/wp\/v2\/pages\/763"}],"wp:attachment":[{"href":"https:\/\/agora.xtec.cat\/iesmonturiol\/wp-json\/wp\/v2\/media?parent=530"}],"curies":[{"name":"wp","href":"https:\/\/api.w.org\/{rel}","templated":true}]}}