{"id":528,"date":"2018-03-22T18:05:36","date_gmt":"2018-03-22T17:05:36","guid":{"rendered":"http:\/\/agora.xtec.cat\/iesmonturiol\/?page_id=528"},"modified":"2023-03-14T17:04:57","modified_gmt":"2023-03-14T16:04:57","slug":"cicles-formatius-gs","status":"publish","type":"page","link":"https:\/\/agora.xtec.cat\/iesmonturiol\/informacio-oferta-formativa\/cicles-formatius-gs\/","title":{"rendered":"CICLES FORMATIUS GS"},"content":{"rendered":"<div class=\"rich_editor_text pix-content-wrap\">\n<p style=\"text-align: justify;\">La Formaci\u00f3 Professional compr\u00e8n un conjunt d\u2019ensenyaments que capaciten per a l\u2019exercici qualificat de diverses professions i proporcionen a l\u2019alumnat la formaci\u00f3 necess\u00e0ria per adquirir la compet\u00e8ncia professional caracter\u00edstiques de cada t\u00edtol. La Formaci\u00f3 Professional s\u2019ordena en Cicles Formatius a trav\u00e9s dels quals s\u2019adquireix la compet\u00e8ncia necess\u00e0ria per executar les tasques pr\u00f2pies de la professi\u00f3. La durada dels Cicles Formatius engloba les hores lectives destinades a la formaci\u00f3 en el centre educatiu i les hores destinades a la formaci\u00f3 pr\u00e0ctica en centres de treball. En total, oscil\u00b7la entre 1300 i 2000 hores, la qual cosa implica un o dos cursos acad\u00e8mics.<\/p>\n<p style=\"text-align: justify;\">Els cicles formatius s\u2019organitzen en m\u00f2duls professionals, els quals s\u2019estructuren en cr\u00e8dits de car\u00e0cter teoricopr\u00e0ctic de durada variable i cr\u00e8dits propis de cada cicle formatiu. A m\u00e9s inclouen, ordin\u00e0riament, un cr\u00e8dit de s\u00edntesi que ha de permetre culminar la integraci\u00f3 dels continguts impartits al llarg del cicle. El cr\u00e8dit de formaci\u00f3 pr\u00e0ctica en centres de treball (FCT) \u00e9s mat\u00e8ria obligat\u00f2ria i avaluable, i es porta a terme en empreses o entitats mitjan\u00e7ant els convenis que el Departament d\u2019Educaci\u00f3 hi ha establert.<\/p>\n<p><strong>Cicle Formatiu de Grau Superior<\/strong><\/p>\n<ul>\n<li>Automoci\u00f3<\/li>\n<li>Energies Renovables<\/li>\n<\/ul>\n<p><strong>Requisits per a accedir a un CFGS<\/strong><\/p>\n<ul>\n<li>tenir el t\u00edtol de batxillerat,<\/li>\n<li>tenir el t\u00edtol de t\u00e8cnic de formaci\u00f3 professional o t\u00e8cnic superior de formaci\u00f3 professional o t\u00e8cnic especialista,<\/li>\n<li>haver superat el segon curs de batxillerat de qualsevol modalitat de batxillerat experimental,<\/li>\n<li>haver superat el curs d&#8217;orientaci\u00f3 universit\u00e0ria (COU) o el preuniversitari,<\/li>\n<li>tenir el t\u00edtol de batxillerat per haver cursat el batxillerat unificat polivalent (BUP),<\/li>\n<li>tenir qualsevol titulaci\u00f3 universit\u00e0ria o una d&#8217;equivalent,<\/li>\n<li>haver superat la prova d&#8217;acc\u00e9s a la universitat per a majors de 25 anys.<\/li>\n<\/ul>\n<\/div>\n","protected":false},"excerpt":{"rendered":"<p>La Formaci\u00f3 Professional compr\u00e8n un conjunt d\u2019ensenyaments que capaciten per a l\u2019exercici qualificat de diverses professions i proporcionen a l\u2019alumnat la formaci\u00f3 necess\u00e0ria per adquirir la compet\u00e8ncia professional caracter\u00edstiques de cada t\u00edtol. La Formaci\u00f3 Professional s\u2019ordena en Cicles Formatius a trav\u00e9s dels quals s\u2019adquireix la&hellip;  <a href=\"https:\/\/agora.xtec.cat\/iesmonturiol\/informacio-oferta-formativa\/cicles-formatius-gs\/\" title=\"Read CICLES FORMATIUS GS\">Llegeix m\u00e9s\u00bb<\/a><\/p>\n","protected":false},"author":1,"featured_media":0,"parent":763,"menu_order":4,"comment_status":"closed","ping_status":"closed","template":"page-templates\/side-menu.php","meta":{"_bbp_topic_count":0,"_bbp_reply_count":0,"_bbp_total_topic_count":0,"_bbp_total_reply_count":0,"_bbp_voice_count":0,"_bbp_anonymous_reply_count":0,"_bbp_topic_count_hidden":0,"_bbp_reply_count_hidden":0,"_bbp_forum_subforum_count":0,"footnotes":""},"class_list":["post-528","page","type-page","status-publish","hentry"],"post_mailing_queue_ids":[],"_links":{"self":[{"href":"https:\/\/agora.xtec.cat\/iesmonturiol\/wp-json\/wp\/v2\/pages\/528","targetHints":{"allow":["GET"]}}],"collection":[{"href":"https:\/\/agora.xtec.cat\/iesmonturiol\/wp-json\/wp\/v2\/pages"}],"about":[{"href":"https:\/\/agora.xtec.cat\/iesmonturiol\/wp-json\/wp\/v2\/types\/page"}],"author":[{"embeddable":true,"href":"https:\/\/agora.xtec.cat\/iesmonturiol\/wp-json\/wp\/v2\/users\/1"}],"replies":[{"embeddable":true,"href":"https:\/\/agora.xtec.cat\/iesmonturiol\/wp-json\/wp\/v2\/comments?post=528"}],"version-history":[{"count":4,"href":"https:\/\/agora.xtec.cat\/iesmonturiol\/wp-json\/wp\/v2\/pages\/528\/revisions"}],"predecessor-version":[{"id":5250,"href":"https:\/\/agora.xtec.cat\/iesmonturiol\/wp-json\/wp\/v2\/pages\/528\/revisions\/5250"}],"up":[{"embeddable":true,"href":"https:\/\/agora.xtec.cat\/iesmonturiol\/wp-json\/wp\/v2\/pages\/763"}],"wp:attachment":[{"href":"https:\/\/agora.xtec.cat\/iesmonturiol\/wp-json\/wp\/v2\/media?parent=528"}],"curies":[{"name":"wp","href":"https:\/\/api.w.org\/{rel}","templated":true}]}}