{"id":525,"date":"2018-03-22T18:04:07","date_gmt":"2018-03-22T17:04:07","guid":{"rendered":"http:\/\/agora.xtec.cat\/iesmonturiol\/?page_id=525"},"modified":"2022-06-15T11:29:16","modified_gmt":"2022-06-15T09:29:16","slug":"cicles-formatius-gm","status":"publish","type":"page","link":"https:\/\/agora.xtec.cat\/iesmonturiol\/informacio-oferta-formativa\/cicles-formatius-gm\/","title":{"rendered":"CICLES FORMATIUS GM"},"content":{"rendered":"<div class=\"rich_editor_text pix-content-wrap\">\n<ul style=\"list-style-type: square;\">\n<li>\n<h5><a href=\"https:\/\/agora.xtec.cat\/iesmonturiol\/categoria\/cicles-formatius\/\">Mira l&#8217;actualitat dels nostres Cicles Formatius aqu\u00ed.<\/a><\/h5>\n<h5><\/h5>\n<\/li>\n<\/ul>\n<p style=\"text-align: justify;\">La Formaci\u00f3 Professional compr\u00e8n un conjunt d\u2019ensenyaments que capaciten per a l\u2019exercici qualificat de diverses professions i proporcionen a l\u2019alumnat la formaci\u00f3 necess\u00e0ria per adquirir la compet\u00e8ncia profesional caracter\u00edstiques de cada t\u00edtol. La Formaci\u00f3 Professional s\u2019ordena en Cicles Formatius a trav\u00e9s dels quals s\u2019adquireix la compet\u00e8ncia necess\u00e0ria per executar les tasques pr\u00f2pies de la professi\u00f3. La durada dels Cicles Formatius engloba les hores lectives destinades a la formaci\u00f3 en el centre educatiu i les hores destinades a la formaci\u00f3 pr\u00e0ctica en centres de treball. En total, oscil\u00b7la entre 1300 i 2000 hores, la qual cosa implica un o dos cursos acad\u00e8mics.<\/p>\n<p style=\"text-align: justify;\">Els cicles formatius s\u2019organitzen en m\u00f2duls professionals, els quals s\u2019estructuren en cr\u00e8dits de car\u00e0cter teoricopr\u00e0ctic de durada variable i cr\u00e8dits propis de cada cicle formatiu. A m\u00e9s inclouen, ordin\u00e0riament, un cr\u00e8dit de s\u00edntesi que ha de permetre culminar la integraci\u00f3 dels continguts impartits al llarg del cicle. El cr\u00e8dit de formaci\u00f3 pr\u00e0ctica en centres de treball (FCT) \u00e9s mat\u00e8ria obligat\u00f2ria i avaluable, i es porta a terme en empreses o entitats mitjan\u00e7ant els convenis que el Departament d\u2019Educaci\u00f3 hi ha establert.<\/p>\n<p><strong>Cicles Formatius de Grau Mitj\u00e0 <\/strong>(Coneix cada cicle des del men\u00fa desplegable de l\u2019esquerra d&#8217;aquesta p\u00e0gina)<\/p>\n<p>Electromec\u00e0nica de vehicles autom\u00f2bils<br \/>\nInstal\u00b7lacions el\u00e8ctriques i autom\u00e0tiques<br \/>\nManteniment electromec\u00e0nic<br \/>\nEst\u00e8tica i bellesa<br \/>\nPerruqueria i cosm\u00e8tica capil\u00b7lar<\/p>\n<p><strong>Requisits per a accedir a un CFGM<\/strong><\/p>\n<ul>\n<li>tenir el t\u00edtol de graduat en educaci\u00f3 secund\u00e0ria obligat\u00f2ria,<\/li>\n<li>tenir el t\u00edtol de t\u00e8cnic o de t\u00e8cnic auxiliar,<\/li>\n<li>haver superat el curs espec\u00edfic per a l&#8217;acc\u00e9s als cicles formatius de grau mitj\u00e0 (CAM),<\/li>\n<li>haver superat el segon curs del batxillerat unificat i polivalent (BUP),<\/li>\n<li>tenir altres estudis equivalents a efectes acad\u00e8mics,<\/li>\n<li>haver superat els m\u00f2duls obligatoris d&#8217;un programa de qualificaci\u00f3 professional inicial (PQPI),<\/li>\n<li>haver superat la prova d&#8217;acc\u00e9s a la universitat per a majors de 25 anys,<\/li>\n<li>tenir un t\u00edtol per accedir a un cicle formatiu de grau superior.<\/li>\n<\/ul>\n<\/div>\n","protected":false},"excerpt":{"rendered":"<ul style=\"list-style-type: square;\">\n<li>\n<a href=\"https:\/\/agora.xtec.cat\/iesmonturiol\/categoria\/cicles-formatius\/\">Mira l&#8217;actualitat dels nostres Cicles Formatius aqu\u00ed.<\/a><\/p>\n<\/li>\n<\/ul>\n<p>La Formaci\u00f3 Professional compr\u00e8n un conjunt d\u2019ensenyaments que capaciten per a l\u2019exercici qualificat de diverses professions i proporcionen a l\u2019alumnat la formaci\u00f3 necess\u00e0ria per adquirir la compet\u00e8ncia profesional caracter\u00edstiques de cada t\u00edtol. La Formaci\u00f3 Professional s\u2019ordena&hellip;  <a href=\"https:\/\/agora.xtec.cat\/iesmonturiol\/informacio-oferta-formativa\/cicles-formatius-gm\/\" title=\"Read CICLES FORMATIUS GM\">Llegeix m\u00e9s\u00bb<\/a><\/p>\n","protected":false},"author":1,"featured_media":0,"parent":763,"menu_order":3,"comment_status":"closed","ping_status":"closed","template":"page-templates\/side-menu.php","meta":{"_bbp_topic_count":0,"_bbp_reply_count":0,"_bbp_total_topic_count":0,"_bbp_total_reply_count":0,"_bbp_voice_count":0,"_bbp_anonymous_reply_count":0,"_bbp_topic_count_hidden":0,"_bbp_reply_count_hidden":0,"_bbp_forum_subforum_count":0,"footnotes":""},"class_list":["post-525","page","type-page","status-publish","hentry"],"post_mailing_queue_ids":[],"_links":{"self":[{"href":"https:\/\/agora.xtec.cat\/iesmonturiol\/wp-json\/wp\/v2\/pages\/525","targetHints":{"allow":["GET"]}}],"collection":[{"href":"https:\/\/agora.xtec.cat\/iesmonturiol\/wp-json\/wp\/v2\/pages"}],"about":[{"href":"https:\/\/agora.xtec.cat\/iesmonturiol\/wp-json\/wp\/v2\/types\/page"}],"author":[{"embeddable":true,"href":"https:\/\/agora.xtec.cat\/iesmonturiol\/wp-json\/wp\/v2\/users\/1"}],"replies":[{"embeddable":true,"href":"https:\/\/agora.xtec.cat\/iesmonturiol\/wp-json\/wp\/v2\/comments?post=525"}],"version-history":[{"count":4,"href":"https:\/\/agora.xtec.cat\/iesmonturiol\/wp-json\/wp\/v2\/pages\/525\/revisions"}],"predecessor-version":[{"id":4863,"href":"https:\/\/agora.xtec.cat\/iesmonturiol\/wp-json\/wp\/v2\/pages\/525\/revisions\/4863"}],"up":[{"embeddable":true,"href":"https:\/\/agora.xtec.cat\/iesmonturiol\/wp-json\/wp\/v2\/pages\/763"}],"wp:attachment":[{"href":"https:\/\/agora.xtec.cat\/iesmonturiol\/wp-json\/wp\/v2\/media?parent=525"}],"curies":[{"name":"wp","href":"https:\/\/api.w.org\/{rel}","templated":true}]}}