{"id":5240,"date":"2023-03-14T16:43:42","date_gmt":"2023-03-14T15:43:42","guid":{"rendered":"https:\/\/agora.xtec.cat\/iesmonturiol\/?page_id=5240"},"modified":"2024-04-26T12:16:46","modified_gmt":"2024-04-26T10:16:46","slug":"energies_renovables","status":"publish","type":"page","link":"https:\/\/agora.xtec.cat\/iesmonturiol\/informacio-oferta-formativa\/cicles-formatius-gs\/energies_renovables\/","title":{"rendered":"Energies renovables"},"content":{"rendered":"<p style=\"text-align: justify;\"><strong>CF Grau Superior. T\u00e8cnic\/a superior en Energies Renovables<\/strong><\/p>\n<p><a href=\"https:\/\/agora.xtec.cat\/iesmonturiol\/secretaria\/preinscripcio\/preinscripcio-cicles-formatius-de-grau-superior\" target=\"_blank\" rel=\"noopener\"><strong><span style=\"color: #ff0000;\">COM FER LA PREINSCRIPCI\u00d3<\/span><\/strong><\/a><\/p>\n<p>Aquests estudis capaciten per efectuar la coordinaci\u00f3 del muntatge, posada en servei i gesti\u00f3 de l&#8217;operaci\u00f3 i manteniment de parcs i instal\u00b7lacions d&#8217;energia e\u00f2lica, promocionar instal\u00b7lacions, desenvolupar projectes, i gestionar i realitzar el muntatge i manteniment d&#8217;instal\u00b7lacions solars fotovoltaiques, gestionar i supervisar el muntatge i el manteniment, i realitzar l&#8217;operaci\u00f3 i el manteniment de primer nivell en subestacions el\u00e8ctriques.<\/p>\n<p><a href=\"https:\/\/agora.xtec.cat\/iesmonturiol\/wp-content\/uploads\/usu1826\/2023\/03\/Renovables.png\"><img loading=\"lazy\" decoding=\"async\" class=\"alignnone wp-image-5241 size-full\" src=\"https:\/\/agora.xtec.cat\/iesmonturiol\/wp-content\/uploads\/usu1826\/2023\/03\/Renovables.png\" alt=\"\" width=\"408\" height=\"213\" srcset=\"https:\/\/agora.xtec.cat\/iesmonturiol\/wp-content\/uploads\/usu1826\/2023\/03\/Renovables.png 408w, https:\/\/agora.xtec.cat\/iesmonturiol\/wp-content\/uploads\/usu1826\/2023\/03\/Renovables-300x157.png 300w\" sizes=\"auto, (max-width: 408px) 100vw, 408px\" \/><\/a><\/p>\n<p><strong>DURADA DUAL<\/strong><br \/>\n2000 hores (2 cursos acad\u00e8mics)<br \/>\n1485 hores al centre educatiu<br \/>\n515 hores d\u2019estada a l\u2019empresa<\/p>\n<p><strong>PLA D&#8217;ESTUDIS<\/strong><\/p>\n<table style=\"width: 71.988%; height: 559px;\">\n<tbody>\n<tr style=\"height: 64px;\">\n<td style=\"width: 53.4307%; height: 64px;\"><\/td>\n<td style=\"width: 16.8131%; height: 64px;\">Hores al centre educatiu<\/td>\n<td style=\"width: 16.3494%; height: 64px;\">Hores d&#8217;estada a l&#8217;empresa<\/td>\n<td style=\"width: 22.404%; height: 64px;\">Hores totals<\/td>\n<\/tr>\n<tr style=\"height: 33px;\">\n<td style=\"width: 53.4307%; height: 33px;\">Subestacions el\u00e8ctriques<\/td>\n<td style=\"width: 16.8131%; text-align: center; height: 33px;\">99<\/td>\n<td style=\"width: 16.3494%; text-align: center; height: 33px;\">66<\/td>\n<td style=\"width: 22.404%; text-align: center; height: 33px;\">165<\/td>\n<\/tr>\n<tr style=\"height: 33px;\">\n<td style=\"width: 53.4307%; height: 33px;\">Prevenci\u00f3 de riscos el\u00e8ctrics<\/td>\n<td style=\"width: 16.8131%; text-align: center; height: 33px;\">33<\/td>\n<td style=\"width: 16.3494%; text-align: center; height: 33px;\">33<\/td>\n<td style=\"width: 22.404%; text-align: center; height: 33px;\">66<\/td>\n<\/tr>\n<tr style=\"height: 33px;\">\n<td style=\"width: 53.4307%; height: 33px;\">Configuraci\u00f3 d\u2019instal\u00b7lacions solars fotovoltaiques<\/td>\n<td style=\"width: 16.8131%; text-align: center; height: 33px;\">66<\/td>\n<td style=\"width: 16.3494%; text-align: center; height: 33px;\">66<\/td>\n<td style=\"width: 22.404%; text-align: center; height: 33px;\">132<\/td>\n<\/tr>\n<tr style=\"height: 33px;\">\n<td style=\"width: 53.4307%; height: 33px;\">Gesti\u00f3 del muntatge d&#8217;instal\u00b7lacions solars fotovoltaiques<\/td>\n<td style=\"width: 16.8131%; text-align: center; height: 33px;\">99<\/td>\n<td style=\"width: 16.3494%; text-align: center; height: 33px;\">66<\/td>\n<td style=\"width: 22.404%; text-align: center; height: 33px;\">165<\/td>\n<\/tr>\n<tr style=\"height: 33px;\">\n<td style=\"width: 53.4307%; height: 33px;\"><span style=\"background-color: #ffffff;\">Sistemes el\u00e8ctrics en centrals<\/span><\/td>\n<td style=\"width: 16.8131%; text-align: center; height: 33px;\">132<\/td>\n<td style=\"width: 16.3494%; text-align: center; height: 33px;\"><\/td>\n<td style=\"width: 22.404%; text-align: center; height: 33px;\">132<\/td>\n<\/tr>\n<tr style=\"height: 33px;\">\n<td style=\"width: 53.4307%; height: 33px;\"><span style=\"background-color: #f9f9f9;\">Sistemes d\u2019energies renovables<\/span><\/td>\n<td style=\"width: 16.8131%; text-align: center; height: 33px;\">66<\/td>\n<td style=\"width: 16.3494%; text-align: center; height: 33px;\"><\/td>\n<td style=\"width: 22.404%; text-align: center; height: 33px;\">66<\/td>\n<\/tr>\n<tr style=\"height: 33px;\">\n<td style=\"width: 53.4307%; height: 33px;\"><span style=\"background-color: #ffffff;\">Itinerari personal per a l&#8217;ocupabilitat I i II<\/span><\/td>\n<td style=\"width: 16.8131%; text-align: center; height: 33px;\">165<\/td>\n<td style=\"width: 16.3494%; text-align: center; height: 33px;\"><\/td>\n<td style=\"width: 22.404%; text-align: center; height: 33px;\">165<\/td>\n<\/tr>\n<tr style=\"height: 33px;\">\n<td style=\"width: 53.4307%; height: 33px;\"><span style=\"background-color: #f9f9f9;\">Angl\u00e8s professional<\/span><\/td>\n<td style=\"width: 16.8131%; text-align: center; height: 33px;\">66<\/td>\n<td style=\"width: 16.3494%; text-align: center; height: 33px;\"><\/td>\n<td style=\"width: 22.404%; text-align: center; height: 33px;\">66<\/td>\n<\/tr>\n<tr style=\"height: 33px;\">\n<td style=\"width: 53.4307%; height: 33px;\">Digitalitzaci\u00f3 aplicada al sistema productiu<\/td>\n<td style=\"width: 16.8131%; text-align: center; height: 33px;\">33<\/td>\n<td style=\"width: 16.3494%; text-align: center; height: 33px;\"><\/td>\n<td style=\"width: 22.404%; text-align: center; height: 33px;\">33<\/td>\n<\/tr>\n<tr style=\"height: 33px;\">\n<td style=\"width: 53.4307%; height: 33px;\">Sostenibilitat aplicada al sistema productiu<\/td>\n<td style=\"width: 16.8131%; text-align: center; height: 33px;\">33<\/td>\n<td style=\"width: 16.3494%; text-align: center; height: 33px;\"><\/td>\n<td style=\"width: 22.404%; text-align: center; height: 33px;\">33<\/td>\n<\/tr>\n<tr style=\"height: 33px;\">\n<td style=\"width: 53.4307%; height: 33px;\">Telecontrol i automatismes<\/td>\n<td style=\"width: 16.8131%; text-align: center; height: 33px;\">165<\/td>\n<td style=\"width: 16.3494%; text-align: center; height: 33px;\">99<\/td>\n<td style=\"width: 22.404%; text-align: center; height: 33px;\">264<\/td>\n<\/tr>\n<tr style=\"height: 33px;\">\n<td style=\"width: 53.4307%; height: 33px;\">Gesti\u00f3 del muntatge de parcs e\u00f2lics<\/td>\n<td style=\"width: 16.8131%; text-align: center; height: 33px;\">32<\/td>\n<td style=\"width: 16.3494%; text-align: center; height: 33px;\">86<\/td>\n<td style=\"width: 22.404%; text-align: center; height: 33px;\">218<\/td>\n<\/tr>\n<tr style=\"height: 33px;\">\n<td style=\"width: 53.4307%; height: 33px;\">Operaci\u00f3 i manteniment de parcs e\u00f2lics<\/td>\n<td style=\"width: 16.8131%; text-align: center; height: 33px;\">99<\/td>\n<td style=\"width: 16.3494%; text-align: center; height: 33px;\">99<\/td>\n<td style=\"width: 22.404%; text-align: center; height: 33px;\">198<\/td>\n<\/tr>\n<tr style=\"height: 33px;\">\n<td style=\"width: 53.4307%; height: 33px;\">M\u00f2dul optatiu<\/td>\n<td style=\"width: 16.8131%; text-align: center; height: 33px;\">99<\/td>\n<td style=\"width: 16.3494%; text-align: center; height: 33px;\"><\/td>\n<td style=\"width: 22.404%; text-align: center; height: 33px;\">99<\/td>\n<\/tr>\n<tr style=\"height: 33px;\">\n<td style=\"width: 53.4307%; height: 33px;\">Projecte intermodular<\/td>\n<td style=\"width: 16.8131%; text-align: center; height: 33px;\">198<\/td>\n<td style=\"width: 16.3494%; text-align: center; height: 33px;\"><\/td>\n<td style=\"width: 22.404%; text-align: center; height: 33px;\">198<\/td>\n<\/tr>\n<\/tbody>\n<\/table>\n<p><strong>SORTIDES PROFESSIONALS<\/strong><\/p>\n<p>T\u00e8cnic o t\u00e8cnica de gesti\u00f3 d&#8217;operaci\u00f3 i manteniment en instal\u00b7lacions e\u00f2liques<br \/>\nResponsable de muntatge de parcs e\u00f2lics<br \/>\nResponsable de muntatge d&#8217;aerogeneradors<br \/>\nProjectista d&#8217;instal\u00b7lacions solars fotovoltaiques<br \/>\nResponsable de muntatge i manteniment d&#8217;instal\u00b7lacions solars fotovoltaiques<\/p>\n<ul style=\"list-style-type: square;\">\n<li><a href=\"https:\/\/agora.xtec.cat\/iesmonturiol\/departament-delectricitat\">Coneix el departament d\u2019Electricitat i Renovables aqu\u00ed.<\/a><\/li>\n<\/ul>\n","protected":false},"excerpt":{"rendered":"<p>CF Grau Superior. T\u00e8cnic\/a superior en Energies Renovables<br \/>\n<a href=\"https:\/\/agora.xtec.cat\/iesmonturiol\/secretaria\/preinscripcio\/preinscripcio-cicles-formatius-de-grau-superior\" target=\"_blank\" rel=\"noopener\">COM FER LA PREINSCRIPCI\u00d3<\/a><br \/>\nAquests estudis capaciten per efectuar la coordinaci\u00f3 del muntatge, posada en servei i gesti\u00f3 de l&#8217;operaci\u00f3 i manteniment de parcs i instal\u00b7lacions d&#8217;energia e\u00f2lica, promocionar instal\u00b7lacions, desenvolupar projectes, i gestionar i realitzar&hellip;  <a href=\"https:\/\/agora.xtec.cat\/iesmonturiol\/informacio-oferta-formativa\/cicles-formatius-gs\/energies_renovables\/\" title=\"Read Energies renovables\">Llegeix m\u00e9s\u00bb<\/a><\/p>\n","protected":false},"author":1,"featured_media":0,"parent":528,"menu_order":2,"comment_status":"closed","ping_status":"closed","template":"page-templates\/side-menu.php","meta":{"_bbp_topic_count":0,"_bbp_reply_count":0,"_bbp_total_topic_count":0,"_bbp_total_reply_count":0,"_bbp_voice_count":0,"_bbp_anonymous_reply_count":0,"_bbp_topic_count_hidden":0,"_bbp_reply_count_hidden":0,"_bbp_forum_subforum_count":0,"footnotes":""},"class_list":["post-5240","page","type-page","status-publish","hentry"],"post_mailing_queue_ids":[],"_links":{"self":[{"href":"https:\/\/agora.xtec.cat\/iesmonturiol\/wp-json\/wp\/v2\/pages\/5240","targetHints":{"allow":["GET"]}}],"collection":[{"href":"https:\/\/agora.xtec.cat\/iesmonturiol\/wp-json\/wp\/v2\/pages"}],"about":[{"href":"https:\/\/agora.xtec.cat\/iesmonturiol\/wp-json\/wp\/v2\/types\/page"}],"author":[{"embeddable":true,"href":"https:\/\/agora.xtec.cat\/iesmonturiol\/wp-json\/wp\/v2\/users\/1"}],"replies":[{"embeddable":true,"href":"https:\/\/agora.xtec.cat\/iesmonturiol\/wp-json\/wp\/v2\/comments?post=5240"}],"version-history":[{"count":6,"href":"https:\/\/agora.xtec.cat\/iesmonturiol\/wp-json\/wp\/v2\/pages\/5240\/revisions"}],"predecessor-version":[{"id":5910,"href":"https:\/\/agora.xtec.cat\/iesmonturiol\/wp-json\/wp\/v2\/pages\/5240\/revisions\/5910"}],"up":[{"embeddable":true,"href":"https:\/\/agora.xtec.cat\/iesmonturiol\/wp-json\/wp\/v2\/pages\/528"}],"wp:attachment":[{"href":"https:\/\/agora.xtec.cat\/iesmonturiol\/wp-json\/wp\/v2\/media?parent=5240"}],"curies":[{"name":"wp","href":"https:\/\/api.w.org\/{rel}","templated":true}]}}