{"id":523,"date":"2018-03-22T18:03:34","date_gmt":"2018-03-22T17:03:34","guid":{"rendered":"http:\/\/agora.xtec.cat\/iesmonturiol\/?page_id=523"},"modified":"2025-06-23T12:17:37","modified_gmt":"2025-06-23T10:17:37","slug":"eso","status":"publish","type":"page","link":"https:\/\/agora.xtec.cat\/iesmonturiol\/informacio-oferta-formativa\/eso\/","title":{"rendered":"ESO"},"content":{"rendered":"<p>Per al curs escolar 2025-26 tindrem la seg\u00fcent oferta:<\/p>\n<ul>\n<li>1 ESO: 4 grups<\/li>\n<li>2 ESO: 4 grups<\/li>\n<li>3 ESO: 4 grups<\/li>\n<li>4 ESO: 4 grups<\/li>\n<\/ul>\n<h5 class=\"text\" align=\"justify\"><strong>Grups espec\u00edfics de diversitat<\/strong><\/h5>\n<p class=\"text\" align=\"justify\">&#8211; Espai Compet\u00e8ncies B\u00e0siques: aula d&#8217;atenci\u00f3 individualitzada amb refor\u00e7 dels h\u00e0bits d&#8217;estudi i continguts competencials de les \u00e0rees instrumentals dirigida a alumnes de 1r, 2n, 3r\u00a0 i 4t d&#8217;ESO.<\/p>\n<p class=\"text\" align=\"justify\">&#8211; Atenci\u00f3 individualitzada amb treball dels h\u00e0bits d&#8217;estudi i continguts competencials de les \u00e0rees instrumentals dirigida a alumnes amb NEE de 1r, 2n, 3r I 4t d&#8217;ESO.<\/p>\n<p class=\"text\" align=\"justify\">&#8211; UEC: dirigida a alumnes amb dificultats conductuals. Els matins fan pr\u00e0ctiques (automoci\u00f3 o hostaleria) en entitats col\u00b7laboradores.<\/p>\n<p align=\"justify\">&#8211; Projecte Singular: dirigit a alumnes de 4t que segueixen un curr\u00edculum adaptat amb la meitat del seu horari lectiu fent pr\u00e0ctiques en una empresa i l&#8217;altra meitat al centre.<\/p>\n<p class=\"text\" align=\"justify\">&#8211; Aula d&#8217;Acollida: per a alumnes nouvinguts que no coneixen la llengua catalana i tamb\u00e9 per a aquells alumnes que malgrat superar els 24 mesos de pres\u00e8ncia a Catalunya tenen dificultats amb la llengua catalana.<\/p>\n<p align=\"justify\">&#8211; SIEI: Aula de Suport Intensiu d&#8217;Escolaritzaci\u00f3 Inclusiva adre\u00e7ada a alumnat d&#8217;ESO amb necessitats educatives especials derivades de limitacions molt significatives, tant en el funcionament intel\u00b7lectual com en la conducta adaptativa, els quals requereixen al llarg de tota l\u2019escolaritat mesures i suports intensius per poder relacionar-se, participar i aprendre.<\/p>\n<p>&nbsp;<\/p>\n<h4 class=\"Titol\" style=\"text-align: center;\" align=\"left\"><strong>Distribuci\u00f3 del Curr\u00edculum 2025-2026 (hores setmanals)<\/strong><\/h4>\n<table class=\" aligncenter\" style=\"height: 511px; width: 53.5434%; border-style: none;\" width=\"751\">\n<tbody>\n<tr style=\"height: 33px;\">\n<td style=\"width: 153.833px; height: 33px; background-color: #ded5d5; text-align: center;\">\n<h6><strong>MAT\u00c8RIA<\/strong><\/h6>\n<\/td>\n<td style=\"width: 145.8px; text-align: center; height: 33px; background-color: #ded5d5;\">\n<h6><strong>1r ESO<\/strong><\/h6>\n<\/td>\n<td style=\"width: 145.783px; text-align: center; height: 33px; background-color: #ded5d5;\">\n<h6><strong>2n ESO<\/strong><\/h6>\n<\/td>\n<td style=\"width: 145.8px; text-align: center; height: 33px; background-color: #ded5d5;\">\n<h6><strong>3r ESO<\/strong><\/h6>\n<\/td>\n<td style=\"width: 145.783px; text-align: center; height: 33px; background-color: #ded5d5;\">\n<h6><strong>4t ESO<\/strong><\/h6>\n<\/td>\n<\/tr>\n<tr style=\"height: 33px;\">\n<td style=\"width: 153.833px; text-align: center; height: 33px; background-color: #ded5d5;\"><strong>Llengua Catalana<\/strong><\/td>\n<td style=\"width: 145.8px; text-align: center; height: 33px;\">3h<\/td>\n<td style=\"width: 145.783px; text-align: center; height: 33px;\">3h<\/td>\n<td style=\"width: 145.8px; text-align: center; height: 33px;\">3h<\/td>\n<td style=\"width: 145.783px; text-align: center; height: 33px;\">3h<\/td>\n<\/tr>\n<tr style=\"height: 33px;\">\n<td style=\"width: 153.833px; text-align: center; height: 33px; background-color: #ded5d5;\"><strong>Llengua castellana<\/strong><\/td>\n<td style=\"width: 145.8px; text-align: center; height: 33px;\">3h<\/td>\n<td style=\"width: 145.783px; text-align: center; height: 33px;\">3h<\/td>\n<td style=\"width: 145.8px; text-align: center; height: 33px;\">3h<\/td>\n<td style=\"width: 145.783px; text-align: center; height: 33px;\">3h<\/td>\n<\/tr>\n<tr style=\"height: 33px;\">\n<td style=\"width: 153.833px; text-align: center; height: 33px; background-color: #ded5d5;\"><strong>Angl\u00e8s<\/strong><\/td>\n<td style=\"width: 145.8px; text-align: center; height: 33px;\">3h (*)<\/td>\n<td style=\"width: 145.783px; text-align: center; height: 33px;\">3h (*)<\/td>\n<td style=\"width: 145.8px; text-align: center; height: 33px;\">3h (*)<\/td>\n<td style=\"width: 145.783px; text-align: center; height: 33px;\">3h (*)<\/td>\n<\/tr>\n<tr style=\"height: 33px;\">\n<td style=\"width: 153.833px; text-align: center; height: 33px; background-color: #ded5d5;\"><strong>Ci\u00e8ncies Socials<\/strong><\/td>\n<td style=\"width: 145.8px; text-align: center; height: 33px;\">3h (**)<\/td>\n<td style=\"width: 145.783px; text-align: center; height: 33px;\">3h (**)<\/td>\n<td style=\"width: 145.8px; text-align: center; height: 33px;\">3h (**)<\/td>\n<td style=\"width: 145.783px; text-align: center; height: 33px;\">3h (**)<\/td>\n<\/tr>\n<tr style=\"height: 33px;\">\n<td style=\"width: 153.833px; text-align: center; height: 33px; background-color: #ded5d5;\"><strong>Matem\u00e0tiques<\/strong><\/td>\n<td style=\"width: 145.8px; text-align: center; height: 33px;\">3h<\/td>\n<td style=\"width: 145.783px; text-align: center; height: 33px;\">4h<\/td>\n<td style=\"width: 145.8px; text-align: center; height: 33px;\">4h<\/td>\n<td style=\"width: 145.783px; text-align: center; height: 33px;\">4h<\/td>\n<\/tr>\n<tr style=\"height: 33px;\">\n<td style=\"width: 153.833px; text-align: center; height: 33px; background-color: #ded5d5;\"><strong>Ci\u00e8ncies Naturals<\/strong><\/td>\n<td style=\"width: 145.8px; text-align: center; height: 33px;\">3h (**)<\/td>\n<td style=\"width: 145.783px; text-align: center; height: 33px;\">3h (**)<\/td>\n<td style=\"width: 145.8px; text-align: center; height: 33px;\">4h (**)<\/td>\n<td style=\"width: 145.783px; text-align: center; height: 33px;\">&#8211;<\/td>\n<\/tr>\n<tr style=\"height: 33px;\">\n<td style=\"width: 153.833px; text-align: center; height: 33px; background-color: #ded5d5;\"><strong>Tecnologia<\/strong><\/td>\n<td style=\"width: 145.8px; text-align: center; height: 33px;\">2h (**)<\/td>\n<td style=\"width: 145.783px; text-align: center; height: 33px;\">2h (**)<\/td>\n<td style=\"width: 145.8px; text-align: center; height: 33px;\">2h (**)<\/td>\n<td style=\"width: 145.783px; text-align: center; height: 33px;\">&#8211;<\/td>\n<\/tr>\n<tr style=\"height: 33px;\">\n<td style=\"width: 153.833px; text-align: center; height: 33px; background-color: #ded5d5;\"><strong>M\u00fasica<\/strong><\/td>\n<td style=\"width: 145.8px; text-align: center; height: 33px;\">2h<\/td>\n<td style=\"width: 145.783px; text-align: center; height: 33px;\">&#8211;<\/td>\n<td style=\"width: 145.8px; text-align: center; height: 33px;\">2h<\/td>\n<td style=\"width: 145.783px; text-align: center; height: 33px;\">&#8211;<\/td>\n<\/tr>\n<tr style=\"height: 33px;\">\n<td style=\"width: 153.833px; text-align: center; height: 33px; background-color: #ded5d5;\"><strong>Visual i Pl\u00e0stica<\/strong><\/td>\n<td style=\"width: 145.8px; text-align: center; height: 33px;\">2h<\/td>\n<td style=\"width: 145.783px; text-align: center; height: 33px;\">2h<\/td>\n<td style=\"width: 145.8px; text-align: center; height: 33px;\">&#8211;<\/td>\n<td style=\"width: 145.783px; text-align: center; height: 33px;\">&#8211;<\/td>\n<\/tr>\n<tr style=\"height: 49px;\">\n<td style=\"width: 153.833px; text-align: center; height: 49px; background-color: #ded5d5;\"><strong>Cultura i valors \u00e8tics<\/strong><\/td>\n<td style=\"width: 145.8px; text-align: center; height: 49px;\">&#8211;<\/td>\n<td style=\"width: 145.783px; text-align: center; height: 49px;\">1h<\/td>\n<td style=\"width: 145.8px; text-align: center; height: 49px;\">&#8211;<\/td>\n<td style=\"width: 145.783px; text-align: center; height: 49px;\">1h<\/td>\n<\/tr>\n<tr style=\"height: 33px;\">\n<td style=\"width: 153.833px; text-align: center; height: 33px; background-color: #ded5d5;\"><strong>Educaci\u00f3 F\u00edsica<\/strong><\/td>\n<td style=\"width: 145.8px; text-align: center; height: 33px;\">2h<\/td>\n<td style=\"width: 145.783px; text-align: center; height: 33px;\">2h<\/td>\n<td style=\"width: 145.8px; text-align: center; height: 33px;\">2h<\/td>\n<td style=\"width: 145.783px; text-align: center; height: 33px;\">2h<\/td>\n<\/tr>\n<tr style=\"height: 33px;\">\n<td style=\"width: 153.833px; text-align: center; height: 33px; background-color: #ded5d5;\"><strong>Mat\u00e8ries Optatives<\/strong><\/td>\n<td style=\"width: 145.8px; text-align: center; height: 33px;\">2h<\/td>\n<td style=\"width: 145.783px; text-align: center; height: 33px;\">2h<\/td>\n<td style=\"width: 145.8px; text-align: center; height: 33px;\">2h<\/td>\n<td style=\"width: 145.783px; text-align: center; height: 33px;\">9h<\/td>\n<\/tr>\n<tr style=\"height: 33px;\">\n<td style=\"width: 153.833px; text-align: center; height: 33px; background-color: #ded5d5;\"><strong>Tutoria<\/strong><\/td>\n<td style=\"width: 145.8px; text-align: center; height: 33px;\">2h<\/td>\n<td style=\"width: 145.783px; text-align: center; height: 33px;\">2h<\/td>\n<td style=\"width: 145.8px; text-align: center; height: 33px;\">2h<\/td>\n<td style=\"width: 145.783px; text-align: center; height: 33px;\">2h<\/td>\n<\/tr>\n<tr style=\"height: 33px;\">\n<td style=\"width: 153.833px; text-align: center; height: 33px; background-color: #ded5d5;\"><strong>TOTAL<br \/>\n<\/strong><\/td>\n<td style=\"width: 145.8px; text-align: center; height: 33px; background-color: #ded5d5;\"><strong>30h<\/strong><\/td>\n<td style=\"width: 145.783px; text-align: center; height: 33px; background-color: #ded5d5;\"><strong>30h<\/strong><\/td>\n<td style=\"width: 145.8px; text-align: center; height: 33px; background-color: #ded5d5;\"><strong>30h<\/strong><\/td>\n<td style=\"width: 145.783px; text-align: center; height: 33px; background-color: #ded5d5;\"><strong>30h<\/strong><\/td>\n<\/tr>\n<\/tbody>\n<\/table>\n<p>&nbsp;<\/p>\n<p>&nbsp;<\/p>\n<p>&nbsp;<\/p>\n<p style=\"text-align: center;\">(*)La mat\u00e8ria d&#8217;angl\u00e8s fa dues hores setmanals de desdoblament a 2n d&#8217;ESO i totes les hores desdoblades a 3r i 4t d&#8217;ESO<\/p>\n<p style=\"text-align: center;\">(**) Aquestes mat\u00e8ries fan una hora setmanal\u00a0 de desdoblament amb la meitat del grup-classe<\/p>\n<table class=\" aligncenter\" style=\"height: 529px; width: 53.9758%; border-style: none;\">\n<tbody>\n<tr style=\"height: 33px;\">\n<td style=\"width: 183.356%; background-color: #ded5d5; text-align: center; height: 89px;\" colspan=\"6\">\n<h6><strong>\u00a0<\/strong><\/h6>\n<h6><strong>OFERTA DE MAT\u00c8RIES OPTATIVES<\/strong><\/h6>\n<\/td>\n<\/tr>\n<tr style=\"height: 33px;\">\n<td style=\"width: 97.5839%; background-color: #ded5d5; text-align: center; height: 47px;\">\n<h6><strong>1r ESO<br \/>\n<\/strong><\/h6>\n<\/td>\n<td style=\"width: 8.57323%; height: 47px; background-color: #ded5d5; text-align: center;\">\n<h6><strong>2n ESO<\/strong><\/h6>\n<\/td>\n<td style=\"width: 24.1785%; height: 47px; background-color: #ded5d5; text-align: center;\">\n<h6><strong>3r ESO<\/strong><\/h6>\n<\/td>\n<td style=\"width: 53.0201%; height: 47px; background-color: #ded5d5; text-align: center;\" colspan=\"3\">\n<h6><strong>4t ESO<\/strong><\/h6>\n<\/td>\n<\/tr>\n<tr style=\"height: 33px;\">\n<td style=\"width: 97.5839%; height: 33px;\">TEATRE<\/td>\n<td style=\"width: 8.57323%; height: 33px; text-align: center;\">TEATRE<\/td>\n<td style=\"width: 24.1785%; height: 33px; text-align: center;\">TEATRE<\/td>\n<td style=\"width: 16.3758%; height: 33px; background-color: #ded5d5; text-align: center;\"><strong>FRANJA 1<\/strong><\/td>\n<td style=\"width: 16.5101%; height: 33px; background-color: #ded5d5; text-align: center;\"><strong>FRANJA 2<\/strong><\/td>\n<td style=\"width: 20.1342%; height: 33px; background-color: #ded5d5; text-align: center;\"><strong>FRANJA 3<\/strong><\/td>\n<\/tr>\n<tr style=\"height: 49px;\">\n<td style=\"width: 97.5839%; height: 49px;\">ROB\u00d2TICA<\/td>\n<td style=\"width: 8.57323%; height: 49px; text-align: center;\">ROB\u00d2TICA<\/td>\n<td style=\"width: 24.1785%; height: 49px; text-align: center;\">ROB\u00d2TICA<\/td>\n<td style=\"width: 16.3758%; height: 49px; text-align: center;\">F\u00cdSICA I QU\u00cdMICA<\/td>\n<td style=\"width: 16.5101%; height: 49px; text-align: center;\">BIOLOGIA I GEOLOGIA<\/td>\n<td style=\"width: 20.1342%; height: 49px; text-align: center;\">DIGITALITZACI\u00d3<\/td>\n<\/tr>\n<tr style=\"height: 49px;\">\n<td style=\"width: 97.5839%; height: 49px;\">EDUCACI\u00d3 F\u00cdSICA<\/td>\n<td style=\"width: 8.57323%; height: 49px; text-align: center;\">CIRC<\/td>\n<td style=\"width: 24.1785%; height: 49px; text-align: center;\">BTT \/ FUTBOL SALA<\/td>\n<td style=\"width: 16.3758%; height: 49px; text-align: center;\">ECONOMIA B\u00c0SICA<\/td>\n<td style=\"width: 16.5101%; height: 49px; text-align: center;\">TECNOLOGIA<\/td>\n<td style=\"width: 20.1342%; height: 49px; text-align: center;\">TEATRE MUSICAL<\/td>\n<\/tr>\n<tr style=\"height: 49px;\">\n<td style=\"width: 97.5839%; height: 49px;\">FRANC\u00c8S<\/td>\n<td style=\"width: 8.57323%; height: 49px; text-align: center;\">FRANC\u00c8S<\/td>\n<td style=\"width: 24.1785%; height: 49px; text-align: center;\">FRANC\u00c8S<\/td>\n<td style=\"width: 16.3758%; height: 49px; text-align: center;\">LLAT\u00cd<\/td>\n<td style=\"width: 16.5101%; height: 49px; text-align: center;\">ECONOMIA B\u00c0SICA<\/td>\n<td style=\"width: 20.1342%; height: 49px; text-align: center;\">EXPRESSI\u00d3 ART\u00cdSTICA<\/td>\n<\/tr>\n<tr style=\"height: 49px;\">\n<td style=\"width: 97.5839%; height: 49px;\">PROJECTES TECNOL\u00d2GICS<\/td>\n<td style=\"width: 8.57323%; height: 49px; text-align: center;\">INTERPRETACI\u00d3 MUSICAL<\/td>\n<td style=\"width: 24.1785%; height: 49px; text-align: center;\">CULTURA CL\u00c0SSICA<\/td>\n<td style=\"width: 16.3758%; height: 49px; text-align: center;\"><\/td>\n<td style=\"width: 16.5101%; height: 49px; text-align: center;\"><\/td>\n<td style=\"width: 20.1342%; height: 49px; text-align: center;\">FRANC\u00c8S<\/td>\n<\/tr>\n<tr style=\"height: 49px;\">\n<td style=\"width: 97.5839%; height: 49px;\">CULTURA I VALORS<\/td>\n<td style=\"width: 8.57323%; height: 49px; text-align: center;\">SOSTENIBILITAT<\/td>\n<td style=\"width: 24.1785%; height: 49px; text-align: center;\">STOP MOTION<\/td>\n<td style=\"width: 16.3758%; height: 49px; text-align: center;\"><\/td>\n<td style=\"width: 16.5101%; height: 49px; text-align: center;\"><\/td>\n<td style=\"width: 20.1342%; height: 49px; text-align: center;\">FILOSOFIA<\/td>\n<\/tr>\n<tr style=\"height: 33px;\">\n<td style=\"width: 97.5839%; height: 33px;\"><\/td>\n<td style=\"width: 8.57323%; height: 33px; text-align: center;\">C\u00d2MIC<\/td>\n<td style=\"width: 24.1785%; height: 33px; text-align: center;\">EMPRENEDORIA<\/td>\n<td style=\"height: 115px; width: 53.0201%;\" colspan=\"3\" rowspan=\"3\"><strong>Els alumnes de 4t han de triar una mat\u00e8ria per franja<\/strong><br \/>\n<strong><br \/>\n<\/strong><strong><br \/>\n<\/strong><\/td>\n<\/tr>\n<tr style=\"height: 49px;\">\n<td style=\"width: 97.5839%; height: 49px;\"><\/td>\n<td style=\"width: 8.57323%; background-color: #ffffff; text-align: center; height: 49px;\"><\/td>\n<td style=\"width: 24.1785%; text-align: center; height: 49px;\"><\/td>\n<\/tr>\n<tr style=\"height: 33px;\">\n<td style=\"width: 130.336%; text-align: center; background-color: #ded5d5; height: 33px;\" colspan=\"3\"><\/td>\n<\/tr>\n<\/tbody>\n<\/table>\n<p>&nbsp;<\/p>\n","protected":false},"excerpt":{"rendered":"<p>Per al curs escolar 2025-26 tindrem la seg\u00fcent oferta:<\/p>\n<ul>\n<li>1 ESO: 4 grups<\/li>\n<li>2 ESO: 4 grups<\/li>\n<li>3 ESO: 4 grups<\/li>\n<li>4 ESO: 4 grups<\/li>\n<\/ul>\n<p>Grups espec\u00edfics de diversitat<br \/>\n&#8211; Espai Compet\u00e8ncies B\u00e0siques: aula d&#8217;atenci\u00f3 individualitzada amb refor\u00e7 dels h\u00e0bits d&#8217;estudi i continguts competencials de les \u00e0rees instrumentals dirigida a alumnes&hellip;  <a href=\"https:\/\/agora.xtec.cat\/iesmonturiol\/informacio-oferta-formativa\/eso\/\" title=\"Read ESO\">Llegeix m\u00e9s\u00bb<\/a><\/p>\n","protected":false},"author":1,"featured_media":0,"parent":763,"menu_order":1,"comment_status":"closed","ping_status":"closed","template":"page-templates\/side-menu.php","meta":{"_bbp_topic_count":0,"_bbp_reply_count":0,"_bbp_total_topic_count":0,"_bbp_total_reply_count":0,"_bbp_voice_count":0,"_bbp_anonymous_reply_count":0,"_bbp_topic_count_hidden":0,"_bbp_reply_count_hidden":0,"_bbp_forum_subforum_count":0,"footnotes":""},"class_list":["post-523","page","type-page","status-publish","hentry"],"post_mailing_queue_ids":[],"_links":{"self":[{"href":"https:\/\/agora.xtec.cat\/iesmonturiol\/wp-json\/wp\/v2\/pages\/523","targetHints":{"allow":["GET"]}}],"collection":[{"href":"https:\/\/agora.xtec.cat\/iesmonturiol\/wp-json\/wp\/v2\/pages"}],"about":[{"href":"https:\/\/agora.xtec.cat\/iesmonturiol\/wp-json\/wp\/v2\/types\/page"}],"author":[{"embeddable":true,"href":"https:\/\/agora.xtec.cat\/iesmonturiol\/wp-json\/wp\/v2\/users\/1"}],"replies":[{"embeddable":true,"href":"https:\/\/agora.xtec.cat\/iesmonturiol\/wp-json\/wp\/v2\/comments?post=523"}],"version-history":[{"count":6,"href":"https:\/\/agora.xtec.cat\/iesmonturiol\/wp-json\/wp\/v2\/pages\/523\/revisions"}],"predecessor-version":[{"id":6471,"href":"https:\/\/agora.xtec.cat\/iesmonturiol\/wp-json\/wp\/v2\/pages\/523\/revisions\/6471"}],"up":[{"embeddable":true,"href":"https:\/\/agora.xtec.cat\/iesmonturiol\/wp-json\/wp\/v2\/pages\/763"}],"wp:attachment":[{"href":"https:\/\/agora.xtec.cat\/iesmonturiol\/wp-json\/wp\/v2\/media?parent=523"}],"curies":[{"name":"wp","href":"https:\/\/api.w.org\/{rel}","templated":true}]}}