{"id":4916,"date":"2022-07-11T19:33:17","date_gmt":"2022-07-11T17:33:17","guid":{"rendered":"https:\/\/agora.xtec.cat\/iesmonturiol\/?page_id=4916"},"modified":"2023-03-06T21:46:40","modified_gmt":"2023-03-06T20:46:40","slug":"cursos-despecialitzacio","status":"publish","type":"page","link":"https:\/\/agora.xtec.cat\/iesmonturiol\/informacio-oferta-formativa\/cursos-despecialitzacio\/","title":{"rendered":"CURSOS D&#8217;ESPECIALITZACI\u00d3"},"content":{"rendered":"<h5>Manteniment de Vehicles H\u00edbrids i El\u00e8ctrics<\/h5>\n<p style=\"text-align: justify;\">Aquests estudis capaciten per realitzar operacions de manteniment, muntatge d&#8217;elements i conjunts, localitzaci\u00f3 d&#8217;avaries, reparaci\u00f3, verificaci\u00f3 i ajust, en vehicles amb sistemes de propulsi\u00f3 h\u00edbrids i el\u00e8ctrics, seguint especificacions t\u00e8cniques de seguretat i de protecci\u00f3 ambiental, complint la normativa vigent.<\/p>\n<p><iframe loading=\"lazy\" title=\"YouTube video player\" src=\"\/\/www.youtube.com\/embed\/hPQ8PJoIdlo\" width=\"560\" height=\"315\" frameborder=\"0\" allowfullscreen=\"allowfullscreen\"><\/iframe><\/p>\n<p>Per accedir al curs d&#8217;especialitzaci\u00f3 en Manteniment de Vehicles H\u00edbrids i El\u00e8ctrics \u00e9s necessari estar en possessi\u00f3 d&#8217;algun d&#8217;aquests t\u00edtols:<br \/>\n\u2022 CFGM TM10 Electromec\u00e0nica de Vehicles Autom\u00f2bils<br \/>\n\u2022 CFGM TM30 Electromec\u00e0nica de Maquin\u00e0ria<br \/>\n\u2022 CFGM TM40 Manteniment de Material Rodant Ferroviari<\/p>\n<p style=\"text-align: justify;\">La durada del curs \u00e9s de 650 hores (495 en un centre educatiu i 155 en un centre de treball).<\/p>\n<ul>\n<li>PDF explicatiu sobre el <strong><a href=\"https:\/\/drive.google.com\/file\/d\/18Mt2zJJHTNcTYfocoXhQW582Vih61Y3e\/view?usp=sharing\" target=\"_blank\" rel=\"noopener\">CEFP de Manteniment de Vehicles H\u00edbrids i El\u00e8ctrics<\/a><\/strong><\/li>\n<li>Informaci\u00f3 sobre el CEFP de Manteniment de Vehicles H\u00edbrids i El\u00e8ctrics al seg\u00fcent <a href=\"https:\/\/triaeducativa.gencat.cat\/ca\/fp\/cursos-especialitzacio\/families-professionals\/transport-manteniment-vehicles\/?p_id=5390&amp;estudi\" target=\"_blank\" rel=\"noopener noreferrer\">enlla\u00e7<\/a>.<\/li>\n<li>Tota la informaci\u00f3 general sobre els cursos d&#8217;especialitzaci\u00f3 al web <a href=\"https:\/\/triaeducativa.gencat.cat\/ca\/fp\/cursos-especialitzacio\/\" target=\"_blank\" rel=\"noopener noreferrer\"><strong>gencat CEFP.<\/strong><\/a><\/li>\n<\/ul>\n","protected":false},"excerpt":{"rendered":"<p>Manteniment de Vehicles H\u00edbrids i El\u00e8ctrics<br \/>\nAquests estudis capaciten per realitzar operacions de manteniment, muntatge d&#8217;elements i conjunts, localitzaci\u00f3 d&#8217;avaries, reparaci\u00f3, verificaci\u00f3 i ajust, en vehicles amb sistemes de propulsi\u00f3 h\u00edbrids i el\u00e8ctrics, seguint especificacions t\u00e8cniques de seguretat i de protecci\u00f3 ambiental, complint la normativa vigent.<\/p>\n<p>Per&hellip;  <a href=\"https:\/\/agora.xtec.cat\/iesmonturiol\/informacio-oferta-formativa\/cursos-despecialitzacio\/\" title=\"Read CURSOS D&#8217;ESPECIALITZACI\u00d3\">Llegeix m\u00e9s\u00bb<\/a><\/p>\n","protected":false},"author":1,"featured_media":0,"parent":763,"menu_order":6,"comment_status":"closed","ping_status":"closed","template":"page-templates\/side-menu.php","meta":{"_bbp_topic_count":0,"_bbp_reply_count":0,"_bbp_total_topic_count":0,"_bbp_total_reply_count":0,"_bbp_voice_count":0,"_bbp_anonymous_reply_count":0,"_bbp_topic_count_hidden":0,"_bbp_reply_count_hidden":0,"_bbp_forum_subforum_count":0,"footnotes":""},"class_list":["post-4916","page","type-page","status-publish","hentry"],"post_mailing_queue_ids":[],"_links":{"self":[{"href":"https:\/\/agora.xtec.cat\/iesmonturiol\/wp-json\/wp\/v2\/pages\/4916","targetHints":{"allow":["GET"]}}],"collection":[{"href":"https:\/\/agora.xtec.cat\/iesmonturiol\/wp-json\/wp\/v2\/pages"}],"about":[{"href":"https:\/\/agora.xtec.cat\/iesmonturiol\/wp-json\/wp\/v2\/types\/page"}],"author":[{"embeddable":true,"href":"https:\/\/agora.xtec.cat\/iesmonturiol\/wp-json\/wp\/v2\/users\/1"}],"replies":[{"embeddable":true,"href":"https:\/\/agora.xtec.cat\/iesmonturiol\/wp-json\/wp\/v2\/comments?post=4916"}],"version-history":[{"count":3,"href":"https:\/\/agora.xtec.cat\/iesmonturiol\/wp-json\/wp\/v2\/pages\/4916\/revisions"}],"predecessor-version":[{"id":5225,"href":"https:\/\/agora.xtec.cat\/iesmonturiol\/wp-json\/wp\/v2\/pages\/4916\/revisions\/5225"}],"up":[{"embeddable":true,"href":"https:\/\/agora.xtec.cat\/iesmonturiol\/wp-json\/wp\/v2\/pages\/763"}],"wp:attachment":[{"href":"https:\/\/agora.xtec.cat\/iesmonturiol\/wp-json\/wp\/v2\/media?parent=4916"}],"curies":[{"name":"wp","href":"https:\/\/api.w.org\/{rel}","templated":true}]}}