{"id":46,"date":"2014-09-17T16:53:45","date_gmt":"2014-09-17T14:53:45","guid":{"rendered":"http:\/\/agora.xtec.cat\/iesmonturiol\/?page_id=46"},"modified":"2025-07-11T10:40:13","modified_gmt":"2025-07-11T08:40:13","slug":"organigrama","status":"publish","type":"page","link":"https:\/\/agora.xtec.cat\/iesmonturiol\/linstitut\/organitzacio-del-centre\/organigrama\/","title":{"rendered":"Organigrama"},"content":{"rendered":"<p><strong>EQUIP DIRECTIU<\/strong><\/p>\n<ul>\n<li>Director: Albert Masoliver<\/li>\n<li>Cap d&#8217;estudis: Albert Portas<\/li>\n<li>Secretari: Iv\u00e1n Gonz\u00e1lez<\/li>\n<li>Coordinadora Pedag\u00f2gica: Nadina Ros<\/li>\n<li>Cap d&#8217;estudis FP: Alba Pedrosa<\/li>\n<li>Cap d&#8217;estudis adjunta: N\u00faria Tuset<\/li>\n<li>Administrador: Marc Rusin\u00e8s<\/li>\n<\/ul>\n<p>&nbsp;<\/p>\n<p><strong>COORDINACIONS ESTUDIS<\/strong><\/p>\n<ul>\n<li>Coordinaci\u00f3 1 ESO: Teresa Moner<\/li>\n<li>Coordinaci\u00f3 2 ESO: Pep Serrano<\/li>\n<li>Coordinaci\u00f3 3 ESO: S\u00edlvia Sala<\/li>\n<li>Coordinaci\u00f3 4 ESO: Mireia Roura<\/li>\n<li>Coordinaci\u00f3 Batxillerat: Toni Motera<\/li>\n<\/ul>\n<p>&nbsp;<\/p>\n<p><strong>ALTRES COORDINACIONS<\/strong><\/p>\n<ul>\n<li>Coordinaci\u00f3 Qualitat: David Ribas<\/li>\n<li>Coordinaci\u00f3 Empresa-FP: Montse Veh\u00ed<\/li>\n<li>Coordinaci\u00f3 Mobilitat: Eva Berenguer<\/li>\n<li>Coordinaci\u00f3 Inform\u00e0tica: Llu\u00eds Valldaura<\/li>\n<li>Coordinaci\u00f3 Manteniment i Riscos: Pau Bar\u00f3<\/li>\n<li>Coordinaci\u00f3 COCOBE: Mar Carrillo<\/li>\n<li>Coordinaci\u00f3 Activitats i participaci\u00f3: Gl\u00f2ria L\u00f3pez<\/li>\n<\/ul>\n<p>&nbsp;<\/p>\n<p><strong>CAPS DE DEPARTAMENT<\/strong><\/p>\n<ul>\n<li>Lleng\u00fces catalana i castellana: \u00c0ngels Vila<\/li>\n<li>Lleng\u00fces estrangeres: Judith Molas<\/li>\n<li>Matem\u00e0tiques: Joana Molina<\/li>\n<li>Ci\u00e8ncies Naturals: Montse Guerra<\/li>\n<li>Ci\u00e8ncies Socials: David Ruiz<\/li>\n<li>Tecnologia: Elisabet S\u00e0nchez<\/li>\n<li>VIP i M\u00fasica: Sara Salip<\/li>\n<li>Educaci\u00f3 F\u00edsica: Xavi Cuadrado<\/li>\n<li>Automoci\u00f3: Albert Camprub\u00ed<\/li>\n<li>Electricitat: Manel Garcia<\/li>\n<li>Imatge Personal: Montse Rocas<\/li>\n<li>Instal\u00b7laci\u00f3 i Manteniment: Toni Esteve<\/li>\n<\/ul>\n","protected":false},"excerpt":{"rendered":"<p>EQUIP DIRECTIU<\/p>\n<ul>\n<li>Director: Albert Masoliver<\/li>\n<li>Cap d&#8217;estudis: Albert Portas<\/li>\n<li>Secretari: Iv\u00e1n Gonz\u00e1lez<\/li>\n<li>Coordinadora Pedag\u00f2gica: Nadina Ros<\/li>\n<li>Cap d&#8217;estudis FP: Alba Pedrosa<\/li>\n<li>Cap d&#8217;estudis adjunta: N\u00faria Tuset<\/li>\n<li>Administrador: Marc Rusin\u00e8s<\/li>\n<\/ul>\n<p>&nbsp;<br \/>\nCOORDINACIONS ESTUDIS<\/p>\n<ul>\n<li>Coordinaci\u00f3 1 ESO: Teresa Moner<\/li>\n<li>Coordinaci\u00f3 2 ESO: Pep Serrano<\/li>\n<li>Coordinaci\u00f3 3 ESO: S\u00edlvia Sala<\/li>\n<li>Coordinaci\u00f3 4 ESO: Mireia Roura<\/li>\n<li>Coordinaci\u00f3 Batxillerat: Toni Motera<\/li>\n<\/ul>\n<p>&nbsp;<br \/>\nALTRES COORDINACIONS<\/p>\n<ul>\n<li>Coordinaci\u00f3 Qualitat: David&hellip;  <a href=\"https:\/\/agora.xtec.cat\/iesmonturiol\/linstitut\/organitzacio-del-centre\/organigrama\/\" title=\"Read Organigrama\">Llegeix m\u00e9s\u00bb<\/a><br \/>\n","protected":false},"author":1,"featured_media":0,"parent":1040,"menu_order":50,"comment_status":"closed","ping_status":"closed","template":"page-templates\/side-menu.php","meta":{"_bbp_topic_count":0,"_bbp_reply_count":0,"_bbp_total_topic_count":0,"_bbp_total_reply_count":0,"_bbp_voice_count":0,"_bbp_anonymous_reply_count":0,"_bbp_topic_count_hidden":0,"_bbp_reply_count_hidden":0,"_bbp_forum_subforum_count":0,"footnotes":""},"class_list":["post-46","page","type-page","status-publish","hentry"],"post_mailing_queue_ids":[],"_links":{"self":[{"href":"https:\/\/agora.xtec.cat\/iesmonturiol\/wp-json\/wp\/v2\/pages\/46","targetHints":{"allow":["GET"]}}],"collection":[{"href":"https:\/\/agora.xtec.cat\/iesmonturiol\/wp-json\/wp\/v2\/pages"}],"about":[{"href":"https:\/\/agora.xtec.cat\/iesmonturiol\/wp-json\/wp\/v2\/types\/page"}],"author":[{"embeddable":true,"href":"https:\/\/agora.xtec.cat\/iesmonturiol\/wp-json\/wp\/v2\/users\/1"}],"replies":[{"embeddable":true,"href":"https:\/\/agora.xtec.cat\/iesmonturiol\/wp-json\/wp\/v2\/comments?post=46"}],"version-history":[{"count":6,"href":"https:\/\/agora.xtec.cat\/iesmonturiol\/wp-json\/wp\/v2\/pages\/46\/revisions"}],"predecessor-version":[{"id":6503,"href":"https:\/\/agora.xtec.cat\/iesmonturiol\/wp-json\/wp\/v2\/pages\/46\/revisions\/6503"}],"up":[{"embeddable":true,"href":"https:\/\/agora.xtec.cat\/iesmonturiol\/wp-json\/wp\/v2\/pages\/1040"}],"wp:attachment":[{"href":"https:\/\/agora.xtec.cat\/iesmonturiol\/wp-json\/wp\/v2\/media?parent=46"}],"curies":[{"name":"wp","href":"https:\/\/api.w.org\/{rel}","templated":true}]}}