{"id":4409,"date":"2021-11-02T23:11:03","date_gmt":"2021-11-02T22:11:03","guid":{"rendered":"https:\/\/agora.xtec.cat\/iesmonturiol\/?page_id=4409"},"modified":"2021-11-02T23:11:03","modified_gmt":"2021-11-02T22:11:03","slug":"erasmus-finalitzats","status":"publish","type":"page","link":"https:\/\/agora.xtec.cat\/iesmonturiol\/erasmus-finalitzats\/","title":{"rendered":"Erasmus + finalitzats"},"content":{"rendered":"<p>Els cursos escolars s&#8217;encadenen uns amb els altres i l&#8217;Institut Narc\u00eds Monturiol comen\u00e7a a disposar d&#8217;un seguit de projectes Erasmus finalitzats que podreu consultar si cliqueu a les p\u00e0gines que en deriven d&#8217;aquesta.<\/p>\n<p><a href=\"https:\/\/agora.xtec.cat\/iesmonturiol\/wp-content\/uploads\/usu1826\/2019\/07\/logo_ourmemories-e1561965032663.png\"><img loading=\"lazy\" decoding=\"async\" class=\"alignnone wp-image-2116\" src=\"https:\/\/agora.xtec.cat\/iesmonturiol\/wp-content\/uploads\/usu1826\/2019\/07\/logo_ourmemories-e1561965032663.png\" alt=\"\" width=\"243\" height=\"121\" srcset=\"https:\/\/agora.xtec.cat\/iesmonturiol\/wp-content\/uploads\/usu1826\/2019\/07\/logo_ourmemories-e1561965032663.png 593w, https:\/\/agora.xtec.cat\/iesmonturiol\/wp-content\/uploads\/usu1826\/2019\/07\/logo_ourmemories-e1561965032663-300x149.png 300w\" sizes=\"auto, (max-width: 243px) 100vw, 243px\" \/><\/a><\/p>\n","protected":false},"excerpt":{"rendered":"<p>Els cursos escolars s&#8217;encadenen uns amb els altres i l&#8217;Institut Narc\u00eds Monturiol comen\u00e7a a disposar d&#8217;un seguit de projectes Erasmus finalitzats que podreu consultar si cliqueu a les p\u00e0gines que en deriven d&#8217;aquesta.<br \/>\n<a href=\"https:\/\/agora.xtec.cat\/iesmonturiol\/wp-content\/uploads\/usu1826\/2019\/07\/logo_ourmemories-e1561965032663.png\"><\/a><\/p>\n","protected":false},"author":8,"featured_media":0,"parent":0,"menu_order":0,"comment_status":"closed","ping_status":"closed","template":"","meta":{"_bbp_topic_count":0,"_bbp_reply_count":0,"_bbp_total_topic_count":0,"_bbp_total_reply_count":0,"_bbp_voice_count":0,"_bbp_anonymous_reply_count":0,"_bbp_topic_count_hidden":0,"_bbp_reply_count_hidden":0,"_bbp_forum_subforum_count":0,"footnotes":""},"class_list":["post-4409","page","type-page","status-publish","hentry"],"post_mailing_queue_ids":[],"_links":{"self":[{"href":"https:\/\/agora.xtec.cat\/iesmonturiol\/wp-json\/wp\/v2\/pages\/4409","targetHints":{"allow":["GET"]}}],"collection":[{"href":"https:\/\/agora.xtec.cat\/iesmonturiol\/wp-json\/wp\/v2\/pages"}],"about":[{"href":"https:\/\/agora.xtec.cat\/iesmonturiol\/wp-json\/wp\/v2\/types\/page"}],"author":[{"embeddable":true,"href":"https:\/\/agora.xtec.cat\/iesmonturiol\/wp-json\/wp\/v2\/users\/8"}],"replies":[{"embeddable":true,"href":"https:\/\/agora.xtec.cat\/iesmonturiol\/wp-json\/wp\/v2\/comments?post=4409"}],"version-history":[{"count":1,"href":"https:\/\/agora.xtec.cat\/iesmonturiol\/wp-json\/wp\/v2\/pages\/4409\/revisions"}],"predecessor-version":[{"id":4410,"href":"https:\/\/agora.xtec.cat\/iesmonturiol\/wp-json\/wp\/v2\/pages\/4409\/revisions\/4410"}],"wp:attachment":[{"href":"https:\/\/agora.xtec.cat\/iesmonturiol\/wp-json\/wp\/v2\/media?parent=4409"}],"curies":[{"name":"wp","href":"https:\/\/api.w.org\/{rel}","templated":true}]}}