{"id":4353,"date":"2021-10-08T18:45:09","date_gmt":"2021-10-08T16:45:09","guid":{"rendered":"https:\/\/agora.xtec.cat\/iesmonturiol\/?page_id=4353"},"modified":"2021-11-02T23:04:48","modified_gmt":"2021-11-02T22:04:48","slug":"k2-social-inclusion-2020-2023","status":"publish","type":"page","link":"https:\/\/agora.xtec.cat\/iesmonturiol\/k2-social-inclusion-2020-2023\/","title":{"rendered":"K2 PC Skills 2020\/2023"},"content":{"rendered":"<p>Benvolgudes fam\u00edlies i alumnes, en plau presentar-vos el nou projecte Internacional en qu\u00e8 participaran els nostres alumnes de 1r de Batxillerat i que es titula &#8221; PC Skills&#8221;.<\/p>\n<p>Ens trobem en la seva etapa inicial aix\u00ed que s&#8217;obre el per\u00edodes de sol\u00b7licituds per a formar part seguint els criteris de selecci\u00f3 en qu\u00e8 es tenen en compte les activitats preparat\u00f2ria entre d&#8217;altes i que apareixeran amb el seu valor num\u00e8ric en la baremaci\u00f3 que es realitzar\u00e0 un cop finalitzat el per\u00edode de sol\u00b7licitud.<\/p>\n<p>Tens des de l1 d&#8217;octubre\u00a0 fins el dimecres 26 d&#8217;octubre per presentar la teva candidatura. Esperem moltes sol\u00b7licituds!!<\/p>\n<p>Podeu consultar les puntuacions dels candidats a partir del divendres\u00a0<strong>25 d\u2019octubre del 2021<\/strong>\u00a0en el seg\u00fcent enlla\u00e7:<\/p>\n<p><a href=\"https:\/\/drive.google.com\/file\/d\/1cZcP_QdIl4y83F81Lu1PitNJTHmc72tk\/view?usp=sharing\">Baremaci\u00f3 K2 PC Skills<\/a><\/p>\n","protected":false},"excerpt":{"rendered":"<p>Benvolgudes fam\u00edlies i alumnes, en plau presentar-vos el nou projecte Internacional en qu\u00e8 participaran els nostres alumnes de 1r de Batxillerat i que es titula &#8221; PC Skills&#8221;.<br \/>\nEns trobem en la seva etapa inicial aix\u00ed que s&#8217;obre el per\u00edodes de sol\u00b7licituds per a formar part&hellip;  <a href=\"https:\/\/agora.xtec.cat\/iesmonturiol\/k2-social-inclusion-2020-2023\/\" title=\"Read K2 PC Skills 2020\/2023\">Llegeix m\u00e9s\u00bb<\/a><\/p>\n","protected":false},"author":8,"featured_media":0,"parent":0,"menu_order":0,"comment_status":"closed","ping_status":"closed","template":"","meta":{"_bbp_topic_count":0,"_bbp_reply_count":0,"_bbp_total_topic_count":0,"_bbp_total_reply_count":0,"_bbp_voice_count":0,"_bbp_anonymous_reply_count":0,"_bbp_topic_count_hidden":0,"_bbp_reply_count_hidden":0,"_bbp_forum_subforum_count":0,"footnotes":""},"class_list":["post-4353","page","type-page","status-publish","hentry"],"post_mailing_queue_ids":[],"_links":{"self":[{"href":"https:\/\/agora.xtec.cat\/iesmonturiol\/wp-json\/wp\/v2\/pages\/4353","targetHints":{"allow":["GET"]}}],"collection":[{"href":"https:\/\/agora.xtec.cat\/iesmonturiol\/wp-json\/wp\/v2\/pages"}],"about":[{"href":"https:\/\/agora.xtec.cat\/iesmonturiol\/wp-json\/wp\/v2\/types\/page"}],"author":[{"embeddable":true,"href":"https:\/\/agora.xtec.cat\/iesmonturiol\/wp-json\/wp\/v2\/users\/8"}],"replies":[{"embeddable":true,"href":"https:\/\/agora.xtec.cat\/iesmonturiol\/wp-json\/wp\/v2\/comments?post=4353"}],"version-history":[{"count":3,"href":"https:\/\/agora.xtec.cat\/iesmonturiol\/wp-json\/wp\/v2\/pages\/4353\/revisions"}],"predecessor-version":[{"id":4427,"href":"https:\/\/agora.xtec.cat\/iesmonturiol\/wp-json\/wp\/v2\/pages\/4353\/revisions\/4427"}],"wp:attachment":[{"href":"https:\/\/agora.xtec.cat\/iesmonturiol\/wp-json\/wp\/v2\/media?parent=4353"}],"curies":[{"name":"wp","href":"https:\/\/api.w.org\/{rel}","templated":true}]}}