{"id":3960,"date":"2021-04-22T17:31:57","date_gmt":"2021-04-22T15:31:57","guid":{"rendered":"http:\/\/agora.xtec.cat\/iesmonturiol\/?page_id=3960"},"modified":"2022-07-11T19:45:27","modified_gmt":"2022-07-11T17:45:27","slug":"programes-de-formacio-i-insercio-pfi","status":"publish","type":"page","link":"https:\/\/agora.xtec.cat\/iesmonturiol\/informacio-oferta-formativa\/programes-de-formacio-i-insercio-pfi\/","title":{"rendered":"PROGRAMES DE FORMACI\u00d3 I INSERCI\u00d3 (PFI)"},"content":{"rendered":"<h5>Auxiliar en Imatge Personal: Perruqueria i Est\u00e8tica<\/h5>\n<p style=\"text-align: justify;\">Aquests estudis capaciten per dur a terme tasques b\u00e0siques de neteja, canvis de forma i color del cabell, aix\u00ed com t\u00e8cniques b\u00e0siques de maquillatge, depilaci\u00f3, manicura i pedicura, atenent al client i preparant els equips, materials i \u00e0rees de treball.<\/p>\n<p style=\"text-align: justify;\">Poden accedir a aquest programa de formaci\u00f3 i inserci\u00f3 (PFI) els joves no ocupats que compleixin com a m\u00ednim 16 anys d&#8217;edat i com a m\u00e0xim 21 en l&#8217;any d&#8217;inici del programa i que no hagin obtingut el graduat en ESO.<\/p>\n<p style=\"text-align: justify;\">Tenen una durada total de 1.000 hores, un curs acad\u00e8mic.<\/p>\n<ul>\n<li>PDF explicatiu sobre el <strong><a href=\"https:\/\/drive.google.com\/file\/d\/1gUKC6Yys3KA02r87WwtRbU_wzAPP_1cM\/view?usp=sharing\" target=\"_blank\" rel=\"noopener noreferrer\">PFI Imatge Personal<\/a><\/strong>.<\/li>\n<li>Informaci\u00f3 sobre el PFI d&#8217;Imatge Personal al seg\u00fcent <a href=\"https:\/\/triaeducativa.gencat.cat\/ca\/fp\/pfi\/families-professionals\/imatge-personal\/?p_id=2777&amp;estudi\" target=\"_blank\" rel=\"noopener noreferrer\">enlla\u00e7<\/a>.<\/li>\n<li>Tota la informaci\u00f3 general sobre el PFI al web <a href=\"https:\/\/triaeducativa.gencat.cat\/ca\/fp\/pfi\/\" target=\"_blank\" rel=\"noopener noreferrer\"><strong>gencat PFI.<\/strong><\/a><\/li>\n<\/ul>\n<p><a href=\"https:\/\/agora.xtec.cat\/iesmonturiol\/wp-content\/uploads\/usu1826\/2021\/06\/PFI__Prom._Web.png\"><img loading=\"lazy\" decoding=\"async\" class=\"wp-image-4088 aligncenter\" src=\"https:\/\/agora.xtec.cat\/iesmonturiol\/wp-content\/uploads\/usu1826\/2021\/06\/PFI__Prom._Web-212x300.png\" alt=\"\" width=\"531\" height=\"751\" srcset=\"https:\/\/agora.xtec.cat\/iesmonturiol\/wp-content\/uploads\/usu1826\/2021\/06\/PFI__Prom._Web-212x300.png 212w, https:\/\/agora.xtec.cat\/iesmonturiol\/wp-content\/uploads\/usu1826\/2021\/06\/PFI__Prom._Web-768x1086.png 768w, https:\/\/agora.xtec.cat\/iesmonturiol\/wp-content\/uploads\/usu1826\/2021\/06\/PFI__Prom._Web-724x1024.png 724w, https:\/\/agora.xtec.cat\/iesmonturiol\/wp-content\/uploads\/usu1826\/2021\/06\/PFI__Prom._Web.png 1587w\" sizes=\"auto, (max-width: 531px) 100vw, 531px\" \/><\/a><\/p>\n<p>&nbsp;<\/p>\n<p>&nbsp;<\/p>\n","protected":false},"excerpt":{"rendered":"<p>Auxiliar en Imatge Personal: Perruqueria i Est\u00e8tica<br \/>\nAquests estudis capaciten per dur a terme tasques b\u00e0siques de neteja, canvis de forma i color del cabell, aix\u00ed com t\u00e8cniques b\u00e0siques de maquillatge, depilaci\u00f3, manicura i pedicura, atenent al client i preparant els equips, materials i \u00e0rees de&hellip;  <a href=\"https:\/\/agora.xtec.cat\/iesmonturiol\/informacio-oferta-formativa\/programes-de-formacio-i-insercio-pfi\/\" title=\"Read PROGRAMES DE FORMACI\u00d3 I INSERCI\u00d3 (PFI)\">Llegeix m\u00e9s\u00bb<\/a><\/p>\n","protected":false},"author":1,"featured_media":0,"parent":763,"menu_order":5,"comment_status":"closed","ping_status":"closed","template":"page-templates\/side-menu.php","meta":{"_bbp_topic_count":0,"_bbp_reply_count":0,"_bbp_total_topic_count":0,"_bbp_total_reply_count":0,"_bbp_voice_count":0,"_bbp_anonymous_reply_count":0,"_bbp_topic_count_hidden":0,"_bbp_reply_count_hidden":0,"_bbp_forum_subforum_count":0,"footnotes":""},"class_list":["post-3960","page","type-page","status-publish","hentry"],"post_mailing_queue_ids":[],"_links":{"self":[{"href":"https:\/\/agora.xtec.cat\/iesmonturiol\/wp-json\/wp\/v2\/pages\/3960","targetHints":{"allow":["GET"]}}],"collection":[{"href":"https:\/\/agora.xtec.cat\/iesmonturiol\/wp-json\/wp\/v2\/pages"}],"about":[{"href":"https:\/\/agora.xtec.cat\/iesmonturiol\/wp-json\/wp\/v2\/types\/page"}],"author":[{"embeddable":true,"href":"https:\/\/agora.xtec.cat\/iesmonturiol\/wp-json\/wp\/v2\/users\/1"}],"replies":[{"embeddable":true,"href":"https:\/\/agora.xtec.cat\/iesmonturiol\/wp-json\/wp\/v2\/comments?post=3960"}],"version-history":[{"count":3,"href":"https:\/\/agora.xtec.cat\/iesmonturiol\/wp-json\/wp\/v2\/pages\/3960\/revisions"}],"predecessor-version":[{"id":4092,"href":"https:\/\/agora.xtec.cat\/iesmonturiol\/wp-json\/wp\/v2\/pages\/3960\/revisions\/4092"}],"up":[{"embeddable":true,"href":"https:\/\/agora.xtec.cat\/iesmonturiol\/wp-json\/wp\/v2\/pages\/763"}],"wp:attachment":[{"href":"https:\/\/agora.xtec.cat\/iesmonturiol\/wp-json\/wp\/v2\/media?parent=3960"}],"curies":[{"name":"wp","href":"https:\/\/api.w.org\/{rel}","templated":true}]}}