{"id":3940,"date":"2021-04-21T18:30:45","date_gmt":"2021-04-21T16:30:45","guid":{"rendered":"http:\/\/agora.xtec.cat\/iesmonturiol\/?page_id=3940"},"modified":"2026-04-30T13:01:03","modified_gmt":"2026-04-30T11:01:03","slug":"preinscripcio-pfi_ife","status":"publish","type":"page","link":"https:\/\/agora.xtec.cat\/iesmonturiol\/secretaria\/preinscripcio\/preinscripcio-pfi_ife\/","title":{"rendered":"PFI Imatge Personal \/ IFE Auxiliar en Vendes i Atenci\u00f3 al P\u00fablic"},"content":{"rendered":"<h5>PFI Auxiliar en Imatge Personal: Perruqueria i Est\u00e8tica<\/h5>\n<ul>\n<li>Tota la informaci\u00f3 general sobre el PFI al web <a href=\"https:\/\/triaeducativa.gencat.cat\/ca\/fp\/pfi\/\" target=\"_blank\" rel=\"noopener noreferrer\"><strong>gencat PFI.<\/strong><\/a><\/li>\n<li>Informaci\u00f3 concreta sobre el <a href=\"https:\/\/drive.google.com\/file\/d\/1IekFo1PTBY6SmcS4M5cFiwFpXbdlqo8x\/view?usp=sharing\" target=\"_blank\" rel=\"noopener\"><strong>PFI Imatge Personal<\/strong><\/a>.<\/li>\n<li>Tota la informaci\u00f3 sobre la preinscripci\u00f3 al web <a href=\"https:\/\/preinscripcio.gencat.cat\/ca\/estudis\/pfi\/inici\/\" target=\"_blank\" rel=\"noopener\"><strong>Preinscripci\u00f3 26\/27: PFI<\/strong><\/a><\/li>\n<li>Per qualsevol dubte o aclariment, empleneu el seg\u00fcent <a href=\"https:\/\/docs.google.com\/forms\/d\/e\/1FAIpQLSdf0s5lXVBV1KTrDhy4X_smq08mNhzNPgfHdql4x0C_4ao-Iw\/viewform\" target=\"_blank\" rel=\"noopener\">formulari<\/a>.<\/li>\n<\/ul>\n<p>Requisits:<\/p>\n<ol>\n<li>Joves d&#8217;entre 16 i 21 anys que no han finalitzat l&#8217;educaci\u00f3 secund\u00e0ria obligat\u00f2ria.<\/li>\n<\/ol>\n<hr \/>\n<ul>\n<li>30 d&#8217;abril de 2026: <a href=\"https:\/\/drive.google.com\/file\/d\/1wEN4uUpmyRZDLiXzshKAJ-AC5d4sji5N\/view?usp=sharing\" target=\"_blank\" rel=\"noopener\">oferta inicial de places escolars<\/a><\/li>\n<li>Del 4 al 13 de maig de 2026: presentaci\u00f3 de sol\u00b7licituds. <a href=\"https:\/\/tramits.gencat.cat\/ca\/tramits\/tramits-temes\/preinscripcio-pfi\" target=\"_blank\" rel=\"noopener\">\u00c9s telem\u00e0tic<\/a>.<\/li>\n<li>Del 4 al 26 de maig de 2026: entrevistes d&#8217;orientaci\u00f3 i valoraci\u00f3<\/li>\n<li>28 de maig de 2026: llista de sol\u00b7licituds amb la puntuaci\u00f3 provisional<\/li>\n<li>Del 28 de maig al 3 de juny de 2026: presentaci\u00f3 de reclamacions<\/li>\n<li>8 de juny de 2026: llista de sol\u00b7licituds amb la puntuaci\u00f3 un cop resoltes les reclamacions<\/li>\n<li>8 de juny de 2026: sorteig per resoldre les sol\u00b7licituds de preinscripci\u00f3 empatades en punts<\/li>\n<li>11 de juny de 2026: llista ordenada<\/li>\n<li>Del 25 al 29 de juny de 2026: ampliaci\u00f3 de peticions de preinscripci\u00f3 per a alumnes sense pla\u00e7a assignada a cap centre<\/li>\n<li>3 de juliol de 2026: oferta final de places escolars<\/li>\n<li>3 de juliol de 2026: llista d&#8217;alumnes admesos i llista d&#8217;espera<\/li>\n<li>Del 6 al 10 de juliol de 2026: matriculaci\u00f3<\/li>\n<\/ul>\n<p><em><strong>L\u2019alumne\/a ha de venir acompanyat pel seu pare \/ mare \/ tutor legal.<\/strong><\/em><\/p>\n<p>Han de venir a signar documentaci\u00f3 referent a la matr\u00edcula.<\/p>\n<p>L&#8217;horari de secretaria \u00e9s de dilluns a divendres, de 9:00 h a 14:00 h.<\/p>\n<p>Important: el DNI ha de constar l&#8217;adre\u00e7a correcta, si el domicili al\u00b7legat no consta en el document.<\/p>\n<hr \/>\n<h5>IFE Auxiliar en Vendes i Atenci\u00f3 al P\u00fablic<\/h5>\n<ul>\n<li>Tota la informaci\u00f3 general sobre l&#8217;IFE al web <a href=\"https:\/\/triaeducativa.gencat.cat\/ca\/fp\/ife\/index.html\" target=\"_blank\" rel=\"noopener\">tria educativa IFE<\/a>.<\/li>\n<li>Informaci\u00f3 concreta sobre l&#8217;<a href=\"https:\/\/triaeducativa.gencat.cat\/ca\/estudis\/?auxiliar-vendes-atencio-public&amp;p_id=3910\" target=\"_blank\" rel=\"noopener\">IFE Auxiliar en Vendes i Atenci\u00f3 al P\u00fablic<\/a>.<\/li>\n<li>Tota la informaci\u00f3 sobre la preinscripci\u00f3 al web <strong><a href=\"https:\/\/preinscripcio.gencat.cat\/ca\/estudis\/ife\/inici\/\" target=\"_blank\" rel=\"noopener\">Preinscripci\u00f3: IFE<\/a>.<\/strong><\/li>\n<li>Per qualsevol dubte o aclariment, empleneu el seg\u00fcent <a href=\"https:\/\/docs.google.com\/forms\/d\/e\/1FAIpQLSdf0s5lXVBV1KTrDhy4X_smq08mNhzNPgfHdql4x0C_4ao-Iw\/viewform\" target=\"_blank\" rel=\"noopener\">formulari<\/a>.<\/li>\n<\/ul>\n<p>Requisits:<\/p>\n<ol>\n<li>Presentar necessitats educatives especials associades a discapacitat intel\u00b7lectual lleu o moderada (inclosos els alumnes amb trastorn de l&#8217;espectre autista).<\/li>\n<li>Tenir entre 16 i 20 anys d&#8217;edat l&#8217;any natural de l&#8217;inici de l&#8217;itinerari.<\/li>\n<\/ol>\n<hr \/>\n<ul>\n<li>8 de maig de 2026: oferta inicial de places escolars<\/li>\n<li>De l&#8217;11 al 22 de maig de 2026: presentaci\u00f3 de sol\u00b7licituds. \u00c9s presencial al centre en horari de secretaria (MATINS: dilluns a divendres de 9:00 h a 14:00 h; TARDES: dimarts de 15:00 h a 17:00 h).<\/li>\n<\/ul>\n<p>Documentaci\u00f3 identificativa a aportar:<\/p>\n<ul>\n<li style=\"list-style-type: none;\">\n<ul>\n<li>DNI, NIE o passaport vigent.<\/li>\n<li>Dictamen d&#8217;escolaritzaci\u00f3 o informe de reconeixement de necessitats educatives especials em\u00e8s per l&#8217;equip d&#8217;assessorament i orientaci\u00f3 psicopedag\u00f2gic (EAP) durant l&#8217;educaci\u00f3 obligat\u00f2ria en qu\u00e8 consti la condici\u00f3 d&#8217;alumne amb necessitats educatives especials associades a discapacitat intel\u00b7lectual lleu o moderada.<\/li>\n<li>Si l&#8217;alumne\/a \u00e9s menor d&#8217;edat, llibre de fam\u00edlia i DNI \/ NIE \/ Passaport de la persona sol\u00b7licitant (pare, mare, tutor o tutora o guardador o guardadora de fet).<\/li>\n<\/ul>\n<\/li>\n<\/ul>\n<p>Documentaci\u00f3 acreditativa dels criteris prioritaris:<\/p>\n<ul>\n<li style=\"list-style-type: none;\">\n<ul>\n<li>Situaci\u00f3 d&#8217;escolaritzaci\u00f3 en el curs acad\u00e8mic 2025-2026: certificat d&#8217;estudis o altra documentaci\u00f3 que acrediti l&#8217;escolaritzaci\u00f3.<\/li>\n<li>Participaci\u00f3 per primera vegada en programes postobligatoris: l&#8217;acreditaci\u00f3 d&#8217;aquest criteri es fa marcant la casella corresponent en la sol\u00b7licitud de preinscripci\u00f3.<\/li>\n<\/ul>\n<\/li>\n<\/ul>\n<pre><\/pre>\n<ul>\n<li>29 de maig de 2026: llista de sol\u00b7licituds amb la puntuaci\u00f3 provisional<\/li>\n<li>2 de juny de 2026: sorteig per resoldre les sol\u00b7licituds de preinscripci\u00f3 empatades en punts despr\u00e9s d&#8217;aplicar els criteris de prioritat<\/li>\n<li>Del 3 al 10 de juny de 2026, ambd\u00f3s inclosos: presentaci\u00f3 de reclamacions<\/li>\n<li>16 de juny de 2026: llista d&#8217;alumnes admesos<\/li>\n<li>Del 19 al 26 de juny de 2026: matriculaci\u00f3<\/li>\n<\/ul>\n<p style=\"text-align: right;\"><em>Data d&#8217;actualitzaci\u00f3: 30\/04\/26<\/em><\/p>\n","protected":false},"excerpt":{"rendered":"<p>PFI Auxiliar en Imatge Personal: Perruqueria i Est\u00e8tica<\/p>\n<ul>\n<li>Tota la informaci\u00f3 general sobre el PFI al web <a href=\"https:\/\/triaeducativa.gencat.cat\/ca\/fp\/pfi\/\" target=\"_blank\" rel=\"noopener noreferrer\">gencat PFI.<\/a><\/li>\n<li>Informaci\u00f3 concreta sobre el <a href=\"https:\/\/drive.google.com\/file\/d\/1IekFo1PTBY6SmcS4M5cFiwFpXbdlqo8x\/view?usp=sharing\" target=\"_blank\" rel=\"noopener\">PFI Imatge Personal<\/a>.<\/li>\n<li>Tota la informaci\u00f3 sobre la preinscripci\u00f3 al web <a href=\"https:\/\/preinscripcio.gencat.cat\/ca\/estudis\/pfi\/inici\/\" target=\"_blank\" rel=\"noopener\">Preinscripci\u00f3 26\/27: PFI<\/a><\/li>\n<li>Per qualsevol&hellip;  <a href=\"https:\/\/agora.xtec.cat\/iesmonturiol\/secretaria\/preinscripcio\/preinscripcio-pfi_ife\/\" title=\"Read PFI Imatge Personal \/ IFE Auxiliar en Vendes i Atenci\u00f3 al P\u00fablic\">Llegeix m\u00e9s\u00bb<\/a><br \/>\n","protected":false},"author":1,"featured_media":0,"parent":977,"menu_order":0,"comment_status":"closed","ping_status":"closed","template":"page-templates\/side-menu.php","meta":{"_bbp_topic_count":0,"_bbp_reply_count":0,"_bbp_total_topic_count":0,"_bbp_total_reply_count":0,"_bbp_voice_count":0,"_bbp_anonymous_reply_count":0,"_bbp_topic_count_hidden":0,"_bbp_reply_count_hidden":0,"_bbp_forum_subforum_count":0,"footnotes":""},"class_list":["post-3940","page","type-page","status-publish","hentry"],"post_mailing_queue_ids":[],"_links":{"self":[{"href":"https:\/\/agora.xtec.cat\/iesmonturiol\/wp-json\/wp\/v2\/pages\/3940","targetHints":{"allow":["GET"]}}],"collection":[{"href":"https:\/\/agora.xtec.cat\/iesmonturiol\/wp-json\/wp\/v2\/pages"}],"about":[{"href":"https:\/\/agora.xtec.cat\/iesmonturiol\/wp-json\/wp\/v2\/types\/page"}],"author":[{"embeddable":true,"href":"https:\/\/agora.xtec.cat\/iesmonturiol\/wp-json\/wp\/v2\/users\/1"}],"replies":[{"embeddable":true,"href":"https:\/\/agora.xtec.cat\/iesmonturiol\/wp-json\/wp\/v2\/comments?post=3940"}],"version-history":[{"count":7,"href":"https:\/\/agora.xtec.cat\/iesmonturiol\/wp-json\/wp\/v2\/pages\/3940\/revisions"}],"predecessor-version":[{"id":6881,"href":"https:\/\/agora.xtec.cat\/iesmonturiol\/wp-json\/wp\/v2\/pages\/3940\/revisions\/6881"}],"up":[{"embeddable":true,"href":"https:\/\/agora.xtec.cat\/iesmonturiol\/wp-json\/wp\/v2\/pages\/977"}],"wp:attachment":[{"href":"https:\/\/agora.xtec.cat\/iesmonturiol\/wp-json\/wp\/v2\/media?parent=3940"}],"curies":[{"name":"wp","href":"https:\/\/api.w.org\/{rel}","templated":true}]}}