{"id":3122,"date":"2020-05-18T19:46:42","date_gmt":"2020-05-18T17:46:42","guid":{"rendered":"http:\/\/agora.xtec.cat\/iesmonturiol\/?page_id=3122"},"modified":"2021-07-21T14:16:45","modified_gmt":"2021-07-21T12:16:45","slug":"queixes-i-suggeriments","status":"publish","type":"page","link":"https:\/\/agora.xtec.cat\/iesmonturiol\/secretaria\/queixes-i-suggeriments\/","title":{"rendered":"Queixes i suggeriments"},"content":{"rendered":"<p style=\"text-align: justify;\">El nostre centre t\u00e9 el comprom\u00eds d\u2019avan\u00e7ar en el cam\u00ed de l\u2019excel\u00b7l\u00e8ncia, participant activament en el Projecte de Qualitat i Millora Cont\u00ednua basat en l\u2019aplicaci\u00f3 del sistema de gesti\u00f3 per processos segons la Norma ISO 9001-2015. Disposa de la certificaci\u00f3 des de juliol de 2009 (Norma ISO 9001), que es va renovar el curs 2017-2018.<\/p>\n<p style=\"text-align: justify;\">En el cam\u00ed cap a l\u2019excel\u00b7l\u00e8ncia educativa, i amb la voluntat d&#8217;oferir al seu entorn un servei educatiu de qualitat, que satisfaci les necessitats dels seus usuaris (alumnes, fam\u00edlies, personal docent i no docent i entorn) el centre t\u00e9 definit un procediment de queixes i\/o suggeriments on pret\u00e9n recollir la veu de qualsevol persona de la comunitat educativa i, posteriorment, analitzar i poder donar resposta als comentaris rebuts.<\/p>\n<p>Per tal de formular una queixa i\/o suggeriment, us demanem que ompliu el seg\u00fcent formulari:<\/p>\n<p style=\"text-align: center;\"><iframe loading=\"lazy\" src=\"https:\/\/docs.google.com\/forms\/d\/e\/1FAIpQLSeRW6VwlIhwQv2GM61UsDv97uW_XLkk2_Q7g6-vB1Bq2cCWnw\/viewform?embedded=true\" width=\"640\" height=\"884\" frameborder=\"0\">S&#8217;est\u00e0 carregant\u2026<\/iframe><\/p>\n","protected":false},"excerpt":{"rendered":"<p>El nostre centre t\u00e9 el comprom\u00eds d\u2019avan\u00e7ar en el cam\u00ed de l\u2019excel\u00b7l\u00e8ncia, participant activament en el Projecte de Qualitat i Millora Cont\u00ednua basat en l\u2019aplicaci\u00f3 del sistema de gesti\u00f3 per processos segons la Norma ISO 9001-2015. Disposa de la certificaci\u00f3 des de juliol de 2009&hellip;  <a href=\"https:\/\/agora.xtec.cat\/iesmonturiol\/secretaria\/queixes-i-suggeriments\/\" title=\"Read Queixes i suggeriments\">Llegeix m\u00e9s\u00bb<\/a><\/p>\n","protected":false},"author":1,"featured_media":0,"parent":81,"menu_order":0,"comment_status":"closed","ping_status":"closed","template":"page-templates\/side-menu.php","meta":{"_bbp_topic_count":0,"_bbp_reply_count":0,"_bbp_total_topic_count":0,"_bbp_total_reply_count":0,"_bbp_voice_count":0,"_bbp_anonymous_reply_count":0,"_bbp_topic_count_hidden":0,"_bbp_reply_count_hidden":0,"_bbp_forum_subforum_count":0,"footnotes":""},"class_list":["post-3122","page","type-page","status-publish","hentry"],"post_mailing_queue_ids":[],"_links":{"self":[{"href":"https:\/\/agora.xtec.cat\/iesmonturiol\/wp-json\/wp\/v2\/pages\/3122","targetHints":{"allow":["GET"]}}],"collection":[{"href":"https:\/\/agora.xtec.cat\/iesmonturiol\/wp-json\/wp\/v2\/pages"}],"about":[{"href":"https:\/\/agora.xtec.cat\/iesmonturiol\/wp-json\/wp\/v2\/types\/page"}],"author":[{"embeddable":true,"href":"https:\/\/agora.xtec.cat\/iesmonturiol\/wp-json\/wp\/v2\/users\/1"}],"replies":[{"embeddable":true,"href":"https:\/\/agora.xtec.cat\/iesmonturiol\/wp-json\/wp\/v2\/comments?post=3122"}],"version-history":[{"count":4,"href":"https:\/\/agora.xtec.cat\/iesmonturiol\/wp-json\/wp\/v2\/pages\/3122\/revisions"}],"predecessor-version":[{"id":3131,"href":"https:\/\/agora.xtec.cat\/iesmonturiol\/wp-json\/wp\/v2\/pages\/3122\/revisions\/3131"}],"up":[{"embeddable":true,"href":"https:\/\/agora.xtec.cat\/iesmonturiol\/wp-json\/wp\/v2\/pages\/81"}],"wp:attachment":[{"href":"https:\/\/agora.xtec.cat\/iesmonturiol\/wp-json\/wp\/v2\/media?parent=3122"}],"curies":[{"name":"wp","href":"https:\/\/api.w.org\/{rel}","templated":true}]}}