{"id":27,"date":"2014-09-17T16:24:03","date_gmt":"2014-09-17T16:24:03","guid":{"rendered":"http:\/\/agora.xtec.cat\/iesmonturiol\/?page_id=27"},"modified":"2022-07-29T11:11:15","modified_gmt":"2022-07-29T09:11:15","slug":"historia","status":"publish","type":"page","link":"https:\/\/agora.xtec.cat\/iesmonturiol\/linstitut\/historia\/","title":{"rendered":"Hist\u00f2ria"},"content":{"rendered":"<p class=\"text\" align=\"justify\">Els inicis de l&#8217;actual INS Narc\u00eds Monturiol es remunten a l&#8217;any 1974, quan a partir del desenvolupament de la Ley General de Educaci\u00f3n 14\/1970, de 4 d&#8217;agost, i promoguts pel Ministerio de Educaci\u00f3n y Ciencia, arreu del territori espanyol es varen crear nous centres escolars per acollir la Formaci\u00f3n Profesional promulgada a l&#8217;esmentada llei.<\/p>\n<p class=\"text\" align=\"justify\">Com a conseq\u00fc\u00e8ncia d&#8217;aquest proc\u00e9s, l&#8217;any 1974, s&#8217;inaugur\u00e0 a Figueres una secci\u00f3 que depenia del Centro Nacional de Formaci\u00f3n Profesional de Girona que, de forma provisional, s&#8217;instal.l\u00e0 a l&#8217;Escola d&#8217;Arts i Oficis de la Fundaci\u00f3 Clerch i Nicolau. El mateix any es crearen les seccions de Blanes, Olot, Banyoles i Palafrugell.<a href=\"http:\/\/agora.xtec.cat\/iesmonturiol\/escola-arts-i-oficis\/\"><img loading=\"lazy\" decoding=\"async\" class=\"size-medium wp-image-2144 alignright\" src=\"https:\/\/agora.xtec.cat\/iesmonturiol\/wp-content\/uploads\/usu1826\/2019\/07\/Escola-Arts-i-oficis-208x300.jpg\" alt=\"\" width=\"208\" height=\"300\" srcset=\"https:\/\/agora.xtec.cat\/iesmonturiol\/wp-content\/uploads\/usu1826\/2019\/07\/Escola-Arts-i-oficis-208x300.jpg 208w, https:\/\/agora.xtec.cat\/iesmonturiol\/wp-content\/uploads\/usu1826\/2019\/07\/Escola-Arts-i-oficis.jpg 250w\" sizes=\"auto, (max-width: 208px) 100vw, 208px\" \/><\/a><\/p>\n<p class=\"text\" align=\"justify\">En el primer curs de funcionament (1974-1975), es disposava d&#8217;una plantilla de quatre professors que impartien les especialitats d&#8217;Electricitat i Delineaci\u00f3 a una vintena d&#8217;alumnes. El curs seg\u00fcent, a m\u00e9s de les especialitats esmentades, es va introduir l&#8217;especialitat Administrativa.<\/p>\n<p class=\"text\" align=\"justify\">L&#8217;octubre de 1979, un cop finalitzades les obres de l&#8217;actual edifici, es traslladaren les depend\u00e8ncies a la nova seu per iniciar-hi el curs 1979-80. Era el moment de proposar un nom que denomin\u00e9s de manera significativa el centre. Les propostes sorgides del Claustre foren dues: Institut de Formaci\u00f3 Professional Alt Empord\u00e0 i Institut de Formaci\u00f3 Professional Narc\u00eds Monturiol, que fou la denominaci\u00f3 acceptada majorit\u00e0riament i que fins el dia d&#8217;avui es mant\u00e9.<\/p>\n<p class=\"text\" align=\"justify\">La inauguraci\u00f3 oficial de l&#8217;Institut es produ\u00ed el mes de febrer de 1980. El curs 1980-81 s&#8217;introdu\u00efren les especialitats d&#8217;Automoci\u00f3 i Secretariat, el 1981-1982 la de Perruqueria i el 1982-1983 la d&#8217;Electr\u00f2nica. A partir d&#8217;aqu\u00ed, el centre va anar creixent, fins arribar a una matr\u00edcula de 928 alumnes el curs 1993-94.<\/p>\n<p class=\"text\" align=\"justify\">Durant aquest per\u00edode de creixement del centre, es produiria un esdeveniment rellevant, degut a la restauraci\u00f3 de l&#8217;Autogovern catal\u00e0, ja que el curs 1980-81 el centre pass\u00e0 a dependre del Departament d&#8217;Ensenyament de la Generalitat de Catalunya.<\/p>\n<p class=\"text\" align=\"justify\">Amb la implantaci\u00f3 de la Ley de Ordenaci\u00f3n General del Sistema Educativo 1\/1990, (LOGSE) de 3 d&#8217;octubre, a partir del curs 1996-97, el centre pass\u00e0 a denominar-se Institut d&#8217;Educaci\u00f3 Secund\u00e0ria Narc\u00eds Monturiol, i s&#8217;inici\u00e0 l&#8217;extinci\u00f3 gradual de la Formaci\u00f3 Professional, per adaptar els estudis a les exig\u00e8ncies de la llei vigent. Aquest proc\u00e9s va finalitzar totalment en acabar el curs 2000-2001. <span class=\"text\">En aquell curs, el centre disposava de 67 professors, i una matr\u00edcula de 846 alumnes.<\/span><\/p>\n<p class=\"text\" align=\"justify\"><span class=\"text\"><br \/>\nL&#8217;Educaci\u00f3 Secund\u00e0ria Obligat\u00f2ria (ESO) s&#8217;inici\u00e0 l&#8217;any 1996, quan es matricularen els primers alumnes, de forma simult\u00e0nia, a primer i tercer curs. En finalitzar la primera promoci\u00f3, el curs 1998-99 s&#8217;instauraren els estudis de Batxillerat (modalitats de Ci\u00e8ncies de la Naturalesa i la Salut, d&#8217;Humanitats i Ci\u00e8ncies Socials i de Tecnologia). <\/span><\/p>\n<p align=\"justify\"><span class=\"text\">Per altra part, tamb\u00e9 durant aquest per\u00edode de transici\u00f3, en el curs 1998-99 es comen\u00e7aren a impartir Cicles Formatius de Grau Mitj\u00e0 de les especialitats d&#8217;Electromec\u00e0nica de vehicles, d&#8217;Equips electr\u00f2nics de consum i de Perruqueria. Posteriorment, el curs 2000-2001, s&#8217;inici\u00e0 un nou Cicle Formatiu, tamb\u00e9 de Grau Mitj\u00e0: el d&#8217; Equips i instal.lacions electrot\u00e8cniques i al curs 2003-2004 el d&#8217; Est\u00e8tica Personal i Decorativa. A partir del curs 2005-2006, s&#8217;imparteix el Cicle Formatiu de Grau Superior de Sistemes de Telecomunicaci\u00f3 i Inform\u00e0tics i des del curs 2006-2007, el Curs d&#8217;Acc\u00e9s a Cicles Formatius de Grau Superior. El curs 2012-13\u00a0 comencem a impartir el Curs d&#8217;Acc\u00e9s a Cicles Formatius de Grau Mitj\u00e0 i el Cicle Formatiu de Grau Superior d&#8217;Automoci. Les \u00faltimes novetats pel que fa als ensenyaments oferts pel centre s\u00f3n el PFI de Perruqueria (curs 21-22) i el Curs d&#8217;Especialitzaci\u00f3 de CF de Vehicles H\u00edbrids i El\u00e8ctrics (curs 22-23). <\/span><\/p>\n<p align=\"justify\"><span class=\"text\"><a href=\"http:\/\/agora.xtec.cat\/iesmonturiol\/linstitut\/historia\/attachment\/retall_inst\/\" rel=\"attachment wp-att-2145\"><img loading=\"lazy\" decoding=\"async\" class=\"size-medium wp-image-2145 alignleft\" src=\"https:\/\/agora.xtec.cat\/iesmonturiol\/wp-content\/uploads\/usu1826\/2019\/07\/retall_inst-300x195.jpg\" alt=\"\" width=\"300\" height=\"195\" srcset=\"https:\/\/agora.xtec.cat\/iesmonturiol\/wp-content\/uploads\/usu1826\/2019\/07\/retall_inst-300x195.jpg 300w, https:\/\/agora.xtec.cat\/iesmonturiol\/wp-content\/uploads\/usu1826\/2019\/07\/retall_inst.jpg 448w\" sizes=\"auto, (max-width: 300px) 100vw, 300px\" \/><\/a>A m\u00e9s de la potenciaci\u00f3 dels estudis de Cicles Formatius durant aquests darrers anys, cal destacar dos fets que han suposat una acci\u00f3 transformadora important en l&#8217;esdevenidor del nostre institut: d&#8217;una banda, les obres d&#8217;ampliaci\u00f3 i renovaci\u00f3 del centre que van quedar enllestides durant el curs 2007-2008 i que van comportar una millora notable en la quantitat i qualitat dels espais on dur a terme la nostra tasca docent. De l&#8217;altra, l&#8217;adjudicaci\u00f3 del Pla d&#8217;Autonomia de Centre (PAC) atorgat pel Departament d&#8217;Ensenyament durant el curs 2005-2006 i renovat fins a l&#8217;actualitat. L&#8217;acord signat entre l&#8217;administraci\u00f3 i el nostre centre contemplava una multitud d&#8217;objectius i activitats encaminats a una millora general de l&#8217;activitat docent: d&#8217;entre aquests objectius i activitats, en destacar\u00edem la introducci\u00f3 i potenciaci\u00f3 de les TIC ,que han suposat la dotaci\u00f3 a la totalitat d&#8217;aules de kits inform\u00e0tics (PC, projector i pantalla, equip de so..) i el prop\u00f2sit d&#8217;obtenir la certificaci\u00f3 ISO 9001:2000 en qualitat educativa. Aquest prop\u00f2sit es materialitz\u00e0 el 2009 quan el centre fou certificat en l\u2019aplicaci\u00f3 del sistema de gesti\u00f3 per processos segons la Norma ISO 9001-2008. Aquest fet no supos\u00e0 un punt i final sin\u00f3 una continu\u00eftat i refermament en el comprom\u00eds d&#8217;avan\u00e7ar en el cam\u00ed de l&#8217;excel\u00b7l\u00e8ncia. <\/span>Amb la voluntat d\u2019avan\u00e7ar un pas m\u00e9s, el centre va obtenir el curs 21-22\u00a0 la certificaci\u00f3 en el model e2Cat de Gesti\u00f3 de l\u2019excel\u00b7l\u00e8ncia en centres educatius.\u00a0\u00c9s un pas m\u00e9s en el cam\u00ed cap a l\u2019excel\u00b7l\u00e8ncia educativa, de manera que el nostre centre ofereixi al seu entorn un servei educatiu de qualitat, que satisfaci les necessitats dels seus usuaris (alumnes, fam\u00edlies, personal docent i no docent i entorn).<\/p>\n<p align=\"justify\"><span class=\"text\">Aix\u00ed doncs, des d&#8217;aquell any 1974 en qu\u00e8 va arrencar la hist\u00f2ria de l&#8217;actual INS Narc\u00eds Monturiol, el centre no ha renunciat mai a la voluntat de cr\u00e9ixer i millorar en la seva tasca educativa i social. En els anys que han de venir, i tal i com queda escrit en el PEC, la missi\u00f3 de l&#8217;INS Narc\u00eds Monturiol ha de ser la d&#8217; &#8221; oferir un servei de qualitat i aconseguir el millor desenvolupament possible, en la seva dimensi\u00f3 individual i tamb\u00e9 en la seva inserci\u00f3 social, de tots els nostres alumnes, treballant des de l&#8217;educaci\u00f3, la cohesi\u00f3 social i el respecte pel medi. Al mateix temps, tamb\u00e9 volem aconseguir la satisfacci\u00f3 dels professionals que treballen al centre, la confian\u00e7a i la participaci\u00f3 dels pares i la corresponsabilitat amb l&#8217;entorn.&#8221;<\/span><\/p>\n<p align=\"justify\"><a href=\"http:\/\/agora.xtec.cat\/iesmonturiol\/linstitut\/historia\/attachment\/insti_panorama4_petita\/\" rel=\"attachment wp-att-2146\"><img loading=\"lazy\" decoding=\"async\" class=\"aligncenter wp-image-2146\" src=\"https:\/\/agora.xtec.cat\/iesmonturiol\/wp-content\/uploads\/usu1826\/2019\/07\/insti_panorama4_petita-300x71.jpg\" alt=\"\" width=\"706\" height=\"167\" srcset=\"https:\/\/agora.xtec.cat\/iesmonturiol\/wp-content\/uploads\/usu1826\/2019\/07\/insti_panorama4_petita-300x71.jpg 300w, https:\/\/agora.xtec.cat\/iesmonturiol\/wp-content\/uploads\/usu1826\/2019\/07\/insti_panorama4_petita.jpg 692w\" sizes=\"auto, (max-width: 706px) 100vw, 706px\" \/><\/a><\/p>\n","protected":false},"excerpt":{"rendered":"<p>Els inicis de l&#8217;actual INS Narc\u00eds Monturiol es remunten a l&#8217;any 1974, quan a partir del desenvolupament de la Ley General de Educaci\u00f3n 14\/1970, de 4 d&#8217;agost, i promoguts pel Ministerio de Educaci\u00f3n y Ciencia, arreu del territori espanyol es varen crear nous centres escolars&hellip;  <a href=\"https:\/\/agora.xtec.cat\/iesmonturiol\/linstitut\/historia\/\" title=\"Read Hist\u00f2ria\">Llegeix m\u00e9s\u00bb<\/a><\/p>\n","protected":false},"author":1,"featured_media":0,"parent":19,"menu_order":20,"comment_status":"closed","ping_status":"closed","template":"page-templates\/side-menu.php","meta":{"_bbp_topic_count":0,"_bbp_reply_count":0,"_bbp_total_topic_count":0,"_bbp_total_reply_count":0,"_bbp_voice_count":0,"_bbp_anonymous_reply_count":0,"_bbp_topic_count_hidden":0,"_bbp_reply_count_hidden":0,"_bbp_forum_subforum_count":0,"footnotes":""},"class_list":["post-27","page","type-page","status-publish","hentry"],"post_mailing_queue_ids":[],"_links":{"self":[{"href":"https:\/\/agora.xtec.cat\/iesmonturiol\/wp-json\/wp\/v2\/pages\/27","targetHints":{"allow":["GET"]}}],"collection":[{"href":"https:\/\/agora.xtec.cat\/iesmonturiol\/wp-json\/wp\/v2\/pages"}],"about":[{"href":"https:\/\/agora.xtec.cat\/iesmonturiol\/wp-json\/wp\/v2\/types\/page"}],"author":[{"embeddable":true,"href":"https:\/\/agora.xtec.cat\/iesmonturiol\/wp-json\/wp\/v2\/users\/1"}],"replies":[{"embeddable":true,"href":"https:\/\/agora.xtec.cat\/iesmonturiol\/wp-json\/wp\/v2\/comments?post=27"}],"version-history":[{"count":3,"href":"https:\/\/agora.xtec.cat\/iesmonturiol\/wp-json\/wp\/v2\/pages\/27\/revisions"}],"predecessor-version":[{"id":4951,"href":"https:\/\/agora.xtec.cat\/iesmonturiol\/wp-json\/wp\/v2\/pages\/27\/revisions\/4951"}],"up":[{"embeddable":true,"href":"https:\/\/agora.xtec.cat\/iesmonturiol\/wp-json\/wp\/v2\/pages\/19"}],"wp:attachment":[{"href":"https:\/\/agora.xtec.cat\/iesmonturiol\/wp-json\/wp\/v2\/media?parent=27"}],"curies":[{"name":"wp","href":"https:\/\/api.w.org\/{rel}","templated":true}]}}