{"id":2650,"date":"2020-02-27T15:36:25","date_gmt":"2020-02-27T14:36:25","guid":{"rendered":"http:\/\/agora.xtec.cat\/iesmonturiol\/?page_id=2650"},"modified":"2021-10-25T20:59:05","modified_gmt":"2021-10-25T18:59:05","slug":"erasmus-k2-2020-2022","status":"publish","type":"page","link":"https:\/\/agora.xtec.cat\/iesmonturiol\/mobilitat\/erasmus-k2-2020-2022\/","title":{"rendered":"K2 Inclusion for a brighter future 2020\/2023"},"content":{"rendered":"<div dir=\"ltr\">\n<p style=\"text-align: justify;\"><img loading=\"lazy\" decoding=\"async\" class=\"alignleft\" src=\"https:\/\/agora.xtec.cat\/iesmonturiol\/wp-content\/uploads\/usu1826\/2020\/02\/logotipo-final-1-297x300.jpg\" width=\"178\" height=\"179\" \/>El nostre projecte Erasmus+ <em>Inclusion for a brighter future<\/em> t\u00e9 una durada de dos anys i ens permetr\u00e0 compartir bones pr\u00e0ctiques inclusives amb altres instituts de Bulg\u00e0ria, Pol\u00f2nia, Turquia, Gr\u00e8cia i Portugal.<\/p>\n<p>INCLUSION FOR A BRIGHTER FUTURE emphasizes dialogue among partners and generations and the value of differences and similarities between the different countries. The priorities for this project are to develop international cooperation while enhancing social inclusion of our students.The target group will be the students , some with economic and social difficulties, learning difficulties, weak academic success and in danger of dropping out from school for multiple reasons. We hope we will reach the conclusion that the project has motivated students to stay at school, learn and study in order to achieve academic success and ultimately self-fulfillment and self-esteem.<br \/>\nThroughout the project the students will make researches,presentations, flyers,logos,paintings and write creative poems,roleplays, songs, use web2 materials, meet new cultures and use creativity.By working on the project, both teachers and students will acquire knowledge and skills within the intercultural competence.<\/p>\n<p style=\"text-align: justify;\">Ets alumne\/a de 4t d\u2019ESO? Vols ser representant del nostre institut a Gr\u00e8cia? Tens fins dijous 14 d&#8217;octubre per presentar la teva candidatura. El dilluns <strong>18 d&#8217;octubre<\/strong> la Comissi\u00f3 de Mobilitat del centre publicar\u00e0 el nom dels alumnes seleccionats.<\/p>\n<div dir=\"ltr\" style=\"text-align: justify;\">Aquests s\u00f3n els requisits necessaris per formar part del proc\u00e9s de selecci\u00f3 (en cas d&#8217;empat, es valorar\u00e0 l&#8217;expedient acad\u00e8mic dels candidats) :<\/div>\n<div dir=\"ltr\"><\/div>\n<\/div>\n<ul>\n<li dir=\"ltr\">Poder acollir a casa 1-2 persones en les dues setmanes que farem<br \/>\nd\u2019amfitrions durant aquest curs.<\/li>\n<li dir=\"ltr\">Participar i haver participat de totes les activitats\/sortides organitzades per<br \/>\nl\u2019institut.<\/li>\n<li dir=\"ltr\">Tenir una nota d\u2019angl\u00e8s superior a 8, i estar disposat a parlar, fer exposicions<br \/>\norals i comunicacions, en aquesta llengua.<\/li>\n<li dir=\"ltr\">Estar disposat\/da a treballar 2 tardes a l\u2019institut, horari a determinar, per<br \/>\npreparar les trobades, durant les setmanes que calgui per dur a terme les<br \/>\nactivitats del projecte.<\/li>\n<li dir=\"ltr\">No haver tingut cap expedient disciplinari al llarg de l\u2019escolaritzaci\u00f3.<\/li>\n<li dir=\"ltr\">Tenir pauta completa de vacuna COVID o certificat conforme ha superat la<br \/>\nmalaltia. ( Requisit que ens demanen els pa\u00efsos col\u00b7laboradors per poder dur<br \/>\na terme els despla\u00e7aments)<\/li>\n<li dir=\"ltr\">En cas d\u2019empat es valorar\u00e0 tot l\u2019expedient acad\u00e8mic.<\/li>\n<\/ul>\n<p>Podeu consultar les puntuacions dels candidats a partir del divendres <strong>25 d&#8217;octubre del 2021<\/strong> en el seg\u00fcent enlla\u00e7:<\/p>\n<p><a href=\"https:\/\/drive.google.com\/file\/d\/1z7TYazjRORpKdeo9nI-tskYx6J2u-R3v\/view?usp=sharing\">Baremaci\u00f3 K2 Inclusion for a brighter future<\/a><\/p>\n","protected":false},"excerpt":{"rendered":"<p>El nostre projecte Erasmus+ Inclusion for a brighter future t\u00e9 una durada de dos anys i ens permetr\u00e0 compartir bones pr\u00e0ctiques inclusives amb altres instituts de Bulg\u00e0ria, Pol\u00f2nia, Turquia, Gr\u00e8cia i Portugal.<br \/>\nINCLUSION FOR A BRIGHTER FUTURE emphasizes dialogue among partners and generations and the value&hellip;  <a href=\"https:\/\/agora.xtec.cat\/iesmonturiol\/mobilitat\/erasmus-k2-2020-2022\/\" title=\"Read K2 Inclusion for a brighter future 2020\/2023\">Llegeix m\u00e9s\u00bb<\/a><\/p>\n","protected":false},"author":8,"featured_media":0,"parent":951,"menu_order":40,"comment_status":"closed","ping_status":"closed","template":"","meta":{"_bbp_topic_count":0,"_bbp_reply_count":0,"_bbp_total_topic_count":0,"_bbp_total_reply_count":0,"_bbp_voice_count":0,"_bbp_anonymous_reply_count":0,"_bbp_topic_count_hidden":0,"_bbp_reply_count_hidden":0,"_bbp_forum_subforum_count":0,"footnotes":""},"class_list":["post-2650","page","type-page","status-publish","hentry"],"post_mailing_queue_ids":[],"_links":{"self":[{"href":"https:\/\/agora.xtec.cat\/iesmonturiol\/wp-json\/wp\/v2\/pages\/2650","targetHints":{"allow":["GET"]}}],"collection":[{"href":"https:\/\/agora.xtec.cat\/iesmonturiol\/wp-json\/wp\/v2\/pages"}],"about":[{"href":"https:\/\/agora.xtec.cat\/iesmonturiol\/wp-json\/wp\/v2\/types\/page"}],"author":[{"embeddable":true,"href":"https:\/\/agora.xtec.cat\/iesmonturiol\/wp-json\/wp\/v2\/users\/8"}],"replies":[{"embeddable":true,"href":"https:\/\/agora.xtec.cat\/iesmonturiol\/wp-json\/wp\/v2\/comments?post=2650"}],"version-history":[{"count":4,"href":"https:\/\/agora.xtec.cat\/iesmonturiol\/wp-json\/wp\/v2\/pages\/2650\/revisions"}],"predecessor-version":[{"id":4408,"href":"https:\/\/agora.xtec.cat\/iesmonturiol\/wp-json\/wp\/v2\/pages\/2650\/revisions\/4408"}],"up":[{"embeddable":true,"href":"https:\/\/agora.xtec.cat\/iesmonturiol\/wp-json\/wp\/v2\/pages\/951"}],"wp:attachment":[{"href":"https:\/\/agora.xtec.cat\/iesmonturiol\/wp-json\/wp\/v2\/media?parent=2650"}],"curies":[{"name":"wp","href":"https:\/\/api.w.org\/{rel}","templated":true}]}}