{"id":2580,"date":"2020-02-18T11:14:21","date_gmt":"2020-02-18T10:14:21","guid":{"rendered":"http:\/\/agora.xtec.cat\/iesmonturiol\/?page_id=2580"},"modified":"2026-01-28T10:52:38","modified_gmt":"2026-01-28T09:52:38","slug":"proves-de-complecio-eso","status":"publish","type":"page","link":"https:\/\/agora.xtec.cat\/iesmonturiol\/proves-de-complecio-eso\/","title":{"rendered":"Proves GESO"},"content":{"rendered":"<div><\/div>\n<p>&nbsp;<\/p>\n<p>Cada any es convoquen proves per a l&#8217;obtenci\u00f3 del t\u00edtol de graduat en educaci\u00f3 secund\u00e0ria obligat\u00f2ria, per als alumnes que no l&#8217;hagin obtingut en finalitzar l&#8217;etapa. En aquest apartat hi trobareu tota la informaci\u00f3 necess\u00e0ria per a l&#8217;organitzaci\u00f3 d&#8217;aquestes proves.<\/p>\n<h3 style=\"text-align: center;\">Alumnes que poden presentar-s&#8217;hi<\/h3>\n<p>Els tres <strong>requisits<\/strong> que han de reunir els alumnes per poder presentar-se a aquestes proves s\u00f3n:<\/p>\n<ol>\n<li>Haver finalitzat l&#8217;ESO l\u2019any 2024 o 2025 sense haver obtingut el t\u00edtol o haver finalitzat l\u2019equivalent del quart curs de l\u2019educaci\u00f3 secund\u00e0ria obligat\u00f2ria en un sistema educatiu estranger amb mat\u00e8ries amb avaluaci\u00f3 negativa en cursos anteriors.<\/li>\n<li>Haver cursat l\u2019ESO (el 4t curs incl\u00f2s) sense haver obtingut el t\u00edtol i amb un m\u00e0xim de cinc mat\u00e8ries suspeses.<\/li>\n<li>Tenir almenys 18 anys o complir-los dins de l&#8217;any 2026. Tamb\u00e9 hi pot conc\u00f3rrer l\u2019alumne\/a que faci els 16 anys sempre que compleixi alguna de les condicions seg\u00fcents:<\/li>\n<\/ol>\n<p>&#8211; Tenir un contracte laboral que l\u2019impedeixi assistir al centre en r\u00e8gim ordinari.<\/p>\n<p>&#8211; Trobar-se en proc\u00e9s d&#8217;obtenci\u00f3 d&#8217;un perm\u00eds de treball.<\/p>\n<p>&#8211; Ser esportista d&#8217;alt rendiment. En aquest cas, caldr\u00e0 presentar una certifica\u200bci\u00f3 del Consell Catal\u00e0 de l\u2019Esport que acrediti que aquests esportistes figuren en el programa de tecnificaci\u00f3 (ARC) de la federaci\u00f3 catalana corresponent.<\/p>\n<p>&#8211; Tenir un exp\u200bedient d\u2019homologaci\u00f3 obert d\u2019estudis estrangers al t\u00edtol de GESO.<\/p>\n<p>En aplicaci\u00f3 d\u2019aquests requisits, queden exclosos de les proves els alumnes inscrits per repetir 4t d\u2019ESO en el present curs 2025-2026. En canvi, hi poden conc\u00f3rrer els alumnes que estan matriculats a ensenyaments d&#8217;adults o a l&#8217;Institut Obert de Catalunya, sempre que compleixin els tres requisits abans esmentats.<\/p>\n<table class=\"aligncenter\" style=\"height: 714px; width: 67.8574%;\" border=\"1\" width=\"89.3215%\" cellspacing=\"1\" cellpadding=\"3\">\n<tbody>\n<tr style=\"height: 67px;\">\n<td style=\"height: 67px; width: 115.154%;\" colspan=\"2\" bgcolor=\"#eeeeee\">\n<h3 style=\"text-align: center;\"><strong>Calendari<\/strong><\/h3>\n<\/td>\n<\/tr>\n<tr style=\"height: 80px;\">\n<td style=\"height: 80px; width: 64.7804%;\">Publicaci\u00f3 al tauler d&#8217;anuncis del centre o al seu web dels continguts i els criteris d&#8217;avaluaci\u00f3 m\u00ednims exigibles per a la superaci\u00f3 de cadascuna de les mat\u00e8ries<\/td>\n<td style=\"height: 80px; width: 50.3735%;\">Abans d&#8217;obrir-se el per\u00edode d&#8217;inscripci\u00f3<\/td>\n<\/tr>\n<tr style=\"height: 57px;\">\n<td style=\"height: 57px; width: 64.7804%;\">Termini de presentaci\u00f3 de sol\u00b7licituds d&#8217;inscripci\u00f3<\/td>\n<td style=\"height: 57px; width: 50.3735%;\">Del 2 al 13 de febrer de 2026<\/td>\n<\/tr>\n<tr style=\"height: 80px;\">\n<td style=\"height: 80px; width: 64.7804%;\">Publicaci\u00f3 al tauler d\u2019anuncis del centre del calendari de les proves i de les llistes d&#8217;admesos i exclosos<\/td>\n<td style=\"height: 80px; width: 50.3735%;\">Fins el 2 de mar\u00e7 de 2026<\/td>\n<\/tr>\n<tr style=\"height: 57px;\">\n<td style=\"height: 57px; width: 64.7804%;\">Termini de presentaci\u00f3 de reclamacions a les llistes d&#8217;admesos i exclosos<\/td>\n<td style=\"height: 57px; width: 50.3735%;\">Del 3 al 5 de mar\u00e7 de 2026<\/td>\n<\/tr>\n<tr style=\"height: 57px;\">\n<td style=\"height: 57px; width: 64.7804%;\">Realitzaci\u00f3 de les proves<\/td>\n<td style=\"height: 57px; width: 50.3735%;\">Durant el mes de mar\u00e7<\/td>\n<\/tr>\n<tr style=\"height: 50px;\">\n<td style=\"width: 64.7804%; height: 50px;\">Contingut de les proves<\/td>\n<td style=\"width: 50.3735%; height: 50px;\">\n<h5><strong><a href=\"https:\/\/drive.google.com\/file\/d\/1V6qXLNDHGe52eZAFqAsvruzs2KjleDnG\/view\" target=\"_blank\" rel=\"noopener noreferrer\">Temari proves<\/a><\/strong><\/h5>\n<\/td>\n<\/tr>\n<tr style=\"height: 50px;\">\n<td style=\"width: 64.7804%; height: 50px;\" colspan=\"2\"><strong>Horari proves de compleci\u00f3<\/strong><\/p>\n<p>A determinar<\/td>\n<\/tr>\n<tr style=\"height: 50px;\">\n<td style=\"width: 115.154%; height: 50px;\" colspan=\"2\">\n<h5 style=\"text-align: center;\"><a href=\"http:\/\/ensenyament.gencat.cat\/ca\/serveis-tramits\/proves\/proves-lliures-obtencio-titols\/obtencio-titol-eso\/\" target=\"_blank\" rel=\"noopener noreferrer\">M\u00e9s informaci\u00f3 <\/a>&#8211; Departament d&#8217;Educaci\u00f3<\/h5>\n<\/td>\n<\/tr>\n<\/tbody>\n<\/table>\n<p style=\"text-align: right;\"><em>Data d&#8217;actualitzaci\u00f3: 28\/01\/26<\/em><\/p>\n","protected":false},"excerpt":{"rendered":"<p>&nbsp;<br \/>\nCada any es convoquen proves per a l&#8217;obtenci\u00f3 del t\u00edtol de graduat en educaci\u00f3 secund\u00e0ria obligat\u00f2ria, per als alumnes que no l&#8217;hagin obtingut en finalitzar l&#8217;etapa. En aquest apartat hi trobareu tota la informaci\u00f3 necess\u00e0ria per a l&#8217;organitzaci\u00f3 d&#8217;aquestes proves.<br \/>\nAlumnes que poden presentar-s&#8217;hi<br \/>\nEls tres requisits&hellip;  <a href=\"https:\/\/agora.xtec.cat\/iesmonturiol\/proves-de-complecio-eso\/\" title=\"Read Proves GESO\">Llegeix m\u00e9s\u00bb<\/a><\/p>\n","protected":false},"author":1,"featured_media":0,"parent":0,"menu_order":0,"comment_status":"closed","ping_status":"closed","template":"","meta":{"_bbp_topic_count":0,"_bbp_reply_count":0,"_bbp_total_topic_count":0,"_bbp_total_reply_count":0,"_bbp_voice_count":0,"_bbp_anonymous_reply_count":0,"_bbp_topic_count_hidden":0,"_bbp_reply_count_hidden":0,"_bbp_forum_subforum_count":0,"footnotes":""},"class_list":["post-2580","page","type-page","status-publish","hentry"],"post_mailing_queue_ids":[],"_links":{"self":[{"href":"https:\/\/agora.xtec.cat\/iesmonturiol\/wp-json\/wp\/v2\/pages\/2580","targetHints":{"allow":["GET"]}}],"collection":[{"href":"https:\/\/agora.xtec.cat\/iesmonturiol\/wp-json\/wp\/v2\/pages"}],"about":[{"href":"https:\/\/agora.xtec.cat\/iesmonturiol\/wp-json\/wp\/v2\/types\/page"}],"author":[{"embeddable":true,"href":"https:\/\/agora.xtec.cat\/iesmonturiol\/wp-json\/wp\/v2\/users\/1"}],"replies":[{"embeddable":true,"href":"https:\/\/agora.xtec.cat\/iesmonturiol\/wp-json\/wp\/v2\/comments?post=2580"}],"version-history":[{"count":7,"href":"https:\/\/agora.xtec.cat\/iesmonturiol\/wp-json\/wp\/v2\/pages\/2580\/revisions"}],"predecessor-version":[{"id":6732,"href":"https:\/\/agora.xtec.cat\/iesmonturiol\/wp-json\/wp\/v2\/pages\/2580\/revisions\/6732"}],"wp:attachment":[{"href":"https:\/\/agora.xtec.cat\/iesmonturiol\/wp-json\/wp\/v2\/media?parent=2580"}],"curies":[{"name":"wp","href":"https:\/\/api.w.org\/{rel}","templated":true}]}}