{"id":2139,"date":"2019-07-12T12:37:17","date_gmt":"2019-07-12T10:37:17","guid":{"rendered":"http:\/\/agora.xtec.cat\/iesmonturiol\/?page_id=2139"},"modified":"2026-03-30T11:55:34","modified_gmt":"2026-03-30T09:55:34","slug":"cefp","status":"publish","type":"page","link":"https:\/\/agora.xtec.cat\/iesmonturiol\/secretaria\/preinscripcio\/cefp\/","title":{"rendered":"EFPM: Manteniment de vehicles h\u00edbrid i el\u00e8ctrics"},"content":{"rendered":"<ul>\n<li>Tota la informaci\u00f3 sobre la preinscripci\u00f3 al web <a href=\"https:\/\/preinscripcio.gencat.cat\/ca\/estudis\/cursos-especialitzacio-fp\/inici\/\" target=\"_blank\" rel=\"noopener\"><strong>Preinscripci\u00f3 26\/27: EFPM<\/strong><\/a><\/li>\n<li>Tota la informaci\u00f3 del EFPM Manteniment de Vehicles H\u00edbrids i El\u00e8ctrics (TM02) en el seg\u00fcent <a href=\"https:\/\/triaeducativa.gencat.cat\/ca\/fp\/cursos-especialitzacio\/\" target=\"_blank\" rel=\"noopener\">enlla\u00e7<\/a>.<\/li>\n<li>Per qualsevol dubte o aclariment, empleneu el seg\u00fcent <a href=\"https:\/\/docs.google.com\/forms\/d\/e\/1FAIpQLSdf0s5lXVBV1KTrDhy4X_smq08mNhzNPgfHdql4x0C_4ao-Iw\/viewform\" target=\"_blank\" rel=\"noopener\">formulari<\/a>.<\/li>\n<\/ul>\n<hr \/>\n<p>10 juny 2026: oferta de places inicial<\/p>\n<p>Del 25 de juny al 3 de juliol de 2026: presentaci\u00f3 de sol\u00b7licituds a la secretaria del centre (de dilluns a divendres de 9:00 h a 14:00 h).<\/p>\n<p>Documentaci\u00f3 que cal portar per la preinscripci\u00f3:<\/p>\n<ul>\n<li>Original del DNI de l\u2019alumne\/a.<\/li>\n<li>Si l\u2019alumne\/a \u00e9s menor d\u2019edat, original del DNI del pare, mare o tutor\/a legal.<\/li>\n<li>Si l\u2019alumne\/a \u00e9s menor d\u2019edat, original del Llibre de Fam\u00edlia.<\/li>\n<li>Original de la TSI (Targeta Sanit\u00e0ria Individual) de l\u2019alumne\/a.<\/li>\n<li>Documentaci\u00f3 acreditativa d\u2019un dels requisits d\u2019acc\u00e9s als cicles:\n<ul>\n<li>T\u00edtol CFGM TM10 Electromec\u00e0nica de Vehicles Autom\u00f2bils<\/li>\n<li>T\u00edtol CFGM TM30 Electromec\u00e0nica de Maquin\u00e0ria<\/li>\n<li>T\u00edtol CFGM TM40 Manteniment de Material Rodant Ferroviari<\/li>\n<li>T\u00edtol CFGS TMA0 Automoci\u00f3<\/li>\n<\/ul>\n<\/li>\n<\/ul>\n<p>8 juliol 2026: publicaci\u00f3 llistat amb puntuaci\u00f3 provisional (als voltants de les 11 h).<\/p>\n<p>Del 8 juliol al 14 de juliol de 2026: presentaci\u00f3 de reclamacions.<\/p>\n<p>15 juliol 2026: publicaci\u00f3 puntuaci\u00f3 definitiva i llistat d&#8217;alumnes admesos (als voltants de les 11 h).<\/p>\n<p>Del 16 juliol al 22 de juliol de 2026: matriculaci\u00f3 dels alumnes preinscrits amb pla\u00e7a assignada.<\/p>\n<p style=\"text-align: right;\"><em>Data d&#8217;actualitzaci\u00f3: 27\/03\/26<\/em><\/p>\n<p>&nbsp;<\/p>\n","protected":false},"excerpt":{"rendered":"<ul>\n<li>Tota la informaci\u00f3 sobre la preinscripci\u00f3 al web <a href=\"https:\/\/preinscripcio.gencat.cat\/ca\/estudis\/cursos-especialitzacio-fp\/inici\/\" target=\"_blank\" rel=\"noopener\">Preinscripci\u00f3 26\/27: EFPM<\/a><\/li>\n<li>Tota la informaci\u00f3 del EFPM Manteniment de Vehicles H\u00edbrids i El\u00e8ctrics (TM02) en el seg\u00fcent <a href=\"https:\/\/triaeducativa.gencat.cat\/ca\/fp\/cursos-especialitzacio\/\" target=\"_blank\" rel=\"noopener\">enlla\u00e7<\/a>.<\/li>\n<li>Per qualsevol dubte o aclariment, empleneu el seg\u00fcent <a href=\"https:\/\/docs.google.com\/forms\/d\/e\/1FAIpQLSdf0s5lXVBV1KTrDhy4X_smq08mNhzNPgfHdql4x0C_4ao-Iw\/viewform\" target=\"_blank\" rel=\"noopener\">formulari<\/a>.<\/li>\n<\/ul>\n<p>10 juny 2026:&hellip;  <a href=\"https:\/\/agora.xtec.cat\/iesmonturiol\/secretaria\/preinscripcio\/cefp\/\" title=\"Read EFPM: Manteniment de vehicles h\u00edbrid i el\u00e8ctrics\">Llegeix m\u00e9s\u00bb<\/a><\/p>\n","protected":false},"author":1,"featured_media":0,"parent":977,"menu_order":0,"comment_status":"closed","ping_status":"closed","template":"page-templates\/side-menu.php","meta":{"_bbp_topic_count":0,"_bbp_reply_count":0,"_bbp_total_topic_count":0,"_bbp_total_reply_count":0,"_bbp_voice_count":0,"_bbp_anonymous_reply_count":0,"_bbp_topic_count_hidden":0,"_bbp_reply_count_hidden":0,"_bbp_forum_subforum_count":0,"footnotes":""},"class_list":["post-2139","page","type-page","status-publish","hentry"],"post_mailing_queue_ids":[],"_links":{"self":[{"href":"https:\/\/agora.xtec.cat\/iesmonturiol\/wp-json\/wp\/v2\/pages\/2139","targetHints":{"allow":["GET"]}}],"collection":[{"href":"https:\/\/agora.xtec.cat\/iesmonturiol\/wp-json\/wp\/v2\/pages"}],"about":[{"href":"https:\/\/agora.xtec.cat\/iesmonturiol\/wp-json\/wp\/v2\/types\/page"}],"author":[{"embeddable":true,"href":"https:\/\/agora.xtec.cat\/iesmonturiol\/wp-json\/wp\/v2\/users\/1"}],"replies":[{"embeddable":true,"href":"https:\/\/agora.xtec.cat\/iesmonturiol\/wp-json\/wp\/v2\/comments?post=2139"}],"version-history":[{"count":7,"href":"https:\/\/agora.xtec.cat\/iesmonturiol\/wp-json\/wp\/v2\/pages\/2139\/revisions"}],"predecessor-version":[{"id":6830,"href":"https:\/\/agora.xtec.cat\/iesmonturiol\/wp-json\/wp\/v2\/pages\/2139\/revisions\/6830"}],"up":[{"embeddable":true,"href":"https:\/\/agora.xtec.cat\/iesmonturiol\/wp-json\/wp\/v2\/pages\/977"}],"wp:attachment":[{"href":"https:\/\/agora.xtec.cat\/iesmonturiol\/wp-json\/wp\/v2\/media?parent=2139"}],"curies":[{"name":"wp","href":"https:\/\/api.w.org\/{rel}","templated":true}]}}