{"id":195,"date":"2014-09-22T10:39:39","date_gmt":"2014-09-22T10:39:39","guid":{"rendered":"http:\/\/agora.xtec.cat\/iesmonturiol\/?page_id=195"},"modified":"2025-06-23T12:38:45","modified_gmt":"2025-06-23T10:38:45","slug":"estudis","status":"publish","type":"page","link":"https:\/\/agora.xtec.cat\/iesmonturiol\/estudis\/","title":{"rendered":"Estudis"},"content":{"rendered":"<p align=\"justify\">El nostre centre \u00e9s un Institut p\u00fablic depenent de la Generalitat de Catalunya on impartim els estudis d&#8217;ESO, Batxillerat i Cicles Formatius.<\/p>\n<p align=\"justify\">Tal i com queda recollit en el nostre Projecte Educatiu, concebem l&#8217;educaci\u00f3 com un proc\u00e9s global que ha de permetre els alumnes d&#8217;adquirir les compet\u00e8ncies que els permetin adaptar-se i fer front a situacions noves i a treballar en equip per cr\u00e9ixer individualment com a persones que han de ser i volen ser \u00fatils a la societat.<\/p>\n<p align=\"justify\">El treball docent t\u00e9 en compte que l\u2019educaci\u00f3 ha de ser, alhora, compensat\u00f2ria d\u2019aquells que es desenvolupen en un entorn desafavorit i potenciadora al m\u00e0xim de totes les capacitats dels alumnes.<\/p>\n<p align=\"justify\">Els valors democr\u00e0tics orienten la nostra tasca i s\u2019estimulen entre l\u2019alumnat com a base de conviv\u00e8ncia.<\/p>\n<p align=\"justify\">En el marc de qualsevol dels nivells educatius que oferim (ESO, BATX i CCFF) ens proposem ser capdavanters en la incorporaci\u00f3 en la pr\u00e0ctica docent de noves eines educatives per facilitar el proc\u00e9s d\u2019ensenyament-aprenentatge mitjan\u00e7ant l\u2019\u00fas de les TIC a l\u2019aula i l\u2019educaci\u00f3 sobre les possibilitats que aquestes ens ofereixen en la nostra formaci\u00f3.Tamb\u00e9 treballem per aconseguir la integraci\u00f3 dins del marc escolar del nostre alumnat, i en especial del nouvingut, refor\u00e7ant els valors generals de conviv\u00e8ncia, toler\u00e0ncia i respecte a les persones i al medi social i natural. Finalment, pretenem aconseguir l\u2019establiment, consolidaci\u00f3 i millora de les relacions amb el m\u00f3n empresarial i amb les diferents administracions, per seguir afavorint la interacci\u00f3 necess\u00e0ria entre les realitats acad\u00e8mica i laboral dels nostres alumnes.<\/p>\n<p align=\"justify\">Oferta formativa:<\/p>\n<ul>\n<li><a href=\"https:\/\/agora.xtec.cat\/iesmonturiol\/categoria\/ESO\/\">ESO<\/a><\/li>\n<li><a href=\"https:\/\/agora.xtec.cat\/iesmonturiol\/categoria\/batxillerat\/\">Batxillerat<\/a><\/li>\n<li><a href=\"https:\/\/agora.xtec.cat\/iesmonturiol\/informacio-oferta-formativa\/programes-de-formacio-i-insercio-pfi\/\" target=\"_blank\" rel=\"noopener\">PFI Perruqueria<\/a><\/li>\n<li><a href=\"https:\/\/agora.xtec.cat\/iesmonturiol\/informacio-oferta-formativa\/itinerari-formatiu-especific-ife\/\" target=\"_blank\" rel=\"noopener\">IFE Auxiliar en vendes<\/a><\/li>\n<li><a href=\"https:\/\/agora.xtec.cat\/iesmonturiol\/categoria\/CFGM\/\">Cicles Formatius de Grau Mitj\u00e0<\/a><\/li>\n<li><a href=\"https:\/\/agora.xtec.cat\/iesmonturiol\/categoria\/CFGS\/\">Cicles Formatius de Grau Superior<\/a><\/li>\n<li><a href=\"https:\/\/agora.xtec.cat\/iesmonturiol\/informacio-oferta-formativa\/cursos-despecialitzacio\/\" target=\"_blank\" rel=\"noopener\">Curs Especialitzaci\u00f3 FP Manteniment vehicles h\u00edbrids i el\u00e8ctrics<\/a><\/li>\n<\/ul>\n","protected":false},"excerpt":{"rendered":"<p>El nostre centre \u00e9s un Institut p\u00fablic depenent de la Generalitat de Catalunya on impartim els estudis d&#8217;ESO, Batxillerat i Cicles Formatius.<br \/>\nTal i com queda recollit en el nostre Projecte Educatiu, concebem l&#8217;educaci\u00f3 com un proc\u00e9s global que ha de permetre els alumnes d&#8217;adquirir les&hellip;  <a href=\"https:\/\/agora.xtec.cat\/iesmonturiol\/estudis\/\" title=\"Read Estudis\">Llegeix m\u00e9s\u00bb<\/a><\/p>\n","protected":false},"author":1,"featured_media":0,"parent":0,"menu_order":0,"comment_status":"closed","ping_status":"closed","template":"","meta":{"_bbp_topic_count":0,"_bbp_reply_count":0,"_bbp_total_topic_count":0,"_bbp_total_reply_count":0,"_bbp_voice_count":0,"_bbp_anonymous_reply_count":0,"_bbp_topic_count_hidden":0,"_bbp_reply_count_hidden":0,"_bbp_forum_subforum_count":0,"footnotes":""},"class_list":["post-195","page","type-page","status-publish","hentry"],"post_mailing_queue_ids":[],"_links":{"self":[{"href":"https:\/\/agora.xtec.cat\/iesmonturiol\/wp-json\/wp\/v2\/pages\/195","targetHints":{"allow":["GET"]}}],"collection":[{"href":"https:\/\/agora.xtec.cat\/iesmonturiol\/wp-json\/wp\/v2\/pages"}],"about":[{"href":"https:\/\/agora.xtec.cat\/iesmonturiol\/wp-json\/wp\/v2\/types\/page"}],"author":[{"embeddable":true,"href":"https:\/\/agora.xtec.cat\/iesmonturiol\/wp-json\/wp\/v2\/users\/1"}],"replies":[{"embeddable":true,"href":"https:\/\/agora.xtec.cat\/iesmonturiol\/wp-json\/wp\/v2\/comments?post=195"}],"version-history":[{"count":5,"href":"https:\/\/agora.xtec.cat\/iesmonturiol\/wp-json\/wp\/v2\/pages\/195\/revisions"}],"predecessor-version":[{"id":6477,"href":"https:\/\/agora.xtec.cat\/iesmonturiol\/wp-json\/wp\/v2\/pages\/195\/revisions\/6477"}],"wp:attachment":[{"href":"https:\/\/agora.xtec.cat\/iesmonturiol\/wp-json\/wp\/v2\/media?parent=195"}],"curies":[{"name":"wp","href":"https:\/\/api.w.org\/{rel}","templated":true}]}}