{"id":19,"date":"2014-09-17T14:56:56","date_gmt":"2014-09-17T14:56:56","guid":{"rendered":"http:\/\/agora.xtec.cat\/iesmonturiol\/?page_id=19"},"modified":"2018-05-03T19:30:12","modified_gmt":"2018-05-03T17:30:12","slug":"linstitut","status":"publish","type":"page","link":"https:\/\/agora.xtec.cat\/iesmonturiol\/linstitut\/","title":{"rendered":"L&#8217;institut"},"content":{"rendered":"<p style=\"text-align: justify;\">En les seg\u00fcents p\u00e0gines podreu trobar informaci\u00f3 general referent al\u00a0nostre Institut: on som, de quines instal\u00b7lacions disposem, quines s\u00f3n les normes de funcionament i l&#8217;organigrama del centre.<\/p>\n<p style=\"text-align: justify;\">Si voleu saber una mica m\u00e9s de nosaltres, no dubteu a contactar-nos i venir-nos a visitar i us podrem explicar de primera m\u00e0 qu\u00e8 \u00e9s El Monturiol i per qu\u00e8 el nostre lema \u00e9s &#8220;Compartint il\u00b7lusions!&#8221;<\/p>\n<p><a href=\"http:\/\/agora.xtec.cat\/iesmonturiol\/wp-content\/uploads\/usu1826\/2018\/03\/logo_rodo.png\"><img loading=\"lazy\" decoding=\"async\" class=\"wp-image-514 aligncenter\" src=\"http:\/\/agora.xtec.cat\/iesmonturiol\/wp-content\/uploads\/usu1826\/2018\/03\/logo_rodo.png\" alt=\"\" width=\"220\" height=\"233\" srcset=\"https:\/\/agora.xtec.cat\/iesmonturiol\/wp-content\/uploads\/usu1826\/2018\/03\/logo_rodo.png 796w, https:\/\/agora.xtec.cat\/iesmonturiol\/wp-content\/uploads\/usu1826\/2018\/03\/logo_rodo-284x300.png 284w, https:\/\/agora.xtec.cat\/iesmonturiol\/wp-content\/uploads\/usu1826\/2018\/03\/logo_rodo-768x811.png 768w\" sizes=\"auto, (max-width: 220px) 100vw, 220px\" \/><\/a><\/p>\n","protected":false},"excerpt":{"rendered":"<p>En les seg\u00fcents p\u00e0gines podreu trobar informaci\u00f3 general referent al\u00a0nostre Institut: on som, de quines instal\u00b7lacions disposem, quines s\u00f3n les normes de funcionament i l&#8217;organigrama del centre.<br \/>\nSi voleu saber una mica m\u00e9s de nosaltres, no dubteu a contactar-nos i venir-nos a visitar i us podrem&hellip;  <a href=\"https:\/\/agora.xtec.cat\/iesmonturiol\/linstitut\/\" title=\"Read L&#8217;institut\">Llegeix m\u00e9s\u00bb<\/a><\/p>\n","protected":false},"author":1,"featured_media":0,"parent":0,"menu_order":0,"comment_status":"closed","ping_status":"closed","template":"page-templates\/side-menu.php","meta":{"_bbp_topic_count":0,"_bbp_reply_count":0,"_bbp_total_topic_count":0,"_bbp_total_reply_count":0,"_bbp_voice_count":0,"_bbp_anonymous_reply_count":0,"_bbp_topic_count_hidden":0,"_bbp_reply_count_hidden":0,"_bbp_forum_subforum_count":0,"footnotes":""},"class_list":["post-19","page","type-page","status-publish","hentry"],"post_mailing_queue_ids":[],"_links":{"self":[{"href":"https:\/\/agora.xtec.cat\/iesmonturiol\/wp-json\/wp\/v2\/pages\/19","targetHints":{"allow":["GET"]}}],"collection":[{"href":"https:\/\/agora.xtec.cat\/iesmonturiol\/wp-json\/wp\/v2\/pages"}],"about":[{"href":"https:\/\/agora.xtec.cat\/iesmonturiol\/wp-json\/wp\/v2\/types\/page"}],"author":[{"embeddable":true,"href":"https:\/\/agora.xtec.cat\/iesmonturiol\/wp-json\/wp\/v2\/users\/1"}],"replies":[{"embeddable":true,"href":"https:\/\/agora.xtec.cat\/iesmonturiol\/wp-json\/wp\/v2\/comments?post=19"}],"version-history":[{"count":3,"href":"https:\/\/agora.xtec.cat\/iesmonturiol\/wp-json\/wp\/v2\/pages\/19\/revisions"}],"predecessor-version":[{"id":628,"href":"https:\/\/agora.xtec.cat\/iesmonturiol\/wp-json\/wp\/v2\/pages\/19\/revisions\/628"}],"wp:attachment":[{"href":"https:\/\/agora.xtec.cat\/iesmonturiol\/wp-json\/wp\/v2\/media?parent=19"}],"curies":[{"name":"wp","href":"https:\/\/api.w.org\/{rel}","templated":true}]}}