{"id":1804,"date":"2019-04-29T12:59:33","date_gmt":"2019-04-29T10:59:33","guid":{"rendered":"http:\/\/agora.xtec.cat\/iesmonturiol\/?page_id=1804"},"modified":"2026-04-08T09:18:47","modified_gmt":"2026-04-08T07:18:47","slug":"preinscripcio-batxillerat","status":"publish","type":"page","link":"https:\/\/agora.xtec.cat\/iesmonturiol\/secretaria\/preinscripcio\/preinscripcio-batxillerat\/","title":{"rendered":"BATXILLERAT"},"content":{"rendered":"<h5><\/h5>\n<ul>\n<li>Tota la informaci\u00f3 al web<a href=\"https:\/\/preinscripcio.gencat.cat\/ca\/estudis\/batxillerat\/inici\/\" target=\"_blank\" rel=\"noopener\"><strong> Preinscripci\u00f3 26\/27: Batxillerat<\/strong><\/a><\/li>\n<li>Consulteu la informaci\u00f3 de portes obertes i preguntes freq\u00fcents de la nostra web.<\/li>\n<li>Per qualsevol dubte o aclariment, empleneu el seg\u00fcent <a href=\"https:\/\/docs.google.com\/forms\/d\/e\/1FAIpQLSdf0s5lXVBV1KTrDhy4X_smq08mNhzNPgfHdql4x0C_4ao-Iw\/viewform\" target=\"_blank\" rel=\"noopener\">formulari<\/a>.<\/li>\n<\/ul>\n<hr \/>\n<ul>\n<li>08 d&#8217;abril de 2026: <a href=\"https:\/\/drive.google.com\/file\/d\/1mhTSRq9P3L1OsBHivMGkbie7dLjOcr8f\/view?usp=sharing\" target=\"_blank\" rel=\"noopener\">oferta inicial de places escolars<\/a><\/li>\n<li>Del 9 al 16 d&#8217;abril de 2026: presentaci\u00f3 de sol\u00b7licituds. <a href=\"https:\/\/tramits.gencat.cat\/ca\/tramits\/tramits-temes\/preinscripcio-batxillerat?&amp;moda=1\" target=\"_blank\" rel=\"noopener\">\u00c9s telem\u00e0tic<\/a>.<\/li>\n<li>Fins l&#8217;17 d&#8217;abril de 2026: presentaci\u00f3 de documentaci\u00f3<\/li>\n<li>14 de maig de 2026: llista de sol\u00b7licituds amb la puntuaci\u00f3 provisional<\/li>\n<li>Del 14 al 20 de maig de 2026: presentaci\u00f3 de reclamacions<\/li>\n<li>26 de maig de 2026: llista de sol\u00b7licituds amb la puntuaci\u00f3 un cop resoltes les reclamacions<\/li>\n<li>26 de maig de 2026: sorteig per resoldre les sol\u00b7licituds de preinscripci\u00f3 empatades en punts<\/li>\n<li>29 de maig de 2026: llista ordenada, a partir de les 11 hores<\/li>\n<li>17 de juny de 2026: oferta final de places escolars<\/li>\n<li>17 de juny de 2026: llista d&#8217;alumnes admesos i llista d&#8217;espera<\/li>\n<li>Del 18\/06\/26 al 26\/06\/26: matriculaci\u00f3 dels alumnes preinscrits a batxillerat amb pla\u00e7a assignada. Es recorda que el dimecres 24\/06\/25 \u00e9s festiu. Llavors, l\u2019institut romandr\u00e0 tancat.<\/li>\n<\/ul>\n<p><em><strong>En cas que l&#8217;alumne\/a sigui menor d&#8217;edat, ha de venir acompanyat pel seu pare \/ mare \/ tutor legal.<\/strong><\/em><\/p>\n<p>L&#8217;horari de secretaria \u00e9s de 9:00 a 14:00 h. Documentaci\u00f3 que cal portar per la matr\u00edcula:<\/p>\n<ul style=\"list-style-type: circle;\">\n<li>Original del DNI de l\u2019alumne\/a.<\/li>\n<li>Si l&#8217;alumne\/a \u00e9s menor d&#8217;edat, original del DNI del pare, mare o tutor\/a legal.<\/li>\n<li>Si l&#8217;alumne\/a \u00e9s menor d&#8217;edat, original del Llibre de Fam\u00edlia.<\/li>\n<li>Original de la TSI (Targeta Sanit\u00e0ria Individual) de l\u2019alumne\/a<\/li>\n<li>Documentaci\u00f3 acreditativa d&#8217;un dels requisits d&#8217;acc\u00e9s a Batxillerat:\n<ul style=\"list-style-type: square;\">\n<li>Resguard de sol\u00b7licitud del T\u00edtol de Graduat en ESO<\/li>\n<li>T\u00e8cnic d\u2019un cicle formatiu de grau mitj\u00e0 o t\u00e8cnic superior d\u2019un cicle formatiu de grau superior<\/li>\n<li>Haver cursat estudis de sistemes educatius estrangers que hagin estat homologats al t\u00edtol de GESO o al t\u00edtol de t\u00e8cnic<\/li>\n<\/ul>\n<\/li>\n<\/ul>\n<p style=\"text-align: right;\"><em>Data d&#8217;actualitzaci\u00f3: 08\/04\/26<\/em><\/p>\n","protected":false},"excerpt":{"rendered":"<ul>\n<li>Tota la informaci\u00f3 al web<a href=\"https:\/\/preinscripcio.gencat.cat\/ca\/estudis\/batxillerat\/inici\/\" target=\"_blank\" rel=\"noopener\"> Preinscripci\u00f3 26\/27: Batxillerat<\/a><\/li>\n<li>Consulteu la informaci\u00f3 de portes obertes i preguntes freq\u00fcents de la nostra web.<\/li>\n<li>Per qualsevol dubte o aclariment, empleneu el seg\u00fcent <a href=\"https:\/\/docs.google.com\/forms\/d\/e\/1FAIpQLSdf0s5lXVBV1KTrDhy4X_smq08mNhzNPgfHdql4x0C_4ao-Iw\/viewform\" target=\"_blank\" rel=\"noopener\">formulari<\/a>.<\/li>\n<\/ul>\n<ul>\n<li>08 d&#8217;abril de 2026: <a href=\"https:\/\/drive.google.com\/file\/d\/1mhTSRq9P3L1OsBHivMGkbie7dLjOcr8f\/view?usp=sharing\" target=\"_blank\" rel=\"noopener\">oferta inicial de places escolars<\/a><\/li>\n<li>Del&hellip;  <a href=\"https:\/\/agora.xtec.cat\/iesmonturiol\/secretaria\/preinscripcio\/preinscripcio-batxillerat\/\" title=\"Read BATXILLERAT\">Llegeix m\u00e9s\u00bb<\/a><br \/>\n","protected":false},"author":1,"featured_media":0,"parent":977,"menu_order":0,"comment_status":"closed","ping_status":"closed","template":"page-templates\/side-menu.php","meta":{"_bbp_topic_count":0,"_bbp_reply_count":0,"_bbp_total_topic_count":0,"_bbp_total_reply_count":0,"_bbp_voice_count":0,"_bbp_anonymous_reply_count":0,"_bbp_topic_count_hidden":0,"_bbp_reply_count_hidden":0,"_bbp_forum_subforum_count":0,"footnotes":""},"class_list":["post-1804","page","type-page","status-publish","hentry"],"post_mailing_queue_ids":[],"_links":{"self":[{"href":"https:\/\/agora.xtec.cat\/iesmonturiol\/wp-json\/wp\/v2\/pages\/1804","targetHints":{"allow":["GET"]}}],"collection":[{"href":"https:\/\/agora.xtec.cat\/iesmonturiol\/wp-json\/wp\/v2\/pages"}],"about":[{"href":"https:\/\/agora.xtec.cat\/iesmonturiol\/wp-json\/wp\/v2\/types\/page"}],"author":[{"embeddable":true,"href":"https:\/\/agora.xtec.cat\/iesmonturiol\/wp-json\/wp\/v2\/users\/1"}],"replies":[{"embeddable":true,"href":"https:\/\/agora.xtec.cat\/iesmonturiol\/wp-json\/wp\/v2\/comments?post=1804"}],"version-history":[{"count":6,"href":"https:\/\/agora.xtec.cat\/iesmonturiol\/wp-json\/wp\/v2\/pages\/1804\/revisions"}],"predecessor-version":[{"id":6835,"href":"https:\/\/agora.xtec.cat\/iesmonturiol\/wp-json\/wp\/v2\/pages\/1804\/revisions\/6835"}],"up":[{"embeddable":true,"href":"https:\/\/agora.xtec.cat\/iesmonturiol\/wp-json\/wp\/v2\/pages\/977"}],"wp:attachment":[{"href":"https:\/\/agora.xtec.cat\/iesmonturiol\/wp-json\/wp\/v2\/media?parent=1804"}],"curies":[{"name":"wp","href":"https:\/\/api.w.org\/{rel}","templated":true}]}}