{"id":1761,"date":"2019-04-26T19:46:20","date_gmt":"2019-04-26T17:46:20","guid":{"rendered":"http:\/\/agora.xtec.cat\/iesmonturiol\/?page_id=1761"},"modified":"2026-04-14T17:09:16","modified_gmt":"2026-04-14T15:09:16","slug":"departament-de-manteniment","status":"publish","type":"page","link":"https:\/\/agora.xtec.cat\/iesmonturiol\/departament-de-manteniment\/","title":{"rendered":"Departament de Manteniment"},"content":{"rendered":"<p><iframe loading=\"lazy\" src=\"\/\/www.youtube.com\/embed\/xv-RLCdkXj4\" width=\"560\" height=\"315\" frameborder=\"0\"><\/iframe><\/p>\n<h3>Cicles impartits<\/h3>\n<ul>\n<li><a href=\"https:\/\/agora.xtec.cat\/iesmonturiol\/categoria\/cicles-formatius\/man-ele\/\">CFGM Manteniment electromec\u00e0nic orientat a la fabricaci\u00f3 mec\u00e0nica<\/a><\/li>\n<\/ul>\n<h3>Professorat<\/h3>\n<ul>\n<li>Marta Domper<\/li>\n<li>Toni Esteve<\/li>\n<li>Xavi Gragera<\/li>\n<\/ul>\n<h3>Contacte Taller Manteniment<\/h3>\n<p>\ud83d\udcde 972 500 381<br \/>\n\ud83d\udce7<a href=\"mailto:fpmanteniment@iesmonturiol.net\"> fpmanteniment@iesmonturiol.net<\/a><br \/>\n\ud83d\udccd\u00a0Carrer Vilatenim, 19 17600 Figueres<br \/>\n<iframe loading=\"lazy\" src=\"https:\/\/www.google.com\/maps\/embed?pb=!1m18!1m12!1m3!1d1476.2103725601785!2d2.9722090005466995!3d42.26954117833315!2m3!1f0!2f0!3f0!3m2!1i1024!2i768!4f13.1!3m3!1m2!1s0x12ba8dd3d40cc0fb%3A0x9df4e6e400854ff9!2sCarrer+Vilatenim%2C+19%2C+17600+Figueres%2C+Girona!5e0!3m2!1sca!2ses!4v1557613958082!5m2!1sca!2ses\" width=\"600\" height=\"200\" frameborder=\"0\"><\/iframe><\/p>\n","protected":false},"excerpt":{"rendered":"<p>Cicles impartits<\/p>\n<ul>\n<li><a href=\"https:\/\/agora.xtec.cat\/iesmonturiol\/categoria\/cicles-formatius\/man-ele\/\">CFGM Manteniment electromec\u00e0nic orientat a la fabricaci\u00f3 mec\u00e0nica<\/a><\/li>\n<\/ul>\n<p>Professorat<\/p>\n<ul>\n<li>Marta Domper<\/li>\n<li>Toni Esteve<\/li>\n<li>Xavi Gragera<\/li>\n<\/ul>\n<p>Contacte Taller Manteniment<br \/>\n\ud83d\udcde 972 500 381<br \/>\n\ud83d\udce7<a href=\"mailto:fpmanteniment@iesmonturiol.net\"> fpmanteniment@iesmonturiol.net<\/a><br \/>\n\ud83d\udccd\u00a0Carrer Vilatenim, 19 17600 Figueres<\/p>\n","protected":false},"author":1,"featured_media":0,"parent":0,"menu_order":0,"comment_status":"closed","ping_status":"closed","template":"","meta":{"_bbp_topic_count":0,"_bbp_reply_count":0,"_bbp_total_topic_count":0,"_bbp_total_reply_count":0,"_bbp_voice_count":0,"_bbp_anonymous_reply_count":0,"_bbp_topic_count_hidden":0,"_bbp_reply_count_hidden":0,"_bbp_forum_subforum_count":0,"footnotes":""},"class_list":["post-1761","page","type-page","status-publish","hentry"],"post_mailing_queue_ids":[],"_links":{"self":[{"href":"https:\/\/agora.xtec.cat\/iesmonturiol\/wp-json\/wp\/v2\/pages\/1761","targetHints":{"allow":["GET"]}}],"collection":[{"href":"https:\/\/agora.xtec.cat\/iesmonturiol\/wp-json\/wp\/v2\/pages"}],"about":[{"href":"https:\/\/agora.xtec.cat\/iesmonturiol\/wp-json\/wp\/v2\/types\/page"}],"author":[{"embeddable":true,"href":"https:\/\/agora.xtec.cat\/iesmonturiol\/wp-json\/wp\/v2\/users\/1"}],"replies":[{"embeddable":true,"href":"https:\/\/agora.xtec.cat\/iesmonturiol\/wp-json\/wp\/v2\/comments?post=1761"}],"version-history":[{"count":6,"href":"https:\/\/agora.xtec.cat\/iesmonturiol\/wp-json\/wp\/v2\/pages\/1761\/revisions"}],"predecessor-version":[{"id":6839,"href":"https:\/\/agora.xtec.cat\/iesmonturiol\/wp-json\/wp\/v2\/pages\/1761\/revisions\/6839"}],"wp:attachment":[{"href":"https:\/\/agora.xtec.cat\/iesmonturiol\/wp-json\/wp\/v2\/media?parent=1761"}],"curies":[{"name":"wp","href":"https:\/\/api.w.org\/{rel}","templated":true}]}}