{"id":1385,"date":"2019-03-27T13:06:08","date_gmt":"2019-03-27T12:06:08","guid":{"rendered":"http:\/\/agora.xtec.cat\/iesmonturiol\/?page_id=1385"},"modified":"2019-04-24T13:09:22","modified_gmt":"2019-04-24T11:09:22","slug":"erasmus-eso-batx-grosetto","status":"publish","type":"page","link":"https:\/\/agora.xtec.cat\/iesmonturiol\/mobilitat\/erasmus-eso-batx-grosetto\/","title":{"rendered":"BATX Grup de treball Exili"},"content":{"rendered":"<p style=\"text-align: center;\"><a href=\"https:\/\/agora.xtec.cat\/iesmonturiol\/wp-content\/uploads\/usu1826\/2019\/03\/capcelera-memorial.png\"><img loading=\"lazy\" decoding=\"async\" class=\"alignnone size-full wp-image-1386\" src=\"https:\/\/agora.xtec.cat\/iesmonturiol\/wp-content\/uploads\/usu1826\/2019\/03\/capcelera-memorial.png\" alt=\"\" width=\"634\" height=\"153\" srcset=\"https:\/\/agora.xtec.cat\/iesmonturiol\/wp-content\/uploads\/usu1826\/2019\/03\/capcelera-memorial.png 634w, https:\/\/agora.xtec.cat\/iesmonturiol\/wp-content\/uploads\/usu1826\/2019\/03\/capcelera-memorial-300x72.png 300w\" sizes=\"auto, (max-width: 634px) 100vw, 634px\" \/><\/a><\/p>\n<p><span style=\"color: #3366ff;\"><b>El <\/b><b><i>Grup de Treball Exili, Deportaci\u00f3, Holocaust <\/i><\/b><b>de l\u2019Alt Empord\u00e0 <\/b><\/span><span style=\"font-weight: 400;\">va n\u00e9ixer oficialment durant el curs 2014-2015, mantenint els vincles amb el grup hom\u00f2nim de Barcelona impulsat pel Memorial Democr\u00e0tic.<\/span><\/p>\n<p><span style=\"font-weight: 400;\">Actualment, el <\/span><i><span style=\"font-weight: 400;\">Grup de Treball Exili, Deportaci\u00f3, Holocaust<\/span><\/i><span style=\"font-weight: 400;\"> aplega prop de vint professors d\u2019Hist\u00f2ria d\u201911 centres p\u00fablics d\u2019Educaci\u00f3 Secund\u00e0ria de l\u2019Alt Empord\u00e0:<\/span><\/p>\n<p><span style=\"font-weight: 400;\">Institut Narc\u00eds Monturiol, Figueres <\/span><\/p>\n<p><span style=\"font-weight: 400;\">Institut Olivar Gran, Figueres<\/span><\/p>\n<p><span style=\"font-weight: 400;\">Institut Ramon Muntaner, Figueres <\/span><\/p>\n<p><span style=\"font-weight: 400;\">Institut Alexandre Deulofeu, Figueres<\/span><\/p>\n<p><span style=\"font-weight: 400;\">Institut Cendrassos, Figueres<\/span><\/p>\n<p><span style=\"font-weight: 400;\">Institut El Pedr\u00f3, \u00a0L\u2019Escala<\/span><\/p>\n<p><span style=\"font-weight: 400;\">Institut Illa de Rodes, Roses<\/span><\/p>\n<p><span style=\"font-weight: 400;\">Institut Castell\u00f3 d\u2019Emp\u00faries, Castell\u00f3 d\u2019Emp\u00faries<\/span><\/p>\n<p><span style=\"font-weight: 400;\">Institut de Vilafant, Vilafant<\/span><\/p>\n<p><span style=\"font-weight: 400;\">Institut de Llan\u00e7\u00e0, Llan\u00e7\u00e0<\/span><\/p>\n<p><span style=\"font-weight: 400;\">Institut de la Jonquera, La Jonquera <\/span><\/p>\n<p>&nbsp;<\/p>\n<p>&nbsp;<\/p>\n<ul>\n<li><b>Els nostres Objectius s\u00f3n: <\/b><\/li>\n<\/ul>\n<ol>\n<li><span style=\"font-weight: 400;\"> Promoure l\u2019educaci\u00f3, el record, la sensibilitzaci\u00f3 i la investigaci\u00f3 de l\u2019Holocaust, la deportaci\u00f3 i l\u2019exili republic\u00e0 i els exilis i les deportacions en general.<\/span><\/li>\n<li><span style=\"font-weight: 400;\"> Activar la curiositat intel\u00b7lectual per a inspirar un pensament cr\u00edtic i creixement personal.<\/span><\/li>\n<li><span style=\"font-weight: 400;\"> Generar conductes i valors human\u00edstics, democr\u00e0tics, \u00e8tics i morals.<\/span><\/li>\n<li><span style=\"font-weight: 400;\"> Generar un espai per a la mem\u00f2ria dels qui varen patir.<\/span><\/li>\n<li><span style=\"font-weight: 400;\"> Educar perqu\u00e8 mai m\u00e9s es torni a repetir res semblant.<\/span><\/li>\n<li><span style=\"font-weight: 400;\"> Aprofitar les sinergies entre centres, crear xarxa entre professorat i alumnat de l\u2019Alt Empord\u00e0.<\/span><\/li>\n<\/ol>\n<p>&nbsp;<\/p>\n<ul>\n<li><b>Les nostres l\u00ednies de treball: <\/b><\/li>\n<\/ul>\n<ol>\n<li style=\"list-style-type: none;\">\n<ol>\n<li style=\"list-style-type: none;\">\n<ol>\n<li style=\"list-style-type: none;\">\n<ol>\n<li style=\"font-weight: 400;\"><span style=\"font-weight: 400;\">El <\/span><i><span style=\"font-weight: 400;\">Grup de Treball Exili, Deportaci\u00f3, Holocaust de l\u2019Alt Empord\u00e0 <\/span><\/i><span style=\"font-weight: 400;\">t\u00e9 diferents activitats que es fan cada curs: <\/span><\/li>\n<\/ol>\n<\/li>\n<\/ol>\n<\/li>\n<\/ol>\n<\/li>\n<\/ol>\n<p>&nbsp;<\/p>\n<ul>\n<li><b>Xerrada sobre la Guerra Civil i el franquisme adre\u00e7ada a 2n de batxillerat, <span style=\"font-weight: 400;\">novembre.<\/span><\/b><\/li>\n<\/ul>\n<ol>\n<li style=\"list-style-type: none;\">\n<ol>\n<li style=\"list-style-type: none;\">\n<ol>\n<li style=\"list-style-type: none;\">\n<ol>\n<li style=\"font-weight: 400;\"><b>-Participaci\u00f3 en el <\/b><b><i>Dia Internacional de Commemoraci\u00f3 de les V\u00edctimes de l\u2019Holocaust i Prevenci\u00f3 de Crims contra la Humanitat<\/i><\/b><b> (27 de gener)<\/b><b>, <\/b><span style=\"font-weight: 400;\">d<\/span><span style=\"font-weight: 400;\">urant una jornada del mes de gener, l&#8217;alumnat de <\/span><b>1r de batxillerat<\/b><span style=\"font-weight: 400;\"> de gaireb\u00e9 tots els instituts de la comarca comparteixen reflexions i tenen l\u2019oportunitat d\u2019anar m\u00e9s enll\u00e0 en pres\u00e8ncia d\u2019experts o testimonis sota el lema proposat per l\u2019ONU<\/span><span style=\"font-weight: 400;\">.<\/span><\/li>\n<\/ol>\n<\/li>\n<\/ol>\n<\/li>\n<\/ol>\n<\/li>\n<\/ol>\n<p>&nbsp;<\/p>\n<ul>\n<li><b>Participaci\u00f3 en el Dia Mundial de l\u2019Exili ( 5 de febrer, amb alumnat de 4t d\u2019ESO). <span style=\"font-weight: 400;\">R<\/span><span style=\"font-weight: 400;\">ememoraci\u00f3 de l\u2019exili republic\u00e0 i, en general, dels exilis contemporanis amb la recreaci\u00f3, per diferents rutes de l\u2019Alt Empord\u00e0 (Agullana, Portbou, la Jonquera, Figueres) i del Rossell\u00f3 (Elna, Argelers, Cotlliure, Ribesaltes) dels diferents camins de l\u2019exili. L&#8217;activitat aquests tres \u00faltims anys ha comen\u00e7at amb la concentraci\u00f3 davant de l&#8217;ajuntament de Figueres de tots els participants, que han escoltat els testimonis d&#8217;exiliats actuals i del passat. A continuaci\u00f3 s&#8217;ha fet part del cam\u00ed de l&#8217;exili i cada centre ha anat a llocs diferents. I es finalitza a la platja d\u2019Argelers on els alumnes fan diferents activitats aix\u00ed com intercanvi d\u2019informacions i posada en com\u00fa d\u2019idees principals. Cal ressaltar la col\u00b7laboraci\u00f3 de les associacions d&#8217;exiliats i familiars d&#8217;exiliats de la Catalunya Nord (FREE). L\u2019acte finalitza amb una cadena humana formada pels mateixos alumnes que simbolitza el per\u00edmetre del camp de concentraci\u00f3 que exist\u00ed en aquesta platja.<\/span><\/b><\/li>\n<li><b>Viatge a Mauthausen (1r de batxillerat).<\/b><span style=\"font-weight: 400;\"> V<\/span><span style=\"font-weight: 400;\">iatge intercentres a \u00c0ustria i Alemanya per visitar els camps de concentraci\u00f3 de Dachau, Mauthausen-Gusen i el Castell d\u2019Hartheim. En aquest viatge participen part dels instituts de la comarca i dura uns 4-5 dies. Els alumnes poden copsar en el lloc dels fets la pr\u00f2pia historia per, posteriorment, fer un treball personal que es presenta a les fam\u00edlies a la sala la Cate de Figueres. L\u2019acte central \u00e9s l\u2019homenatge als republicans assassinats al camp de Mauthausen, especialment als alt-empordanesos, i que compta amb la pres\u00e8ncia dels alcaldes de les poblacions ve\u00efnes al camp. En aquest acte es llegeixen poemes, es reciten can\u00e7ons i, despr\u00e9s dels parlaments, es citen els noms i cognoms dels alt empordanesos morts en aquest camp per, finalment, fer una ofrena floral i fer un minut de silenci. <\/span><\/li>\n<\/ul>\n<p>&nbsp;<\/p>\n<p>&nbsp;<\/p>\n<ul>\n<li><b>Web del grup de treball: <\/b><\/li>\n<\/ul>\n<p><a href=\"https:\/\/sites.google.com\/a\/xtec.cat\/exili-deportacio-holocaust\/home\"><span style=\"font-weight: 400;\">https:\/\/sites.google.com\/a\/xtec.cat\/exili-deportacio-holocaust\/home<\/span><\/a><\/p>\n<ul>\n<li><b>V\u00eddeos relacionats: <\/b><\/li>\n<\/ul>\n<p><a href=\"https:\/\/www.tramuntanatv.com\/news\/a500-estudiants-ressegueixen-els-camins-de-lexili-des-de-figueres\/\"><span style=\"font-weight: 400;\">https:\/\/www.tramuntanatv.com\/news\/a500-estudiants-ressegueixen-els-camins-de-lexili-des-de-figueres\/<\/span><\/a><\/p>\n<p><a href=\"https:\/\/agora.xtec.cat\/iesmonturiol\/wp-content\/uploads\/usu1826\/2019\/03\/logo-mume.jpg\"><img loading=\"lazy\" decoding=\"async\" class=\"wp-image-1392 alignleft\" src=\"https:\/\/agora.xtec.cat\/iesmonturiol\/wp-content\/uploads\/usu1826\/2019\/03\/logo-mume.jpg\" alt=\"\" width=\"147\" height=\"147\" srcset=\"https:\/\/agora.xtec.cat\/iesmonturiol\/wp-content\/uploads\/usu1826\/2019\/03\/logo-mume.jpg 225w, https:\/\/agora.xtec.cat\/iesmonturiol\/wp-content\/uploads\/usu1826\/2019\/03\/logo-mume-150x150.jpg 150w\" sizes=\"auto, (max-width: 147px) 100vw, 147px\" \/><\/a><\/p>\n<p><a href=\"https:\/\/agora.xtec.cat\/iesmonturiol\/wp-content\/uploads\/usu1826\/2019\/03\/LOGO_SEAE_CAP\u00c7ALERA_SITES.jpg\"><img loading=\"lazy\" decoding=\"async\" class=\"wp-image-1393 alignnone\" src=\"https:\/\/agora.xtec.cat\/iesmonturiol\/wp-content\/uploads\/usu1826\/2019\/03\/LOGO_SEAE_CAP\u00c7ALERA_SITES.jpg\" alt=\"\" width=\"357\" height=\"136\" \/><\/a><a href=\"https:\/\/agora.xtec.cat\/iesmonturiol\/wp-content\/uploads\/usu1826\/2019\/03\/Logo-Eurom.jpg\"><img loading=\"lazy\" decoding=\"async\" class=\" wp-image-1391 alignnone\" src=\"https:\/\/agora.xtec.cat\/iesmonturiol\/wp-content\/uploads\/usu1826\/2019\/03\/Logo-Eurom.jpg\" alt=\"\" width=\"145\" height=\"145\" srcset=\"https:\/\/agora.xtec.cat\/iesmonturiol\/wp-content\/uploads\/usu1826\/2019\/03\/Logo-Eurom.jpg 400w, https:\/\/agora.xtec.cat\/iesmonturiol\/wp-content\/uploads\/usu1826\/2019\/03\/Logo-Eurom-150x150.jpg 150w, https:\/\/agora.xtec.cat\/iesmonturiol\/wp-content\/uploads\/usu1826\/2019\/03\/Logo-Eurom-300x300.jpg 300w\" sizes=\"auto, (max-width: 145px) 100vw, 145px\" \/><\/a><a href=\"https:\/\/agora.xtec.cat\/iesmonturiol\/wp-content\/uploads\/usu1826\/2019\/03\/logo-consell-comarcal.jpg\"><img loading=\"lazy\" decoding=\"async\" class=\" wp-image-1390 alignnone\" src=\"https:\/\/agora.xtec.cat\/iesmonturiol\/wp-content\/uploads\/usu1826\/2019\/03\/logo-consell-comarcal.jpg\" alt=\"\" width=\"135\" height=\"135\" srcset=\"https:\/\/agora.xtec.cat\/iesmonturiol\/wp-content\/uploads\/usu1826\/2019\/03\/logo-consell-comarcal.jpg 200w, https:\/\/agora.xtec.cat\/iesmonturiol\/wp-content\/uploads\/usu1826\/2019\/03\/logo-consell-comarcal-150x150.jpg 150w\" sizes=\"auto, (max-width: 135px) 100vw, 135px\" \/><\/a><\/p>\n<p>&nbsp;<\/p>\n","protected":false},"excerpt":{"rendered":"<p><a href=\"https:\/\/agora.xtec.cat\/iesmonturiol\/wp-content\/uploads\/usu1826\/2019\/03\/capcelera-memorial.png\"><\/a><br \/>\nEl Grup de Treball Exili, Deportaci\u00f3, Holocaust de l\u2019Alt Empord\u00e0 va n\u00e9ixer oficialment durant el curs 2014-2015, mantenint els vincles amb el grup hom\u00f2nim de Barcelona impulsat pel Memorial Democr\u00e0tic.<br \/>\nActualment, el Grup de Treball Exili, Deportaci\u00f3, Holocaust aplega prop de vint professors d\u2019Hist\u00f2ria d\u201911&hellip;  <a href=\"https:\/\/agora.xtec.cat\/iesmonturiol\/mobilitat\/erasmus-eso-batx-grosetto\/\" title=\"Read BATX Grup de treball Exili\">Llegeix m\u00e9s\u00bb<\/a><\/p>\n","protected":false},"author":1,"featured_media":0,"parent":951,"menu_order":30,"comment_status":"closed","ping_status":"closed","template":"page-templates\/side-menu.php","meta":{"_bbp_topic_count":0,"_bbp_reply_count":0,"_bbp_total_topic_count":0,"_bbp_total_reply_count":0,"_bbp_voice_count":0,"_bbp_anonymous_reply_count":0,"_bbp_topic_count_hidden":0,"_bbp_reply_count_hidden":0,"_bbp_forum_subforum_count":0,"footnotes":""},"class_list":["post-1385","page","type-page","status-publish","hentry"],"post_mailing_queue_ids":[],"_links":{"self":[{"href":"https:\/\/agora.xtec.cat\/iesmonturiol\/wp-json\/wp\/v2\/pages\/1385","targetHints":{"allow":["GET"]}}],"collection":[{"href":"https:\/\/agora.xtec.cat\/iesmonturiol\/wp-json\/wp\/v2\/pages"}],"about":[{"href":"https:\/\/agora.xtec.cat\/iesmonturiol\/wp-json\/wp\/v2\/types\/page"}],"author":[{"embeddable":true,"href":"https:\/\/agora.xtec.cat\/iesmonturiol\/wp-json\/wp\/v2\/users\/1"}],"replies":[{"embeddable":true,"href":"https:\/\/agora.xtec.cat\/iesmonturiol\/wp-json\/wp\/v2\/comments?post=1385"}],"version-history":[{"count":3,"href":"https:\/\/agora.xtec.cat\/iesmonturiol\/wp-json\/wp\/v2\/pages\/1385\/revisions"}],"predecessor-version":[{"id":1718,"href":"https:\/\/agora.xtec.cat\/iesmonturiol\/wp-json\/wp\/v2\/pages\/1385\/revisions\/1718"}],"up":[{"embeddable":true,"href":"https:\/\/agora.xtec.cat\/iesmonturiol\/wp-json\/wp\/v2\/pages\/951"}],"wp:attachment":[{"href":"https:\/\/agora.xtec.cat\/iesmonturiol\/wp-json\/wp\/v2\/media?parent=1385"}],"curies":[{"name":"wp","href":"https:\/\/api.w.org\/{rel}","templated":true}]}}