{"id":1378,"date":"2019-03-27T12:49:18","date_gmt":"2019-03-27T11:49:18","guid":{"rendered":"http:\/\/agora.xtec.cat\/iesmonturiol\/?page_id=1378"},"modified":"2025-03-10T17:42:12","modified_gmt":"2025-03-10T16:42:12","slug":"eche-erasmus-charter-for-higher-education","status":"publish","type":"page","link":"https:\/\/agora.xtec.cat\/iesmonturiol\/mobilitat\/eche-erasmus-charter-for-higher-education\/","title":{"rendered":"ECHE ERASMUS + Charter For Higher Education 2021-2027"},"content":{"rendered":"<p>&nbsp;<\/p>\n<table border=\"0\" width=\"100%\" cellspacing=\"0\" cellpadding=\"0\">\n<tbody>\n<tr>\n<td valign=\"top\">\n<table border=\"0\" width=\"100%\" cellspacing=\"0\" cellpadding=\"0\">\n<tbody>\n<tr>\n<td class=\"text\">\n<h2 align=\"center\"><a href=\"https:\/\/agora.xtec.cat\/iesmonturiol\/wp-content\/uploads\/usu1826\/2021\/04\/cofinanciadoEN.png\"><img loading=\"lazy\" decoding=\"async\" class=\"wp-image-3931 aligncenter\" src=\"https:\/\/agora.xtec.cat\/iesmonturiol\/wp-content\/uploads\/usu1826\/2021\/04\/cofinanciadoEN-1024x223.png\" alt=\"\" width=\"669\" height=\"146\" srcset=\"https:\/\/agora.xtec.cat\/iesmonturiol\/wp-content\/uploads\/usu1826\/2021\/04\/cofinanciadoEN-1024x223.png 1024w, https:\/\/agora.xtec.cat\/iesmonturiol\/wp-content\/uploads\/usu1826\/2021\/04\/cofinanciadoEN-300x65.png 300w, https:\/\/agora.xtec.cat\/iesmonturiol\/wp-content\/uploads\/usu1826\/2021\/04\/cofinanciadoEN-768x167.png 768w, https:\/\/agora.xtec.cat\/iesmonturiol\/wp-content\/uploads\/usu1826\/2021\/04\/cofinanciadoEN.png 1720w\" sizes=\"auto, (max-width: 669px) 100vw, 669px\" \/><\/a><\/h2>\n<h2 align=\"center\"><span style=\"color: #3366ff;\">MOBILITAT EUROPEA PER A ALUMNES DE CICLES FORMATIUS DE GRAU SUPERIOR EN EL MARC DEL PROGRAMA EUROPEU ERASMUS<\/span><\/h2>\n<\/td>\n<\/tr>\n<tr>\n<td class=\"text\">\n<div align=\"center\"><\/div>\n<\/td>\n<\/tr>\n<tr>\n<td class=\"text\">\n<header class=\"entry-header\">\n<h1 class=\"entry-title\">ERASMUS+ PROGRAMA MOBILITAT CFGS , HE Higher Education<\/h1>\n<\/header>\n<div class=\"entry-content\">\n<h3><strong>PRESENTACI\u00d3 DE SOL\u00b7LICITUDS PROGRAMES D\u2019INTERCANVI:<\/strong><\/h3>\n<p>Aquest curs tornem a posar en marxa el programa de mobilitat Erasmus + per tal que aquells alumnes que estigueu interessats en realitzar les pr\u00e0ctiques en empreses (FPCT) a l\u2019estranger pugueu formar-hi part.<\/p>\n<h5>El termini de presentaci\u00f3 de sol\u00b7licituds\u00a0\u00a0<strong>comen\u00e7a el 23 de setembre fins el divendres 7 desembre de 2024<\/strong>\u00a0(ambd\u00f3s inclosos).<\/h5>\n<p>Els alumnes interessats cal que envi\u00efn aquest model de\u00a0<a href=\"https:\/\/drive.google.com\/file\/d\/1VfT8LafnPINeefV8nZqAyFSUAwuAoV_8\/view?usp=sharing\">Sol\u00b7licitud<\/a>\u00a0\u00a0al correu de la coordinaci\u00f3 de mobilitat mobilitat@iesmonturiol.net dins del termini establert.<\/p>\n<p>Podeu consultar les puntuacions dels candidats a participar en l\u2019Erasmus 24\/25 a partir del 22 de gener<strong> del 2025<\/strong>\u00a0en els seg\u00fcents enlla\u00e7os:<\/p>\n<p>Erasmus + Automoci\u00f3 24\/25 <a href=\"https:\/\/drive.google.com\/file\/d\/1ModVj8YvfpqIQwdAzUzB4kpwt2-M9Hjs\/view?usp=sharing\">Baremaci\u00f3<\/a><\/p>\n<h5>Per\u00edode de reclamacions de resultats del 23 de gener al 2 de febrer de 2025 en el mateix correu de la sol\u00b7licitud.<\/h5>\n<h5><\/h5>\n<h5><strong>QU\u00c8 \u00c9S?<\/strong><\/h5>\n<ul>\n<li>Consisteix en cursar total o parcialment el M\u00f2dul de Formaci\u00f3 Pr\u00e0ctica en Centre de Treball (FPCT) en una empresa d\u2019un altre pa\u00eds.<\/li>\n<li>Oferim des de l\u2019Institut als nostres estudiant de CFGS la possibilitat d\u2019ampliar la formaci\u00f3, mitjan\u00e7ant una estada professional a l\u2019estranger.<\/li>\n<li>Enguany es participar\u00e0 CFGS:<\/li>\n<\/ul>\n<p><strong>\u00a0 Automoci\u00f3\u00a0 \u00a0 \u00a0 \u00a0 \u00a0 \u00a0 \u00a0 \u00a0 \u00a0 \u00a0 \u00a0 \u00a0 \u00a0 \u00a0B\u00e8rgam (It\u00e0lia)<\/strong><\/p>\n<p><strong>\u00a0\u00a0<\/strong>La durada de l\u2019estada \u00e9s de 30 dies aproximadament segons el programa vigent.<\/p>\n<ul>\n<li>Es rep la subvenci\u00f3 de la Comissi\u00f3 Europea.<\/li>\n<\/ul>\n<p><a href=\"https:\/\/agora.xtec.cat\/iesmonturiol\/wp-content\/uploads\/usu1826\/2024\/10\/WhatsApp-Image-2024-05-29-at-19.20.26.jpeg\"><img loading=\"lazy\" decoding=\"async\" class=\"wp-image-6101 alignleft\" src=\"https:\/\/agora.xtec.cat\/iesmonturiol\/wp-content\/uploads\/usu1826\/2024\/10\/WhatsApp-Image-2024-05-29-at-19.20.26-1024x716.jpeg\" alt=\"\" width=\"356\" height=\"249\" srcset=\"https:\/\/agora.xtec.cat\/iesmonturiol\/wp-content\/uploads\/usu1826\/2024\/10\/WhatsApp-Image-2024-05-29-at-19.20.26-1024x716.jpeg 1024w, https:\/\/agora.xtec.cat\/iesmonturiol\/wp-content\/uploads\/usu1826\/2024\/10\/WhatsApp-Image-2024-05-29-at-19.20.26-300x210.jpeg 300w, https:\/\/agora.xtec.cat\/iesmonturiol\/wp-content\/uploads\/usu1826\/2024\/10\/WhatsApp-Image-2024-05-29-at-19.20.26-768x537.jpeg 768w, https:\/\/agora.xtec.cat\/iesmonturiol\/wp-content\/uploads\/usu1826\/2024\/10\/WhatsApp-Image-2024-05-29-at-19.20.26-1536x1074.jpeg 1536w, https:\/\/agora.xtec.cat\/iesmonturiol\/wp-content\/uploads\/usu1826\/2024\/10\/WhatsApp-Image-2024-05-29-at-19.20.26.jpeg 1767w\" sizes=\"auto, (max-width: 356px) 100vw, 356px\" \/><\/a><\/p>\n<h5><a href=\"https:\/\/agora.xtec.cat\/iesmonturiol\/wp-content\/uploads\/usu1826\/2024\/10\/WhatsApp-Image-2024-05-29-at-19.20.25.jpeg\"><img loading=\"lazy\" decoding=\"async\" class=\"wp-image-6102 alignleft\" src=\"https:\/\/agora.xtec.cat\/iesmonturiol\/wp-content\/uploads\/usu1826\/2024\/10\/WhatsApp-Image-2024-05-29-at-19.20.25-819x1024.jpeg\" alt=\"\" width=\"198\" height=\"247\" srcset=\"https:\/\/agora.xtec.cat\/iesmonturiol\/wp-content\/uploads\/usu1826\/2024\/10\/WhatsApp-Image-2024-05-29-at-19.20.25-819x1024.jpeg 819w, https:\/\/agora.xtec.cat\/iesmonturiol\/wp-content\/uploads\/usu1826\/2024\/10\/WhatsApp-Image-2024-05-29-at-19.20.25-240x300.jpeg 240w, https:\/\/agora.xtec.cat\/iesmonturiol\/wp-content\/uploads\/usu1826\/2024\/10\/WhatsApp-Image-2024-05-29-at-19.20.25-768x960.jpeg 768w, https:\/\/agora.xtec.cat\/iesmonturiol\/wp-content\/uploads\/usu1826\/2024\/10\/WhatsApp-Image-2024-05-29-at-19.20.25-1228x1536.jpeg 1228w, https:\/\/agora.xtec.cat\/iesmonturiol\/wp-content\/uploads\/usu1826\/2024\/10\/WhatsApp-Image-2024-05-29-at-19.20.25.jpeg 1530w\" sizes=\"auto, (max-width: 198px) 100vw, 198px\" \/><\/a><\/h5>\n<h5><\/h5>\n<h5><\/h5>\n<h5><\/h5>\n<h5><\/h5>\n<h5><\/h5>\n<h5><\/h5>\n<h5><\/h5>\n<h5><\/h5>\n<h5><\/h5>\n<h5><\/h5>\n<h5><\/h5>\n<h5><\/h5>\n<h5><strong>QU\u00c8 FEM?<\/strong><\/h5>\n<ul>\n<li>Presentaci\u00f3 i Estada a l\u2019empresa<\/li>\n<li>Pactar les activitats que pot fer en el PA<\/li>\n<li>Fer el seguiment pel qBid<\/li>\n<li>Complir l\u2019horari que s\u2019hagi acordat amb l\u2019empresa.<\/li>\n<li>Visites culturals en els dies de lleure.<\/li>\n<li>Valoraci\u00f3 en els Centre de Treball<\/li>\n<li>Hi haur\u00e0 professor\/a acompanyant nom\u00e9s a l\u2019inici i finalitzaci\u00f3 de l\u2019estada.<\/li>\n<li>Reconeixement de pr\u00e0ctiques a l\u2019estranger Erasmus + HE<\/li>\n<\/ul>\n<h5><strong>OBJECTIUS:<br \/>\n<\/strong><\/h5>\n<ul>\n<li>El coneixement de la realitat europea, tant en el fet diferencial de la llengua, cultura i la hist\u00f2ria com en el que tenen de com\u00fa tots els Estats i les nacions que formen Europa, ja que aix\u00f2 \u00e9s b\u00e0sic per poder participar plenament en la construcci\u00f3 de l\u2019Europa d\u2019avui i del futur.<\/li>\n<li>L\u2019objectiu de les estades en empreses es basen en tres punts primordials: el professional, (fer part de la FPCT en una empresa estrangera), el ling\u00fc\u00edstic i el cultural.<\/li>\n<li>En el camp educatiu i professional, poder con\u00e8ixer altres maneres de fer per valorar i millorar, si cal, els m\u00e8todes propis de formaci\u00f3 acad\u00e8mica i professional, aix\u00ed com promoure la integraci\u00f3 i l\u2019intercanvi d\u2019experi\u00e8ncies dels nostres alumnes amb alumnes estrangers i amb els treballadors de les empreses a on es facin les pr\u00e0ctiques.<\/li>\n<li>Potenciar les actituds de respecte vers altres cultures i altres maneres de viure.<\/li>\n<li>Presentar el pa\u00eds d\u2019acollida (geografia, hist\u00f2ria, cultura, llengua, etc.)<\/li>\n<li>Refor\u00e7ar la llengua del pa\u00eds d\u2019acollida o la llengua de comunicaci\u00f3 per afavorir la interrelaci\u00f3 cultural i personal.<\/li>\n<li>Analitzar i intercanviar coneixements sobre les capacitats que ha de tenir un bon professional de la perruqueria ambd\u00f3s pa\u00efsos per veure\u2019n les difer\u00e8ncies i les semblances.<\/li>\n<li>Motivar la formaci\u00f3 permanent com a eina b\u00e0sica d\u2019incorporaci\u00f3 al m\u00f3n productiu.<\/li>\n<li>Fer pr\u00e0ctiques en empreses d\u2019un altre pa\u00eds per veure\u2019n el funcionament i entendre millor el que vol dir la integraci\u00f3 europea.<\/li>\n<li>Relacionar-se amb gent d\u2019un altre pa\u00eds i una altra cultura i llengua per afavorir les actituds de solidaritat i toler\u00e0ncia.<\/li>\n<\/ul>\n<\/div>\n<h4><span style=\"color: #3366ff;\"><strong>ACREDITACI\u00d3 ERASMUS INSTITUT NARC\u00cdS MONTURIOL CFGS O HE<\/strong><\/span><\/h4>\n<p class=\"Estilo1\" align=\"justify\">L&#8217;Institut Narc\u00eds Monturiol de Figueres va presentar amb \u00e8xit la sol\u00b7licitud per a l&#8217;obtenci\u00f3 de la\u00a0<strong><em>Erasmus Charter for Higher Education<\/em><\/strong> (ECHE) en la convocat\u00f2ria per al per\u00edode del 2021 al 2027 .<\/p>\n<p class=\"Estilo1\" align=\"justify\">Si la Carta Erasmus per Educaci\u00f3 Superior \u00e9s atorgada, permetr\u00e0 als estudiants, professors i personal de l&#8217;institut dedicats als estudis de formaci\u00f3 professional de Cicles Formatius de Grau Superior, participar en projectes de mobilitat europea dins del marc del programa europeu Erasmus. En un primer pas, es vol aconseguir que els estudiants interessats, puguin tenir l&#8217;oportunitat de realitzar pr\u00e0ctiques en empreses o institucions d&#8217;altres pa\u00efsos, amb una durada m\u00ednima de dos mesos. En el nostre institut s&#8217;imparteix actualment el Cicle Formatiu de Grau Superior :<\/p>\n<p class=\"Estilo1\"><em>&#8211; AUTOMOCI\u00d3<\/em><\/p>\n<p class=\"Estilo1\">En la sol\u00b7licitud esmentada, es fa refer\u00e8ncia a l&#8217; organitzaci\u00f3, els principis fonamentals, la pol\u00edtica ling\u00fc\u00edstica i la declaraci\u00f3 de pol\u00edtica Erasmus del nostre Institut en els seg\u00fcents termes :<\/p>\n<h4><span style=\"color: #3366ff;\"><strong>GENERAL ORGANISATION<\/strong><\/span><\/h4>\n<p align=\"justify\">Our institution puts an entire structure for the international mobility.There is a person of the administrative and a concierge assigned to tasks related to these activities.There are three coordinators of international mobility. One coordinator is responsible for the projects related to students from ESO (Secondary Compulsory Education) and Baccalaureate courses. The 2nd is responsible for the projects related to vocational training. A 3rd coordinator is responsible for the projects affecting Higher Education Telecommunications and Computer Systems and Automotive).<\/p>\n<p align=\"justify\">Each coordinator is in touch with the contact from de Regional Ministry and works with the tutors of the different courses. The information is flowing in both directions through the coordinator, Regional Ministry of Education, coordinator, tutors\/teachers and students.<\/p>\n<h4><span style=\"color: #3366ff;\"><strong>FUNDAMENTAL PRINCIPLES<\/strong><\/span><\/h4>\n<p align=\"justify\">In the HE courses of Automotive (CFGS Automoci\u00f3) (<a href=\"http:\/\/www.xtec.cat\/web\/curriculum\/professionals\/fp\/titolsloe\">http:\/\/www.xtec.cat\/web\/curriculum\/professionals\/fp\/titolsloe<\/a>) , which is designed by Regional Ministry of Education, there is a subject (FPCT) consisting in traineeships in companies. Our students taking part in international projects that involve traineeships in companies, are monitored and evaluated by their tutor and there is a recognition for the FPCT, all this is recorded through a web application (<a href=\"https:\/\/www.empresaiformacio.org\/sBid\">https:\/\/www.empresaiformacio.org\/sBid<\/a>) . At the end of the placement, some documents will have been generated: the training agreement, the evaluation document, a certificate from the company and Europass documentation.Our institution will award and recognize ECTS credits, their number depends on the course and the number of hours. Everything done abroad has a recognition.<\/p>\n<h4><span style=\"color: #3366ff;\"><strong>LANGUAGE POLICY<\/strong><\/span><\/h4>\n<p align=\"justify\">The High Education courses taught at our Institution, Automotive ( CFGS Automoci\u00f3) is designed by the Regional Ministry of Education and published in its website (<a href=\"http:\/\/www.xtec.cat\/web\/curriculum\/professionals\/fp\/titolsloe\">http:\/\/www.xtec.cat\/web\/curriculum\/professionals\/fp\/titolsloe<\/a>) and also in our website (<a href=\"http:\/\/www.iesmonturiol.net\/web\/html\/estudis\/cicles.htm\">http:\/\/www.iesmonturiol.net\/web\/html\/estudis\/cicles.htm<\/a>).<\/p>\n<p align=\"justify\">Our institution&#8217;s policy language relies on encouraging, motivating and supporting the students and the staff for the language training, in our Region, people are well aware of this, because we live in a bilingual society due to two languages coexists. Our Institution emphasizes the European aspect of teaching and specifies that will promote all kinds of efforts to work with institutions in other countries. Some subjects are taught in English in the HE course of Telecommunications and Computer Systems, and always before mobility we try to intensify the language proficiency through an intensive course of English, taught by teachers from our or outside of the Institution.<\/p>\n<p align=\"justify\">Mentoring and supporting are similar for incoming and outgoing students. They are received institutionally, meet the tutors who will assist them during mobility. Periodically, every 2 weeks there will be a personal contact via e-mail , phone or video conference. Students will inform about their activities. When monitoring our students abroad, we will use the web application:\u00a0<a href=\"https:\/\/www.empresaiformacio.org\/sBid\">https:\/\/www.empresaiformacio.org\/sBid<\/a>\u00a0, where they inform about the activities done in the company and their assessment and where the tutor do the monitoring.<\/p>\n<p align=\"justify\">All participants are well looked after and the coordinators and tutors are available for helping them with any issues they may have like finding accommodation, assistance with mobility in the area and others.<\/p>\n<p align=\"justify\">Incoming participants are welcomed and invited to take part in activities organized to learn about around where they will live for a period of time, which mainly consist on activities carried out interacting with students and staff from our institution, such as attendance and participation in some classes, providing resources for learning and improvement of the language,&#8230; .The coordinator will be responsible for this information to being available.<\/p>\n<p align=\"justify\">Mobility achievements of our students for traineeships in enterprises are automatically recognized because traineeship in companies is a compulsory subject in the curriculum of the students of Higher Education (CFGS). In our HE courses we will award and recognize ECTS credits, the number will depend on the course and on the number of hours. When concerning to study mobility we will follow the ECVET criteria.<\/p>\n<p align=\"justify\">Apart from all recorded in the web application\u00a0<a href=\"https:\/\/www.empresaiformacio.org\/sBid\">https:\/\/www.empresaiformacio.org\/sBid<\/a>\u00a0, some documents will have been generated: the training agreement, the evaluation document, a certificate from the company and also Europass documentation.<\/p>\n<p align=\"justify\">ECTS credits in <a href=\"http:\/\/www.iesmonturiol.net\/web\/html\/mobilitat\/docs\/ECTS%20AUT.pdf\" target=\"_blank\" rel=\"noopener noreferrer\">AUTOMOCI\u00d3<\/a><\/p>\n<p align=\"justify\"><a href=\"http:\/\/europa.eu\/legislation_summaries\/education_training_youth\/lifelong_learning\/c11107_es.htm\">ECVET criteria<\/a><\/p>\n<h4><span style=\"color: #3366ff;\"><strong>ERASMUS POLICY STATMENT<\/strong><\/span><\/h4>\n<p align=\"justify\">Our international strategy is based on a long experience taking part in different European mobility projects. Our institution, from its foundation in 1977, has always been involved in activities related to students vocational training not only in our area, but also in working experiences abroad.<\/p>\n<p align=\"justify\">Trough the public calls for proposals of the Ministry of Education of the Government of Catalonia, we have been actively participated in European programs, made agreements with companies and schools and created strong links and partnerships in different European countries with some of these schools and companies. One of the first was the \u201cRidge<\/p>\n<p align=\"justify\">Danyers College\u201d and the Borough of Stcockport in England in the frame of the EWE (European Working Exchange) program promoted by the Catalan Goverment, and then followed others from different European cities, Perpignan (France), Grenoble (France), Bergamo (Italy), Duisburg (Germany), Immenstaad (Germany), Amb\u00e9rieu-en-Bugey (France), Bordeaux (France), Kempten (Germany), Montpellier (France), Lyon (France),\u2026.<\/p>\n<p align=\"justify\">Our institution is a member of a European program network, the European Week Conference (Euroweek), which is an international student conference. Every year the students and teachers taking part in it, experience the European spirit by debating about and working together on issues related to Europe. In 2003 our Institution was the responsible of organizing the event in Figueres. We are also involved in Comenius European projects, last year for instance the meeting was in Tallin (Estonia) .<\/p>\n<p align=\"justify\">Students and teachers of Telecommunications and Computer Systems from our HEI and from Vocational training about Telecomunications take part regularly in an exchange with students and teachers from \u201cStaatliche Berufsschule I\u201d of Kempten (Germany) in the frame of that was, until recently, named the Leonardo European project,. Last October we hosted 15 students and 2 teachers from Kempten providing them accommodation, work placements and other activities during three weeks. Now, we are planning to go to Kempten next October in reciprocity with a group of our students.<\/p>\n<p align=\"justify\">Most indicated contacts have been made through the Ministry of Education of the Government of Catalonia, and from these contacts, we have made others. Mainly, we have partners in Germany and France and use as a communication language, English and French, but always trying to use basic forms of the language of the country when is none of the two languages mentioned.<\/p>\n<p align=\"justify\">Our institution, from its long experience in international exchanges wants go further and give our HEI students the opportunity for long term stays in vocational training and provide the same to students from all around Europe . Is our will actively participate in the creation of the common European space offering our collaboration and providing opportunities for work experiences. This is for us not only a valuable cultural and personal experience, but also our way of contributing to abetter understanding between people and to the construction of the European Union.<\/p>\n<p align=\"justify\">Therefore these are our objectives :<\/p>\n<p align=\"justify\">-knowledge of another socio-cultural environment<\/p>\n<p align=\"justify\">-knowledge of different working methodologies<\/p>\n<p align=\"justify\">-experiences for personal and professional growth<\/p>\n<p align=\"justify\">-increasing our network of contacts (friends, schools and companies)<\/p>\n<p align=\"justify\">-exchange of experiences<\/p>\n<p align=\"justify\">-enhance the knowledge of foreign languages<\/p>\n<p align=\"justify\">Now, the main activity we would like to implement is giving and offering HEI students the opportunity for long-term working experiences, as a first step to participate in exchanges of teachers and multilateral projects.<\/p>\n<p align=\"justify\">In our institution, everybody is aware of international mobility programs, a feature of our institution which is included in its strategic documents, is non-discrimination on the basis of origin, race, religion, sex , disabilities, socioeconomic status&#8230; Our Institution has an Educational Project which contents our educational philosophy and its guidelines, some of them are :<\/p>\n<p align=\"justify\">\u201cThe integration of all the students reinforcing the general values of coexistence, tolerance and respect for people and the social and natural environment.<\/p>\n<p align=\"justify\">The Democratic values that will guide our work .<\/p>\n<p align=\"justify\">The gender equality is a fundamental feature present in our actions.<\/p>\n<p align=\"justify\">The focusing of our actions oriented to we all learn to live together.<\/p>\n<p align=\"justify\">The Human Rights respect.\u201d<\/p>\n<p align=\"justify\">All participants in international projects are well looked after and the coordinators and tutors are available for helping with any issues they may have like for instance, finding accommodation, obtaining of grants, assistance with mobility in the area&#8230; In our facilities, lifts are available for disabled people.<\/p>\n<p align=\"justify\"><a href=\"https:\/\/agora.xtec.cat\/iesmonturiol\/wp-content\/uploads\/usu1826\/2021\/04\/ECHE11.png\"><img loading=\"lazy\" decoding=\"async\" class=\"wp-image-3928 aligncenter\" src=\"https:\/\/agora.xtec.cat\/iesmonturiol\/wp-content\/uploads\/usu1826\/2021\/04\/ECHE11.png\" alt=\"\" width=\"350\" height=\"502\" srcset=\"https:\/\/agora.xtec.cat\/iesmonturiol\/wp-content\/uploads\/usu1826\/2021\/04\/ECHE11.png 490w, https:\/\/agora.xtec.cat\/iesmonturiol\/wp-content\/uploads\/usu1826\/2021\/04\/ECHE11-209x300.png 209w\" sizes=\"auto, (max-width: 350px) 100vw, 350px\" \/><\/a><img loading=\"lazy\" decoding=\"async\" class=\"wp-image-3929 aligncenter\" src=\"https:\/\/agora.xtec.cat\/iesmonturiol\/wp-content\/uploads\/usu1826\/2021\/04\/ECHE22.png\" alt=\"\" width=\"341\" height=\"478\" srcset=\"https:\/\/agora.xtec.cat\/iesmonturiol\/wp-content\/uploads\/usu1826\/2021\/04\/ECHE22.png 476w, https:\/\/agora.xtec.cat\/iesmonturiol\/wp-content\/uploads\/usu1826\/2021\/04\/ECHE22-214x300.png 214w\" sizes=\"auto, (max-width: 341px) 100vw, 341px\" \/><\/p>\n<\/td>\n<\/tr>\n<\/tbody>\n<\/table>\n<\/td>\n<td width=\"20\"><\/td>\n<\/tr>\n<\/tbody>\n<\/table>\n","protected":false},"excerpt":{"rendered":"<p>&nbsp;<\/p>\n<p><a href=\"https:\/\/agora.xtec.cat\/iesmonturiol\/wp-content\/uploads\/usu1826\/2021\/04\/cofinanciadoEN.png\"><\/a><br \/>\nMOBILITAT EUROPEA PER A ALUMNES DE CICLES FORMATIUS DE GRAU SUPERIOR EN EL MARC DEL PROGRAMA EUROPEU ERASMUS<\/p>\n<p>ERASMUS+ PROGRAMA MOBILITAT CFGS , HE Higher Education<\/p>\n<p>PRESENTACI\u00d3 DE SOL\u00b7LICITUDS PROGRAMES D\u2019INTERCANVI:<br \/>\nAquest curs tornem a posar en marxa el programa de mobilitat Erasmus + per tal que&hellip;  <a href=\"https:\/\/agora.xtec.cat\/iesmonturiol\/mobilitat\/eche-erasmus-charter-for-higher-education\/\" title=\"Read ECHE ERASMUS + Charter For Higher Education 2021-2027\">Llegeix m\u00e9s\u00bb<\/a><\/p>\n","protected":false},"author":1,"featured_media":0,"parent":951,"menu_order":60,"comment_status":"closed","ping_status":"closed","template":"page-templates\/side-menu.php","meta":{"_bbp_topic_count":0,"_bbp_reply_count":0,"_bbp_total_topic_count":0,"_bbp_total_reply_count":0,"_bbp_voice_count":0,"_bbp_anonymous_reply_count":0,"_bbp_topic_count_hidden":0,"_bbp_reply_count_hidden":0,"_bbp_forum_subforum_count":0,"footnotes":""},"class_list":["post-1378","page","type-page","status-publish","hentry"],"post_mailing_queue_ids":[],"_links":{"self":[{"href":"https:\/\/agora.xtec.cat\/iesmonturiol\/wp-json\/wp\/v2\/pages\/1378","targetHints":{"allow":["GET"]}}],"collection":[{"href":"https:\/\/agora.xtec.cat\/iesmonturiol\/wp-json\/wp\/v2\/pages"}],"about":[{"href":"https:\/\/agora.xtec.cat\/iesmonturiol\/wp-json\/wp\/v2\/types\/page"}],"author":[{"embeddable":true,"href":"https:\/\/agora.xtec.cat\/iesmonturiol\/wp-json\/wp\/v2\/users\/1"}],"replies":[{"embeddable":true,"href":"https:\/\/agora.xtec.cat\/iesmonturiol\/wp-json\/wp\/v2\/comments?post=1378"}],"version-history":[{"count":6,"href":"https:\/\/agora.xtec.cat\/iesmonturiol\/wp-json\/wp\/v2\/pages\/1378\/revisions"}],"predecessor-version":[{"id":3930,"href":"https:\/\/agora.xtec.cat\/iesmonturiol\/wp-json\/wp\/v2\/pages\/1378\/revisions\/3930"}],"up":[{"embeddable":true,"href":"https:\/\/agora.xtec.cat\/iesmonturiol\/wp-json\/wp\/v2\/pages\/951"}],"wp:attachment":[{"href":"https:\/\/agora.xtec.cat\/iesmonturiol\/wp-json\/wp\/v2\/media?parent=1378"}],"curies":[{"name":"wp","href":"https:\/\/api.w.org\/{rel}","templated":true}]}}