{"id":1321,"date":"2019-03-24T23:35:33","date_gmt":"2019-03-24T22:35:33","guid":{"rendered":"http:\/\/agora.xtec.cat\/iesmonturiol\/?page_id=1321"},"modified":"2026-02-11T23:04:16","modified_gmt":"2026-02-11T22:04:16","slug":"erasmus-cfgm-or-vet","status":"publish","type":"page","link":"https:\/\/agora.xtec.cat\/iesmonturiol\/mobilitat\/erasmus-cfgm-or-vet\/","title":{"rendered":"ERASMUS+ PROGRAMA MOBILITAT CFGM , VET Vocational Education and Training"},"content":{"rendered":"<h3><span style=\"text-decoration: underline;\"><strong>PRESENTACI\u00d3 DE SOL\u00b7LICITUDS PROGRAMES D&#8217;INTERCANVI:<\/strong><\/span><\/h3>\n<p>Aquest curs tornem a posar en marxa el programa de mobilitat Erasmus + per tal que aquells alumnes que estigueu interessats en realitzar les pr\u00e0ctiques en empreses (FPCT) a l&#8217;estranger pugueu formar-hi part.<\/p>\n<h5>El termini de presentaci\u00f3 de sol\u00b7licituds\u00a0 <strong>comen\u00e7a el 15 d&#8217;octubre 2025 fins el divendres 31 d&#8217;octubre de 2025<\/strong>\u00a0(ambd\u00f3s inclosos).<\/h5>\n<p>Els alumnes interessats cal que envi\u00efn aquest model de <a href=\"https:\/\/drive.google.com\/file\/d\/1VfT8LafnPINeefV8nZqAyFSUAwuAoV_8\/view?usp=sharing\">Sol\u00b7licitud<\/a> \u00a0al correu de la coordinaci\u00f3 de mobilitat mobilitat@iesmonturiol.net dins del termini establert.<\/p>\n<p>Podeu consultar les puntuacions dels candidats a participar en l&#8217;Erasmus 26\/26 a partir del <strong>1 de desembre de 2025<\/strong>\u00a0en els seg\u00fcents enlla\u00e7os:<\/p>\n<p>De moment podeu consultar les baremacions dels seleccionats el curs passar per fer-vos una idea del procediment.<\/p>\n<p>Erasmus + Perruqueria i cosm\u00e8tica capil\u00b7lar 25\/26 <a href=\"https:\/\/drive.google.com\/file\/d\/1UAy23u2iLsiS8pgSaeKqKD5TDIv1tnSI\/view?usp=sharing\">Baremaci\u00f3<\/a><\/p>\n<p>Erasmus + Est\u00e8tica i bellesa 25\/26 <a href=\"https:\/\/drive.google.com\/file\/d\/1q6-qRzdQupcO37YW60wXWKZCUmy8fpdB\/view?usp=sharing\">Baremaci\u00f3<\/a><\/p>\n<p>Erasmus + Electromec\u00e0nica de vehicles autom\u00f2bils 25\/26 <a href=\"https:\/\/drive.google.com\/file\/d\/1sATF8VnJczJFR8DivESlxTHLBBo6G4Dk\/view?usp=sharing\">Baremaci\u00f3<\/a><\/p>\n<h5>Per\u00edode de reclamacions de resultats de 1 al 15 de Novembre de 2025 en el mateix correu de la sol\u00b7licitud.<\/h5>\n<h5><\/h5>\n<h5><strong>QU\u00c8 \u00c9S?<\/strong><\/h5>\n<ul>\n<li>Consisteix en cursar total o parcialment el M\u00f2dul de Formaci\u00f3 Pr\u00e0ctica en Centre de Treball (FPCT) en una empresa d&#8217;un altre pa\u00eds.<\/li>\n<li>Oferim des de l&#8217;Institut als nostres estudiant de CFGM la possibilitat d&#8217;ampliar la formaci\u00f3, mitjan\u00e7ant una estada professional a l&#8217;estranger.<\/li>\n<li>Enguany es participar\u00e0 CFGM:<\/li>\n<\/ul>\n<p><strong>\u00a0 Perruqueria i cosm\u00e8tica capil\u00b7lar.\u00a0 \u00a0 \u00a0 \u00a0 \u00a0 \u00a0 \u00a0 \u00a0 \u00a0 \u00a0 \u00a0 \u00a0 \u00a0 \u00a0It\u00e0lia (Empoli)<\/strong><\/p>\n<p><strong>\u00a0 Est\u00e8tica i bellesa.\u00a0 \u00a0 \u00a0 \u00a0 \u00a0 \u00a0 \u00a0 \u00a0 \u00a0 \u00a0 \u00a0 \u00a0 \u00a0 \u00a0 \u00a0 \u00a0 \u00a0 \u00a0 \u00a0 \u00a0 \u00a0 \u00a0 \u00a0 \u00a0 \u00a0 \u00a0 \u00a0It\u00e0lia (Empoli)<\/strong><\/p>\n<p><strong>\u00a0 Electromec\u00e0nica de vehicles i autom\u00f2bils\u00a0 \u00a0 \u00a0 \u00a0 \u00a0 \u00a0 Lyon (Fran\u00e7a)<\/strong><\/p>\n<p><strong>\u00a0<\/strong><strong style=\"font-family: inherit; font-size: 1em;\">\u00a0\u00a0<\/strong><span style=\"font-family: inherit; font-size: 1em;\">La durada de l&#8217;estada \u00e9s de 30 dies aproximadament segons el programa vigent.<\/span><\/p>\n<ul>\n<li>Es rep la subvenci\u00f3 de la Comissi\u00f3 Europea.<\/li>\n<\/ul>\n<h5><strong>QU\u00c8 FEM?<\/strong><\/h5>\n<ul>\n<li>Presentaci\u00f3 i Estada a l&#8217;empresa<\/li>\n<li>Pactar les activitats que pot fer en el PA<\/li>\n<li>Fer el seguiment pel qBid<\/li>\n<li>Complir l&#8217;horari que s&#8217;hagi acordat amb l&#8217;empresa.<\/li>\n<li>Visites culturals en els dies de lleure.<\/li>\n<li>Valoraci\u00f3 en els Centre de Treball<\/li>\n<li>Hi haur\u00e0 professor\/a acompanyant nom\u00e9s a l&#8217;inici i finalitzaci\u00f3 de l&#8217;estada.<\/li>\n<li>Reconeixement de pr\u00e0ctiques a l&#8217;estranger Erasmus + VET.<\/li>\n<\/ul>\n<h5><strong>OBJECTIUS:<br \/>\n<\/strong><\/h5>\n<ul>\n<li>El coneixement de la realitat europea, tant en el fet diferencial de la llengua, cultura i la hist\u00f2ria com en el que tenen de com\u00fa tots els Estats i les nacions que formen Europa, ja que aix\u00f2 \u00e9s b\u00e0sic per poder participar plenament en la construcci\u00f3 de l\u2019Europa d\u2019avui i del futur.<\/li>\n<li>L\u2019objectiu de les estades en empreses es basen en tres punts primordials: el professional, (fer part de la FPCT en una empresa estrangera), el ling\u00fc\u00edstic i el cultural.<\/li>\n<li>En el camp educatiu i professional, poder con\u00e8ixer altres maneres de fer per valorar i millorar, si cal, els m\u00e8todes propis de formaci\u00f3 acad\u00e8mica i professional, aix\u00ed com promoure la integraci\u00f3 i l\u2019intercanvi d\u2019experi\u00e8ncies dels nostres alumnes amb alumnes estrangers i amb els treballadors de les empreses a on es facin les pr\u00e0ctiques.<\/li>\n<li>Potenciar les actituds de respecte vers altres cultures i altres maneres de viure.<\/li>\n<li>Presentar el pa\u00eds d\u2019acollida (geografia, hist\u00f2ria, cultura, llengua, etc.)<\/li>\n<li>Refor\u00e7ar la llengua del pa\u00eds d\u2019acollida o la llengua de comunicaci\u00f3 per afavorir la interrelaci\u00f3 cultural i personal.<\/li>\n<li>Analitzar i intercanviar coneixements sobre les capacitats que ha de tenir un bon professional de la perruqueria ambd\u00f3s pa\u00efsos per veure\u2019n les difer\u00e8ncies i les semblances.<\/li>\n<li>Motivar la formaci\u00f3 permanent com a eina b\u00e0sica d\u2019incorporaci\u00f3 al m\u00f3n productiu.<\/li>\n<li>Fer pr\u00e0ctiques en empreses d\u2019un altre pa\u00eds per veure\u2019n el funcionament i entendre millor el que vol dir la integraci\u00f3 europea.<\/li>\n<li>Relacionar-se amb gent d\u2019un altre pa\u00eds i una altra cultura i llengua per afavorir les actituds de solidaritat i toler\u00e0ncia.<\/li>\n<\/ul>\n<p>A continuaci\u00f3 compartim amb vosaltres fotografies\u00a0 de les experi\u00e8ncies Erasmus que han tingut ex-alumnes del nostre centre.<\/p>\n<p>US ANIMEU?<\/p>\n<p>ERASMUS PERRUQUERIA I COSM\u00c8TICA CAPIL\u00b7LAR, MONTPELLIER, JUNY 2019<\/p>\n\r\n\t<div class=\"slideshow_container slideshow_container_style-light\" style=\"height: 400px; \" data-slideshow-id=\"1325\" data-style-name=\"style-light\" data-style-version=\"2.3.1\" >\r\n\r\n\t\t\t\t\t<div class=\"slideshow_loading_icon\"><\/div>\r\n\t\t\r\n\t\t<div class=\"slideshow_content\" style=\"display: none;\">\r\n\r\n\t\t\t<div class=\"slideshow_view\">\r\n\t\t\t\t<div class=\"slideshow_slide slideshow_slide_image\">\r\n\t\t\t\t\t\t\t\t\t\t\t<img src=\"https:\/\/agora.xtec.cat\/iesmonturiol\/wp-content\/uploads\/usu1826\/2019\/03\/IMG_20171207_153737.jpg\" alt=\"sdr\" width=\"1024\" height=\"577\" \/>\r\n\t\t\t\t\t\t\t\t\t\t<div class=\"slideshow_description_box slideshow_transparent\">\r\n\t\t\t\t\t\t<div class=\"slideshow_title\">sdr<\/div>\t\t\t\t\t\t\t\t\t\t\t<\/div>\r\n\t\t\t\t<\/div>\r\n\r\n\t\t\t\t\t\t<div style=\"clear: both;\"><\/div><\/div><div class=\"slideshow_view\">\r\n\t\t\t\t<div class=\"slideshow_slide slideshow_slide_image\">\r\n\t\t\t\t\t\t\t\t\t\t\t<img src=\"https:\/\/agora.xtec.cat\/iesmonturiol\/wp-content\/uploads\/usu1826\/2019\/03\/IMG_20171207_141530.jpg\" alt=\"sdr\" width=\"1024\" height=\"578\" \/>\r\n\t\t\t\t\t\t\t\t\t\t<div class=\"slideshow_description_box slideshow_transparent\">\r\n\t\t\t\t\t\t<div class=\"slideshow_title\">sdr<\/div>\t\t\t\t\t\t\t\t\t\t\t<\/div>\r\n\t\t\t\t<\/div>\r\n\r\n\t\t\t\t\t\t<div style=\"clear: both;\"><\/div><\/div><div class=\"slideshow_view\">\r\n\t\t\t\t<div class=\"slideshow_slide slideshow_slide_image\">\r\n\t\t\t\t\t\t\t\t\t\t\t<img src=\"https:\/\/agora.xtec.cat\/iesmonturiol\/wp-content\/uploads\/usu1826\/2019\/03\/IMG_20171207_120849.jpg\" alt=\"edf\" width=\"1024\" height=\"768\" \/>\r\n\t\t\t\t\t\t\t\t\t\t<div class=\"slideshow_description_box slideshow_transparent\">\r\n\t\t\t\t\t\t<div class=\"slideshow_title\">edf<\/div>\t\t\t\t\t\t\t\t\t\t\t<\/div>\r\n\t\t\t\t<\/div>\r\n\r\n\t\t\t\t\t\t<div style=\"clear: both;\"><\/div><\/div><div class=\"slideshow_view\">\r\n\t\t\t\t<div class=\"slideshow_slide slideshow_slide_image\">\r\n\t\t\t\t\t\t\t\t\t\t\t<img src=\"https:\/\/agora.xtec.cat\/iesmonturiol\/wp-content\/uploads\/usu1826\/2019\/03\/IMG_20171207_114827.jpg\" alt=\"edf\" width=\"1024\" height=\"768\" \/>\r\n\t\t\t\t\t\t\t\t\t\t<div class=\"slideshow_description_box slideshow_transparent\">\r\n\t\t\t\t\t\t<div class=\"slideshow_title\">edf<\/div>\t\t\t\t\t\t\t\t\t\t\t<\/div>\r\n\t\t\t\t<\/div>\r\n\r\n\t\t\t\t\t\t<div style=\"clear: both;\"><\/div><\/div><div class=\"slideshow_view\">\r\n\t\t\t\t<div class=\"slideshow_slide slideshow_slide_image\">\r\n\t\t\t\t\t\t\t\t\t\t\t<img src=\"https:\/\/agora.xtec.cat\/iesmonturiol\/wp-content\/uploads\/usu1826\/2019\/03\/IMG_20171207_123859.jpg\" alt=\"bty\" width=\"1024\" height=\"577\" \/>\r\n\t\t\t\t\t\t\t\t\t\t<div class=\"slideshow_description_box slideshow_transparent\">\r\n\t\t\t\t\t\t<div class=\"slideshow_title\">bty<\/div>\t\t\t\t\t\t\t\t\t\t\t<\/div>\r\n\t\t\t\t<\/div>\r\n\r\n\t\t\t\t\t\t<div style=\"clear: both;\"><\/div><\/div><div class=\"slideshow_view\">\r\n\t\t\t\t<div class=\"slideshow_slide slideshow_slide_image\">\r\n\t\t\t\t\t\t\t\t\t\t\t<img src=\"https:\/\/agora.xtec.cat\/iesmonturiol\/wp-content\/uploads\/usu1826\/2019\/03\/IMG_20171207_164138.jpg\" alt=\"cof\" width=\"1024\" height=\"578\" \/>\r\n\t\t\t\t\t\t\t\t\t\t<div class=\"slideshow_description_box slideshow_transparent\">\r\n\t\t\t\t\t\t<div class=\"slideshow_title\">cof<\/div>\t\t\t\t\t\t\t\t\t\t\t<\/div>\r\n\t\t\t\t<\/div>\r\n\r\n\t\t\t\t\t\t<div style=\"clear: both;\"><\/div><\/div><div class=\"slideshow_view\">\r\n\t\t\t\t<div class=\"slideshow_slide slideshow_slide_image\">\r\n\t\t\t\t\t\t\t\t\t\t\t<img src=\"https:\/\/agora.xtec.cat\/iesmonturiol\/wp-content\/uploads\/usu1826\/2019\/03\/IMG_20171207_123515.jpg\" alt=\"edf\" width=\"1024\" height=\"1365\" \/>\r\n\t\t\t\t\t\t\t\t\t\t<div class=\"slideshow_description_box slideshow_transparent\">\r\n\t\t\t\t\t\t<div class=\"slideshow_title\">edf<\/div>\t\t\t\t\t\t\t\t\t\t\t<\/div>\r\n\t\t\t\t<\/div>\r\n\r\n\t\t\t\t\t\t<div style=\"clear: both;\"><\/div><\/div><div class=\"slideshow_view\">\r\n\t\t\t\t<div class=\"slideshow_slide slideshow_slide_image\">\r\n\t\t\t\t\t\t\t\t\t\t\t<img src=\"https:\/\/agora.xtec.cat\/iesmonturiol\/wp-content\/uploads\/usu1826\/2019\/03\/IMG_20171207_164102.jpg\" alt=\"cof\" width=\"1024\" height=\"578\" \/>\r\n\t\t\t\t\t\t\t\t\t\t<div class=\"slideshow_description_box slideshow_transparent\">\r\n\t\t\t\t\t\t<div class=\"slideshow_title\">cof<\/div>\t\t\t\t\t\t\t\t\t\t\t<\/div>\r\n\t\t\t\t<\/div>\r\n\r\n\t\t\t\t\t\t<div style=\"clear: both;\"><\/div><\/div><div class=\"slideshow_view\">\r\n\t\t\t\t<div class=\"slideshow_slide slideshow_slide_image\">\r\n\t\t\t\t\t\t\t\t\t\t\t<img src=\"https:\/\/agora.xtec.cat\/iesmonturiol\/wp-content\/uploads\/usu1826\/2019\/03\/IMG_20171207_113722.jpg\" alt=\"sdr\" width=\"1024\" height=\"578\" \/>\r\n\t\t\t\t\t\t\t\t\t\t<div class=\"slideshow_description_box slideshow_transparent\">\r\n\t\t\t\t\t\t<div class=\"slideshow_title\">sdr<\/div>\t\t\t\t\t\t\t\t\t\t\t<\/div>\r\n\t\t\t\t<\/div>\r\n\r\n\t\t\t\t\t\t<div style=\"clear: both;\"><\/div><\/div><div class=\"slideshow_view\">\r\n\t\t\t\t<div class=\"slideshow_slide slideshow_slide_image\">\r\n\t\t\t\t\t\t\t\t\t\t\t<img src=\"https:\/\/agora.xtec.cat\/iesmonturiol\/wp-content\/uploads\/usu1826\/2019\/03\/IMG_20171207_112328.jpg\" alt=\"sdr\" width=\"1024\" height=\"578\" \/>\r\n\t\t\t\t\t\t\t\t\t\t<div class=\"slideshow_description_box slideshow_transparent\">\r\n\t\t\t\t\t\t<div class=\"slideshow_title\">sdr<\/div>\t\t\t\t\t\t\t\t\t\t\t<\/div>\r\n\t\t\t\t<\/div>\r\n\r\n\t\t\t\t\t\t<div style=\"clear: both;\"><\/div><\/div><div class=\"slideshow_view\">\r\n\t\t\t\t<div class=\"slideshow_slide slideshow_slide_image\">\r\n\t\t\t\t\t\t\t\t\t\t\t<img src=\"https:\/\/agora.xtec.cat\/iesmonturiol\/wp-content\/uploads\/usu1826\/2019\/04\/Sin-nombre.png\" alt=\"Sin nombre\" width=\"1064\" height=\"620\" \/>\r\n\t\t\t\t\t\t\t\t\t\t<div class=\"slideshow_description_box slideshow_transparent\">\r\n\t\t\t\t\t\t<div class=\"slideshow_title\">Sin nombre<\/div>\t\t\t\t\t\t\t\t\t\t\t<\/div>\r\n\t\t\t\t<\/div>\r\n\r\n\t\t\t\t\t\t<div style=\"clear: both;\"><\/div><\/div>\r\n\t\t<\/div>\r\n\r\n\t\t<div class=\"slideshow_controlPanel slideshow_transparent\" style=\"display: none;\"><ul><li class=\"slideshow_togglePlay\" data-play-text=\"Visualitza\" data-pause-text=\"Pausa\"><\/li><\/ul><\/div>\r\n\r\n\t\t<div class=\"slideshow_button slideshow_previous slideshow_transparent\" role=\"button\" data-previous-text=\"Anterior\" style=\"display: none;\"><\/div>\r\n\t\t<div class=\"slideshow_button slideshow_next slideshow_transparent\" role=\"button\" data-next-text=\"Seg\u00fcent\" style=\"display: none;\"><\/div>\r\n\r\n\t\t<div class=\"slideshow_pagination\" style=\"display: none;\" data-go-to-text=\"V\u00e9s a la diapositiva\"><div class=\"slideshow_pagination_center\"><\/div><\/div>\r\n\r\n\t\t<!-- WordPress Slideshow Version 2.3.1 -->\r\n\r\n\t\t\t<\/div>\r\n\r\n\n<h3 data-start=\"222\" data-end=\"275\"><strong data-start=\"222\" data-end=\"275\">SELECCI\u00d3 DE PROFESSORAT PER A MOBILITATS ERASMUS+<\/strong><\/h3>\n<p data-start=\"277\" data-end=\"504\">Al comen\u00e7ament de cada curs acad\u00e8mic, durant els plenaris dels cicles formatius, es presenta al claustre de professorat tota la informaci\u00f3 relativa a les mobilitats Erasmus+ destinades a formaci\u00f3 i job shadowing a l\u2019estranger.<\/p>\n<p data-start=\"506\" data-end=\"752\">Posteriorment, s\u2019envia un correu informatiu a tot el professorat a trav\u00e9s de la plataforma iEduca amb les instruccions per formalitzar la sol\u00b7licitud de participaci\u00f3. Els interessats poden presentar la seva candidatura dins del termini establert.<\/p>\n<p data-start=\"754\" data-end=\"975\">Les sol\u00b7licituds rebudes es baremen seguint els criteris acordats per la Comissi\u00f3 de Mobilitat del centre. Les puntuacions obtingudes es publiquen de manera p\u00fablica i transparent a trav\u00e9s dels canals habituals del centre.<\/p>\n<p data-start=\"977\" data-end=\"1144\">Els candidats seleccionats s\u00f3n proposats al Consorci Erasmus+ de la Generalitat de Catalunya, que \u00e9s qui finalment valida i aprova la seva participaci\u00f3 en el programa.<\/p>\n<p data-start=\"1146\" data-end=\"1424\">Aquesta iniciativa permet al professorat participar en formacions o estades d\u2019observaci\u00f3 pedag\u00f2gica (job shadowing) en centres educatius europeus, amb l\u2019objectiu de millorar les compet\u00e8ncies professionals, metodol\u00f2giques i ling\u00fc\u00edstiques, i compartir bones pr\u00e0ctiques educatives.<\/p>\n<p data-start=\"1146\" data-end=\"1424\"><a href=\"https:\/\/drive.google.com\/file\/d\/1D-O9a-Xt0I0NUwsPHY6ZkdthimswaSkM\/view?usp=sharing\">Baremaci\u00f3\u00a0<\/a> Erasmus professorat CONSORCI 24\/25<\/p>\n","protected":false},"excerpt":{"rendered":"<p>PRESENTACI\u00d3 DE SOL\u00b7LICITUDS PROGRAMES D&#8217;INTERCANVI:<br \/>\nAquest curs tornem a posar en marxa el programa de mobilitat Erasmus + per tal que aquells alumnes que estigueu interessats en realitzar les pr\u00e0ctiques en empreses (FPCT) a l&#8217;estranger pugueu formar-hi part.<br \/>\nEl termini de presentaci\u00f3 de sol\u00b7licituds\u00a0 comen\u00e7a el 15&hellip;  <a href=\"https:\/\/agora.xtec.cat\/iesmonturiol\/mobilitat\/erasmus-cfgm-or-vet\/\" title=\"Read ERASMUS+ PROGRAMA MOBILITAT CFGM , VET Vocational Education and Training\">Llegeix m\u00e9s\u00bb<\/a><\/p>\n","protected":false},"author":1,"featured_media":0,"parent":951,"menu_order":60,"comment_status":"closed","ping_status":"closed","template":"page-templates\/side-menu.php","meta":{"_bbp_topic_count":0,"_bbp_reply_count":0,"_bbp_total_topic_count":0,"_bbp_total_reply_count":0,"_bbp_voice_count":0,"_bbp_anonymous_reply_count":0,"_bbp_topic_count_hidden":0,"_bbp_reply_count_hidden":0,"_bbp_forum_subforum_count":0,"footnotes":""},"class_list":["post-1321","page","type-page","status-publish","hentry"],"post_mailing_queue_ids":[],"_links":{"self":[{"href":"https:\/\/agora.xtec.cat\/iesmonturiol\/wp-json\/wp\/v2\/pages\/1321","targetHints":{"allow":["GET"]}}],"collection":[{"href":"https:\/\/agora.xtec.cat\/iesmonturiol\/wp-json\/wp\/v2\/pages"}],"about":[{"href":"https:\/\/agora.xtec.cat\/iesmonturiol\/wp-json\/wp\/v2\/types\/page"}],"author":[{"embeddable":true,"href":"https:\/\/agora.xtec.cat\/iesmonturiol\/wp-json\/wp\/v2\/users\/1"}],"replies":[{"embeddable":true,"href":"https:\/\/agora.xtec.cat\/iesmonturiol\/wp-json\/wp\/v2\/comments?post=1321"}],"version-history":[{"count":6,"href":"https:\/\/agora.xtec.cat\/iesmonturiol\/wp-json\/wp\/v2\/pages\/1321\/revisions"}],"predecessor-version":[{"id":6746,"href":"https:\/\/agora.xtec.cat\/iesmonturiol\/wp-json\/wp\/v2\/pages\/1321\/revisions\/6746"}],"up":[{"embeddable":true,"href":"https:\/\/agora.xtec.cat\/iesmonturiol\/wp-json\/wp\/v2\/pages\/951"}],"wp:attachment":[{"href":"https:\/\/agora.xtec.cat\/iesmonturiol\/wp-json\/wp\/v2\/media?parent=1321"}],"curies":[{"name":"wp","href":"https:\/\/api.w.org\/{rel}","templated":true}]}}