{"id":1307,"date":"2019-03-23T23:06:59","date_gmt":"2019-03-23T22:06:59","guid":{"rendered":"http:\/\/agora.xtec.cat\/iesmonturiol\/?page_id=1307"},"modified":"2022-05-18T00:44:06","modified_gmt":"2022-05-17T22:44:06","slug":"eutoweek","status":"publish","type":"page","link":"https:\/\/agora.xtec.cat\/iesmonturiol\/mobilitat\/eutoweek\/","title":{"rendered":"BAT Euroweek"},"content":{"rendered":"<h2 style=\"text-align: center;\"><span style=\"color: #0000ff;\">EUROWEEK 2022 IN SU\u00c8CIA I DINAMARCA, COME ON!!!!<\/span><\/h2>\n<p><a href=\"https:\/\/agora.xtec.cat\/iesmonturiol\/wp-content\/uploads\/usu1826\/2022\/05\/cropped-euroweek_logo_bro-small.png\"><img loading=\"lazy\" decoding=\"async\" class=\"size-full wp-image-4749 aligncenter\" src=\"https:\/\/agora.xtec.cat\/iesmonturiol\/wp-content\/uploads\/usu1826\/2022\/05\/cropped-euroweek_logo_bro-small.png\" alt=\"\" width=\"250\" height=\"250\" srcset=\"https:\/\/agora.xtec.cat\/iesmonturiol\/wp-content\/uploads\/usu1826\/2022\/05\/cropped-euroweek_logo_bro-small.png 250w, https:\/\/agora.xtec.cat\/iesmonturiol\/wp-content\/uploads\/usu1826\/2022\/05\/cropped-euroweek_logo_bro-small-150x150.png 150w\" sizes=\"auto, (max-width: 250px) 100vw, 250px\" \/><\/a><\/p>\n<h5><span style=\"color: #0000ff;\"><strong>QU\u00c8 \u00c9S L&#8217;EUROWEEK?<\/strong><\/span><\/h5>\n<ul>\n<li>Es tracta d&#8217;una torbada cultural que es va iniciar a B\u00e8lgica l&#8217;any 1992 i que cada curs es realitza en un dels diversos pa\u00efsos de la Uni\u00f3 Europea. Cada estat \u00e9s representat per una escola i en el cas de l&#8217;estat espanyol \u00e9s l&#8217;INS Narc\u00eds Monturiol.<\/li>\n<\/ul>\n<h5><span style=\"color: #0000ff;\"><strong>OBJECTIU<\/strong><\/span><\/h5>\n<ul>\n<li>Aquest esdeveniment pret\u00e9n posar en contacte alumnes i professors de centres de secund\u00e0ria de tot Europa per tal que vegin la Uni\u00f3 Europea com un entitat tangible i propera.<\/li>\n<\/ul>\n<h5><span style=\"color: #0000ff;\"><strong>QU\u00c8 FEM?<\/strong><\/span><\/h5>\n<ul>\n<li>L&#8217;escola del pa\u00eds organitzador elabora un programa d&#8217;activitats i proporciona allotjament en fam\u00edlies. Entre les activitats que es duen a terme durant la setmana, cal destacar la mostra de danses tradicionals i representacions de teatre, una fira gastron\u00f2mica, un debat sobre un aspecte de tem\u00e0tica europea i diverses visites a llocs d&#8217;inter\u00e8s cultural.<\/li>\n<\/ul>\n<p>El curs 2018 va tenir lloc a <strong>Touray<\/strong> (B\u00e8lgica).<\/p>\n<p>El curs 2019 va tenir lloc a <strong>Rankweil<\/strong> (\u00c0ustria).<\/p>\n<p>Els cursos 2020 i 2021 no es va poder celebrar degut a la COVID.<\/p>\n<p>El curs 2022 tindr\u00e0 lloc a <strong>Kalmar<\/strong> (Su\u00e8cia) i <strong>Kalundborg<\/strong> (Dinamarca).\u00a0A continuaci\u00f3 podeu consultar els <a href=\"https:\/\/drive.google.com\/file\/d\/1_NnilqZrsNFggwrmGlUv_DglQE7rEZl4\/view?usp=sharinghttps:\/\/drive.google.com\/file\/d\/1zEu3MQ8N_hma0_PuUMHbFUd6Ws74RsCo\/view?usp=sharing\">BAREMS<\/a>\u00a0dels alumnes seleccionats.<\/p>\n","protected":false},"excerpt":{"rendered":"<p>EUROWEEK 2022 IN SU\u00c8CIA I DINAMARCA, COME ON!!!!<br \/>\n<a href=\"https:\/\/agora.xtec.cat\/iesmonturiol\/wp-content\/uploads\/usu1826\/2022\/05\/cropped-euroweek_logo_bro-small.png\"><\/a><br \/>\nQU\u00c8 \u00c9S L&#8217;EUROWEEK?<\/p>\n<ul>\n<li>Es tracta d&#8217;una torbada cultural que es va iniciar a B\u00e8lgica l&#8217;any 1992 i que cada curs es realitza en un dels diversos pa\u00efsos de la Uni\u00f3 Europea. Cada estat \u00e9s representat per una escola&hellip;  <a href=\"https:\/\/agora.xtec.cat\/iesmonturiol\/mobilitat\/eutoweek\/\" title=\"Read BAT Euroweek\">Llegeix m\u00e9s\u00bb<\/a><br \/>\n","protected":false},"author":1,"featured_media":0,"parent":951,"menu_order":40,"comment_status":"closed","ping_status":"closed","template":"page-templates\/side-menu.php","meta":{"_bbp_topic_count":0,"_bbp_reply_count":0,"_bbp_total_topic_count":0,"_bbp_total_reply_count":0,"_bbp_voice_count":0,"_bbp_anonymous_reply_count":0,"_bbp_topic_count_hidden":0,"_bbp_reply_count_hidden":0,"_bbp_forum_subforum_count":0,"footnotes":""},"class_list":["post-1307","page","type-page","status-publish","hentry"],"post_mailing_queue_ids":[],"_links":{"self":[{"href":"https:\/\/agora.xtec.cat\/iesmonturiol\/wp-json\/wp\/v2\/pages\/1307","targetHints":{"allow":["GET"]}}],"collection":[{"href":"https:\/\/agora.xtec.cat\/iesmonturiol\/wp-json\/wp\/v2\/pages"}],"about":[{"href":"https:\/\/agora.xtec.cat\/iesmonturiol\/wp-json\/wp\/v2\/types\/page"}],"author":[{"embeddable":true,"href":"https:\/\/agora.xtec.cat\/iesmonturiol\/wp-json\/wp\/v2\/users\/1"}],"replies":[{"embeddable":true,"href":"https:\/\/agora.xtec.cat\/iesmonturiol\/wp-json\/wp\/v2\/comments?post=1307"}],"version-history":[{"count":4,"href":"https:\/\/agora.xtec.cat\/iesmonturiol\/wp-json\/wp\/v2\/pages\/1307\/revisions"}],"predecessor-version":[{"id":4748,"href":"https:\/\/agora.xtec.cat\/iesmonturiol\/wp-json\/wp\/v2\/pages\/1307\/revisions\/4748"}],"up":[{"embeddable":true,"href":"https:\/\/agora.xtec.cat\/iesmonturiol\/wp-json\/wp\/v2\/pages\/951"}],"wp:attachment":[{"href":"https:\/\/agora.xtec.cat\/iesmonturiol\/wp-json\/wp\/v2\/media?parent=1307"}],"curies":[{"name":"wp","href":"https:\/\/api.w.org\/{rel}","templated":true}]}}