{"id":1303,"date":"2019-03-23T22:34:57","date_gmt":"2019-03-23T21:34:57","guid":{"rendered":"http:\/\/agora.xtec.cat\/iesmonturiol\/?page_id=1303"},"modified":"2019-03-23T22:35:39","modified_gmt":"2019-03-23T21:35:39","slug":"eso-estada-linguistica-angles","status":"publish","type":"page","link":"https:\/\/agora.xtec.cat\/iesmonturiol\/mobilitat\/eso-estada-linguistica-angles\/","title":{"rendered":"ESO Estada ling\u00fc\u00edstica Angl\u00e8s"},"content":{"rendered":"<p>La mat\u00e8ria d&#8217;angl\u00e8s tamb\u00e9 disposa de la seva estada ling\u00fc\u00edstica tal com proposa el projecte educatiu de centre. A continuaci\u00f3 us mostrem unes imatges perqu\u00e8 veieu que \u00e9s tot un \u00e8xit:<\/p>\n","protected":false},"excerpt":{"rendered":"<p>La mat\u00e8ria d&#8217;angl\u00e8s tamb\u00e9 disposa de la seva estada ling\u00fc\u00edstica tal com proposa el projecte educatiu de centre. A continuaci\u00f3 us mostrem unes imatges perqu\u00e8 veieu que \u00e9s tot un \u00e8xit:<\/p>\n","protected":false},"author":1,"featured_media":0,"parent":951,"menu_order":20,"comment_status":"closed","ping_status":"closed","template":"page-templates\/side-menu.php","meta":{"_bbp_topic_count":0,"_bbp_reply_count":0,"_bbp_total_topic_count":0,"_bbp_total_reply_count":0,"_bbp_voice_count":0,"_bbp_anonymous_reply_count":0,"_bbp_topic_count_hidden":0,"_bbp_reply_count_hidden":0,"_bbp_forum_subforum_count":0,"footnotes":""},"class_list":["post-1303","page","type-page","status-publish","hentry"],"post_mailing_queue_ids":[],"_links":{"self":[{"href":"https:\/\/agora.xtec.cat\/iesmonturiol\/wp-json\/wp\/v2\/pages\/1303","targetHints":{"allow":["GET"]}}],"collection":[{"href":"https:\/\/agora.xtec.cat\/iesmonturiol\/wp-json\/wp\/v2\/pages"}],"about":[{"href":"https:\/\/agora.xtec.cat\/iesmonturiol\/wp-json\/wp\/v2\/types\/page"}],"author":[{"embeddable":true,"href":"https:\/\/agora.xtec.cat\/iesmonturiol\/wp-json\/wp\/v2\/users\/1"}],"replies":[{"embeddable":true,"href":"https:\/\/agora.xtec.cat\/iesmonturiol\/wp-json\/wp\/v2\/comments?post=1303"}],"version-history":[{"count":2,"href":"https:\/\/agora.xtec.cat\/iesmonturiol\/wp-json\/wp\/v2\/pages\/1303\/revisions"}],"predecessor-version":[{"id":1305,"href":"https:\/\/agora.xtec.cat\/iesmonturiol\/wp-json\/wp\/v2\/pages\/1303\/revisions\/1305"}],"up":[{"embeddable":true,"href":"https:\/\/agora.xtec.cat\/iesmonturiol\/wp-json\/wp\/v2\/pages\/951"}],"wp:attachment":[{"href":"https:\/\/agora.xtec.cat\/iesmonturiol\/wp-json\/wp\/v2\/media?parent=1303"}],"curies":[{"name":"wp","href":"https:\/\/api.w.org\/{rel}","templated":true}]}}