{"id":1267,"date":"2019-03-22T13:25:44","date_gmt":"2019-03-22T12:25:44","guid":{"rendered":"http:\/\/agora.xtec.cat\/iesmonturiol\/?page_id=1267"},"modified":"2025-11-11T08:57:35","modified_gmt":"2025-11-11T07:57:35","slug":"ieduca","status":"publish","type":"page","link":"https:\/\/agora.xtec.cat\/iesmonturiol\/documents\/ieduca\/","title":{"rendered":"iEduca"},"content":{"rendered":"<table class=\"alignleft\" style=\"height: 154px; width: 31.8132%; border-collapse: collapse;\" border=\"1\">\n<tbody>\n<tr style=\"height: 154px;\">\n<td style=\"width: 50%; height: 154px; border-color: #fcfcfc;\"><a href=\"https:\/\/agora.xtec.cat\/iesmonturiol\/wp-content\/uploads\/usu1826\/2019\/03\/logo_tokapp.png\"><img loading=\"lazy\" decoding=\"async\" class=\"alignnone size-full wp-image-1269\" src=\"https:\/\/agora.xtec.cat\/iesmonturiol\/wp-content\/uploads\/usu1826\/2019\/03\/logo_tokapp.png\" alt=\"\" width=\"130\" height=\"130\" \/><\/a><\/td>\n<td style=\"width: 50%; height: 154px; border-color: #fcfcfc;\"><a href=\"https:\/\/agora.xtec.cat\/iesmonturiol\/wp-content\/uploads\/usu1826\/2019\/03\/logo-ieduca.jpg\"><img loading=\"lazy\" decoding=\"async\" class=\"alignnone size-full wp-image-1268\" src=\"https:\/\/agora.xtec.cat\/iesmonturiol\/wp-content\/uploads\/usu1826\/2019\/03\/logo-ieduca.jpg\" alt=\"\" width=\"165\" height=\"181\" \/><\/a><\/td>\n<\/tr>\n<\/tbody>\n<\/table>\n<p>&nbsp;<\/p>\n<p>&nbsp;<\/p>\n<p>&nbsp;<\/p>\n<p>&nbsp;<\/p>\n<p>&nbsp;<\/p>\n<p style=\"text-align: justify;\">El nostre centre disposa d&#8217;una intranet molt completa on es registren totes les incid\u00e8ncies dels alumnes (faltes d&#8217;assist\u00e8ncia, retards, manca de material o deures, etc..). Tot l&#8217;alumnat i les seves fam\u00edlies disposen d&#8217;un usuari i contrasenya per accedir-hi. A m\u00e9s, les fam\u00edlies poden rebre di\u00e0riament un missatge al m\u00f2bil i\/o tauleta que informa de les incid\u00e8ncies que hi puguin haver hagut a trav\u00e9s d&#8217;una aplicaci\u00f3 gratu\u00efta.<\/p>\n<p style=\"text-align: justify;\">En cas de <strong>problemes d&#8217;acc\u00e9s<\/strong>, <strong>sol\u00b7licitud d&#8217;un nou usuari\/a<\/strong> o <strong>p\u00e8rdua de contrasenya<\/strong> cal enviar un correu electr\u00f2nic a l&#8217;adre\u00e7a <span class=\"text\"><a class=\"Estilo1\" href=\"mailto:iesmonturiol@xtec.cat\" target=\"_blank\" rel=\"noopener noreferrer\"><strong>intranet@iesmonturiol.net<\/strong><\/a><\/span> indicant clarament el problema i el nom de la persona afectada (alumne i\/o fam\u00edlia).<\/p>\n<p><a class=\"Estilo1\" href=\"https:\/\/drive.google.com\/file\/d\/1PPc6oGhSIHrsy1dyj8dp3dH_iiP0Xt2R\/view?usp=sharing\" target=\"_blank\" rel=\"noopener noreferrer\">Tutorial<\/a> de connexi\u00f3 WEB per a fam\u00edlies i alumnes <a href=\"https:\/\/drive.google.com\/file\/d\/1PPc6oGhSIHrsy1dyj8dp3dH_iiP0Xt2R\/view\" target=\"_blank\" rel=\"noopener noreferrer\"><img loading=\"lazy\" decoding=\"async\" class=\"alignnone wp-image-5070\" src=\"http:\/\/agora.xtec.cat\/ies-brugulat\/wp-content\/uploads\/usu85\/2017\/02\/icona-pdf.png\" alt=\"icona-pdf\" width=\"57\" height=\"57\" \/><\/a><\/p>\n<p><a href=\"https:\/\/drive.google.com\/file\/d\/1aZH6hPJNmVw7Gzy_SugCGbdb3ThaAVTg\/view?usp=drive_link\" target=\"_blank\" rel=\"noopener\">Tutorial de connexi\u00f3<\/a> aplicaci\u00f3 m\u00f2bil\u00a0 iEduca Tokapp per a fam\u00edlies i alumnes <a href=\"https:\/\/drive.google.com\/file\/d\/1o2CMXnJOCMAhz8OPGbUW6AZU5nT_e09t\/view\" target=\"_blank\" rel=\"noopener noreferrer\"><img loading=\"lazy\" decoding=\"async\" class=\"alignnone wp-image-5070\" src=\"http:\/\/agora.xtec.cat\/ies-brugulat\/wp-content\/uploads\/usu85\/2017\/02\/icona-pdf.png\" alt=\"icona-pdf\" width=\"57\" height=\"57\" \/><\/a><\/p>\n<p><a href=\"https:\/\/drive.google.com\/file\/d\/1IrlrUOPofsVQA9FA28dduxNQGMJdjs9u\/view?usp=sharing\" target=\"_blank\" rel=\"noopener\">Justificaci\u00f3 d&#8217;abs\u00e8ncies dels alumnes<\/a> amb iEduca<a href=\"https:\/\/drive.google.com\/file\/d\/1o2CMXnJOCMAhz8OPGbUW6AZU5nT_e09t\/view\" target=\"_blank\" rel=\"noopener noreferrer\"><img loading=\"lazy\" decoding=\"async\" class=\"alignnone wp-image-5070\" src=\"http:\/\/agora.xtec.cat\/ies-brugulat\/wp-content\/uploads\/usu85\/2017\/02\/icona-pdf.png\" alt=\"icona-pdf\" width=\"57\" height=\"57\" \/><\/a><\/p>\n<p><a href=\"https:\/\/youtu.be\/rnFTwePxLpc\" target=\"_blank\" rel=\"noopener\">Video tutorial<\/a> de la instal\u00b7laci\u00f3 d&#8217;iEduca Tokapp<\/p>\n","protected":false},"excerpt":{"rendered":"<p><a href=\"https:\/\/agora.xtec.cat\/iesmonturiol\/wp-content\/uploads\/usu1826\/2019\/03\/logo_tokapp.png\"><\/a><br \/>\n<a href=\"https:\/\/agora.xtec.cat\/iesmonturiol\/wp-content\/uploads\/usu1826\/2019\/03\/logo-ieduca.jpg\"><\/a><\/p>\n<p>&nbsp;<br \/>\n&nbsp;<br \/>\n&nbsp;<br \/>\n&nbsp;<br \/>\n&nbsp;<br \/>\nEl nostre centre disposa d&#8217;una intranet molt completa on es registren totes les incid\u00e8ncies dels alumnes (faltes d&#8217;assist\u00e8ncia, retards, manca de material o deures, etc..). Tot l&#8217;alumnat i les seves fam\u00edlies disposen d&#8217;un usuari i contrasenya per accedir-hi. A m\u00e9s, les fam\u00edlies poden&hellip;  <a href=\"https:\/\/agora.xtec.cat\/iesmonturiol\/documents\/ieduca\/\" title=\"Read iEduca\">Llegeix m\u00e9s\u00bb<\/a><\/p>\n","protected":false},"author":1,"featured_media":0,"parent":975,"menu_order":0,"comment_status":"closed","ping_status":"closed","template":"","meta":{"_bbp_topic_count":0,"_bbp_reply_count":0,"_bbp_total_topic_count":0,"_bbp_total_reply_count":0,"_bbp_voice_count":0,"_bbp_anonymous_reply_count":0,"_bbp_topic_count_hidden":0,"_bbp_reply_count_hidden":0,"_bbp_forum_subforum_count":0,"footnotes":""},"class_list":["post-1267","page","type-page","status-publish","hentry"],"post_mailing_queue_ids":[],"_links":{"self":[{"href":"https:\/\/agora.xtec.cat\/iesmonturiol\/wp-json\/wp\/v2\/pages\/1267","targetHints":{"allow":["GET"]}}],"collection":[{"href":"https:\/\/agora.xtec.cat\/iesmonturiol\/wp-json\/wp\/v2\/pages"}],"about":[{"href":"https:\/\/agora.xtec.cat\/iesmonturiol\/wp-json\/wp\/v2\/types\/page"}],"author":[{"embeddable":true,"href":"https:\/\/agora.xtec.cat\/iesmonturiol\/wp-json\/wp\/v2\/users\/1"}],"replies":[{"embeddable":true,"href":"https:\/\/agora.xtec.cat\/iesmonturiol\/wp-json\/wp\/v2\/comments?post=1267"}],"version-history":[{"count":6,"href":"https:\/\/agora.xtec.cat\/iesmonturiol\/wp-json\/wp\/v2\/pages\/1267\/revisions"}],"predecessor-version":[{"id":6701,"href":"https:\/\/agora.xtec.cat\/iesmonturiol\/wp-json\/wp\/v2\/pages\/1267\/revisions\/6701"}],"up":[{"embeddable":true,"href":"https:\/\/agora.xtec.cat\/iesmonturiol\/wp-json\/wp\/v2\/pages\/975"}],"wp:attachment":[{"href":"https:\/\/agora.xtec.cat\/iesmonturiol\/wp-json\/wp\/v2\/media?parent=1267"}],"curies":[{"name":"wp","href":"https:\/\/api.w.org\/{rel}","templated":true}]}}