{"id":1085,"date":"2019-03-14T19:17:09","date_gmt":"2019-03-14T18:17:09","guid":{"rendered":"http:\/\/agora.xtec.cat\/iesmonturiol\/?page_id=1085"},"modified":"2026-04-29T09:35:09","modified_gmt":"2026-04-29T07:35:09","slug":"preinscripcio-eso","status":"publish","type":"page","link":"https:\/\/agora.xtec.cat\/iesmonturiol\/secretaria\/preinscripcio\/preinscripcio-eso\/","title":{"rendered":"ESO"},"content":{"rendered":"<h5 style=\"text-align: justify;\"><\/h5>\n<ul>\n<li>Tota la informaci\u00f3 al web <a href=\"https:\/\/preinscripcio.gencat.cat\/ca\/estudis\/eso\/inici\/\" target=\"_blank\" rel=\"noopener\"><strong>Preinscripci\u00f3 26\/27: ESO<\/strong><\/a><\/li>\n<li>Consulteu la <a href=\"https:\/\/drive.google.com\/file\/d\/1bbXYtWQE3tNGBvmZmSXvpkK-mjXHTHdo\/view?usp=sharing\" target=\"_blank\" rel=\"noopener\"><strong>informaci\u00f3 de portes obertes<\/strong><\/a> i les <a href=\"https:\/\/drive.google.com\/file\/d\/1zcswomkuAuuJlngRO8tnfwVf6wzzTeWI\/view?usp=sharing\" target=\"_blank\" rel=\"noopener\">preguntes freq\u00fcents<\/a>.<\/li>\n<li>Per qualsevol dubte o aclariment, empleneu el seg\u00fcent <a href=\"https:\/\/docs.google.com\/forms\/d\/e\/1FAIpQLSdf0s5lXVBV1KTrDhy4X_smq08mNhzNPgfHdql4x0C_4ao-Iw\/viewform?usp=publish-editor\" target=\"_blank\" rel=\"noopener\">formulari<\/a>.<\/li>\n<\/ul>\n<hr \/>\n<ul>\n<li>03 de mar\u00e7 de 2026: <a href=\"https:\/\/drive.google.com\/file\/d\/1A8syi01PbK0YBoUCa24gAvQkAQ0BEnS_\/view?usp=sharing\" target=\"_blank\" rel=\"noopener\">oferta inicial de places escolars<\/a><\/li>\n<li>Del 06 al 18 de mar\u00e7 de 2026 (a partir de les 9 hores): presentaci\u00f3 de sol\u00b7licituds. <a href=\"https:\/\/tramits.gencat.cat\/ca\/tramits\/tramits-temes\/perinscripcio-obligatoris?moda=3\" target=\"_blank\" rel=\"noopener\">\u00c9s telem\u00e0tic<\/a>.<\/li>\n<li>Fins al 19 de mar\u00e7 de 2026: presentaci\u00f3 de documentaci\u00f3<\/li>\n<li>15 d&#8217;abril de 2026: <a href=\"https:\/\/drive.google.com\/file\/d\/1JwRWzYVaJfyEFqXSXJntnp0b2pOGiHMk\/view?usp=sharing\" target=\"_blank\" rel=\"noopener\">llista de sol\u00b7licituds amb puntuaci\u00f3 provisional<\/a><\/li>\n<li>Del 15 al 20 d&#8217;abril de 2026: presentaci\u00f3 de reclamacions<\/li>\n<li>23 d&#8217;abril de 2026: <a href=\"https:\/\/drive.google.com\/file\/d\/1JT3pCDYnFabsw_ghKLknKMq6jx2NltfW\/view?usp=sharing\" target=\"_blank\" rel=\"noopener\">llista de sol\u00b7licituds amb la puntuaci\u00f3 un cop resoltes les reclamacions<\/a><\/li>\n<li>28 d&#8217;abril de 2026: <a href=\"https:\/\/preinscripcio.gencat.cat\/ca\/estudis\/eso\/preinscriute\/seguiment-sollicitud\/sorteig-desempat\/\" target=\"_blank\" rel=\"noopener\">sorteig per resoldre les sol\u00b7licituds de preinscripci\u00f3 empatades en punts<\/a><\/li>\n<li>29 d&#8217;abril de 2026: <a href=\"https:\/\/drive.google.com\/file\/d\/1dRHS4e27yBE_NeveaoR1oqFKR0BmbyZJ\/view?usp=sharing\" target=\"_blank\" rel=\"noopener\">llista ordenada<\/a><\/li>\n<li>Del 13 de maig al 14 de maig de 2026: Ampliaci\u00f3 de peticions per a alumnes NEE B que necessiten assignaci\u00f3 d&#8217;ofici i no s&#8217;han assignat per petici\u00f3 original<\/li>\n<li>De l&#8217;1 de juny al 3 de juny de 2026: Ampliaci\u00f3 de peticions per a alumnes ordinaris que necessiten assignaci\u00f3 d&#8217;ofici i no s&#8217;han assignat per petici\u00f3 original<\/li>\n<li>10 de juny de 2026: oferta final de places escolars<\/li>\n<li>10 de juny de 2026: llista d&#8217;alumnes admesos i llista d&#8217;espera<\/li>\n<\/ul>\n<p>Per formalitzar la matr\u00edcula del 22 de juny al 30 de juny heu de portar la seg\u00fcent documentaci\u00f3 a la secretaria del centre (9:00 h a 14:00 h). Es recorda que el dimecres 24\/06\/26 i el dilluns 29\/06\/26 s\u00f3n festius i l&#8217;institut romandr\u00e0 tancat:<\/p>\n<ul>\n<li style=\"list-style-type: none;\">\n<ul style=\"list-style-type: square;\">\n<li>Original del DNI de l\u2019alumne\/a<\/li>\n<li>Original del DNI del pare, mare o tutor\/a legal<\/li>\n<li>Original de la TSI (Targeta Sanit\u00e0ria Individual) de l\u2019alumne\/a<\/li>\n<li>Original del carnet de vacunes<\/li>\n<li>Original del llibre de fam\u00edlia<\/li>\n<\/ul>\n<\/li>\n<\/ul>\n<p>Respecte el transport escolar, us informem que <a href=\"https:\/\/www.altemporda.org\/portal\/cultura-i-ensenyament\/ensenyament\/transport-escolar\" target=\"_blank\" rel=\"noopener noreferrer\">la sol\u00b7licitud<\/a> s\u2019ha d\u2019entregar al Consell Comarcal de l\u2019Alt Empord\u00e0 demanant <a href=\"https:\/\/citaprevia.gestorn.com\/altemporda\/#nbb\" target=\"_blank\" rel=\"noopener noreferrer\">cita pr\u00e8via<\/a> o a trav\u00e9s de l&#8217;<a href=\"https:\/\/www.seu-e.cat\/ca\/web\/ccaltemporda\/tramits-i-gestions\" target=\"_blank\" rel=\"noopener noreferrer\">idCat<\/a>.<\/p>\n<p>&nbsp;<\/p>\n<p style=\"text-align: right;\"><em>Data d&#8217;actualitzaci\u00f3: 29\/04\/26<\/em><\/p>\n","protected":false},"excerpt":{"rendered":"<ul>\n<li>Tota la informaci\u00f3 al web <a href=\"https:\/\/preinscripcio.gencat.cat\/ca\/estudis\/eso\/inici\/\" target=\"_blank\" rel=\"noopener\">Preinscripci\u00f3 26\/27: ESO<\/a><\/li>\n<li>Consulteu la <a href=\"https:\/\/drive.google.com\/file\/d\/1bbXYtWQE3tNGBvmZmSXvpkK-mjXHTHdo\/view?usp=sharing\" target=\"_blank\" rel=\"noopener\">informaci\u00f3 de portes obertes<\/a> i les <a href=\"https:\/\/drive.google.com\/file\/d\/1zcswomkuAuuJlngRO8tnfwVf6wzzTeWI\/view?usp=sharing\" target=\"_blank\" rel=\"noopener\">preguntes freq\u00fcents<\/a>.<\/li>\n<li>Per qualsevol dubte o aclariment, empleneu el seg\u00fcent <a href=\"https:\/\/docs.google.com\/forms\/d\/e\/1FAIpQLSdf0s5lXVBV1KTrDhy4X_smq08mNhzNPgfHdql4x0C_4ao-Iw\/viewform?usp=publish-editor\" target=\"_blank\" rel=\"noopener\">formulari<\/a>.<\/li>\n<\/ul>\n<ul>\n<li>03 de mar\u00e7 de 2026: <a href=\"https:\/\/drive.google.com\/file\/d\/1A8syi01PbK0YBoUCa24gAvQkAQ0BEnS_\/view?usp=sharing\" target=\"_blank\" rel=\"noopener\">oferta&hellip;  <a href=\"https:\/\/agora.xtec.cat\/iesmonturiol\/secretaria\/preinscripcio\/preinscripcio-eso\/\" title=\"Read ESO\">Llegeix m\u00e9s\u00bb<\/a><br \/>\n","protected":false},"author":1,"featured_media":0,"parent":977,"menu_order":0,"comment_status":"closed","ping_status":"closed","template":"page-templates\/side-menu.php","meta":{"_bbp_topic_count":0,"_bbp_reply_count":0,"_bbp_total_topic_count":0,"_bbp_total_reply_count":0,"_bbp_voice_count":0,"_bbp_anonymous_reply_count":0,"_bbp_topic_count_hidden":0,"_bbp_reply_count_hidden":0,"_bbp_forum_subforum_count":0,"footnotes":""},"class_list":["post-1085","page","type-page","status-publish","hentry"],"post_mailing_queue_ids":[],"_links":{"self":[{"href":"https:\/\/agora.xtec.cat\/iesmonturiol\/wp-json\/wp\/v2\/pages\/1085","targetHints":{"allow":["GET"]}}],"collection":[{"href":"https:\/\/agora.xtec.cat\/iesmonturiol\/wp-json\/wp\/v2\/pages"}],"about":[{"href":"https:\/\/agora.xtec.cat\/iesmonturiol\/wp-json\/wp\/v2\/types\/page"}],"author":[{"embeddable":true,"href":"https:\/\/agora.xtec.cat\/iesmonturiol\/wp-json\/wp\/v2\/users\/1"}],"replies":[{"embeddable":true,"href":"https:\/\/agora.xtec.cat\/iesmonturiol\/wp-json\/wp\/v2\/comments?post=1085"}],"version-history":[{"count":7,"href":"https:\/\/agora.xtec.cat\/iesmonturiol\/wp-json\/wp\/v2\/pages\/1085\/revisions"}],"predecessor-version":[{"id":6869,"href":"https:\/\/agora.xtec.cat\/iesmonturiol\/wp-json\/wp\/v2\/pages\/1085\/revisions\/6869"}],"up":[{"embeddable":true,"href":"https:\/\/agora.xtec.cat\/iesmonturiol\/wp-json\/wp\/v2\/pages\/977"}],"wp:attachment":[{"href":"https:\/\/agora.xtec.cat\/iesmonturiol\/wp-json\/wp\/v2\/media?parent=1085"}],"curies":[{"name":"wp","href":"https:\/\/api.w.org\/{rel}","templated":true}]}}