{"id":1040,"date":"2019-03-08T00:41:09","date_gmt":"2019-03-07T23:41:09","guid":{"rendered":"http:\/\/agora.xtec.cat\/iesmonturiol\/?page_id=1040"},"modified":"2025-12-18T09:56:56","modified_gmt":"2025-12-18T08:56:56","slug":"organitzacio-del-centre","status":"publish","type":"page","link":"https:\/\/agora.xtec.cat\/iesmonturiol\/linstitut\/organitzacio-del-centre\/","title":{"rendered":"Organitzaci\u00f3 del centre"},"content":{"rendered":"<h3><strong>Pol\u00edtica de qualitat<\/strong><\/h3>\n<p style=\"text-align: justify;\">La pol\u00edtica de qualitat de l\u2019INS Narc\u00eds Monturiol ha de permetre complir amb la missi\u00f3 del centre, assolir la nostra visi\u00f3 i difondre els valors que defensem. Amb el desig de satisfer les necessitats de tota la comunitat educativa, el centre t\u00e9 implantat un model de gesti\u00f3 per processos i el model d\u2019excel\u00b7l\u00e8ncia e2cat.<\/p>\n<p style=\"text-align: justify;\">El comprom\u00eds amb la qualitat ha de servir per aconseguir la millora cont\u00ednua en la qualitat de l\u2019ensenyament i per complir amb tots els requisits legals i reglamentaris. Per fer un correcte seguiment d\u2019aquests objectius, el centre es basa en l\u2019avaluaci\u00f3 dels resultats i dels indicadors dels diferents processos.<\/p>\n<p style=\"text-align: justify;\">Tota la comunitat educativa \u00e9s part\u00edcip del comprom\u00eds amb la qualitat i la direcci\u00f3 s\u2019encarregar\u00e0 de dotar dels mitjans necessaris.<\/p>\n<p>Podeu trobar la versi\u00f3 completa de la pol\u00edtica de qualitat <a href=\"https:\/\/drive.google.com\/file\/d\/1D9sq806FFA1lrrcVHDlOIEAVRc3EDdIC\/view\" target=\"_blank\" rel=\"noopener\"><strong>en el seg\u00fcent enlla\u00e7.<\/strong><\/a><\/p>\n<p>El conjunt de processos i procediments que regeixen el funcionament del nostre centre els podeu trobar en el seg\u00fcent mapa:<\/p>\n<div style=\"width: 100%;\">\n<div style=\"position: relative; padding-bottom: 48.21%; padding-top: 0; height: 0;\"><iframe loading=\"lazy\" style=\"position: absolute; top: 0; left: 0; width: 100%; height: 100%;\" title=\"Qualitat\" src=\"https:\/\/view.genial.ly\/65d88009aa7092001494fa0e\" width=\"1600\" height=\"771.4285714285714\" frameborder=\"0\" scrolling=\"yes\" allowfullscreen=\"allowfullscreen\"><\/iframe><\/div>\n<\/div>\n<h4><\/h4>\n<h4 style=\"text-align: justify;\"><strong>Objectius del SGQ<\/strong><\/h4>\n<p style=\"text-align: justify;\">D\u2019acord amb la pol\u00edtica de la qualitat de l\u2019INS Narc\u00eds Monturiol i el seu comprom\u00eds per a la millora cont\u00ednua, la direcci\u00f3 estableix uns objectius de qualitat anuals per a tot l\u2019Institut.<\/p>\n<p style=\"text-align: justify;\">Aquests objectius s\u00f3n proposats per l\u2019Equip directiu i el coordinador de qualitat de l\u2019institut. Es presenten en el Claustre de professors que actua com a \u00f2rgan consultiu i s\u2019aproven per Consell Escolar, quedant recollits a la Programaci\u00f3 General Anual (PGA).<\/p>\n<p>&nbsp;<\/p>\n<h4 style=\"text-align: justify;\"><strong>Plantejament institucional: Missi\u00f3, Valors i Visi\u00f3<\/strong><\/h4>\n<h5 style=\"text-align: justify;\"><strong>Missi\u00f3<\/strong><\/h5>\n<ul style=\"text-align: justify;\">\n<li>La missi\u00f3 de l\u2019Institut Narc\u00eds Monturiol \u00e9s aconseguir la formaci\u00f3 integral del nostre alumnat, oferint un servei educatiu p\u00fablic de qualitat basat en el foment de l\u2019esfor\u00e7, l\u2019exig\u00e8ncia i la recerca de l\u2019excel\u00b7l\u00e8ncia.<\/li>\n<\/ul>\n<h5 style=\"text-align: justify;\"><strong>Valors<\/strong><\/h5>\n<ul style=\"text-align: justify;\">\n<li>Centre acollidor, que atengui la diversitat del seu alumnat considerant-la una riquesa.<\/li>\n<li>Centre col\u00b7laborador i obert a l\u2019entorn.<\/li>\n<li>Centre que prioritza les persones i les relacions entre elles.<\/li>\n<li>Centre que valora el treball en equip, cooperatiu.<\/li>\n<li>Centre que valora la conscienciaci\u00f3 ecol\u00f2gica i la gesti\u00f3 mediambiental.<\/li>\n<\/ul>\n<h5 style=\"text-align: justify;\"><strong>Visi\u00f3<\/strong><\/h5>\n<ul>\n<li style=\"text-align: justify;\">Ser coneguts i reconeguts per la ciutat de Figueres com a \u00a0centre de qualitat.<\/li>\n<li style=\"text-align: justify;\">Donar resposta a les necessitats educatives de l\u2019alumnat millorant-ne el seu nivell competencial.<\/li>\n<li style=\"text-align: justify;\">Incorporar de manera gradual les noves tecnologies com una eina de treball pedag\u00f2gicament enriquidora entre la totalitat del professorat i l\u2019alumnat.<\/li>\n<li style=\"text-align: justify;\">Ser el centre de Formaci\u00f3 Professional de refer\u00e8ncia a la nostra comarca, preparat per incorporar nous cicles formatius de Grau Mitj\u00e0 i Superior.<\/li>\n<li style=\"text-align: justify;\">Treballar en la qualitat i millora cont\u00ednua a la recerca de l\u2019excel\u00b7l\u00e8ncia educativa.<\/li>\n<\/ul>\n<hr \/>\n<h3><strong>DOCUMENTACI\u00d3 ESTRAT\u00c8GICA DE CENTRE<\/strong><\/h3>\n<ul style=\"list-style-type: circle;\">\n<li><a href=\"https:\/\/drive.google.com\/file\/d\/1D9sq806FFA1lrrcVHDlOIEAVRc3EDdIC\/view\" target=\"_blank\" rel=\"noopener\"><strong>POL\u00cdTICA DE QUALITAT <\/strong><\/a><\/li>\n<li><strong><a href=\"https:\/\/drive.google.com\/file\/d\/1mRvzl4x-MP_vP0r_-U45DyW6WGkzdl1y\/view?usp=drive_link\" target=\"_blank\" rel=\"noopener\">PROJECTE EDUCATIU (PEC)<\/a>\u00a0<img loading=\"lazy\" decoding=\"async\" class=\"alignnone wp-image-5070\" src=\"http:\/\/agora.xtec.cat\/ies-brugulat\/wp-content\/uploads\/usu85\/2017\/02\/icona-pdf.png\" alt=\"icona-pdf\" width=\"57\" height=\"57\" \/><\/strong><\/li>\n<li><strong><a href=\"https:\/\/drive.google.com\/file\/d\/1gaHiKU8Oq4dlEJ87VEzarEHgYulzPDKX\/view?usp=sharing\" target=\"_blank\" rel=\"noopener\">NORMES D&#8217;ORGANITZACI\u00d3 I FUNCIONAMENT DEL CENTRE (NOFC)<\/a>\u00a0<img loading=\"lazy\" decoding=\"async\" class=\"alignnone wp-image-5070\" src=\"http:\/\/agora.xtec.cat\/ies-brugulat\/wp-content\/uploads\/usu85\/2017\/02\/icona-pdf.png\" alt=\"icona-pdf\" width=\"57\" height=\"57\" \/><\/strong><\/li>\n<li><strong>PROJECTE LING\u00dc\u00cdSTIC (PL) <span style=\"color: #ff0000;\">En revisi\u00f3<\/span><img loading=\"lazy\" decoding=\"async\" class=\"alignnone wp-image-5070\" src=\"http:\/\/agora.xtec.cat\/ies-brugulat\/wp-content\/uploads\/usu85\/2017\/02\/icona-pdf.png\" alt=\"icona-pdf\" width=\"57\" height=\"57\" \/><\/strong><\/li>\n<li><strong><a href=\"https:\/\/drive.google.com\/file\/d\/1_ED5sdh1D04veYcdfMVzYeG1Cmx1OfDF\/view?usp=sharing\" target=\"_blank\" rel=\"noopener\">CARTA COMPROM\u00cdS EDUCATIU<\/a><img loading=\"lazy\" decoding=\"async\" class=\"alignnone wp-image-5070\" src=\"http:\/\/agora.xtec.cat\/ies-brugulat\/wp-content\/uploads\/usu85\/2017\/02\/icona-pdf.png\" alt=\"icona-pdf\" width=\"57\" height=\"57\" \/><\/strong><\/li>\n<\/ul>\n","protected":false},"excerpt":{"rendered":"<p>Pol\u00edtica de qualitat<br \/>\nLa pol\u00edtica de qualitat de l\u2019INS Narc\u00eds Monturiol ha de permetre complir amb la missi\u00f3 del centre, assolir la nostra visi\u00f3 i difondre els valors que defensem. Amb el desig de satisfer les necessitats de tota la comunitat educativa, el centre t\u00e9 implantat&hellip;  <a href=\"https:\/\/agora.xtec.cat\/iesmonturiol\/linstitut\/organitzacio-del-centre\/\" title=\"Read Organitzaci\u00f3 del centre\">Llegeix m\u00e9s\u00bb<\/a><\/p>\n","protected":false},"author":1,"featured_media":0,"parent":19,"menu_order":40,"comment_status":"closed","ping_status":"closed","template":"page-templates\/side-menu.php","meta":{"_bbp_topic_count":0,"_bbp_reply_count":0,"_bbp_total_topic_count":0,"_bbp_total_reply_count":0,"_bbp_voice_count":0,"_bbp_anonymous_reply_count":0,"_bbp_topic_count_hidden":0,"_bbp_reply_count_hidden":0,"_bbp_forum_subforum_count":0,"footnotes":""},"class_list":["post-1040","page","type-page","status-publish","hentry"],"post_mailing_queue_ids":[],"_links":{"self":[{"href":"https:\/\/agora.xtec.cat\/iesmonturiol\/wp-json\/wp\/v2\/pages\/1040","targetHints":{"allow":["GET"]}}],"collection":[{"href":"https:\/\/agora.xtec.cat\/iesmonturiol\/wp-json\/wp\/v2\/pages"}],"about":[{"href":"https:\/\/agora.xtec.cat\/iesmonturiol\/wp-json\/wp\/v2\/types\/page"}],"author":[{"embeddable":true,"href":"https:\/\/agora.xtec.cat\/iesmonturiol\/wp-json\/wp\/v2\/users\/1"}],"replies":[{"embeddable":true,"href":"https:\/\/agora.xtec.cat\/iesmonturiol\/wp-json\/wp\/v2\/comments?post=1040"}],"version-history":[{"count":6,"href":"https:\/\/agora.xtec.cat\/iesmonturiol\/wp-json\/wp\/v2\/pages\/1040\/revisions"}],"predecessor-version":[{"id":6729,"href":"https:\/\/agora.xtec.cat\/iesmonturiol\/wp-json\/wp\/v2\/pages\/1040\/revisions\/6729"}],"up":[{"embeddable":true,"href":"https:\/\/agora.xtec.cat\/iesmonturiol\/wp-json\/wp\/v2\/pages\/19"}],"wp:attachment":[{"href":"https:\/\/agora.xtec.cat\/iesmonturiol\/wp-json\/wp\/v2\/media?parent=1040"}],"curies":[{"name":"wp","href":"https:\/\/api.w.org\/{rel}","templated":true}]}}