{"id":1037,"date":"2019-03-08T00:34:48","date_gmt":"2019-03-07T23:34:48","guid":{"rendered":"http:\/\/agora.xtec.cat\/iesmonturiol\/?page_id=1037"},"modified":"2026-03-09T18:03:27","modified_gmt":"2026-03-09T17:03:27","slug":"proves-acces-cicles","status":"publish","type":"page","link":"https:\/\/agora.xtec.cat\/iesmonturiol\/secretaria\/proves-acces-cicles\/","title":{"rendered":"Proves d\u2019acc\u00e9s als Cicles Formatius 2026"},"content":{"rendered":"<div class=\"basic_text_peq col-xs-12\">\n<div class=\"pd-15x\">\n<h4><strong><span class=\"Titol\">Proves d&#8217;acc\u00e9s a Cicles Formatius Grau Mitj\u00e0 (2026)<br \/>\n<\/span><\/strong><\/h4>\n<div>\n<p><strong>Tota la informaci\u00f3 oficial <a href=\"https:\/\/triaeducativa.gencat.cat\/ca\/proves\/proves-acces\/fp\/fp-gm\/\" target=\"_blank\" rel=\"noopener\">aqu\u00ed<\/a><\/strong>.<\/p>\n<\/div>\n<ul>\n<li><strong>REQUISITS<\/strong><\/li>\n<\/ul>\n<\/div>\n<\/div>\n<p>Per inscriure&#8217;s a les proves cal tenir 17 anys o m\u00e9s (o complir-los l&#8217;any 2026) i no tenir la titulaci\u00f3 acad\u00e8mica o els ensenyaments que permeten l&#8217;acc\u00e9s directe als cicles formatius de grau mitj\u00e0 (ESO o equivalent, el curs espec\u00edfic d&#8217;acc\u00e9s, formaci\u00f3 professional b\u00e0sica o un PQPI).<\/p>\n<div class=\"basic_text_peq col-xs-12\">\n<div class=\"pd-15x\">\n<ul>\n<li><strong>CALENDARI INSCRIPCI\u00d3<br \/>\n<\/strong><\/li>\n<\/ul>\n<\/div>\n<\/div>\n<div class=\"basic_text_peq col-xs-12\">\n<div class=\"pd-15x link-dotted\">\n<ul style=\"list-style-type: disc;\">\n<li style=\"list-style-type: none;\">\n<ul>\n<li style=\"list-style-type: none;\">\n<ul>\n<li style=\"list-style-type: none;\">\n<ul>\n<li style=\"list-style-type: none;\">\n<ul style=\"list-style-type: circle;\">\n<li><strong>Inscripci\u00f3:<\/strong> del dimarts 17 (a partir de les 9 h) al dilluns 30 de mar\u00e7 de 2026. <a href=\"https:\/\/tramits.gencat.cat\/ca\/tramits\/tramits-temes\/prova-formacio-professional-gm\" target=\"_blank\" rel=\"noopener\">\u00c9s telem\u00e0tic<\/a>.<\/li>\n<li>Pagament de la taxa: fins al dimarts 31 de mar\u00e7 de 2026 (abans de les 22 h).<\/li>\n<li>Llista provisional d&#8217;admesos i exclosos: a partir del dimecres 22 d&#8217;abril de 2026. <a href=\"https:\/\/triaeducativa.gencat.cat\/ca\/proves\/proves-acces\/fp\/fp-gm\/admesos-exclosos\/\" target=\"_blank\" rel=\"noopener\">\u00c9s telem\u00e0tic<\/a>.<\/li>\n<li>Presentaci\u00f3 de la documentaci\u00f3 al centre: del dijous 23 d&#8217;abril al dijous 7 de maig de 2026, en horari d&#8217;oficina (els matins de dilluns a divendres de 09:00 h a 14:00 h; les tardes els dimarts de 15:00 h a 17:00 h).<\/li>\n<li>Llista definitiva d&#8217;admesos i exclosos: a partir del dimarts 12 de maig de 2026. <a href=\"https:\/\/triaeducativa.gencat.cat\/ca\/proves\/proves-acces\/fp\/fp-gm\/admesos-exclosos\/\" target=\"_blank\" rel=\"noopener\">\u00c9s telem\u00e0tic<\/a>.<\/li>\n<\/ul>\n<\/li>\n<\/ul>\n<\/li>\n<\/ul>\n<\/li>\n<\/ul>\n<\/li>\n<li><strong>CALENDARI PROVA<br \/>\n<\/strong><\/li>\n<\/ul>\n<ul>\n<li style=\"list-style-type: none;\">\n<ul>\n<li style=\"list-style-type: none;\">\n<ul>\n<li style=\"list-style-type: none;\">\n<ul>\n<li style=\"list-style-type: none;\">\n<ul style=\"list-style-type: circle;\">\n<li>Consulteu mostres d&#8217;ex\u00e0mens en aquest <a href=\"https:\/\/triaeducativa.gencat.cat\/ca\/proves\/proves-acces\/fp\/fp-gm\/models-prova\/\" target=\"_blank\" rel=\"noopener\">enlla\u00e7<\/a>.<\/li>\n<li>Consulteu el <a href=\"https:\/\/triaeducativa.gencat.cat\/ca\/proves\/proves-acces\/fp\/fp-gm\/temari\/\" target=\"_blank\" rel=\"noopener\">contingut, temaris<\/a> i <a href=\"https:\/\/triaeducativa.gencat.cat\/ca\/proves\/proves-acces\/fp\/fp-gm\/material\/\" target=\"_blank\" rel=\"noopener\">material necessaris<\/a> per fer les proves.<\/li>\n<li>dimecres 13 de maig de 2026<\/li>\n<\/ul>\n<\/li>\n<\/ul>\n<\/li>\n<\/ul>\n<\/li>\n<\/ul>\n<\/li>\n<\/ul>\n<p style=\"padding-left: 120px;\">15.30 h Verificaci\u00f3 de la identitat dels aspirants<br \/>\n16 h Primer bloc: parts comunicativa i social<br \/>\n18 h Descans<br \/>\n18.30 h Segon bloc: parts cientificotecnol\u00f2gica i matem\u00e0tica<\/p>\n<ul>\n<li><strong>CALENDARI QUALIFICACIONS<\/strong><\/li>\n<li style=\"list-style-type: none;\">\n<ul>\n<li style=\"list-style-type: none;\">\n<ul>\n<li style=\"list-style-type: none;\">\n<ul>\n<li style=\"list-style-type: none;\">\n<ul style=\"list-style-type: circle;\">\n<li>Qualificacions provisionals: a partir del dimecres 3 de juny de 2026. S&#8217;han de consultar a trav\u00e9s d&#8217;aquest enlla\u00e7 (apartat Persones admeses i excloses). Necessiteu el vostre identificador (DNI, NIE o Passaport) i el codi de sol\u00b7licitud. El centre no facilita aquestes dades. <a href=\"https:\/\/triaeducativa.gencat.cat\/ca\/proves\/proves-acces\/fp\/fp-gm\/qualificacions\/\" target=\"_blank\" rel=\"noopener\">\u00c9s telem\u00e0tic<\/a>.<\/li>\n<li>Termini per presentar reclamacions al centre: del dijous 4 al dilluns 8 de juny de 2026, amb cita pr\u00e8via (escriure un correu a secretaria@iesmonturiol.net).<\/li>\n<li>Qualificacions definitives: dimecres 10 de juny de 2026. <a href=\"https:\/\/triaeducativa.gencat.cat\/ca\/proves\/proves-acces\/fp\/fp-gm\/qualificacions\/\" target=\"_blank\" rel=\"noopener\">\u00c9s telem\u00e0tic<\/a>.<\/li>\n<li>Emissi\u00f3 de certificats: a partir del dijous 11 de juny de 2026. <strong>Ho rebreu al correu electr\u00f2nic indicat a la inscripci\u00f3<\/strong>.<\/li>\n<\/ul>\n<\/li>\n<\/ul>\n<\/li>\n<\/ul>\n<\/li>\n<\/ul>\n<\/li>\n<\/ul>\n<\/div>\n<ul>\n<li><strong>CONVOCAT\u00d2RIA INCID\u00c8NCIES (NO es portar\u00e0 a terme en aquest institut)<br \/>\n<\/strong><\/li>\n<\/ul>\n<\/div>\n<div>\n<div>\n<p>S&#8217;adre\u00e7a a aspirants inscrits que no es poden presentar a la prova per causes de for\u00e7a major que cal\u00a0acreditar documentalment\u00a0al centre seu triat per fer la prova.<\/p>\n<ul>\n<li style=\"list-style-type: none;\">\n<ul>\n<li style=\"list-style-type: none;\">\n<ul>\n<li style=\"list-style-type: none;\">\n<ul>\n<li style=\"list-style-type: none;\">\n<ul style=\"list-style-type: circle;\">\n<li>Inscripci\u00f3: fins a les 12 h del dijous 14 de maig de 2026.<\/li>\n<li>Llista d&#8217;admesos i exclosos: no m\u00e9s tard del dilluns 18 de maig de 2026.<\/li>\n<li>Prova: dimecres 20 de maig de 2026 a les 9.30 h.<\/li>\n<\/ul>\n<\/li>\n<\/ul>\n<\/li>\n<\/ul>\n<\/li>\n<\/ul>\n<\/li>\n<\/ul>\n<\/div>\n<\/div>\n<hr \/>\n<div class=\"basic_text_peq col-xs-12\">\n<div class=\"pd-15x\">\n<h4><strong><span class=\"Titol\">Proves d&#8217;acc\u00e9s a Cicles Formatius Grau Superior (2026)<br \/>\n<\/span><\/strong><\/h4>\n<div>\n<p><strong>Tota la informaci\u00f3 oficial <a href=\"https:\/\/triaeducativa.gencat.cat\/ca\/proves\/proves-acces\/fp\/fp-gs\/\" target=\"_blank\" rel=\"noopener\">aqu\u00ed<\/a><\/strong>.<\/p>\n<ul>\n<li><strong>REQUISITS<\/strong><\/li>\n<\/ul>\n<p>Per inscriure&#8217;s a la prova cal tenir 19 anys o m\u00e9s (o complir-los l&#8217;any 2026) i no tenir cap titulaci\u00f3 acad\u00e8mica o d&#8217;ensenyaments equivalents que permeten l&#8217;acc\u00e9s directe a la formaci\u00f3 professional (batxillerat o equivalent, o curs espec\u00edfic d&#8217;acc\u00e9s).<\/p>\n<ul>\n<li><strong>CALENDARI INSCRIPCI\u00d3<br \/>\n<\/strong><\/li>\n<\/ul>\n<\/div>\n<\/div>\n<\/div>\n<div class=\"basic_text_peq col-xs-12\">\n<div class=\"pd-15x link-dotted\">\n<ul>\n<li style=\"list-style-type: none;\">\n<ul>\n<li style=\"list-style-type: none;\">\n<ul>\n<li style=\"list-style-type: none;\">\n<ul>\n<li style=\"list-style-type: none;\">\n<ul style=\"list-style-type: circle;\">\n<li><strong>Inscripci\u00f3<\/strong>: del dimarts 17 (a partir de les 9 h) al dilluns 30 de mar\u00e7 de 2026. <a href=\"https:\/\/tramits.gencat.cat\/ca\/tramits\/tramits-temes\/prova-formacio-professional-gs\" target=\"_blank\" rel=\"noopener\">\u00c9s telem\u00e0tic<\/a>.<\/li>\n<li>Pagament de la taxa: fins al dimarts 31 de mar\u00e7 de 2026 (abans de les 22 h).<\/li>\n<li>Llista provisional d&#8217;admesos i exclosos: a partir del dijous 23 d&#8217;abril de 2026. <a href=\"https:\/\/triaeducativa.gencat.cat\/ca\/proves\/proves-acces\/fp\/fp-gs\/admesos-exclosos\/\" target=\"_blank\" rel=\"noopener\">\u00c9s telem\u00e0tic<\/a>.<\/li>\n<li>Presentaci\u00f3 de la documentaci\u00f3 al centre: del divendres 24 d&#8217;abril al divendres 8 de maig de 2026 (els matins de dilluns a divendres de 09:00 h a 14:00 h; les tardes els dimarts de 15:00 h a 17:00 h). Els motius de presentaci\u00f3 de la documentaci\u00f3 s\u00f3n:\n<ul style=\"list-style-type: circle;\">\n<li style=\"list-style-type: none;\">\n<ul>\n<li>Aspirants exclosos a la llista provisional:\n<ul>\n<li>perqu\u00e8 no han acreditat els requisits de participaci\u00f3: una fotoc\u00f2pia del DNI, NIE o passaport,<\/li>\n<li>per manca de documentaci\u00f3 relativa al dret d&#8217;exempci\u00f3 o de bonificaci\u00f3 de la taxa: una fotoc\u00f2pia de la documentaci\u00f3 justificativa corresponent.<\/li>\n<\/ul>\n<\/li>\n<li>Aspirants que sol\u00b7liciten l&#8217;obtenci\u00f3 de puntuaci\u00f3 complement\u00e0ria:\n<ul>\n<li>Impr\u00e8s amb la documentaci\u00f3 presentada.<\/li>\n<li>Curr\u00edculum formatiu, professional i d&#8217;experi\u00e8ncia acompanyat de la documentaci\u00f3 acreditativa.<\/li>\n<li>Certificat de superaci\u00f3 parcial o total de la prova d&#8217;acc\u00e9s en convocat\u00f2ries anteriors, si \u00e9s el cas.<\/li>\n<\/ul>\n<\/li>\n<li>Aspirants que sol\u00b7liciten una o m\u00e9s exempcions de la prova:\n<ul>\n<li>Documents justificatius corresponents.<\/li>\n<\/ul>\n<\/li>\n<\/ul>\n<\/li>\n<\/ul>\n<\/li>\n<li>Llista definitiva d&#8217;admesos i exclosos: a partir del divendres 15 de maig de 2026. <a href=\"https:\/\/triaeducativa.gencat.cat\/ca\/proves\/proves-acces\/fp\/fp-gs\/admesos-exclosos\/\" target=\"_blank\" rel=\"noopener\">\u00c9s telem\u00e0tic<\/a>.<\/li>\n<\/ul>\n<\/li>\n<\/ul>\n<\/li>\n<\/ul>\n<\/li>\n<\/ul>\n<\/li>\n<\/ul>\n<ul>\n<li><strong>CALENDARI PROVA<br \/>\n<\/strong><\/li>\n<\/ul>\n<ul style=\"list-style-type: disc;\">\n<li style=\"list-style-type: none;\">\n<ul>\n<li style=\"list-style-type: none;\">\n<ul>\n<li style=\"list-style-type: none;\">\n<ul style=\"list-style-type: disc;\">\n<li style=\"list-style-type: none;\">\n<ul style=\"list-style-type: circle;\">\n<li>Consulteu mostres d&#8217;ex\u00e0mens en aquest <a href=\"https:\/\/triaeducativa.gencat.cat\/ca\/proves\/proves-acces\/fp\/fp-gs\/models-prova\/\" target=\"_blank\" rel=\"noopener\">enlla\u00e7<\/a>.<\/li>\n<li>Consulteu el <a href=\"https:\/\/triaeducativa.gencat.cat\/ca\/proves\/proves-acces\/fp\/fp-gs\/temari\/\" target=\"_blank\" rel=\"noopener\">contingut, temaris<\/a> i <a href=\"https:\/\/triaeducativa.gencat.cat\/ca\/proves\/proves-acces\/fp\/fp-gs\/material\/\" target=\"_blank\" rel=\"noopener\">material necessaris<\/a> per fer les proves.<\/li>\n<li><strong>Part comuna:<\/strong> dimecres 20 de maig de 2026<\/li>\n<li>15.30 h Verificaci\u00f3 de la identitat dels aspirants<br \/>\n16 h Primer bloc: Llengua Estrangera (Angl\u00e8s, Franc\u00e8s o Alemany) i Llengua Castellana<br \/>\n18 h Descans<br \/>\n18.30 Segon bloc: Llengua Catalana i Matem\u00e0tiques<\/li>\n<li><strong>Part espec\u00edfica:<\/strong> dijous 21 de maig de 2026<\/li>\n<li>15.30 h Verificaci\u00f3 de la identitat dels aspirants<br \/>\n16 h Mat\u00e8ries espec\u00edfiques triades<\/li>\n<\/ul>\n<\/li>\n<li style=\"list-style-type: none; text-align: left;\"><\/li>\n<\/ul>\n<\/li>\n<\/ul>\n<\/li>\n<\/ul>\n<\/li>\n<li><strong>CALENDARI QUALIFICACIONS<\/strong><\/li>\n<li style=\"list-style-type: none;\">\n<ul>\n<li style=\"list-style-type: none;\">\n<ul>\n<li style=\"list-style-type: none;\">\n<ul>\n<li style=\"list-style-type: none;\">\n<ul style=\"list-style-type: circle;\">\n<li>Qualificacions provisionals:\u202f\u202fa partir del dimecres 10 de juny de 2026. S&#8217;han de consultar a trav\u00e9s d&#8217;aquest enlla\u00e7 (apartat Persones admeses i excloses). Necessiteu el vostre identificador (DNI, NIE o Passaport) i el codi de sol\u00b7licitud. El centre no facilita aquestes dades. <a href=\"https:\/\/triaeducativa.gencat.cat\/ca\/proves\/proves-acces\/fp\/fp-gs\/qualificacions\/\" target=\"_blank\" rel=\"noopener\">\u00c9s telem\u00e0tic<\/a>.<\/li>\n<li>Termini per presentar reclamacions al centre: del dijous 11 al dimarts 16 de juny de 2026 amb cita pr\u00e8via (escriure un correu a secretaria@iesmonturiol.net).<\/li>\n<li>Qualificacions definitives: a partir del dijous 18 de juny de 2026. <a href=\"https:\/\/triaeducativa.gencat.cat\/ca\/proves\/proves-acces\/fp\/fp-gs\/qualificacions\/\" target=\"_blank\" rel=\"noopener\">\u00c9s telem\u00e0tic<\/a>.<\/li>\n<li>Emissi\u00f3 de certificats: a partir del divendres 19 de juny de 2026. <strong>Ho rebreu al correu electr\u00f2nic indicat a la inscripci\u00f3<\/strong>.<\/li>\n<\/ul>\n<\/li>\n<\/ul>\n<\/li>\n<\/ul>\n<\/li>\n<\/ul>\n<\/li>\n<\/ul>\n<\/div>\n<\/div>\n<ul>\n<li><strong>CONVOCAT\u00d2RIA INCID\u00c8NCIES (NO es portar\u00e0 a terme en aquest institut)<br \/>\n<\/strong><\/li>\n<\/ul>\n<div class=\"col-xs-12 columna_esquerra\">\n<div class=\"cos_bloc basic_text_peq pd-15 link-dotted\">\n<p>S&#8217;adre\u00e7a a aspirants inscrits que no es poden presentar a la prova per causes de for\u00e7a major que cal acreditar documentalment al centre triat per fer la prova.<\/p>\n<ul>\n<li style=\"list-style-type: none;\">\n<ul>\n<li style=\"list-style-type: none;\">\n<ul>\n<li style=\"list-style-type: none;\">\n<ul>\n<li style=\"list-style-type: none;\">\n<ul style=\"list-style-type: circle;\">\n<li>Inscripci\u00f3: fins a les 12 h del dijous 22 de maig de 2026.<\/li>\n<li>Llista d&#8217;admesos i exclosos: no m\u00e9s tard del dimecres 27 de maig de 2026.<\/li>\n<li>Prova: dijous 28 de maig de 2025.<\/li>\n<\/ul>\n<\/li>\n<\/ul>\n<\/li>\n<\/ul>\n<\/li>\n<\/ul>\n<\/li>\n<\/ul>\n<ul>\n<li style=\"list-style-type: none;\">\n<ul>\n<li style=\"list-style-type: none;\">\n<ul>\n<li style=\"list-style-type: none;\">\n<ul>\n<li style=\"list-style-type: none;\">\n<ul>\n<li style=\"list-style-type: none;\">\n<ul>\n<li style=\"list-style-type: none;\">\n<ul>\n<li>part comuna, a les 9:30 h<\/li>\n<li>part espec\u00edfica, a les 16:00 h<\/li>\n<\/ul>\n<\/li>\n<\/ul>\n<\/li>\n<\/ul>\n<\/li>\n<\/ul>\n<\/li>\n<\/ul>\n<\/li>\n<\/ul>\n<\/li>\n<\/ul>\n<p style=\"text-align: right;\"><em>Data d&#8217;actualitzaci\u00f3: 09\/03\/26<\/em><\/p>\n<\/div>\n<\/div>\n","protected":false},"excerpt":{"rendered":"<p>Proves d&#8217;acc\u00e9s a Cicles Formatius Grau Mitj\u00e0 (2026)<\/p>\n<p>Tota la informaci\u00f3 oficial <a href=\"https:\/\/triaeducativa.gencat.cat\/ca\/proves\/proves-acces\/fp\/fp-gm\/\" target=\"_blank\" rel=\"noopener\">aqu\u00ed<\/a>.<\/p>\n<ul>\n<li>REQUISITS<\/li>\n<\/ul>\n<p>Per inscriure&#8217;s a les proves cal tenir 17 anys o m\u00e9s (o complir-los l&#8217;any 2026) i no tenir la titulaci\u00f3 acad\u00e8mica o els ensenyaments que permeten l&#8217;acc\u00e9s directe als cicles formatius&hellip;  <a href=\"https:\/\/agora.xtec.cat\/iesmonturiol\/secretaria\/proves-acces-cicles\/\" title=\"Read Proves d\u2019acc\u00e9s als Cicles Formatius 2026\">Llegeix m\u00e9s\u00bb<\/a><\/p>\n","protected":false},"author":1,"featured_media":0,"parent":81,"menu_order":90,"comment_status":"closed","ping_status":"closed","template":"page-templates\/side-menu.php","meta":{"_bbp_topic_count":0,"_bbp_reply_count":0,"_bbp_total_topic_count":0,"_bbp_total_reply_count":0,"_bbp_voice_count":0,"_bbp_anonymous_reply_count":0,"_bbp_topic_count_hidden":0,"_bbp_reply_count_hidden":0,"_bbp_forum_subforum_count":0,"footnotes":""},"class_list":["post-1037","page","type-page","status-publish","hentry"],"post_mailing_queue_ids":[],"_links":{"self":[{"href":"https:\/\/agora.xtec.cat\/iesmonturiol\/wp-json\/wp\/v2\/pages\/1037","targetHints":{"allow":["GET"]}}],"collection":[{"href":"https:\/\/agora.xtec.cat\/iesmonturiol\/wp-json\/wp\/v2\/pages"}],"about":[{"href":"https:\/\/agora.xtec.cat\/iesmonturiol\/wp-json\/wp\/v2\/types\/page"}],"author":[{"embeddable":true,"href":"https:\/\/agora.xtec.cat\/iesmonturiol\/wp-json\/wp\/v2\/users\/1"}],"replies":[{"embeddable":true,"href":"https:\/\/agora.xtec.cat\/iesmonturiol\/wp-json\/wp\/v2\/comments?post=1037"}],"version-history":[{"count":6,"href":"https:\/\/agora.xtec.cat\/iesmonturiol\/wp-json\/wp\/v2\/pages\/1037\/revisions"}],"predecessor-version":[{"id":6793,"href":"https:\/\/agora.xtec.cat\/iesmonturiol\/wp-json\/wp\/v2\/pages\/1037\/revisions\/6793"}],"up":[{"embeddable":true,"href":"https:\/\/agora.xtec.cat\/iesmonturiol\/wp-json\/wp\/v2\/pages\/81"}],"wp:attachment":[{"href":"https:\/\/agora.xtec.cat\/iesmonturiol\/wp-json\/wp\/v2\/media?parent=1037"}],"curies":[{"name":"wp","href":"https:\/\/api.w.org\/{rel}","templated":true}]}}