{"id":1028,"date":"2019-03-08T00:19:37","date_gmt":"2019-03-07T23:19:37","guid":{"rendered":"http:\/\/agora.xtec.cat\/iesmonturiol\/?page_id=1028"},"modified":"2025-07-29T10:11:22","modified_gmt":"2025-07-29T08:11:22","slug":"docs-cicles","status":"publish","type":"page","link":"https:\/\/agora.xtec.cat\/iesmonturiol\/documents\/docs-cicles\/","title":{"rendered":"Cicles Formatius"},"content":{"rendered":"<ul>\n<li><a href=\"https:\/\/drive.google.com\/file\/d\/1XC2tCngW1dSKs5BYeAgNU730aUwrLgI2\/view?usp=drive_link\" target=\"_blank\" rel=\"noopener\">ORIENTACIONS CFGM ELECTROMEC\u00c0NICA DE VEHICLES <\/a><a href=\"http:\/\/agora.xtec.cat\/iesmonturiol\/icona-pdf\/\"><img loading=\"lazy\" decoding=\"async\" class=\" wp-image-2151 alignnone\" src=\"https:\/\/agora.xtec.cat\/iesmonturiol\/wp-content\/uploads\/usu1826\/2019\/07\/icona-pdf.png\" alt=\"\" width=\"62\" height=\"62\" \/><\/a><\/li>\n<li><a href=\"https:\/\/drive.google.com\/file\/d\/19no2ElH7gQVVBsN0XMEDQB237Fb9ScC4\/view?usp=drive_link\" target=\"_blank\" rel=\"noopener\">ORIENTACIONS CFGM EST\u00c8TICA I BELLESA <\/a>\u00a0 <a href=\"http:\/\/agora.xtec.cat\/iesmonturiol\/icona-pdf\/\"><img loading=\"lazy\" decoding=\"async\" class=\" wp-image-2151 alignnone\" src=\"https:\/\/agora.xtec.cat\/iesmonturiol\/wp-content\/uploads\/usu1826\/2019\/07\/icona-pdf.png\" alt=\"\" width=\"62\" height=\"62\" \/><\/a><\/li>\n<li><a href=\"https:\/\/docs.google.com\/document\/d\/11b54tKqgQ3VT_r0lMJh3O0D9kSGXN6Wv\/edit?usp=sharing&amp;ouid=114073023599938774825&amp;rtpof=true&amp;sd=true\" target=\"_blank\" rel=\"noopener\">ORIENTACIONS CFGM INSTAL\u00b7LACIONS EL\u00c8CTRIQUES <\/a><a href=\"http:\/\/agora.xtec.cat\/iesmonturiol\/icona-pdf\/\"><img loading=\"lazy\" decoding=\"async\" class=\" wp-image-2151 alignnone\" src=\"https:\/\/agora.xtec.cat\/iesmonturiol\/wp-content\/uploads\/usu1826\/2019\/07\/icona-pdf.png\" alt=\"\" width=\"62\" height=\"62\" \/><\/a><\/li>\n<li><a href=\"https:\/\/drive.google.com\/file\/d\/18HrceAsLy0Y2J884yRYcUU-oyEW8Wk2h\/view?usp=sharing\" target=\"_blank\" rel=\"noopener\">ORIENTACIONS CFGM MANTENIMENT ELECTROMEC\u00c0NIC<\/a><a href=\"http:\/\/agora.xtec.cat\/iesmonturiol\/icona-pdf\/\"><img loading=\"lazy\" decoding=\"async\" class=\" wp-image-2151 alignnone\" src=\"https:\/\/agora.xtec.cat\/iesmonturiol\/wp-content\/uploads\/usu1826\/2019\/07\/icona-pdf.png\" alt=\"\" width=\"62\" height=\"62\" \/><\/a><\/li>\n<li><a href=\"https:\/\/drive.google.com\/file\/d\/1hpXDrsz63ZNXvsTkYBe4XJLwzw2HBwq9\/view?usp=drive_link\" target=\"_blank\" rel=\"noopener\">ORIENTACIONS CFGM PERRUQUERIA I COSM\u00c8TICA CAPIL\u00b7LAR<\/a>\u00a0 <a href=\"http:\/\/agora.xtec.cat\/iesmonturiol\/icona-pdf\/\"><img loading=\"lazy\" decoding=\"async\" class=\" wp-image-2151 alignnone\" src=\"https:\/\/agora.xtec.cat\/iesmonturiol\/wp-content\/uploads\/usu1826\/2019\/07\/icona-pdf.png\" alt=\"\" width=\"62\" height=\"62\" \/><\/a><\/li>\n<li><a href=\"https:\/\/drive.google.com\/file\/d\/1qMUhOlJqC3Rx8_TRDsxUvdQvGeWwW8B3\/view?usp=sharing\" target=\"_blank\" rel=\"noopener\">ORIENTACIONS CFGS AUTOMOCI\u00d3\u00a0<\/a><a href=\"http:\/\/agora.xtec.cat\/iesmonturiol\/icona-pdf\/\"><img loading=\"lazy\" decoding=\"async\" class=\" wp-image-2151 alignnone\" src=\"https:\/\/agora.xtec.cat\/iesmonturiol\/wp-content\/uploads\/usu1826\/2019\/07\/icona-pdf.png\" alt=\"\" width=\"62\" height=\"62\" \/><\/a><\/li>\n<li><a href=\"https:\/\/docs.google.com\/document\/d\/1iz1cc2SZE02O6oKDng9cCdN8YFFzhSr5\/edit?usp=sharing&amp;ouid=114073023599938774825&amp;rtpof=true&amp;sd=true\" target=\"_blank\" rel=\"noopener\">ORIENTACIONS CFGS ENERGIES RENOVABLES <\/a><a href=\"http:\/\/agora.xtec.cat\/iesmonturiol\/icona-pdf\/\"><img loading=\"lazy\" decoding=\"async\" class=\" wp-image-2151 alignnone\" src=\"https:\/\/agora.xtec.cat\/iesmonturiol\/wp-content\/uploads\/usu1826\/2019\/07\/icona-pdf.png\" alt=\"\" width=\"62\" height=\"62\" \/><\/a><\/li>\n<li><a href=\"https:\/\/drive.google.com\/file\/d\/16hQtKzJng0k37nuywNq4eqObFYnrJLUF\/view?usp=drive_link\" target=\"_blank\" rel=\"noopener\">ORIENTACIONS CEFP AUTOMOCI\u00d3 (Vehicles H\u00edbrids i El\u00e8ctrics)<\/a> <a href=\"http:\/\/agora.xtec.cat\/iesmonturiol\/icona-pdf\/\"><img loading=\"lazy\" decoding=\"async\" class=\" wp-image-2151 alignnone\" src=\"https:\/\/agora.xtec.cat\/iesmonturiol\/wp-content\/uploads\/usu1826\/2019\/07\/icona-pdf.png\" alt=\"\" width=\"62\" height=\"62\" \/><\/a><\/li>\n<\/ul>\n","protected":false},"excerpt":{"rendered":"<ul>\n<li><a href=\"https:\/\/drive.google.com\/file\/d\/1XC2tCngW1dSKs5BYeAgNU730aUwrLgI2\/view?usp=drive_link\" target=\"_blank\" rel=\"noopener\">ORIENTACIONS CFGM ELECTROMEC\u00c0NICA DE VEHICLES <\/a><a href=\"http:\/\/agora.xtec.cat\/iesmonturiol\/icona-pdf\/\"><\/a><\/li>\n<li><a href=\"https:\/\/drive.google.com\/file\/d\/19no2ElH7gQVVBsN0XMEDQB237Fb9ScC4\/view?usp=drive_link\" target=\"_blank\" rel=\"noopener\">ORIENTACIONS CFGM EST\u00c8TICA I BELLESA <\/a>\u00a0 <a href=\"http:\/\/agora.xtec.cat\/iesmonturiol\/icona-pdf\/\"><\/a><\/li>\n<li><a href=\"https:\/\/docs.google.com\/document\/d\/11b54tKqgQ3VT_r0lMJh3O0D9kSGXN6Wv\/edit?usp=sharing&amp;ouid=114073023599938774825&amp;rtpof=true&amp;sd=true\" target=\"_blank\" rel=\"noopener\">ORIENTACIONS CFGM INSTAL\u00b7LACIONS EL\u00c8CTRIQUES <\/a><a href=\"http:\/\/agora.xtec.cat\/iesmonturiol\/icona-pdf\/\"><\/a><\/li>\n<li><a href=\"https:\/\/drive.google.com\/file\/d\/18HrceAsLy0Y2J884yRYcUU-oyEW8Wk2h\/view?usp=sharing\" target=\"_blank\" rel=\"noopener\">ORIENTACIONS CFGM MANTENIMENT ELECTROMEC\u00c0NIC<\/a><a href=\"http:\/\/agora.xtec.cat\/iesmonturiol\/icona-pdf\/\"><\/a><\/li>\n<li><a href=\"https:\/\/drive.google.com\/file\/d\/1hpXDrsz63ZNXvsTkYBe4XJLwzw2HBwq9\/view?usp=drive_link\" target=\"_blank\" rel=\"noopener\">ORIENTACIONS CFGM PERRUQUERIA I COSM\u00c8TICA CAPIL\u00b7LAR<\/a>\u00a0 <a href=\"http:\/\/agora.xtec.cat\/iesmonturiol\/icona-pdf\/\"><\/a><\/li>\n<li><a&hellip;  <a href=\"https:\/\/agora.xtec.cat\/iesmonturiol\/documents\/docs-cicles\/\" title=\"Read Cicles Formatius\">Llegeix m\u00e9s\u00bb<\/a><br \/>\n","protected":false},"author":1,"featured_media":0,"parent":975,"menu_order":60,"comment_status":"closed","ping_status":"closed","template":"page-templates\/side-menu.php","meta":{"_bbp_topic_count":0,"_bbp_reply_count":0,"_bbp_total_topic_count":0,"_bbp_total_reply_count":0,"_bbp_voice_count":0,"_bbp_anonymous_reply_count":0,"_bbp_topic_count_hidden":0,"_bbp_reply_count_hidden":0,"_bbp_forum_subforum_count":0,"footnotes":""},"class_list":["post-1028","page","type-page","status-publish","hentry"],"post_mailing_queue_ids":[],"_links":{"self":[{"href":"https:\/\/agora.xtec.cat\/iesmonturiol\/wp-json\/wp\/v2\/pages\/1028","targetHints":{"allow":["GET"]}}],"collection":[{"href":"https:\/\/agora.xtec.cat\/iesmonturiol\/wp-json\/wp\/v2\/pages"}],"about":[{"href":"https:\/\/agora.xtec.cat\/iesmonturiol\/wp-json\/wp\/v2\/types\/page"}],"author":[{"embeddable":true,"href":"https:\/\/agora.xtec.cat\/iesmonturiol\/wp-json\/wp\/v2\/users\/1"}],"replies":[{"embeddable":true,"href":"https:\/\/agora.xtec.cat\/iesmonturiol\/wp-json\/wp\/v2\/comments?post=1028"}],"version-history":[{"count":6,"href":"https:\/\/agora.xtec.cat\/iesmonturiol\/wp-json\/wp\/v2\/pages\/1028\/revisions"}],"predecessor-version":[{"id":6580,"href":"https:\/\/agora.xtec.cat\/iesmonturiol\/wp-json\/wp\/v2\/pages\/1028\/revisions\/6580"}],"up":[{"embeddable":true,"href":"https:\/\/agora.xtec.cat\/iesmonturiol\/wp-json\/wp\/v2\/pages\/975"}],"wp:attachment":[{"href":"https:\/\/agora.xtec.cat\/iesmonturiol\/wp-json\/wp\/v2\/media?parent=1028"}],"curies":[{"name":"wp","href":"https:\/\/api.w.org\/{rel}","templated":true}]}}