{"id":1018,"date":"2019-03-07T23:58:03","date_gmt":"2019-03-07T22:58:03","guid":{"rendered":"http:\/\/agora.xtec.cat\/iesmonturiol\/?page_id=1018"},"modified":"2025-07-07T17:14:31","modified_gmt":"2025-07-07T15:14:31","slug":"iddink","status":"publish","type":"page","link":"https:\/\/agora.xtec.cat\/iesmonturiol\/documents\/llibres-i-material\/iddink\/","title":{"rendered":"Iddink"},"content":{"rendered":"<p style=\"text-align: justify;\">Novament l&#8217;AMPA, conjuntament amb la direcci\u00f3 de l&#8217;Institut i amb el vist i plau del Consell Escolar, continuar\u00e0 treballant amb l&#8217;empresa <a href=\"https:\/\/www.iddink.cat\/?pagina=home&amp;site=home\" target=\"_blank\" rel=\"nofollow noopener noreferrer\">IDDINK<\/a> per organitzar l\u2019adquisici\u00f3 de llibres de text pels nostres fills i filles per tal de consolidar el programa de reutlitzaci\u00f3 d&#8217;aquests llibres. IDDINK s&#8217;encarregar\u00e0 de gestionar la venda de llibres nous i usats (ecoBooks) i de la recollida d\u2019aquests al finalitzar el curs. Despr\u00e9s l\u2019empresa els verifica i els prepara per lliurar-los posteriorment al setembre. Amb aquest sistema les fam\u00edlies tenim la possibilitat d&#8217;adquirir tots els llibres de text amb un estalvi del 55% sobre el preu dels nous, sempre i quan els tornem en bon estat a final de curs. Si l\u2019empresa no tingu\u00e9s suficients llibres usats us els enviar\u00e0 nous, per\u00f2 sempre us respectar\u00e0 l\u2019estalvi del 55%, independentment de si el llibre us arriba nou o usat.<\/p>\n<h4 style=\"text-align: center;\"><\/h4>\n<table style=\"width: 890px; height: 336px;\">\n<tbody>\n<tr style=\"height: 42px;\">\n<td style=\"width: 884px; height: 42px; background-color: #d9d7d7;\" colspan=\"2\">\n<h4 style=\"text-align: center;\">PLANIFICACI\u00d3 DE DATES AMB IDDINK<\/h4>\n<\/td>\n<\/tr>\n<tr style=\"height: 88px;\">\n<td style=\"width: 548.617px; text-align: center; height: 88px;\">\n<h4>Retorn de llibres ECOBOOKS curs 24-25<\/h4>\n<\/td>\n<td style=\"width: 333.383px; text-align: center; height: 88px;\">\n<h6>Retorn presencial a l&#8217;institut<\/h6>\n<h5><strong>Dimecres 2 de juliol de 2025 <\/strong><\/h5>\n<h5><strong>Horari: de 10 a 14h i de 15 a 18h\u00a0 <\/strong><\/h5>\n<h5><strong>Lloc: Aula 0.5<br \/>\n<\/strong><\/h5>\n<p>&nbsp;<\/td>\n<\/tr>\n<tr style=\"height: 95px;\">\n<td style=\"width: 548.617px; text-align: center; height: 95px;\">\n<h4>Ajut a les comandes per al curs 25-26<\/h4>\n<\/td>\n<td style=\"width: 333.383px; text-align: center; height: 95px;\" rowspan=\"2\">\n<h6 style=\"text-align: justify;\">L&#8217;empresa ha habilitat un <span style=\"text-decoration: underline;\"><a href=\"https:\/\/vimeo.com\/user12002220\" target=\"_blank\" rel=\"noopener noreferrer\">canal de v\u00eddeos informatius<\/a><\/span><\/h6>\n<p>&nbsp;<\/p>\n<p><a href=\"https:\/\/vimeo.com\/user12002220\" target=\"_blank\" rel=\"attachment noopener wp-att-3258 noreferrer\"><img loading=\"lazy\" decoding=\"async\" class=\"aligncenter wp-image-3258\" src=\"https:\/\/agora.xtec.cat\/iesmonturiol\/wp-content\/uploads\/usu1826\/2020\/06\/logo_vimeoIddink-300x168.jpg\" alt=\"\" width=\"175\" height=\"98\" \/><\/a><\/td>\n<\/tr>\n<tr style=\"height: 111px;\">\n<td style=\"width: 548.617px; text-align: center; height: 111px;\">\n<h4>Informaci\u00f3 \u00a0 per a fam\u00edlies\u00a0 curs 25-26<\/h4>\n<\/td>\n<\/tr>\n<\/tbody>\n<\/table>\n<p>&nbsp;<\/p>\n<p><span class=\"Estilo6\"><a href=\"https:\/\/vimeo.com\/953990128\" target=\"_blank\" rel=\"noopener noreferrer\">PRESENTACI\u00d3 PROJECTE IDDINK\u00a0 <\/a>\u00a0 <img loading=\"lazy\" decoding=\"async\" class=\"wp-image-1263 alignnone\" src=\"https:\/\/agora.xtec.cat\/iesmonturiol\/wp-content\/uploads\/usu1826\/2019\/03\/icona-video.jpg\" alt=\"\" width=\"34\" height=\"34\" \/><\/span><\/p>\n","protected":false},"excerpt":{"rendered":"<p>Novament l&#8217;AMPA, conjuntament amb la direcci\u00f3 de l&#8217;Institut i amb el vist i plau del Consell Escolar, continuar\u00e0 treballant amb l&#8217;empresa <a href=\"https:\/\/www.iddink.cat\/?pagina=home&amp;site=home\" target=\"_blank\" rel=\"nofollow noopener noreferrer\">IDDINK<\/a> per organitzar l\u2019adquisici\u00f3 de llibres de text pels nostres fills i filles per tal de consolidar el programa&hellip;  <a href=\"https:\/\/agora.xtec.cat\/iesmonturiol\/documents\/llibres-i-material\/iddink\/\" title=\"Read Iddink\">Llegeix m\u00e9s\u00bb<\/a><\/p>\n","protected":false},"author":1,"featured_media":0,"parent":1016,"menu_order":0,"comment_status":"closed","ping_status":"closed","template":"page-templates\/side-menu.php","meta":{"_bbp_topic_count":0,"_bbp_reply_count":0,"_bbp_total_topic_count":0,"_bbp_total_reply_count":0,"_bbp_voice_count":0,"_bbp_anonymous_reply_count":0,"_bbp_topic_count_hidden":0,"_bbp_reply_count_hidden":0,"_bbp_forum_subforum_count":0,"footnotes":""},"class_list":["post-1018","page","type-page","status-publish","hentry"],"post_mailing_queue_ids":[],"_links":{"self":[{"href":"https:\/\/agora.xtec.cat\/iesmonturiol\/wp-json\/wp\/v2\/pages\/1018","targetHints":{"allow":["GET"]}}],"collection":[{"href":"https:\/\/agora.xtec.cat\/iesmonturiol\/wp-json\/wp\/v2\/pages"}],"about":[{"href":"https:\/\/agora.xtec.cat\/iesmonturiol\/wp-json\/wp\/v2\/types\/page"}],"author":[{"embeddable":true,"href":"https:\/\/agora.xtec.cat\/iesmonturiol\/wp-json\/wp\/v2\/users\/1"}],"replies":[{"embeddable":true,"href":"https:\/\/agora.xtec.cat\/iesmonturiol\/wp-json\/wp\/v2\/comments?post=1018"}],"version-history":[{"count":6,"href":"https:\/\/agora.xtec.cat\/iesmonturiol\/wp-json\/wp\/v2\/pages\/1018\/revisions"}],"predecessor-version":[{"id":6499,"href":"https:\/\/agora.xtec.cat\/iesmonturiol\/wp-json\/wp\/v2\/pages\/1018\/revisions\/6499"}],"up":[{"embeddable":true,"href":"https:\/\/agora.xtec.cat\/iesmonturiol\/wp-json\/wp\/v2\/pages\/1016"}],"wp:attachment":[{"href":"https:\/\/agora.xtec.cat\/iesmonturiol\/wp-json\/wp\/v2\/media?parent=1018"}],"curies":[{"name":"wp","href":"https:\/\/api.w.org\/{rel}","templated":true}]}}