{"id":9855,"date":"2020-05-22T19:17:08","date_gmt":"2020-05-22T17:17:08","guid":{"rendered":"https:\/\/agora.xtec.cat\/iesmontsoriu\/?page_id=9855"},"modified":"2020-06-01T12:49:01","modified_gmt":"2020-06-01T10:49:01","slug":"preinscripcio-cicles-formatius-curs-2020-2021","status":"publish","type":"page","link":"https:\/\/agora.xtec.cat\/iesmontsoriu\/preinscripcio-cicles-formatius-curs-2020-2021\/","title":{"rendered":"PREINSCRIPCI\u00d3 CICLES FORMATIUS \u2013 CURS 2020-2021"},"content":{"rendered":"<h3 style=\"text-align: center;\"><b>Preinscripci\u00f3 Cicles formatius de Grau Mitj\u00e0 &#8211; Curs 2020-2021<\/b><\/h3>\n<p>&nbsp;<\/p>\n<p><span style=\"font-weight: 400;\">A partir del dimarts 2 i fins el dilluns 8 de juny es podr\u00e0 fer la preinscripci\u00f3 als ensenyaments postobligatoris de Cicles formatius de Grau Mitj\u00e0 (CFGM). Aquest proc\u00e9s, enguany, a causa de les circumst\u00e0ncies extraordin\u00e0ries per la covid-19, podr\u00e0 fer-se telem\u00e0ticament en la seva totalitat per evitar despla\u00e7aments a l\u2019institut com a prevenci\u00f3 davant el coronavirus, i tamb\u00e9 tindr\u00e0 uns dies espec\u00edfics per atendre les preinscripcions presencials a la secretaria de l\u2019institut per a aquelles fam\u00edlies que no disposin dels mitjans digitals per dur a terme el procediment telem\u00e0tic.<\/span><\/p>\n<p><span style=\"font-weight: 400;\">A continuaci\u00f3 us detallem les informacions i els procediments necessaris que caldr\u00e0 seguir per fer la preinscripci\u00f3:<\/span><\/p>\n<p><b>\u00cdndex<\/b><\/p>\n<p><a href=\"#Qui\">Qui ha de presentar sol\u00b7licitud de preinscripci\u00f3?<\/a><\/p>\n<p><span style=\"font-weight: 400;\"><a href=\"#On\">On s\u2019ha de presentar la sol\u00b7licitud?<\/a><\/span><\/p>\n<p><span style=\"font-weight: 400;\"><a href=\"#Quines\">Quines s\u00f3n les dates per la presentaci\u00f3 de la sol\u00b7licitud i la documentaci\u00f3?<\/a><\/span><\/p>\n<p><span style=\"font-weight: 400;\"><a href=\"#Quin\">Quin \u00e9s el calendari del proc\u00e9s de preinscripci\u00f3?<\/a><\/span><\/p>\n<p><span style=\"font-weight: 400;\"><a href=\"#Quina\">Quina documentaci\u00f3 cal presentar juntament amb la sol\u00b7licitud?<\/a><\/span><\/p>\n<p><span style=\"font-weight: 400;\"><a href=\"#Com1\">Com puc obtenir el n\u00famero identificador de l&#8217;alumne o alumna (IDALU)?<\/a><\/span><\/p>\n<p><span style=\"font-weight: 400;\"><a href=\"#Com2\">Com ho he de fer per presentar la sol\u00b7licitud telem\u00e0ticament?<\/a><\/span><\/p>\n<p><span style=\"font-weight: 400;\"><a href=\"#Com3\">Com ho he de fer per presentar la sol\u00b7licitud presencialment a la secretaria de l\u2019Institut?<\/a><\/span><\/p>\n<p><span style=\"font-weight: 400;\"><a href=\"#Com4\">Com ho he de fer per consultar els resultats de la preinscripci\u00f3?<\/a><\/span><\/p>\n<p><span style=\"font-weight: 400;\"><a href=\"#Com5\">Com ho he de fer si he de presentar una reclamaci\u00f3?<\/a><\/span><\/p>\n<p><a name=\"Qui\"><\/a><\/p>\n<h2><b>Qui ha de presentar sol\u00b7licitud de preinscripci\u00f3?<\/b><\/h2>\n<p><span style=\"font-weight: 400;\">Han de presentar la sol\u00b7licitud de preinscripci\u00f3 totes les persones que volen accedir a Cicles formatius de Grau Mitj\u00e0 en qualsevol centre educatiu, hagin cursat o no 4t ESO en aquell centre educatiu.\u00a0\u00a0<\/span><\/p>\n<h2><a name=\"On\"><\/a><br \/>\n<b>On s\u2019ha de presentar la sol\u00b7licitud?<\/b><\/h2>\n<p><span style=\"font-weight: 400;\">La sol\u00b7licitud s\u2019ha de presentar en el centre escollit en primera opci\u00f3.<\/span><\/p>\n<p><a name=\"Quines\"><\/a><\/p>\n<h2><b>Quines s\u00f3n les dates per la presentaci\u00f3 de la sol\u00b7licitud i la documentaci\u00f3?<\/b><\/h2>\n<ul>\n<li style=\"font-weight: 400;\"><span style=\"font-weight: 400;\">Presentaci\u00f3 de sol\u00b7licituds: <\/span><b>del 2 al 8 de de juny de 2020<\/b><span style=\"font-weight: 400;\">, ambd\u00f3s inclosos.<\/span><\/li>\n<li style=\"font-weight: 400;\"><span style=\"font-weight: 400;\">Presentaci\u00f3 de sol\u00b7licituds <\/span><b>presencialment<\/b><span style=\"font-weight: 400;\"> a la secretaria de l\u2019institut amb <\/span><b>cita pr\u00e8via<\/b><span style=\"font-weight: 400;\">: <\/span><b>del 2 al 8 de juny de 9 a 13:30 h<\/b><span style=\"font-weight: 400;\">.<\/span><\/li>\n<li style=\"font-weight: 400;\"><span style=\"font-weight: 400;\">Presentaci\u00f3 de documentaci\u00f3: fins al 9 de juny de 2020.<\/span><\/li>\n<li style=\"font-weight: 400;\"><span style=\"font-weight: 400;\">Llista d&#8217;alumnes admesos i llista d&#8217;espera: 30 de juliol de 2020<\/span><\/li>\n<\/ul>\n<p><a name=\"Quin\"><\/a><\/p>\n<h2><b>Quin \u00e9s el calendari del proc\u00e9s de preinscripci\u00f3?<\/b><\/h2>\n<p><span style=\"font-weight: 400;\">Les dates proposades del mes de juny i posteriors s\u00f3n provisionals i poden variar en funci\u00f3 de l&#8217;evoluci\u00f3 de la pand\u00e8mia.<\/span><\/p>\n<p><b>Preinscripci\u00f3<\/b><\/p>\n<ul>\n<li style=\"font-weight: 400;\"><span style=\"font-weight: 400;\">Presentaci\u00f3 de sol\u00b7licituds: del 2 al 8 de juny de 2020<\/span><\/li>\n<li style=\"font-weight: 400;\"><span style=\"font-weight: 400;\">Presentaci\u00f3 de documentaci\u00f3: fins al 9 de juny de 2020<\/span><\/li>\n<li style=\"font-weight: 400;\"><span style=\"font-weight: 400;\">Llista de sol\u00b7licituds amb la puntuaci\u00f3 provisional: 9 de juliol de 2020<\/span><\/li>\n<li style=\"font-weight: 400;\"><span style=\"font-weight: 400;\">Presentaci\u00f3 de reclamacions: del 10 al 14 de juliol de 2020<\/span><\/li>\n<li style=\"font-weight: 400;\"><span style=\"font-weight: 400;\">Llista de sol\u00b7licituds amb la puntuaci\u00f3 un cop resoltes les reclamacions: 15 de juliol de 2020<\/span><\/li>\n<li style=\"font-weight: 400;\"><span style=\"font-weight: 400;\">Sorteig del n\u00famero de desempat: 15 de juliol de 2020, a les 11 hores<\/span><\/li>\n<li style=\"font-weight: 400;\"><span style=\"font-weight: 400;\">Llista ordenada definitiva: 20 de juliol de 2020<\/span><\/li>\n<li style=\"font-weight: 400;\"><span style=\"font-weight: 400;\">Oferta final de places escolars: 28 de juliol de 2020<\/span><\/li>\n<li style=\"font-weight: 400;\"><span style=\"font-weight: 400;\">Llista d&#8217;alumnes admesos i llista d&#8217;espera: 30 de juliol de 2020<\/span><\/li>\n<\/ul>\n<p>&nbsp;<\/p>\n<p><b>Matr\u00edcula<\/b><\/p>\n<ul>\n<li style=\"font-weight: 400;\"><span style=\"font-weight: 400;\">Alumnes preinscrits amb pla\u00e7a assignada (matr\u00edcula ordin\u00e0ria): de l&#8217;1 al 7 de setembre de 2020<\/span><\/li>\n<\/ul>\n<p><a name=\"Quina\"><\/a><\/p>\n<h2><b>Quina documentaci\u00f3 cal presentar juntament amb la sol\u00b7licitud?<\/b><\/h2>\n<p><span style=\"font-weight: 400;\">Si feu la sol\u00b7licitud electr\u00f2nica el tr\u00e0mit s&#8217;acaba amb l&#8217;enviament del formulari i no s&#8217;ha de presentar cap c\u00f2pia de la documentaci\u00f3 al centre.<\/span><\/p>\n<p><span style=\"font-weight: 400;\">Si feu el tr\u00e0mit de presentaci\u00f3 de la sol\u00b7licitud amb suport inform\u00e0tic, aquest s&#8217;acaba amb l&#8217;enviament per correu electr\u00f2nic del resguard acompanyat de la documentaci\u00f3 acreditativa corresponent a la b\u00fastia electr\u00f2nica oficial del centre demanat en primera opci\u00f3 dins el termini establert per presentar la documentaci\u00f3 a <\/span><a href=\"mailto:iesmontsoriu@xtec.cat\"><span style=\"font-weight: 400;\">iesmontsoriu@xtec.cat<\/span><\/a><span style=\"font-weight: 400;\"> .<\/span><\/p>\n<p><span style=\"font-weight: 400;\">En els casos excepcionals en qu\u00e8 no es pugui evitar la presencialitat, es pot demanar una cita pr\u00e8via per rebre atenci\u00f3 presencial al centre demanat en primer lloc i presentar la sol\u00b7licitud i la documentaci\u00f3 en paper.<\/span><\/p>\n<p><span style=\"font-weight: 400;\">A continuaci\u00f3 us detallem la documentaci\u00f3 necess\u00e0ria a adjuntar a la sol\u00b7licitud de preinscripci\u00f3. Si feu la sol\u00b7licitud en suport inform\u00e0tic l\u2019envieu per correu i si feu la sol\u00b7licitud presencial la porteu en paper al centre:<\/span><\/p>\n<p><span style=\"font-weight: 400;\">Si l&#8217;alumne \u00e9s menor d&#8217;edat i no fa els 18 anys durant l&#8217;any 2020, ha d\u2019enviar per correu electr\u00f2nic escanejats o fotografiats els documents seg\u00fcents:<\/span><\/p>\n<ul>\n<li style=\"font-weight: 400;\"><span style=\"font-weight: 400;\">El <\/span><b>DNI o NIE de l&#8217;alumne<\/b><span style=\"font-weight: 400;\">, nom\u00e9s en el cas que no s&#8217;hagi pogut validar el document electr\u00f2nicament; o b\u00e9 del passaport o del document d&#8217;identitat del pa\u00eds d&#8217;origen si es tracta d&#8217;estrangers comunitaris.<\/span><\/li>\n<li style=\"font-weight: 400;\"><span style=\"font-weight: 400;\">El <\/span><b>llibre de fam\u00edlia o altres documents relatius a la filiaci\u00f3<\/b><span style=\"font-weight: 400;\">. Si est\u00e0 en situaci\u00f3 d&#8217;acolliment, la resoluci\u00f3 d&#8217;acolliment del Departament de Treball, Afers Socials i Fam\u00edlies.<\/span><\/li>\n<li style=\"font-weight: 400;\"><span style=\"font-weight: 400;\">El <\/span><b>DNI o NIE de la persona sol\u00b7licitant<\/b><span style=\"font-weight: 400;\"> (pare, mare, tutor\/a o guardador\/a de fet), nom\u00e9s en el cas que no s&#8217;hagi pogut validar el document electr\u00f2nicament; o b\u00e9 del passaport o del document d&#8217;identitat del pa\u00eds d&#8217;origen si es tracta d&#8217;estrangers comunitaris.<\/span><\/li>\n<\/ul>\n<ul>\n<li style=\"font-weight: 400;\"><b>Identificador de l\u2019alumne\/a (IDALU)<\/b><span style=\"font-weight: 400;\">. Es necessita per omplir la sol\u00b7licitud, es pot trobar en el butllet\u00ed de notes o sol\u00b7licitar-lo per correu electr\u00f2nic al centre on l\u2019alumne ha cursat 4t ESO.\u00a0\u00a0<\/span><\/li>\n<\/ul>\n<p><span style=\"font-weight: 400;\">La falsedat o el frau en les dades al\u00b7legades o en la documentaci\u00f3 aportada comporta la invalidaci\u00f3 dels drets de prioritat i fins i tot, si escau, la p\u00e8rdua de la pla\u00e7a assignada; si \u00e9s el cas, el Departament d\u2019Ensenyament comunica a l\u2019autoritat competent el fet perqu\u00e8 aquesta adopti les mesures oportunes.<\/span><\/p>\n<p><a name=\"Com1\"><\/a><\/p>\n<h2><b>Com puc obtenir el n\u00famero <\/b><b>identificador de l&#8217;alumne o alumna (IDALU)?<\/b><b>\u00a0<\/b><\/h2>\n<p><span style=\"font-weight: 400;\">En emplenar la sol\u00b7licitud trobareu un espai que cal omplir amb l&#8217;identificador de l&#8217;alumne o alumna. Per als alumnes matriculats des del curs 2015-2016 en centres educatius de qualsevol titularitat <\/span><span style=\"font-weight: 400;\">\u00e9s una dada obligat\u00f2ria que han de facilitar els centres on estan escolaritzats<\/span><span style=\"font-weight: 400;\"> o tamb\u00e9 es pot <\/span><span style=\"font-weight: 400;\">consultar l&#8217;identificador<\/span><span style=\"font-weight: 400;\"> de l&#8217;alumne a trav\u00e9s del web del <\/span><a href=\"http:\/\/ensenyament.gencat.cat\/ca\/tramits\/tramits-temes\/identificador-alumne\"><span style=\"font-weight: 400;\">Departament d&#8217;Educaci\u00f3<\/span><\/a><span style=\"font-weight: 400;\">.<\/span><\/p>\n<p><span style=\"font-weight: 400;\">Aquest n\u00famero identificador tamb\u00e9 es pot trobar en el butllet\u00ed de notes o sol\u00b7licitar-lo per correu electr\u00f2nic al centre on l\u2019alumne ha cursat 4t ESO.\u00a0\u00a0<\/span><\/p>\n<p><a name=\"Com2\"><\/a><\/p>\n<h2><b>Com ho he de fer per presentar la sol\u00b7licitud telem\u00e0ticament?<\/b><\/h2>\n<p><span style=\"font-weight: 400;\">Des del 02\/06\/2020 fins al 08\/06\/2020\u00a0<\/span><\/p>\n<p><span style=\"font-weight: 400;\">El tr\u00e0mit es fa online a trav\u00e9s del portal <\/span><a href=\"http:\/\/queestudiar.gencat.cat\/ca\/preinscripcio\/\"><span style=\"font-weight: 400;\">Preinscripci\u00f3<\/span><\/a><span style=\"font-weight: 400;\">, i podeu accedir al formulari mitjan\u00e7ant aquest enlla\u00e7: <\/span><a href=\"http:\/\/ensenyament.gencat.cat\/ca\/tramits\/tramits-temes\/9420-FP-grau-mitja?moda=1\"><span style=\"font-weight: 400;\">Preinscripci\u00f3 al grau mitj\u00e0 de formaci\u00f3 professional . Departament d&#8217;Educaci\u00f3<\/span><\/a><\/p>\n<p><span style=\"font-weight: 400;\">Instruccions per al formulari en suport inform\u00e0tic:<\/span><\/p>\n<ol>\n<li style=\"font-weight: 400;\"><span style=\"font-weight: 400;\">Per canviar de pantalla cal utilitzar exclusivament els botons &#8220;seg\u00fcent&#8221; i &#8220;anterior&#8221; de l&#8217;aplicaci\u00f3 i no els del navegador.<\/span><\/li>\n<li style=\"font-weight: 400;\"><span style=\"font-weight: 400;\">\u00c9s obligatori especificar l&#8217;adre\u00e7a electr\u00f2nica per poder rebre el missatge amb el codi de la sol\u00b7licitud de preinscripci\u00f3.<\/span><\/li>\n<li style=\"font-weight: 400;\"><span style=\"font-weight: 400;\">Tamb\u00e9 cal marcar en la sol\u00b7licitud el tutor o tutora que consultar\u00e0 per Internet els resultats de la preinscripci\u00f3 (puntuaci\u00f3 provisional, puntuaci\u00f3 un cop resoltes les reclamacions, ordre definitiu i pla\u00e7a assignada). Es pot accedir a aquestes consultes amb el codi de sol\u00b7licitud i el n\u00famero del DNI, NIE o passaport del tutor o tutora que s&#8217;ha especificat que far\u00e0 la consulta.<\/span><\/li>\n<li style=\"font-weight: 400;\"><span style=\"font-weight: 400;\">La sol\u00b7licitud nom\u00e9s es considera presentada quan, despr\u00e9s d&#8217;omplir tot el formulari, s&#8217;executa l&#8217;opci\u00f3 &#8220;enviament&#8221; des de l&#8217;\u00faltima pantalla.<\/span><\/li>\n<li style=\"font-weight: 400;\"><span style=\"font-weight: 400;\">Una vegada enviades les dades <\/span><span style=\"font-weight: 400;\">s\u2019obt\u00e9 el resguard de la sol\u00b7licitud<\/span><span style=\"font-weight: 400;\">.\u00a0<\/span><\/li>\n<li style=\"font-weight: 400;\"><span style=\"font-weight: 400;\">Finalment, s\u2019envia el resguard de la sol\u00b7licitud juntament amb la documentaci\u00f3 requerida, escanejada o fotografiada, per correu electr\u00f2nic a la b\u00fastia electr\u00f2nica oficial del centre demanat en primera opci\u00f3, en el nostre cas <\/span><a href=\"mailto:iesmontsoriu@xtec.cat\"><span style=\"font-weight: 400;\">iesmontsoriu@xtec.cat<\/span><\/a><span style=\"font-weight: 400;\"> .<\/span><\/li>\n<li style=\"font-weight: 400;\"><span style=\"font-weight: 400;\">El centre respondr\u00e0 al correu justificant la recepci\u00f3 de la sol\u00b7licitud per qu\u00e8 el sol\u00b7licitant en tingui const\u00e0ncia.<\/span><\/li>\n<\/ol>\n<p><span style=\"font-weight: 400;\">Nom\u00e9s es pot presentar una sol\u00b7licitud de preinscripci\u00f3 per alumne o alumna per\u00f2 s&#8217;hi poden indicar peticions d&#8217;admissi\u00f3 en diversos centres (10 com a m\u00e0xim i per ordre de prefer\u00e8ncia). La presentaci\u00f3 de m\u00e9s d&#8217;una sol\u00b7licitud comporta la invalidaci\u00f3 dels drets de prioritat que puguin correspondre.<\/span><\/p>\n<p><a name=\"Com3\"><\/a><\/p>\n<h2><b>Com ho he de fer per presentar la sol\u00b7licitud presencialment a la secretaria de l\u2019Institut?<\/b><\/h2>\n<p><span style=\"font-weight: 400;\">Si teniu problemes per fer la preinscripci\u00f3 telem\u00e0tica, podreu fer-la presencialment a la secretaria de l\u2019institut, entre el dimarts 2 al dilluns 8 de juny <\/span><span style=\"font-weight: 400;\">demanant cita pr\u00e8via<\/span><span style=\"font-weight: 400;\">.<\/span><\/p>\n<p><b>Horari d\u2019atenci\u00f3 al p\u00fablic<\/b><\/p>\n<p><span style=\"font-weight: 400;\">De 9:00 h a 13:30 h<\/span><\/p>\n<p><b>Cita pr\u00e8via<\/b><span style=\"font-weight: 400;\">\u00a0<\/span><\/p>\n<p><span style=\"font-weight: 400;\">Si voleu fer la preinscripci\u00f3 presencialment a la secretaria de l\u2019Institut caldr\u00e0 que demaneu cita pr\u00e8via:<\/span><\/p>\n<ul>\n<li style=\"font-weight: 400;\"><span style=\"font-weight: 400;\">trucant al tel\u00e8fon 608 238 016, de dilluns a divendres de 9:00 h a 13:30 h.\u00a0<\/span><\/li>\n<li style=\"font-weight: 400;\"><span style=\"font-weight: 400;\">o amb l\u2019<a href=\"https:\/\/aplicacions.gestioeducativa.gencat.cat\/pls\/apex\/f?p=CITA_PREVIA:4::::4:P4_TIPUS_CALENDARI,P4_DOMINI:01_CGM,17006605\" target=\"_blank\" rel=\"noopener noreferrer\">aplicatiu de cita pr\u00e8via<\/a><\/span><span style=\"font-weight: 400;\">.<\/span><\/li>\n<\/ul>\n<p>&nbsp;<\/p>\n<p><b>Preinscripci\u00f3 presencial amb seguretat<\/b><\/p>\n<p><span style=\"font-weight: 400;\">Les fam\u00edlies que hagueu de fer \u00fas de la cita pr\u00e8via i la preinscripci\u00f3 presencial, per tal de fer el tr\u00e0mit amb total garantia de salut i seguretat, haureu de seguir aquestes instruccions:<\/span><\/p>\n<ul>\n<li style=\"font-weight: 400;\"><span style=\"font-weight: 400;\">Al centre hi ha d\u2019anar el menor nombre possible de persones a fer les gestions (preferiblement, una sola persona).<\/span><\/li>\n<li style=\"font-weight: 400;\"><span style=\"font-weight: 400;\">Us citarem en intervals de 15 minuts per donar temps de fer el tr\u00e0mit i la neteja de l\u2019espai. Quan arribeu a l\u2019institut <\/span><span style=\"font-weight: 400;\">us heu d\u2019esperar al carrer<\/span><span style=\"font-weight: 400;\">, mantenint la dist\u00e0ncia de seguretat amb les altres persones que esperen, i us avisarem quan pugueu entrar.<\/span><\/li>\n<li style=\"font-weight: 400;\"><span style=\"font-weight: 400;\">Hi haur\u00e0 un recorregut marcat per accedir i sortir de la secretaria del centre, que haureu de seguir rigorosament.<\/span><\/li>\n<li style=\"font-weight: 400;\"><span style=\"font-weight: 400;\">Heu de portar la documentaci\u00f3<\/span><span style=\"font-weight: 400;\"> per a poder-la escanejar o fotocopiar.<\/span><\/li>\n<li style=\"font-weight: 400;\"><span style=\"font-weight: 400;\">Preferiblement, <\/span><span style=\"font-weight: 400;\">heu de portar la sol\u00b7licitud emplenada des de casa<\/span><span style=\"font-weight: 400;\">.\u00a0<\/span><\/li>\n<\/ul>\n<p><span style=\"font-weight: 400;\">En aquest enlla\u00e7 <\/span><a href=\"http:\/\/ensenyament.gencat.cat\/ca\/tramits\/tramits-temes\/9420-FP-grau-mitja?moda=1\"><span style=\"font-weight: 400;\">Preinscripci\u00f3 al grau mitj\u00e0 de formaci\u00f3 professional . Departament d&#8217;Educaci\u00f3<\/span><\/a><span style=\"font-weight: 400;\">, us podeu descarregar i omplir la sol\u00b7licitud amb l\u2019ordinador o descarregar-la i omplir-la a m\u00e0.\u00a0<\/span><\/p>\n<ul>\n<li style=\"font-weight: 400;\"><span style=\"font-weight: 400;\">Si no us podeu descarregar la sol\u00b7licitud d\u2019internet i us cal emplenar-la en paper a l\u2019Institut, tindreu un espai espec\u00edfic per fer-ho i <\/span><span style=\"font-weight: 400;\">heu de portar el vostre propi bol\u00edgraf<\/span><span style=\"font-weight: 400;\">.<\/span><\/li>\n<li style=\"font-weight: 400;\"><span style=\"font-weight: 400;\">Heu de portar mascareta i guants<\/span><span style=\"font-weight: 400;\">.<\/span><\/li>\n<li style=\"font-weight: 400;\"><span style=\"font-weight: 400;\">No poden venir a fer la preinscripci\u00f3 presencialment les persones de grups d&#8217;especial vulnerabilitat o en per\u00edode de confinament, o que presentin s\u00edmptomes. En aquest cas, heu d\u2019autoritzar per escrit a una altra persona a portar la sol\u00b7licitud i la documentaci\u00f3.<\/span><\/li>\n<\/ul>\n<p><a name=\"Com4\"><\/a><\/p>\n<h2><b>Com ho he de fer per consultar els resultats de la preinscripci\u00f3?<\/b><\/h2>\n<p><span style=\"font-weight: 400;\">Consulteu els resultats de la preinscripci\u00f3 al web <\/span><a href=\"http:\/\/queestudiar.gencat.cat\/ca\/preinscripcio\/estudis\/fp-gm\/consulta-resultats\/\"><span style=\"font-weight: 400;\">Consulta de resultats. Estudiar a Catalunya. Generalitat de Catalunya<\/span><\/a><span style=\"font-weight: 400;\"> Per fer-ho es necessita:<\/span><\/p>\n<ul>\n<li style=\"font-weight: 400;\"><span style=\"font-weight: 400;\">el n\u00famero del DNI, NIE o passaport del tutor o tutora especificat en la sol\u00b7licitud com a referent per fer les consultes dels resultats a Internet, i<\/span><\/li>\n<li style=\"font-weight: 400;\"><span style=\"font-weight: 400;\">el codi de la sol\u00b7licitud de preinscripci\u00f3.<\/span><\/li>\n<li style=\"font-weight: 400;\"><span style=\"font-weight: 400;\">Els centres publiquen al seu web les llistes de resultat del proc\u00e9s. En aquest cas, d\u2019acord amb la normativa de protecci\u00f3 de dades, les llistes seran an\u00f2nimes.<\/span><\/li>\n<\/ul>\n<p><a name=\"Com5\"><\/a><\/p>\n<h2><b>Com ho he de fer si he de presentar una reclamaci\u00f3?<\/b><\/h2>\n<p><span style=\"font-weight: 400;\">La presentacio\u0301 de reclamacions a les dades publicades en la llista de barem provisional es fara\u0300, de manera general, mitjanc\u0327ant un correu electro\u0300nic a la bu\u0301stia electro\u0300nica oficial del centre <\/span><a href=\"mailto:iesmontsoriu@xtec.cat\"><span style=\"font-weight: 400;\">iesmontsoriu@xtec.cat<\/span><\/a><span style=\"font-weight: 400;\"> .<\/span><\/p>\n<ul>\n<li style=\"font-weight: 400;\"><span style=\"font-weight: 400;\">Presentaci\u00f3 de reclamacions: del 10 al 14 de juliol de 2020<\/span><\/li>\n<\/ul>\n","protected":false},"excerpt":{"rendered":"<p>Preinscripci\u00f3 Cicles formatius de Grau Mitj\u00e0 &#8211; Curs 2020-2021 &nbsp; A partir del dimarts 2 i fins el dilluns 8 de juny es podr\u00e0 fer la preinscripci\u00f3 als ensenyaments postobligatoris de Cicles formatius de Grau Mitj\u00e0 (CFGM). Aquest proc\u00e9s, enguany, a causa de les circumst\u00e0ncies extraordin\u00e0ries per la covid-19, podr\u00e0 fer-se telem\u00e0ticament en la seva [&hellip;]<\/p>\n","protected":false},"author":4,"featured_media":0,"parent":0,"menu_order":0,"comment_status":"closed","ping_status":"closed","template":"","meta":{"_bbp_topic_count":0,"_bbp_reply_count":0,"_bbp_total_topic_count":0,"_bbp_total_reply_count":0,"_bbp_voice_count":0,"_bbp_anonymous_reply_count":0,"_bbp_topic_count_hidden":0,"_bbp_reply_count_hidden":0,"_bbp_forum_subforum_count":0,"site-sidebar-layout":"default","site-content-layout":"","ast-site-content-layout":"","site-content-style":"default","site-sidebar-style":"default","ast-global-header-display":"","ast-banner-title-visibility":"","ast-main-header-display":"","ast-hfb-above-header-display":"","ast-hfb-below-header-display":"","ast-hfb-mobile-header-display":"","site-post-title":"","ast-breadcrumbs-content":"","ast-featured-img":"","footer-sml-layout":"","theme-transparent-header-meta":"","adv-header-id-meta":"","stick-header-meta":"","header-above-stick-meta":"","header-main-stick-meta":"","header-below-stick-meta":"","astra-migrate-meta-layouts":"default","ast-page-background-enabled":"default","ast-page-background-meta":{"desktop":{"background-color":"var(--ast-global-color-4)","background-image":"","background-repeat":"repeat","background-position":"center center","background-size":"auto","background-attachment":"scroll","background-type":"","background-media":"","overlay-type":"","overlay-color":"","overlay-opacity":"","overlay-gradient":""},"tablet":{"background-color":"","background-image":"","background-repeat":"repeat","background-position":"center center","background-size":"auto","background-attachment":"scroll","background-type":"","background-media":"","overlay-type":"","overlay-color":"","overlay-opacity":"","overlay-gradient":""},"mobile":{"background-color":"","background-image":"","background-repeat":"repeat","background-position":"center center","background-size":"auto","background-attachment":"scroll","background-type":"","background-media":"","overlay-type":"","overlay-color":"","overlay-opacity":"","overlay-gradient":""}},"ast-content-background-meta":{"desktop":{"background-color":"var(--ast-global-color-5)","background-image":"","background-repeat":"repeat","background-position":"center center","background-size":"auto","background-attachment":"scroll","background-type":"","background-media":"","overlay-type":"","overlay-color":"","overlay-opacity":"","overlay-gradient":""},"tablet":{"background-color":"var(--ast-global-color-5)","background-image":"","background-repeat":"repeat","background-position":"center center","background-size":"auto","background-attachment":"scroll","background-type":"","background-media":"","overlay-type":"","overlay-color":"","overlay-opacity":"","overlay-gradient":""},"mobile":{"background-color":"var(--ast-global-color-5)","background-image":"","background-repeat":"repeat","background-position":"center center","background-size":"auto","background-attachment":"scroll","background-type":"","background-media":"","overlay-type":"","overlay-color":"","overlay-opacity":"","overlay-gradient":""}},"footnotes":""},"class_list":["post-9855","page","type-page","status-publish","hentry"],"post_mailing_queue_ids":[],"_links":{"self":[{"href":"https:\/\/agora.xtec.cat\/iesmontsoriu\/wp-json\/wp\/v2\/pages\/9855","targetHints":{"allow":["GET"]}}],"collection":[{"href":"https:\/\/agora.xtec.cat\/iesmontsoriu\/wp-json\/wp\/v2\/pages"}],"about":[{"href":"https:\/\/agora.xtec.cat\/iesmontsoriu\/wp-json\/wp\/v2\/types\/page"}],"author":[{"embeddable":true,"href":"https:\/\/agora.xtec.cat\/iesmontsoriu\/wp-json\/wp\/v2\/users\/4"}],"replies":[{"embeddable":true,"href":"https:\/\/agora.xtec.cat\/iesmontsoriu\/wp-json\/wp\/v2\/comments?post=9855"}],"version-history":[{"count":4,"href":"https:\/\/agora.xtec.cat\/iesmontsoriu\/wp-json\/wp\/v2\/pages\/9855\/revisions"}],"predecessor-version":[{"id":9916,"href":"https:\/\/agora.xtec.cat\/iesmontsoriu\/wp-json\/wp\/v2\/pages\/9855\/revisions\/9916"}],"wp:attachment":[{"href":"https:\/\/agora.xtec.cat\/iesmontsoriu\/wp-json\/wp\/v2\/media?parent=9855"}],"curies":[{"name":"wp","href":"https:\/\/api.w.org\/{rel}","templated":true}]}}