{"id":81,"date":"2014-09-18T10:38:05","date_gmt":"2014-09-18T10:38:05","guid":{"rendered":"http:\/\/agora.xtec.cat\/iesmontsoriu\/?page_id=81"},"modified":"2025-11-04T10:30:53","modified_gmt":"2025-11-04T09:30:53","slug":"secretaria","status":"publish","type":"page","link":"https:\/\/agora.xtec.cat\/iesmontsoriu\/secretaria\/","title":{"rendered":"Secretaria"},"content":{"rendered":"\n\n\n<p>La secretaria \u00e9s l\u2019espai d\u2019atenci\u00f3 a les fam\u00edlies i a l\u2019alumnat per a tots els tr\u00e0mits administratius del centre.<\/p>\n\n\n\n<p>\ud83d\udce9 <strong>Qualsevol consulta:<\/strong> <a>secretaria@insmontsoriu.cat<\/a><\/p>\n\n\n\n<p>\ud83d\udd52 <strong>Horari d\u2019atenci\u00f3 al p\u00fablic:<\/strong><br>De dilluns a divendres, de <strong>9.00 h a 14.00 h<\/strong> i dimecres de 15.00 a 18.00.<br>(<em>En per\u00edodes de preinscripci\u00f3 i matr\u00edcula, l\u2019horari s\u2019amplia segons calendari publicat al web.<\/em>)<\/p>\n\n\n\n<p>\ud83d\udccb <strong>Tr\u00e0mits que es poden fer a secretaria:<\/strong><\/p>\n\n\n\n<ul class=\"wp-block-list\">\n<li>Sol\u00b7licitud de <strong>certificats<\/strong> d\u2019estudis, escolaritat o expedients.<\/li>\n\n\n\n<li>Gesti\u00f3 de <strong>preinscripci\u00f3 i matr\u00edcula<\/strong> d\u2019ESO, Batxillerat i Cicles Formatius.<\/li>\n\n\n\n<li>Presentaci\u00f3 de <strong>documents i autoritzacions<\/strong> (sortides, \u00fas d\u2019imatge, serveis digitals, etc.).<\/li>\n\n\n\n<li>Tramitaci\u00f3 de <strong>beques i ajuts<\/strong> del Departament d\u2019Educaci\u00f3 i del Ministeri.<\/li>\n\n\n\n<li>Informaci\u00f3 sobre les <strong>proves d\u2019acc\u00e9s<\/strong> als Cicles Formatius de Grau Mitj\u00e0.<\/li>\n\n\n\n<li>Actualitzaci\u00f3 de <strong>dades personals o familiars<\/strong> de l\u2019alumnat.<\/li>\n\n\n\n<li>Suport en gestions amb altres centres o administracions.<\/li>\n<\/ul>\n","protected":false},"excerpt":{"rendered":"<p>La secretaria \u00e9s l\u2019espai d\u2019atenci\u00f3 a les fam\u00edlies i a l\u2019alumnat per a tots els tr\u00e0mits administratius del centre. \ud83d\udce9 Qualsevol consulta: secretaria@insmontsoriu.cat \ud83d\udd52 Horari d\u2019atenci\u00f3 al p\u00fablic:De dilluns a divendres, de 9.00 h a 14.00 h i dimecres de 15.00 a 18.00.(En per\u00edodes de preinscripci\u00f3 i matr\u00edcula, l\u2019horari s\u2019amplia segons calendari publicat al web.) [&hellip;]<\/p>\n","protected":false},"author":1,"featured_media":0,"parent":0,"menu_order":0,"comment_status":"closed","ping_status":"closed","template":"","meta":{"_bbp_topic_count":0,"_bbp_reply_count":0,"_bbp_total_topic_count":0,"_bbp_total_reply_count":0,"_bbp_voice_count":0,"_bbp_anonymous_reply_count":0,"_bbp_topic_count_hidden":0,"_bbp_reply_count_hidden":0,"_bbp_forum_subforum_count":0,"site-sidebar-layout":"default","site-content-layout":"","ast-site-content-layout":"default","site-content-style":"default","site-sidebar-style":"default","ast-global-header-display":"","ast-banner-title-visibility":"","ast-main-header-display":"","ast-hfb-above-header-display":"","ast-hfb-below-header-display":"","ast-hfb-mobile-header-display":"","site-post-title":"","ast-breadcrumbs-content":"","ast-featured-img":"","footer-sml-layout":"","theme-transparent-header-meta":"","adv-header-id-meta":"","stick-header-meta":"","header-above-stick-meta":"","header-main-stick-meta":"","header-below-stick-meta":"","astra-migrate-meta-layouts":"set","ast-page-background-enabled":"default","ast-page-background-meta":{"desktop":{"background-color":"var(--ast-global-color-4)","background-image":"","background-repeat":"repeat","background-position":"center center","background-size":"auto","background-attachment":"scroll","background-type":"","background-media":"","overlay-type":"","overlay-color":"","overlay-opacity":"","overlay-gradient":""},"tablet":{"background-color":"","background-image":"","background-repeat":"repeat","background-position":"center center","background-size":"auto","background-attachment":"scroll","background-type":"","background-media":"","overlay-type":"","overlay-color":"","overlay-opacity":"","overlay-gradient":""},"mobile":{"background-color":"","background-image":"","background-repeat":"repeat","background-position":"center center","background-size":"auto","background-attachment":"scroll","background-type":"","background-media":"","overlay-type":"","overlay-color":"","overlay-opacity":"","overlay-gradient":""}},"ast-content-background-meta":{"desktop":{"background-color":"var(--ast-global-color-5)","background-image":"","background-repeat":"repeat","background-position":"center center","background-size":"auto","background-attachment":"scroll","background-type":"","background-media":"","overlay-type":"","overlay-color":"","overlay-opacity":"","overlay-gradient":""},"tablet":{"background-color":"var(--ast-global-color-5)","background-image":"","background-repeat":"repeat","background-position":"center center","background-size":"auto","background-attachment":"scroll","background-type":"","background-media":"","overlay-type":"","overlay-color":"","overlay-opacity":"","overlay-gradient":""},"mobile":{"background-color":"var(--ast-global-color-5)","background-image":"","background-repeat":"repeat","background-position":"center center","background-size":"auto","background-attachment":"scroll","background-type":"","background-media":"","overlay-type":"","overlay-color":"","overlay-opacity":"","overlay-gradient":""}},"footnotes":""},"class_list":["post-81","page","type-page","status-publish","hentry"],"post_mailing_queue_ids":[],"_links":{"self":[{"href":"https:\/\/agora.xtec.cat\/iesmontsoriu\/wp-json\/wp\/v2\/pages\/81","targetHints":{"allow":["GET"]}}],"collection":[{"href":"https:\/\/agora.xtec.cat\/iesmontsoriu\/wp-json\/wp\/v2\/pages"}],"about":[{"href":"https:\/\/agora.xtec.cat\/iesmontsoriu\/wp-json\/wp\/v2\/types\/page"}],"author":[{"embeddable":true,"href":"https:\/\/agora.xtec.cat\/iesmontsoriu\/wp-json\/wp\/v2\/users\/1"}],"replies":[{"embeddable":true,"href":"https:\/\/agora.xtec.cat\/iesmontsoriu\/wp-json\/wp\/v2\/comments?post=81"}],"version-history":[{"count":2,"href":"https:\/\/agora.xtec.cat\/iesmontsoriu\/wp-json\/wp\/v2\/pages\/81\/revisions"}],"predecessor-version":[{"id":12642,"href":"https:\/\/agora.xtec.cat\/iesmontsoriu\/wp-json\/wp\/v2\/pages\/81\/revisions\/12642"}],"wp:attachment":[{"href":"https:\/\/agora.xtec.cat\/iesmontsoriu\/wp-json\/wp\/v2\/media?parent=81"}],"curies":[{"name":"wp","href":"https:\/\/api.w.org\/{rel}","templated":true}]}}