{"id":57,"date":"2014-09-17T17:01:07","date_gmt":"2014-09-17T17:01:07","guid":{"rendered":"http:\/\/agora.xtec.cat\/iesmontsoriu\/?page_id=57"},"modified":"2025-11-04T10:02:40","modified_gmt":"2025-11-04T09:02:40","slug":"projecte-educatiu","status":"publish","type":"page","link":"https:\/\/agora.xtec.cat\/iesmontsoriu\/projecte-educatiu\/","title":{"rendered":"Projecte educatiu"},"content":{"rendered":"\n\n\n<p><strong>Projecte Educatiu de Centre <a href=\"https:\/\/docs.google.com\/document\/d\/1Mxk4th9jl8bPcXAaJlI30T4sx01tIY_H74Ihc0LXFW8\/edit?usp=sharing\" data-type=\"link\" data-id=\"https:\/\/docs.google.com\/document\/d\/1Mxk4th9jl8bPcXAaJlI30T4sx01tIY_H74Ihc0LXFW8\/edit?usp=sharing\">(PEC)<\/a><\/strong><br>L\u2019Institut Montsoriu d\u2019Arb\u00facies \u00e9s un centre p\u00fablic, inclusiu, laic i arrelat al territori, que imparteix ESO, Batxillerat i Cicles Formatius de Grau Mitj\u00e0. El nostre projecte educatiu s\u2019articula entorn de tres eixos principals: <strong>respecte, diversitat i excel\u00b7l\u00e8ncia<\/strong>.<\/p>\n\n\n\n<p><strong>Missi\u00f3 i visi\u00f3<\/strong><br>Eduquem per formar persones aut\u00f2nomes, responsables i compromeses amb la societat, garantint una educaci\u00f3 de qualitat i equitativa que promogui el benestar, la conviv\u00e8ncia i l\u2019\u00e8xit de tot l\u2019alumnat.<\/p>\n\n\n\n<p><strong>Valors<\/strong><br>Respecte, esfor\u00e7, creativitat, col\u00b7laboraci\u00f3, responsabilitat i sostenibilitat.<\/p>\n\n\n\n<p><strong>Prioritats educatives<\/strong><br>Fomentem la <strong>conviv\u00e8ncia<\/strong>, la <strong>coeducaci\u00f3<\/strong>, la <strong>inclusi\u00f3<\/strong>, l\u2019<strong>excel\u00b7l\u00e8ncia<\/strong> i l\u2019<strong>equitat<\/strong>, amb metodologies diverses i cooperatives que permeten adaptar-nos a les necessitats de cada alumne.<\/p>\n\n\n\n<p><strong>Projectes destacats<\/strong><br>Escoles Verdes, Projecte Agudes, Catifa InsMontsoriu, mediaci\u00f3 entre iguals, Pla de Lectura, Erasmus+, Pla Catal\u00e0 de l\u2019Esport, Robolot i altres iniciatives que connecten l\u2019aprenentatge amb l\u2019entorn.<\/p>\n\n\n\n<p><strong>Objectiu final<\/strong><br>Acompanyar cada alumne en el seu desenvolupament personal, acad\u00e8mic i social perqu\u00e8 pugui construir un futur amb confian\u00e7a i sentit de comunitat.<\/p>\n","protected":false},"excerpt":{"rendered":"<p>Projecte Educatiu de Centre (PEC)L\u2019Institut Montsoriu d\u2019Arb\u00facies \u00e9s un centre p\u00fablic, inclusiu, laic i arrelat al territori, que imparteix ESO, Batxillerat i Cicles Formatius de Grau Mitj\u00e0. El nostre projecte educatiu s\u2019articula entorn de tres eixos principals: respecte, diversitat i excel\u00b7l\u00e8ncia. Missi\u00f3 i visi\u00f3Eduquem per formar persones aut\u00f2nomes, responsables i compromeses amb la societat, garantint [&hellip;]<\/p>\n","protected":false},"author":1,"featured_media":0,"parent":0,"menu_order":0,"comment_status":"closed","ping_status":"closed","template":"","meta":{"_bbp_topic_count":0,"_bbp_reply_count":0,"_bbp_total_topic_count":0,"_bbp_total_reply_count":0,"_bbp_voice_count":0,"_bbp_anonymous_reply_count":0,"_bbp_topic_count_hidden":0,"_bbp_reply_count_hidden":0,"_bbp_forum_subforum_count":0,"site-sidebar-layout":"default","site-content-layout":"","ast-site-content-layout":"default","site-content-style":"default","site-sidebar-style":"default","ast-global-header-display":"","ast-banner-title-visibility":"","ast-main-header-display":"","ast-hfb-above-header-display":"","ast-hfb-below-header-display":"","ast-hfb-mobile-header-display":"","site-post-title":"","ast-breadcrumbs-content":"","ast-featured-img":"","footer-sml-layout":"","theme-transparent-header-meta":"","adv-header-id-meta":"","stick-header-meta":"","header-above-stick-meta":"","header-main-stick-meta":"","header-below-stick-meta":"","astra-migrate-meta-layouts":"set","ast-page-background-enabled":"default","ast-page-background-meta":{"desktop":{"background-color":"var(--ast-global-color-4)","background-image":"","background-repeat":"repeat","background-position":"center center","background-size":"auto","background-attachment":"scroll","background-type":"","background-media":"","overlay-type":"","overlay-color":"","overlay-opacity":"","overlay-gradient":""},"tablet":{"background-color":"","background-image":"","background-repeat":"repeat","background-position":"center center","background-size":"auto","background-attachment":"scroll","background-type":"","background-media":"","overlay-type":"","overlay-color":"","overlay-opacity":"","overlay-gradient":""},"mobile":{"background-color":"","background-image":"","background-repeat":"repeat","background-position":"center center","background-size":"auto","background-attachment":"scroll","background-type":"","background-media":"","overlay-type":"","overlay-color":"","overlay-opacity":"","overlay-gradient":""}},"ast-content-background-meta":{"desktop":{"background-color":"var(--ast-global-color-5)","background-image":"","background-repeat":"repeat","background-position":"center center","background-size":"auto","background-attachment":"scroll","background-type":"","background-media":"","overlay-type":"","overlay-color":"","overlay-opacity":"","overlay-gradient":""},"tablet":{"background-color":"var(--ast-global-color-5)","background-image":"","background-repeat":"repeat","background-position":"center center","background-size":"auto","background-attachment":"scroll","background-type":"","background-media":"","overlay-type":"","overlay-color":"","overlay-opacity":"","overlay-gradient":""},"mobile":{"background-color":"var(--ast-global-color-5)","background-image":"","background-repeat":"repeat","background-position":"center center","background-size":"auto","background-attachment":"scroll","background-type":"","background-media":"","overlay-type":"","overlay-color":"","overlay-opacity":"","overlay-gradient":""}},"footnotes":""},"class_list":["post-57","page","type-page","status-publish","hentry"],"post_mailing_queue_ids":[],"_links":{"self":[{"href":"https:\/\/agora.xtec.cat\/iesmontsoriu\/wp-json\/wp\/v2\/pages\/57","targetHints":{"allow":["GET"]}}],"collection":[{"href":"https:\/\/agora.xtec.cat\/iesmontsoriu\/wp-json\/wp\/v2\/pages"}],"about":[{"href":"https:\/\/agora.xtec.cat\/iesmontsoriu\/wp-json\/wp\/v2\/types\/page"}],"author":[{"embeddable":true,"href":"https:\/\/agora.xtec.cat\/iesmontsoriu\/wp-json\/wp\/v2\/users\/1"}],"replies":[{"embeddable":true,"href":"https:\/\/agora.xtec.cat\/iesmontsoriu\/wp-json\/wp\/v2\/comments?post=57"}],"version-history":[{"count":4,"href":"https:\/\/agora.xtec.cat\/iesmontsoriu\/wp-json\/wp\/v2\/pages\/57\/revisions"}],"predecessor-version":[{"id":12634,"href":"https:\/\/agora.xtec.cat\/iesmontsoriu\/wp-json\/wp\/v2\/pages\/57\/revisions\/12634"}],"wp:attachment":[{"href":"https:\/\/agora.xtec.cat\/iesmontsoriu\/wp-json\/wp\/v2\/media?parent=57"}],"curies":[{"name":"wp","href":"https:\/\/api.w.org\/{rel}","templated":true}]}}