{"id":46,"date":"2014-09-17T16:53:45","date_gmt":"2014-09-17T16:53:45","guid":{"rendered":"http:\/\/agora.xtec.cat\/iesmontsoriu\/?page_id=46"},"modified":"2025-12-11T13:06:06","modified_gmt":"2025-12-11T12:06:06","slug":"organigrama","status":"publish","type":"page","link":"https:\/\/agora.xtec.cat\/iesmontsoriu\/linstitut\/organigrama\/","title":{"rendered":"Organigrama"},"content":{"rendered":"<p><a href=\"https:\/\/agora.xtec.cat\/iesmontsoriu\/wp-content\/uploads\/usu272\/2021\/09\/organigrama.pdf\">organigrama<\/a><\/p>\n<p><span style=\"font-weight: 400;\">\u00a0<\/span><\/p>\n<ul>\n<li style=\"font-weight: 400;\" aria-level=\"1\"><span style=\"font-weight: 400;\">L\u2019<\/span><b>Equip Directiu<\/b><span style=\"font-weight: 400;\"> de l\u2019Institut el constitueixen la Directora, la Cap d\u2019Estudis d\u2019ESO i Batxillerat, el Cap d\u2019Estudis de FP, el Coordinador Pedag\u00f2gic i el Secretari.\u00a0<\/span><\/li>\n<li style=\"font-weight: 400;\" aria-level=\"1\"><span style=\"font-weight: 400;\">El <\/span><b>Consell Escolar <\/b><span style=\"font-weight: 400;\">est\u00e0 compost<\/span> <span style=\"font-weight: 400;\">per 20 membres de la comunitat educativa.\u00a0<\/span><\/li>\n<li style=\"font-weight: 400;\" aria-level=\"1\"><span style=\"font-weight: 400;\">El <\/span><b>Claustre<\/b><span style=\"font-weight: 400;\"> del professorat format per uns 50 professors.\u00a0<\/span><\/li>\n<li style=\"font-weight: 400;\" aria-level=\"1\"><span style=\"font-weight: 400;\">El <\/span><b>Consell de Direcci\u00f3 (COPED) <\/b><span style=\"font-weight: 400;\">el formen coordinadors i equip directiu.<\/span><\/li>\n<li style=\"font-weight: 400;\" aria-level=\"1\"><span style=\"font-weight: 400;\">El centre s\u2019organitza en el seg\u00fcents <\/span><b>Departaments<\/b><span style=\"font-weight: 400;\">: Departament de Llengua Catalana i Literatura, Departament de Llengua Castellana i Literatura, Departament de Lleng\u00fces Estrangeres, Departament de Ci\u00e8ncies Socials, Departament de Ci\u00e8ncies Experimentals. Departament de Matem\u00e0tiques, Departament de Tecnologia, Departament d\u2019Expressi\u00f3, Departament d\u2019Orientaci\u00f3, Departament d\u2019Electromec\u00e0nica, Departament d\u2019Administratiu.\u00a0<\/span><\/li>\n<li style=\"font-weight: 400;\" aria-level=\"1\"><span style=\"font-weight: 400;\">Els <\/span><b>Equips docent d\u2019ESO<\/b><span style=\"font-weight: 400;\"> estan integrats per tot el professorat que imparteix doc\u00e8ncia en el nivell i el professorat de diversitat.<\/span><\/li>\n<li style=\"font-weight: 400;\" aria-level=\"1\"><span style=\"font-weight: 400;\">L\u2019<\/span><b>Equip Docent de batxillerat <\/b><span style=\"font-weight: 400;\">est\u00e0 format per tot el professorat que imparteix doc\u00e8ncia en el nivell.\u00a0<\/span><\/li>\n<li style=\"font-weight: 400;\" aria-level=\"1\"><span style=\"font-weight: 400;\">L\u2019<\/span><b>Equip docent de FP que <\/b><span style=\"font-weight: 400;\">est\u00e0 format per tot el professorat que imparteix doc\u00e8ncia en el cicle formatiu corresponent.<\/span><\/li>\n<li style=\"font-weight: 400;\" aria-level=\"1\"><span style=\"font-weight: 400;\">La <\/span><b>Comissi\u00f3 d\u2019atenci\u00f3 a la diversitat (CAEI).<\/b><span style=\"font-weight: 400;\">\u00a0<\/span><\/li>\n<li style=\"font-weight: 400;\" aria-level=\"1\"><span style=\"font-weight: 400;\">La <\/span><b>Comissi\u00f3 social<\/b><span style=\"font-weight: 400;\">.\u00a0<\/span><\/li>\n<li style=\"font-weight: 400;\" aria-level=\"1\"><span style=\"font-weight: 400;\">La <\/span><b>Comissi\u00f3 de conviv\u00e8ncia.<\/b><span style=\"font-weight: 400;\">\u00a0<\/span><\/li>\n<li style=\"font-weight: 400;\" aria-level=\"1\"><b>La comissi\u00f3 digital<\/b><\/li>\n<li style=\"font-weight: 400;\" aria-level=\"1\"><span style=\"font-weight: 400;\">El <\/span><b>Consell de tutor<\/b><span style=\"font-weight: 400;\">s.<\/span><\/li>\n<li aria-level=\"1\"><strong>El consell de delegats.<\/strong><\/li>\n<\/ul>\n","protected":false},"excerpt":{"rendered":"<p>organigrama \u00a0 L\u2019Equip Directiu de l\u2019Institut el constitueixen la Directora, la Cap d\u2019Estudis d\u2019ESO i Batxillerat, el Cap d\u2019Estudis de FP, el Coordinador Pedag\u00f2gic i el Secretari.\u00a0 El Consell Escolar est\u00e0 compost per 20 membres de la comunitat educativa.\u00a0 El Claustre del professorat format per uns 50 professors.\u00a0 El Consell de Direcci\u00f3 (COPED) el formen [&hellip;]<\/p>\n","protected":false},"author":1,"featured_media":0,"parent":19,"menu_order":50,"comment_status":"closed","ping_status":"closed","template":"","meta":{"_bbp_topic_count":0,"_bbp_reply_count":0,"_bbp_total_topic_count":0,"_bbp_total_reply_count":0,"_bbp_voice_count":0,"_bbp_anonymous_reply_count":0,"_bbp_topic_count_hidden":0,"_bbp_reply_count_hidden":0,"_bbp_forum_subforum_count":0,"site-sidebar-layout":"default","site-content-layout":"","ast-site-content-layout":"default","site-content-style":"default","site-sidebar-style":"default","ast-global-header-display":"","ast-banner-title-visibility":"","ast-main-header-display":"","ast-hfb-above-header-display":"","ast-hfb-below-header-display":"","ast-hfb-mobile-header-display":"","site-post-title":"","ast-breadcrumbs-content":"","ast-featured-img":"","footer-sml-layout":"","theme-transparent-header-meta":"","adv-header-id-meta":"","stick-header-meta":"","header-above-stick-meta":"","header-main-stick-meta":"","header-below-stick-meta":"","astra-migrate-meta-layouts":"set","ast-page-background-enabled":"default","ast-page-background-meta":{"desktop":{"background-color":"var(--ast-global-color-4)","background-image":"","background-repeat":"repeat","background-position":"center center","background-size":"auto","background-attachment":"scroll","background-type":"","background-media":"","overlay-type":"","overlay-color":"","overlay-opacity":"","overlay-gradient":""},"tablet":{"background-color":"","background-image":"","background-repeat":"repeat","background-position":"center center","background-size":"auto","background-attachment":"scroll","background-type":"","background-media":"","overlay-type":"","overlay-color":"","overlay-opacity":"","overlay-gradient":""},"mobile":{"background-color":"","background-image":"","background-repeat":"repeat","background-position":"center center","background-size":"auto","background-attachment":"scroll","background-type":"","background-media":"","overlay-type":"","overlay-color":"","overlay-opacity":"","overlay-gradient":""}},"ast-content-background-meta":{"desktop":{"background-color":"var(--ast-global-color-5)","background-image":"","background-repeat":"repeat","background-position":"center center","background-size":"auto","background-attachment":"scroll","background-type":"","background-media":"","overlay-type":"","overlay-color":"","overlay-opacity":"","overlay-gradient":""},"tablet":{"background-color":"var(--ast-global-color-5)","background-image":"","background-repeat":"repeat","background-position":"center center","background-size":"auto","background-attachment":"scroll","background-type":"","background-media":"","overlay-type":"","overlay-color":"","overlay-opacity":"","overlay-gradient":""},"mobile":{"background-color":"var(--ast-global-color-5)","background-image":"","background-repeat":"repeat","background-position":"center center","background-size":"auto","background-attachment":"scroll","background-type":"","background-media":"","overlay-type":"","overlay-color":"","overlay-opacity":"","overlay-gradient":""}},"footnotes":""},"class_list":["post-46","page","type-page","status-publish","hentry"],"post_mailing_queue_ids":[],"_links":{"self":[{"href":"https:\/\/agora.xtec.cat\/iesmontsoriu\/wp-json\/wp\/v2\/pages\/46","targetHints":{"allow":["GET"]}}],"collection":[{"href":"https:\/\/agora.xtec.cat\/iesmontsoriu\/wp-json\/wp\/v2\/pages"}],"about":[{"href":"https:\/\/agora.xtec.cat\/iesmontsoriu\/wp-json\/wp\/v2\/types\/page"}],"author":[{"embeddable":true,"href":"https:\/\/agora.xtec.cat\/iesmontsoriu\/wp-json\/wp\/v2\/users\/1"}],"replies":[{"embeddable":true,"href":"https:\/\/agora.xtec.cat\/iesmontsoriu\/wp-json\/wp\/v2\/comments?post=46"}],"version-history":[{"count":3,"href":"https:\/\/agora.xtec.cat\/iesmontsoriu\/wp-json\/wp\/v2\/pages\/46\/revisions"}],"predecessor-version":[{"id":12654,"href":"https:\/\/agora.xtec.cat\/iesmontsoriu\/wp-json\/wp\/v2\/pages\/46\/revisions\/12654"}],"up":[{"embeddable":true,"href":"https:\/\/agora.xtec.cat\/iesmontsoriu\/wp-json\/wp\/v2\/pages\/19"}],"wp:attachment":[{"href":"https:\/\/agora.xtec.cat\/iesmontsoriu\/wp-json\/wp\/v2\/media?parent=46"}],"curies":[{"name":"wp","href":"https:\/\/api.w.org\/{rel}","templated":true}]}}