{"id":43,"date":"2014-09-17T16:45:07","date_gmt":"2014-09-17T16:45:07","guid":{"rendered":"http:\/\/agora.xtec.cat\/iesmontsoriu\/?page_id=43"},"modified":"2025-11-21T11:05:22","modified_gmt":"2025-11-21T10:05:22","slug":"consell-escolar","status":"publish","type":"page","link":"https:\/\/agora.xtec.cat\/iesmontsoriu\/linstitut\/consell-escolar\/","title":{"rendered":"Consell escolar"},"content":{"rendered":"<table style=\"width: 100%; height: 1659px;\">\n<thead>\n<tr style=\"height: 79px;\">\n<th style=\"height: 79px;\">\n<p><b>SECTOR<\/b><\/p>\n<\/th>\n<th style=\"height: 79px;\">\n<p><b>C\u00c0RREC<\/b><\/p>\n<\/th>\n<th style=\"height: 79px;\">\n<p><span style=\"font-weight: 400;\">NOM<\/span><\/p>\n<\/th>\n<th style=\"height: 79px;\">\n<p><span style=\"font-weight: 400;\">Any d\u2019elecci\u00f3<\/span><\/p>\n<\/th>\n<\/tr>\n<\/thead>\n<tbody>\n<tr style=\"height: 79px;\">\n<td style=\"height: 395px;\" rowspan=\"5\">\n<p><b>Representants de<\/b><\/p>\n<p><b>l\u2019equip directiu,<\/b><\/p>\n<p><b>ajuntament, PAS<\/b><\/p>\n<\/td>\n<td style=\"height: 79px;\">\n<p><b>Directora<\/b><\/p>\n<\/td>\n<td style=\"height: 79px;\">\n<p><span style=\"font-weight: 400;\">S\u00edlvia Carb\u00f3 Mart\u00ed<\/span><\/p>\n<\/td>\n<td style=\"height: 79px;\">\n<p><span style=\"font-weight: 400;\">membre nat<\/span><\/p>\n<\/td>\n<\/tr>\n<tr style=\"height: 79px;\">\n<td style=\"height: 79px;\">\n<p><b>Cap d&#8217;Estudis<\/b><\/p>\n<\/td>\n<td style=\"height: 79px;\">\n<p><span style=\"font-weight: 400;\">Aina Maresma Roquer<\/span><\/p>\n<\/td>\n<td style=\"height: 79px;\">\n<p><span style=\"font-weight: 400;\">membre nat<\/span><\/p>\n<\/td>\n<\/tr>\n<tr style=\"height: 79px;\">\n<td style=\"height: 79px;\">\n<p><b>Secretari<\/b><\/p>\n<\/td>\n<td style=\"height: 79px;\">\n<p><span style=\"font-weight: 400;\">Carles Red\u00f3n<\/span><\/p>\n<\/td>\n<td style=\"height: 79px;\">\n<p><span style=\"font-weight: 400;\">membre nat<\/span><\/p>\n<\/td>\n<\/tr>\n<tr style=\"height: 79px;\">\n<td style=\"height: 79px;\">\n<p><b>Ajuntament<\/b><\/p>\n<\/td>\n<td style=\"height: 79px;\">\n<p><span style=\"font-weight: 400;\">Pere Garriga Sol\u00e0<\/span><\/p>\n<\/td>\n<td style=\"height: 79px;\">\n<p><span style=\"font-weight: 400;\">nomenat 2023<\/span><\/p>\n<\/td>\n<\/tr>\n<tr style=\"height: 79px;\">\n<td style=\"height: 79px;\">\n<p><b>PAS<\/b><\/p>\n<\/td>\n<td style=\"height: 79px;\">\n<p><span style=\"font-weight: 400;\">Eva Cabra Sala<\/span><\/p>\n<\/td>\n<td style=\"height: 79px;\">\n<p><span style=\"font-weight: 400;\">2023<\/span><\/p>\n<\/td>\n<\/tr>\n<tr style=\"height: 79px;\">\n<td style=\"height: 553px;\" rowspan=\"7\">\n<p><b>Representants dels<\/b><\/p>\n<p><b>docents<\/b><\/p>\n<\/td>\n<td style=\"height: 553px;\" rowspan=\"7\">\n<p><b>Professors<\/b><\/p>\n<\/td>\n<td style=\"height: 79px;\">\n<p><span style=\"font-weight: 400;\">N\u00faria Farrerons Guiol\u00e0<\/span><\/p>\n<\/td>\n<td style=\"height: 79px;\">\n<p><span style=\"font-weight: 400;\">2023<\/span><\/p>\n<\/td>\n<\/tr>\n<tr style=\"height: 79px;\">\n<td style=\"height: 79px;\">\n<p><span style=\"font-weight: 400;\">Gemma Carbonell Roca<\/span><\/p>\n<\/td>\n<td style=\"height: 79px;\">\n<p><span style=\"font-weight: 400;\">2023<\/span><\/p>\n<\/td>\n<\/tr>\n<tr style=\"height: 79px;\">\n<td style=\"height: 79px;\">\n<p><span style=\"font-weight: 400;\">Anna Torrent Capella<\/span><\/p>\n<\/td>\n<td style=\"height: 79px;\">\n<p><span style=\"font-weight: 400;\">2023<\/span><\/p>\n<\/td>\n<\/tr>\n<tr style=\"height: 79px;\">\n<td style=\"height: 79px;\">\n<p><span style=\"font-weight: 400;\">Jordi Sureda Comajuan<\/span><\/p>\n<\/td>\n<td style=\"height: 79px;\">\n<p><span style=\"font-weight: 400;\">2025<\/span><\/p>\n<\/td>\n<\/tr>\n<tr style=\"height: 79px;\">\n<td style=\"height: 79px;\">\n<p><span style=\"font-weight: 400;\">Pilar Prat Casanova<\/span><\/p>\n<\/td>\n<td style=\"height: 79px;\">\n<p><span style=\"font-weight: 400;\">2025<\/span><\/p>\n<\/td>\n<\/tr>\n<tr style=\"height: 79px;\">\n<td style=\"height: 79px;\">\n<p><span style=\"font-weight: 400;\">Mireia Garcia Esteve<\/span><\/p>\n<\/td>\n<td style=\"height: 79px;\">\n<p><span style=\"font-weight: 400;\">2025<\/span><\/p>\n<\/td>\n<\/tr>\n<tr style=\"height: 79px;\">\n<td style=\"height: 79px;\">\n<p><span style=\"font-weight: 400;\">N\u00faria Ribera Sorolla<\/span><\/p>\n<\/td>\n<td style=\"height: 79px;\">\n<p><span style=\"font-weight: 400;\">2023<\/span><\/p>\n<\/td>\n<\/tr>\n<tr style=\"height: 79px;\">\n<td style=\"height: 632px;\" rowspan=\"8\">\n<p><b>Representants de<\/b><\/p>\n<p><b>l\u2019alumnat i dels pares i<\/b><\/p>\n<p><b>mares o tutors<\/b><\/p>\n<\/td>\n<td style=\"height: 79px;\">\n<p><b>Fam\u00edlies AMPA<\/b><\/p>\n<\/td>\n<td style=\"height: 79px;\">\n<p><span style=\"font-weight: 400;\">Ingrid Recarens Tort<\/span><\/p>\n<\/td>\n<td style=\"height: 79px;\">\n<p><span style=\"font-weight: 400;\">nomenat 2025<\/span><\/p>\n<\/td>\n<\/tr>\n<tr style=\"height: 79px;\">\n<td style=\"height: 237px;\" rowspan=\"3\">\n<p><b>Fam\u00edlies<\/b><\/p>\n<\/td>\n<td style=\"height: 79px;\">\n<p><span style=\"font-weight: 400;\">Anna Pintu Soler<\/span><\/p>\n<\/td>\n<td style=\"height: 79px;\">\n<p><span style=\"font-weight: 400;\">2023<\/span><\/p>\n<\/td>\n<\/tr>\n<tr style=\"height: 79px;\">\n<td style=\"height: 79px;\">\n<p><span style=\"font-weight: 400;\">Judit Mercader Duran<\/span><\/p>\n<\/td>\n<td style=\"height: 79px;\">\n<p><span style=\"font-weight: 400;\">2025<\/span><\/p>\n<\/td>\n<\/tr>\n<tr style=\"height: 79px;\">\n<td style=\"height: 79px;\">\n<p><span style=\"font-weight: 400;\">Mennana Marouan Marouan<\/span><\/p>\n<\/td>\n<td style=\"height: 79px;\">\n<p><span style=\"font-weight: 400;\">2025<\/span><\/p>\n<\/td>\n<\/tr>\n<tr style=\"height: 79px;\">\n<td style=\"height: 316px;\" rowspan=\"4\">\n<p><b>Alumnes<\/b><\/p>\n<\/td>\n<td style=\"height: 79px;\">\n<p><span style=\"font-weight: 400;\">Bruna Casades\u00fas Pozo<\/span><\/p>\n<\/td>\n<td style=\"height: 79px;\">\n<p><span style=\"font-weight: 400;\">2025<\/span><\/p>\n<\/td>\n<\/tr>\n<tr style=\"height: 79px;\">\n<td style=\"height: 79px;\">\n<p><span style=\"font-weight: 400;\">Aleix Nayach Becerra<\/span><\/p>\n<\/td>\n<td style=\"height: 79px;\">\n<p><span style=\"font-weight: 400;\">2025<\/span><\/p>\n<\/td>\n<\/tr>\n<tr style=\"height: 79px;\">\n<td style=\"height: 79px;\">\n<p><span style=\"font-weight: 400;\">Gerard Zaragoza Costa<\/span><\/p>\n<\/td>\n<td style=\"height: 79px;\">\n<p><span style=\"font-weight: 400;\">2025<\/span><\/p>\n<\/td>\n<\/tr>\n<tr style=\"height: 79px;\">\n<td style=\"height: 79px;\">\n<p><span style=\"font-weight: 400;\">\u00c8lia Corral Mercader<\/span><\/p>\n<\/td>\n<td style=\"height: 79px;\">\n<p><span style=\"font-weight: 400;\">2025<\/span><\/p>\n<\/td>\n<\/tr>\n<\/tbody>\n<\/table>\n\n\n<p><\/p>\n","protected":false},"excerpt":{"rendered":"<p>SECTOR C\u00c0RREC NOM Any d\u2019elecci\u00f3 Representants de l\u2019equip directiu, ajuntament, PAS Directora S\u00edlvia Carb\u00f3 Mart\u00ed membre nat Cap d&#8217;Estudis Aina Maresma Roquer membre nat Secretari Carles Red\u00f3n membre nat Ajuntament Pere Garriga Sol\u00e0 nomenat 2023 PAS Eva Cabra Sala 2023 Representants dels docents Professors N\u00faria Farrerons Guiol\u00e0 2023 Gemma Carbonell Roca 2023 Anna Torrent Capella [&hellip;]<\/p>\n","protected":false},"author":1,"featured_media":0,"parent":19,"menu_order":40,"comment_status":"closed","ping_status":"closed","template":"","meta":{"_bbp_topic_count":0,"_bbp_reply_count":0,"_bbp_total_topic_count":0,"_bbp_total_reply_count":0,"_bbp_voice_count":0,"_bbp_anonymous_reply_count":0,"_bbp_topic_count_hidden":0,"_bbp_reply_count_hidden":0,"_bbp_forum_subforum_count":0,"site-sidebar-layout":"default","site-content-layout":"","ast-site-content-layout":"default","site-content-style":"default","site-sidebar-style":"default","ast-global-header-display":"","ast-banner-title-visibility":"","ast-main-header-display":"","ast-hfb-above-header-display":"","ast-hfb-below-header-display":"","ast-hfb-mobile-header-display":"","site-post-title":"","ast-breadcrumbs-content":"","ast-featured-img":"","footer-sml-layout":"","theme-transparent-header-meta":"","adv-header-id-meta":"","stick-header-meta":"","header-above-stick-meta":"","header-main-stick-meta":"","header-below-stick-meta":"","astra-migrate-meta-layouts":"set","ast-page-background-enabled":"default","ast-page-background-meta":{"desktop":{"background-color":"var(--ast-global-color-4)","background-image":"","background-repeat":"repeat","background-position":"center center","background-size":"auto","background-attachment":"scroll","background-type":"","background-media":"","overlay-type":"","overlay-color":"","overlay-opacity":"","overlay-gradient":""},"tablet":{"background-color":"","background-image":"","background-repeat":"repeat","background-position":"center center","background-size":"auto","background-attachment":"scroll","background-type":"","background-media":"","overlay-type":"","overlay-color":"","overlay-opacity":"","overlay-gradient":""},"mobile":{"background-color":"","background-image":"","background-repeat":"repeat","background-position":"center center","background-size":"auto","background-attachment":"scroll","background-type":"","background-media":"","overlay-type":"","overlay-color":"","overlay-opacity":"","overlay-gradient":""}},"ast-content-background-meta":{"desktop":{"background-color":"var(--ast-global-color-5)","background-image":"","background-repeat":"repeat","background-position":"center center","background-size":"auto","background-attachment":"scroll","background-type":"","background-media":"","overlay-type":"","overlay-color":"","overlay-opacity":"","overlay-gradient":""},"tablet":{"background-color":"var(--ast-global-color-5)","background-image":"","background-repeat":"repeat","background-position":"center center","background-size":"auto","background-attachment":"scroll","background-type":"","background-media":"","overlay-type":"","overlay-color":"","overlay-opacity":"","overlay-gradient":""},"mobile":{"background-color":"var(--ast-global-color-5)","background-image":"","background-repeat":"repeat","background-position":"center center","background-size":"auto","background-attachment":"scroll","background-type":"","background-media":"","overlay-type":"","overlay-color":"","overlay-opacity":"","overlay-gradient":""}},"footnotes":""},"class_list":["post-43","page","type-page","status-publish","hentry"],"post_mailing_queue_ids":[],"_links":{"self":[{"href":"https:\/\/agora.xtec.cat\/iesmontsoriu\/wp-json\/wp\/v2\/pages\/43","targetHints":{"allow":["GET"]}}],"collection":[{"href":"https:\/\/agora.xtec.cat\/iesmontsoriu\/wp-json\/wp\/v2\/pages"}],"about":[{"href":"https:\/\/agora.xtec.cat\/iesmontsoriu\/wp-json\/wp\/v2\/types\/page"}],"author":[{"embeddable":true,"href":"https:\/\/agora.xtec.cat\/iesmontsoriu\/wp-json\/wp\/v2\/users\/1"}],"replies":[{"embeddable":true,"href":"https:\/\/agora.xtec.cat\/iesmontsoriu\/wp-json\/wp\/v2\/comments?post=43"}],"version-history":[{"count":6,"href":"https:\/\/agora.xtec.cat\/iesmontsoriu\/wp-json\/wp\/v2\/pages\/43\/revisions"}],"predecessor-version":[{"id":12650,"href":"https:\/\/agora.xtec.cat\/iesmontsoriu\/wp-json\/wp\/v2\/pages\/43\/revisions\/12650"}],"up":[{"embeddable":true,"href":"https:\/\/agora.xtec.cat\/iesmontsoriu\/wp-json\/wp\/v2\/pages\/19"}],"wp:attachment":[{"href":"https:\/\/agora.xtec.cat\/iesmontsoriu\/wp-json\/wp\/v2\/media?parent=43"}],"curies":[{"name":"wp","href":"https:\/\/api.w.org\/{rel}","templated":true}]}}