{"id":27,"date":"2014-09-17T16:24:03","date_gmt":"2014-09-17T16:24:03","guid":{"rendered":"http:\/\/agora.xtec.cat\/iesmontsoriu\/?page_id=27"},"modified":"2021-09-28T19:54:19","modified_gmt":"2021-09-28T17:54:19","slug":"historia","status":"publish","type":"page","link":"https:\/\/agora.xtec.cat\/iesmontsoriu\/linstitut\/historia\/","title":{"rendered":"Hist\u00f2ria"},"content":{"rendered":"<p><span style=\"font-weight: 400;\">\u00c9s un centre amb una llarga hist\u00f2ria ja que durant molts anys va ser el centre de refer\u00e8ncia dels pobles m\u00e9s propers ja que era l\u2019institut de batxillerat de la zona. L\u2019any 2017 es va celebrar el 50\u00e8 aniversari de la creaci\u00f3 del centre educatiu, que en els seu inici, l\u2019any 1967, es va dir Colegio Libre Adoptado Montsoriu (CLA), creat per la Mancomunitat Montseny-Guilleries i gestionat per l\u2019associaci\u00f3 de pares (APA) i l\u2019Ajuntament d\u2019Arb\u00facies. El 1976 el Ministerio de Educaci\u00f3n y Ciencia va aportar 4 professors i va passar a ser un col\u00b7legi homologat. El 1980 va esdevenir Institut de Batxillerat (I.B. Montsoriu) i el 1993 es va crear l\u2019actual IES Montsoriu, fusionant-se amb la Secci\u00f3 Delegada de Formaci\u00f3 Professional. Des d\u2019aleshores hi ha hagut diferents remodelacions; la primera, el 2003 quan es va inaugurar la primera reforma i ampliaci\u00f3 amb la construcci\u00f3 d\u2019una nova ala on hi havia el taller mec\u00e0nic, les aules de tecnologia i els despatxos de direcci\u00f3 i d\u2019administraci\u00f3 i serveis. La darrera reforma \u00e9s de l\u2019any 2017 amb les obres d\u2019ampliaci\u00f3 que han convertit un antic edifici en un edifici de 5225m2 totalment reformat i modernitzat dotat d\u2019unes instal\u00b7lacions \u00f2ptimes i amb els recursos necessaris per a la doc\u00e8ncia en els temps actuals.\u00a0<\/span><\/p>\n","protected":false},"excerpt":{"rendered":"<p>\u00c9s un centre amb una llarga hist\u00f2ria ja que durant molts anys va ser el centre de refer\u00e8ncia dels pobles m\u00e9s propers ja que era l\u2019institut de batxillerat de la zona. L\u2019any 2017 es va celebrar el 50\u00e8 aniversari de la creaci\u00f3 del centre educatiu, que en els seu inici, l\u2019any 1967, es va dir [&hellip;]<\/p>\n","protected":false},"author":1,"featured_media":0,"parent":19,"menu_order":20,"comment_status":"closed","ping_status":"closed","template":"page-templates\/side-menu.php","meta":{"_bbp_topic_count":0,"_bbp_reply_count":0,"_bbp_total_topic_count":0,"_bbp_total_reply_count":0,"_bbp_voice_count":0,"_bbp_anonymous_reply_count":0,"_bbp_topic_count_hidden":0,"_bbp_reply_count_hidden":0,"_bbp_forum_subforum_count":0,"site-sidebar-layout":"default","site-content-layout":"","ast-site-content-layout":"","site-content-style":"default","site-sidebar-style":"default","ast-global-header-display":"","ast-banner-title-visibility":"","ast-main-header-display":"","ast-hfb-above-header-display":"","ast-hfb-below-header-display":"","ast-hfb-mobile-header-display":"","site-post-title":"","ast-breadcrumbs-content":"","ast-featured-img":"","footer-sml-layout":"","theme-transparent-header-meta":"","adv-header-id-meta":"","stick-header-meta":"","header-above-stick-meta":"","header-main-stick-meta":"","header-below-stick-meta":"","astra-migrate-meta-layouts":"default","ast-page-background-enabled":"default","ast-page-background-meta":{"desktop":{"background-color":"var(--ast-global-color-4)","background-image":"","background-repeat":"repeat","background-position":"center center","background-size":"auto","background-attachment":"scroll","background-type":"","background-media":"","overlay-type":"","overlay-color":"","overlay-opacity":"","overlay-gradient":""},"tablet":{"background-color":"","background-image":"","background-repeat":"repeat","background-position":"center center","background-size":"auto","background-attachment":"scroll","background-type":"","background-media":"","overlay-type":"","overlay-color":"","overlay-opacity":"","overlay-gradient":""},"mobile":{"background-color":"","background-image":"","background-repeat":"repeat","background-position":"center center","background-size":"auto","background-attachment":"scroll","background-type":"","background-media":"","overlay-type":"","overlay-color":"","overlay-opacity":"","overlay-gradient":""}},"ast-content-background-meta":{"desktop":{"background-color":"var(--ast-global-color-5)","background-image":"","background-repeat":"repeat","background-position":"center center","background-size":"auto","background-attachment":"scroll","background-type":"","background-media":"","overlay-type":"","overlay-color":"","overlay-opacity":"","overlay-gradient":""},"tablet":{"background-color":"var(--ast-global-color-5)","background-image":"","background-repeat":"repeat","background-position":"center center","background-size":"auto","background-attachment":"scroll","background-type":"","background-media":"","overlay-type":"","overlay-color":"","overlay-opacity":"","overlay-gradient":""},"mobile":{"background-color":"var(--ast-global-color-5)","background-image":"","background-repeat":"repeat","background-position":"center center","background-size":"auto","background-attachment":"scroll","background-type":"","background-media":"","overlay-type":"","overlay-color":"","overlay-opacity":"","overlay-gradient":""}},"footnotes":""},"class_list":["post-27","page","type-page","status-publish","hentry"],"post_mailing_queue_ids":[],"_links":{"self":[{"href":"https:\/\/agora.xtec.cat\/iesmontsoriu\/wp-json\/wp\/v2\/pages\/27","targetHints":{"allow":["GET"]}}],"collection":[{"href":"https:\/\/agora.xtec.cat\/iesmontsoriu\/wp-json\/wp\/v2\/pages"}],"about":[{"href":"https:\/\/agora.xtec.cat\/iesmontsoriu\/wp-json\/wp\/v2\/types\/page"}],"author":[{"embeddable":true,"href":"https:\/\/agora.xtec.cat\/iesmontsoriu\/wp-json\/wp\/v2\/users\/1"}],"replies":[{"embeddable":true,"href":"https:\/\/agora.xtec.cat\/iesmontsoriu\/wp-json\/wp\/v2\/comments?post=27"}],"version-history":[{"count":3,"href":"https:\/\/agora.xtec.cat\/iesmontsoriu\/wp-json\/wp\/v2\/pages\/27\/revisions"}],"predecessor-version":[{"id":10233,"href":"https:\/\/agora.xtec.cat\/iesmontsoriu\/wp-json\/wp\/v2\/pages\/27\/revisions\/10233"}],"up":[{"embeddable":true,"href":"https:\/\/agora.xtec.cat\/iesmontsoriu\/wp-json\/wp\/v2\/pages\/19"}],"wp:attachment":[{"href":"https:\/\/agora.xtec.cat\/iesmontsoriu\/wp-json\/wp\/v2\/media?parent=27"}],"curies":[{"name":"wp","href":"https:\/\/api.w.org\/{rel}","templated":true}]}}