{"id":2372,"date":"2016-12-02T11:22:42","date_gmt":"2016-12-02T10:22:42","guid":{"rendered":"http:\/\/agora.xtec.cat\/iesmontsoriu\/?page_id=2372"},"modified":"2025-12-11T13:03:34","modified_gmt":"2025-12-11T12:03:34","slug":"criteris-davaluacions","status":"publish","type":"page","link":"https:\/\/agora.xtec.cat\/iesmontsoriu\/linstitut\/criteris-davaluacions\/","title":{"rendered":"Criteris d&#8217;avaluacions"},"content":{"rendered":"<p><b>Criteris de qualificaci\u00f3<\/b><\/p>\n<p><span style=\"font-weight: 400;\">L\u2019Institut Montsoriu posa a disposici\u00f3 de la comunitat educativa els criteris de qualificaci\u00f3 dels diferents departaments. Aquests documents recullen els elements generals que es tenen en compte per establir les notes de cada mat\u00e8ria i permeten con\u00e8ixer el marc amb qu\u00e8 treballen els equips docents al llarg del curs.<\/span><\/p>\n<p><span style=\"font-weight: 400;\">Els criteris inclouen, de manera orientativa, la valoraci\u00f3 de les activitats d\u2019aprenentatge, les proves d\u2019avaluaci\u00f3 i els h\u00e0bits de treball. Cada departament defineix la seva proposta d\u2019acord amb les caracter\u00edstiques de les mat\u00e8ries que imparteix.<\/span><\/p>\n<p><a href=\"https:\/\/drive.google.com\/drive\/folders\/1VLCNkSFuh8bZaKBfylNsGxa0q6VMpsP-?usp=sharing\"><span style=\"font-weight: 400;\" data-rich-links=\"{&quot;fple-t&quot;:&quot;Criteris de qualificaci\u00f3 - Departaments_2526_InsMontsoriu&quot;,&quot;fple-u&quot;:&quot;https:\/\/drive.google.com\/drive\/folders\/1VLCNkSFuh8bZaKBfylNsGxa0q6VMpsP-?usp=sharing&quot;,&quot;fple-mt&quot;:&quot;application\/vnd.google-apps.folder&quot;,&quot;type&quot;:&quot;first-party-link&quot;}\">Criteris de qualificaci\u00f3 &#8211; Departaments_2526_InsMontsoriu<\/span><\/a><\/p>\n","protected":false},"excerpt":{"rendered":"<p>Criteris de qualificaci\u00f3 L\u2019Institut Montsoriu posa a disposici\u00f3 de la comunitat educativa els criteris de qualificaci\u00f3 dels diferents departaments. Aquests documents recullen els elements generals que es tenen en compte per establir les notes de cada mat\u00e8ria i permeten con\u00e8ixer el marc amb qu\u00e8 treballen els equips docents al llarg del curs. Els criteris inclouen, [&hellip;]<\/p>\n","protected":false},"author":4,"featured_media":0,"parent":19,"menu_order":9,"comment_status":"closed","ping_status":"closed","template":"","meta":{"_bbp_topic_count":0,"_bbp_reply_count":0,"_bbp_total_topic_count":0,"_bbp_total_reply_count":0,"_bbp_voice_count":0,"_bbp_anonymous_reply_count":0,"_bbp_topic_count_hidden":0,"_bbp_reply_count_hidden":0,"_bbp_forum_subforum_count":0,"site-sidebar-layout":"default","site-content-layout":"","ast-site-content-layout":"default","site-content-style":"default","site-sidebar-style":"default","ast-global-header-display":"","ast-banner-title-visibility":"","ast-main-header-display":"","ast-hfb-above-header-display":"","ast-hfb-below-header-display":"","ast-hfb-mobile-header-display":"","site-post-title":"","ast-breadcrumbs-content":"","ast-featured-img":"","footer-sml-layout":"","theme-transparent-header-meta":"","adv-header-id-meta":"","stick-header-meta":"","header-above-stick-meta":"","header-main-stick-meta":"","header-below-stick-meta":"","astra-migrate-meta-layouts":"set","ast-page-background-enabled":"default","ast-page-background-meta":{"desktop":{"background-color":"var(--ast-global-color-4)","background-image":"","background-repeat":"repeat","background-position":"center center","background-size":"auto","background-attachment":"scroll","background-type":"","background-media":"","overlay-type":"","overlay-color":"","overlay-opacity":"","overlay-gradient":""},"tablet":{"background-color":"","background-image":"","background-repeat":"repeat","background-position":"center center","background-size":"auto","background-attachment":"scroll","background-type":"","background-media":"","overlay-type":"","overlay-color":"","overlay-opacity":"","overlay-gradient":""},"mobile":{"background-color":"","background-image":"","background-repeat":"repeat","background-position":"center center","background-size":"auto","background-attachment":"scroll","background-type":"","background-media":"","overlay-type":"","overlay-color":"","overlay-opacity":"","overlay-gradient":""}},"ast-content-background-meta":{"desktop":{"background-color":"var(--ast-global-color-5)","background-image":"","background-repeat":"repeat","background-position":"center center","background-size":"auto","background-attachment":"scroll","background-type":"","background-media":"","overlay-type":"","overlay-color":"","overlay-opacity":"","overlay-gradient":""},"tablet":{"background-color":"var(--ast-global-color-5)","background-image":"","background-repeat":"repeat","background-position":"center center","background-size":"auto","background-attachment":"scroll","background-type":"","background-media":"","overlay-type":"","overlay-color":"","overlay-opacity":"","overlay-gradient":""},"mobile":{"background-color":"var(--ast-global-color-5)","background-image":"","background-repeat":"repeat","background-position":"center center","background-size":"auto","background-attachment":"scroll","background-type":"","background-media":"","overlay-type":"","overlay-color":"","overlay-opacity":"","overlay-gradient":""}},"footnotes":""},"class_list":["post-2372","page","type-page","status-publish","hentry"],"post_mailing_queue_ids":[],"_links":{"self":[{"href":"https:\/\/agora.xtec.cat\/iesmontsoriu\/wp-json\/wp\/v2\/pages\/2372","targetHints":{"allow":["GET"]}}],"collection":[{"href":"https:\/\/agora.xtec.cat\/iesmontsoriu\/wp-json\/wp\/v2\/pages"}],"about":[{"href":"https:\/\/agora.xtec.cat\/iesmontsoriu\/wp-json\/wp\/v2\/types\/page"}],"author":[{"embeddable":true,"href":"https:\/\/agora.xtec.cat\/iesmontsoriu\/wp-json\/wp\/v2\/users\/4"}],"replies":[{"embeddable":true,"href":"https:\/\/agora.xtec.cat\/iesmontsoriu\/wp-json\/wp\/v2\/comments?post=2372"}],"version-history":[{"count":6,"href":"https:\/\/agora.xtec.cat\/iesmontsoriu\/wp-json\/wp\/v2\/pages\/2372\/revisions"}],"predecessor-version":[{"id":12653,"href":"https:\/\/agora.xtec.cat\/iesmontsoriu\/wp-json\/wp\/v2\/pages\/2372\/revisions\/12653"}],"up":[{"embeddable":true,"href":"https:\/\/agora.xtec.cat\/iesmontsoriu\/wp-json\/wp\/v2\/pages\/19"}],"wp:attachment":[{"href":"https:\/\/agora.xtec.cat\/iesmontsoriu\/wp-json\/wp\/v2\/media?parent=2372"}],"curies":[{"name":"wp","href":"https:\/\/api.w.org\/{rel}","templated":true}]}}