{"id":19,"date":"2014-09-17T14:56:56","date_gmt":"2014-09-17T14:56:56","guid":{"rendered":"http:\/\/agora.xtec.cat\/iesmontsoriu\/?page_id=19"},"modified":"2026-01-12T11:22:03","modified_gmt":"2026-01-12T10:22:03","slug":"linstitut","status":"publish","type":"page","link":"https:\/\/agora.xtec.cat\/iesmontsoriu\/linstitut\/","title":{"rendered":"L&#8217;institut"},"content":{"rendered":"<p><b>Valors<\/b><\/p>\n<p><span style=\"font-weight: 400;\">L\u2019Institut Montsoriu segueix treballant per aconseguir el seg\u00fcent ideari de valors:<\/span><\/p>\n<ul>\n<li style=\"font-weight: 400;\" aria-level=\"1\"><span style=\"font-weight: 400;\">Valors humans i democr\u00e0tics: solidaritat, respecte als altres, actitud de di\u00e0leg, participaci\u00f3, esperit cr\u00edtic, responsabilitat, llibertat, toler\u00e0ncia, coeducaci\u00f3, educaci\u00f3 per la salut, per la pau, per la conviv\u00e8ncia i pel respecte al medi ambient.<\/span><\/li>\n<li style=\"font-weight: 400;\" aria-level=\"1\"><span style=\"font-weight: 400;\">Arrelament a l\u2019entorn.<\/span><\/li>\n<li style=\"font-weight: 400;\" aria-level=\"1\"><span style=\"font-weight: 400;\">Esfor\u00e7, disciplina, autonomia i treball.<\/span><\/li>\n<li style=\"font-weight: 400;\" aria-level=\"1\"><span style=\"font-weight: 400;\">Orientaci\u00f3 personal, acad\u00e8mica i professional.<\/span><\/li>\n<li aria-level=\"1\">Gesti\u00f3 del conflicte amb enfocament restauratiu.<\/li>\n<\/ul>\n<p><b>Missi\u00f3<\/b><\/p>\n<p><span style=\"font-weight: 400;\">L\u2019Institut Montsoriu s\u2019ha anat construint pas a pas amb el treball conjunt entre pares, professorat, alumnat, administracions, entitats i empreses locals. Aquesta col\u00b7laboraci\u00f3 ha donat lloc a un centre educatiu p\u00fablic arrelat al medi on es troba i obert al poble. Amb un funcionament democr\u00e0tic i participatiu que ha procurat implementar una oferta educativa de qualitat sensible al tractament compensatori de les desigualtats socials que busca fomentar una educaci\u00f3 integral per tal de facilitar a l\u2019alumnat la seva inserci\u00f3 plena al m\u00f3n laboral i a la societat del segle XXI.<\/span><\/p>\n<p><b>Visi\u00f3<\/b><\/p>\n<p><span style=\"font-weight: 400;\">L\u2019Institut Montsoriu vol aconseguir:<\/span><\/p>\n<ul>\n<li style=\"font-weight: 400;\" aria-level=\"1\"><span style=\"font-weight: 400;\">Ser un centre amb un alt \u00e8xit educatiu i un baix \u00edndex d\u2019abandonament prematur i d\u2019absentisme.<\/span><\/li>\n<\/ul>\n","protected":false},"excerpt":{"rendered":"<p>Valors L\u2019Institut Montsoriu segueix treballant per aconseguir el seg\u00fcent ideari de valors: Valors humans i democr\u00e0tics: solidaritat, respecte als altres, actitud de di\u00e0leg, participaci\u00f3, esperit cr\u00edtic, responsabilitat, llibertat, toler\u00e0ncia, coeducaci\u00f3, educaci\u00f3 per la salut, per la pau, per la conviv\u00e8ncia i pel respecte al medi ambient. Arrelament a l\u2019entorn. Esfor\u00e7, disciplina, autonomia i treball. Orientaci\u00f3 [&hellip;]<\/p>\n","protected":false},"author":1,"featured_media":0,"parent":0,"menu_order":0,"comment_status":"closed","ping_status":"closed","template":"","meta":{"_bbp_topic_count":0,"_bbp_reply_count":0,"_bbp_total_topic_count":0,"_bbp_total_reply_count":0,"_bbp_voice_count":0,"_bbp_anonymous_reply_count":0,"_bbp_topic_count_hidden":0,"_bbp_reply_count_hidden":0,"_bbp_forum_subforum_count":0,"site-sidebar-layout":"default","site-content-layout":"","ast-site-content-layout":"default","site-content-style":"default","site-sidebar-style":"default","ast-global-header-display":"","ast-banner-title-visibility":"","ast-main-header-display":"","ast-hfb-above-header-display":"","ast-hfb-below-header-display":"","ast-hfb-mobile-header-display":"","site-post-title":"","ast-breadcrumbs-content":"","ast-featured-img":"","footer-sml-layout":"","theme-transparent-header-meta":"","adv-header-id-meta":"","stick-header-meta":"","header-above-stick-meta":"","header-main-stick-meta":"","header-below-stick-meta":"","astra-migrate-meta-layouts":"set","ast-page-background-enabled":"default","ast-page-background-meta":{"desktop":{"background-color":"var(--ast-global-color-4)","background-image":"","background-repeat":"repeat","background-position":"center center","background-size":"auto","background-attachment":"scroll","background-type":"","background-media":"","overlay-type":"","overlay-color":"","overlay-opacity":"","overlay-gradient":""},"tablet":{"background-color":"","background-image":"","background-repeat":"repeat","background-position":"center center","background-size":"auto","background-attachment":"scroll","background-type":"","background-media":"","overlay-type":"","overlay-color":"","overlay-opacity":"","overlay-gradient":""},"mobile":{"background-color":"","background-image":"","background-repeat":"repeat","background-position":"center center","background-size":"auto","background-attachment":"scroll","background-type":"","background-media":"","overlay-type":"","overlay-color":"","overlay-opacity":"","overlay-gradient":""}},"ast-content-background-meta":{"desktop":{"background-color":"var(--ast-global-color-5)","background-image":"","background-repeat":"repeat","background-position":"center center","background-size":"auto","background-attachment":"scroll","background-type":"","background-media":"","overlay-type":"","overlay-color":"","overlay-opacity":"","overlay-gradient":""},"tablet":{"background-color":"var(--ast-global-color-5)","background-image":"","background-repeat":"repeat","background-position":"center center","background-size":"auto","background-attachment":"scroll","background-type":"","background-media":"","overlay-type":"","overlay-color":"","overlay-opacity":"","overlay-gradient":""},"mobile":{"background-color":"var(--ast-global-color-5)","background-image":"","background-repeat":"repeat","background-position":"center center","background-size":"auto","background-attachment":"scroll","background-type":"","background-media":"","overlay-type":"","overlay-color":"","overlay-opacity":"","overlay-gradient":""}},"footnotes":""},"class_list":["post-19","page","type-page","status-publish","hentry"],"post_mailing_queue_ids":[],"_links":{"self":[{"href":"https:\/\/agora.xtec.cat\/iesmontsoriu\/wp-json\/wp\/v2\/pages\/19","targetHints":{"allow":["GET"]}}],"collection":[{"href":"https:\/\/agora.xtec.cat\/iesmontsoriu\/wp-json\/wp\/v2\/pages"}],"about":[{"href":"https:\/\/agora.xtec.cat\/iesmontsoriu\/wp-json\/wp\/v2\/types\/page"}],"author":[{"embeddable":true,"href":"https:\/\/agora.xtec.cat\/iesmontsoriu\/wp-json\/wp\/v2\/users\/1"}],"replies":[{"embeddable":true,"href":"https:\/\/agora.xtec.cat\/iesmontsoriu\/wp-json\/wp\/v2\/comments?post=19"}],"version-history":[{"count":4,"href":"https:\/\/agora.xtec.cat\/iesmontsoriu\/wp-json\/wp\/v2\/pages\/19\/revisions"}],"predecessor-version":[{"id":12666,"href":"https:\/\/agora.xtec.cat\/iesmontsoriu\/wp-json\/wp\/v2\/pages\/19\/revisions\/12666"}],"wp:attachment":[{"href":"https:\/\/agora.xtec.cat\/iesmontsoriu\/wp-json\/wp\/v2\/media?parent=19"}],"curies":[{"name":"wp","href":"https:\/\/api.w.org\/{rel}","templated":true}]}}